{"id":3547,"date":"2014-12-14T11:10:32","date_gmt":"2014-12-14T09:10:32","guid":{"rendered":"http:\/\/marsuyhdistys.net\/home\/?page_id=3547"},"modified":"2014-12-14T11:10:32","modified_gmt":"2014-12-14T09:10:32","slug":"vuoden-voittajat-2010","status":"publish","type":"page","link":"https:\/\/marsuyhdistys.net\/home\/vuoden-voittajat-2010\/","title":{"rendered":"Vuoden Voittajat 2010"},"content":{"rendered":"<p><strong>Vuoden voittaja:<\/strong><br \/>\n<strong>1. Malaxis Silent Sam om. Jonna Tikka 164p.<\/strong><br \/>\n2. Goldhill\u00b4s Prins Philip om. Raisa Ristim\u00e4ki 142p.<br \/>\n3. Snowfall\u00b4s Orbital om. Anna Lohi 138p.<br \/>\n4. Snoop\u00b4s Svennebanan om. Minna Aatela 122p.<br \/>\n5. Maailman Chrysleri om. Helmi Saarela 116p.<br \/>\n6. Picus Phantom Menace om. Jonna Tikka 114p.<br \/>\n7. Dixie Wild Gibson om. Saarela &amp; Holmroos 110p.<br \/>\n8. MHPC\u00b4s Rock With Me! om. Vilma Virtanen 108p.<br \/>\nChara om. Anna Lohi 108p.<br \/>\n10. Nikean Jungle Fever om. Hanna Lahtinen 106p.<\/p>\n<p><strong>Paras ei-standardi:<\/strong><br \/>\n<strong>1. Snoop\u00b4s Lagus om. Marica Toppari 24p.<\/strong><br \/>\n2. Maailman Quicksilveri om. Aida Depner 16p.<br \/>\n3. Mira\u00b4s Latoya om. Nora M\u00e4ntysaari 14p.<br \/>\n4. Pr\u00e4stg\u00e5rdens Madicken om. Nora M\u00e4ntysaari 8p.<br \/>\n5. Pr\u00e4stg\u00e5rdens Messina om. Leena Nieminen 8p.<br \/>\n6. Cindy om. Leena Nieminen 5p.<\/p>\n<p><strong>Paras koe-standardi:<\/strong><br \/>\n<strong>1. Barbarossa von der Rhauderfehner Meerschweinchen om. Minna Malin 5p.<\/strong><\/p>\n<p><strong>Vuoden kasvattaja:<\/strong><br \/>\n<strong>1. Dixie<\/strong><br \/>\n2. Picu\u00b4s<br \/>\n3. Aniaras<br \/>\n4. Snoop\u00b4s<br \/>\n5. Goldhill\u00b4s<br \/>\n6. Maailman<br \/>\n7. Nikean<br \/>\n8. Delfoin<br \/>\n9. Snowfall\u00b4s<br \/>\n10. Sarmatian<br \/>\n11. Aleksia\u00b4s<br \/>\n12. Critters<br \/>\n13. Tikkitakin<br \/>\n14. Riverside\u00b4s<br \/>\n15. Vanion<br \/>\n16. Mira\u00b4s<br \/>\n17. Amarillo<br \/>\n18. Lovely<br \/>\nKotikummun<br \/>\n20. Nevian<br \/>\n21. Anemone\u00b4s<\/p>\n<p><strong>Paras pet:<\/strong><br \/>\n<strong>1. VVPet-10 FIN MVA NordV-09 EPET VVPet-09 VV8-09 GG-pet-08 MHPC\u00b4s Rock With Me ! om. Vilma Virtanen<\/strong><br \/>\n2. Mira\u00b4s Patriot om. Carita Sonne 74p.<br \/>\n3. Delfoin Jiddah om. Linda Tynkkynen 72p.<br \/>\n4. EPET Marsesteri om. Aida Depner 63p.<br \/>\n5. Mira\u00b4s Dumle om. Carita Sonne 55p.<br \/>\n6. EPET Mira\u00b4s Komea William om. Carita Sonne 53p.<br \/>\n7. FIN MVA Mira\u00b4s Astro om. Carita Sonne 49p.<br \/>\n8. Adalmiina om. Minttu Nenonen 38p.<br \/>\n9. Delfoin Paris om. Linda Tynkkynen 37p.<br \/>\nWinniepig\u00b4s Flame om. Linda Tynkkynen 37p.<\/p>\n","protected":false},"excerpt":{"rendered":"<p>Vuoden voittaja: 1. Malaxis Silent Sam om. Jonna Tikka 164p. 2. Goldhill\u00b4s Prins Philip om. Raisa Ristim\u00e4ki 142p. 3. Snowfall\u00b4s Orbital om. Anna Lohi 138p. 4. Snoop\u00b4s Svennebanan om. Minna Aatela 122p. 5. Maailman Chrysleri om. Helmi Saarela 116p. 6. &hellip; <a href=\"https:\/\/marsuyhdistys.net\/home\/vuoden-voittajat-2010\/\">Lue loppuun <span class=\"meta-nav\">&rarr;<\/span><\/a><\/p>\n","protected":false},"author":10,"featured_media":0,"parent":0,"menu_order":0,"comment_status":"closed","ping_status":"open","template":"","meta":{"footnotes":"","_links_to":"","_links_to_target":""},"class_list":["post-3547","page","type-page","status-publish","hentry"],"_links":{"self":[{"href":"https:\/\/marsuyhdistys.net\/home\/wp-json\/wp\/v2\/pages\/3547","targetHints":{"allow":["GET"]}}],"collection":[{"href":"https:\/\/marsuyhdistys.net\/home\/wp-json\/wp\/v2\/pages"}],"about":[{"href":"https:\/\/marsuyhdistys.net\/home\/wp-json\/wp\/v2\/types\/page"}],"author":[{"embeddable":true,"href":"https:\/\/marsuyhdistys.net\/home\/wp-json\/wp\/v2\/users\/10"}],"replies":[{"embeddable":true,"href":"https:\/\/marsuyhdistys.net\/home\/wp-json\/wp\/v2\/comments?post=3547"}],"version-history":[{"count":1,"href":"https:\/\/marsuyhdistys.net\/home\/wp-json\/wp\/v2\/pages\/3547\/revisions"}],"predecessor-version":[{"id":3548,"href":"https:\/\/marsuyhdistys.net\/home\/wp-json\/wp\/v2\/pages\/3547\/revisions\/3548"}],"wp:attachment":[{"href":"https:\/\/marsuyhdistys.net\/home\/wp-json\/wp\/v2\/media?parent=3547"}],"curies":[{"name":"wp","href":"https:\/\/api.w.org\/{rel}","templated":true}]}}