{"id":3551,"date":"2014-12-14T11:17:56","date_gmt":"2014-12-14T09:17:56","guid":{"rendered":"http:\/\/marsuyhdistys.net\/home\/?page_id=3551"},"modified":"2014-12-14T11:17:56","modified_gmt":"2014-12-14T09:17:56","slug":"vuoden-voittajat-2012","status":"publish","type":"page","link":"https:\/\/marsuyhdistys.net\/home\/vuoden-voittajat-2012\/","title":{"rendered":"Vuoden Voittajat 2012"},"content":{"rendered":"<p><strong>Vuoden voittaja:<\/strong><br \/>\n<strong>1. VV-12 Vital\u00b4s Midnight Sun 166p.<\/strong><br \/>\n2. VV2-12 Aniaras American Kizmet 164p.<br \/>\nVV2-12 Aniaras Loimu 164p.<br \/>\n4. VV4-12 Ice Princess 148p.<br \/>\n5. VV5-12 Amarillon Pink Pony 144p.<br \/>\n6. VV6-12 Jelly Bean 142p.<br \/>\n7. VV7-12 Nikean Pirttihirmu 126p.<br \/>\nVV7-12 Krantun Spektroliitti 126p.<br \/>\nVV7-12 Krantun Kiutu 126p.<br \/>\n10. VV10-12 Maailman Hui-Hiippari 122p.<\/p>\n<p><strong>Paras ei-standardi:<\/strong><br \/>\n<strong>1. Nascardu von Sylvermoon 8p.<\/strong><\/p>\n<p><strong>Paras koe-standardi:<\/strong><br \/>\n<strong>1. Satukallion Faarao 37p.<\/strong><br \/>\n2. Satukallion Elena 34p.<br \/>\n3. Twisty 23p.<br \/>\n4. Magnificent Mango Mucher 22p.<br \/>\n5. Enyo 21p.<br \/>\n6. Satukallion Faarao Kheops 16p.<br \/>\nSatukallion Gecco 16p.<br \/>\n8. Heinz 13p.<br \/>\n9. Leggy Lovets 8p.<br \/>\nSilvester 8p.<br \/>\nSatukallion Althea 8p.<br \/>\nSatukallion Kleopatra 8p.<\/p>\n<p><strong>Paras klipattu:<\/strong><br \/>\n<strong>1. Antero 22p.<\/strong><br \/>\n2. Delfoin Amelie 16p.<br \/>\n3. Aniaras Zalama 8p.<br \/>\n4. Oliver 7p.<br \/>\n5. Vitals Blaster 3p.<\/p>\n<p><strong>Vuoden kasvattaja:<\/strong><br \/>\n<strong>1. Aniaras 596p.<\/strong><br \/>\n2. Krantun 465p.<br \/>\n3. Delfoin 434p.<br \/>\n4. Vital\u00b4s 348p.<br \/>\n5. Maailman 339p.<br \/>\n6. Almond\u00b4s 241p.<br \/>\n7. Amarillon 225p.<br \/>\n8. Goldhill\u00b4s 180p.<br \/>\n9. Mira\u00b4s 180p.<br \/>\n10. Nikean 159p.<br \/>\n11. Snoop\u00b4s 97p.<br \/>\n12. Satukallion 75p.<br \/>\n13. Lovely 67p.<br \/>\n14. Wannabe 51p.<br \/>\n15. Alexia\u00b4s 5p.<\/p>\n<p><strong>Vuoden Jalostusel\u00e4in:<\/strong><br \/>\n<strong>1. Maailman Hui-Hiippari 20p.<\/strong><br \/>\n<strong> Maailman Disasteri 20 p.<\/strong><br \/>\n<strong> Maailman Karvaturri 20p.<\/strong><br \/>\n<strong> Krantun Spektroliitti 20p.<\/strong><br \/>\n<strong> Maailman Breezeri 20p.<\/strong><\/p>\n<p><strong>Paras pet:<\/strong><br \/>\n<strong>1. VV-12 VVPet2-11 EPET Adalmiina om. Minttu Nenonen 91,5p.<\/strong><br \/>\n2. VV2-12 Heinz om. Ilona Heikil\u00e4 &amp; Minna Malin 84p.<br \/>\n3. VV3-12 Ice Princess om. Daniela Vainionp\u00e4\u00e4 72p.<br \/>\n4. VV4-12 EPET JVPET-12 Rusina om. Aleksi Paavilainen 65p.<br \/>\n5. VV5-12 EPET Hempe\u00e4 Hattara om. Aleksi Paavilainen 63p.<br \/>\n6. Viljami om. Ilona Heikkil\u00e4 62p.<br \/>\n7. Lilia om. Elisa Svento 56p.<br \/>\n8. Almond\u00b4s Angels Fall First om. Emma Naumanen 53p.<br \/>\n9. Nevian Meridian om. Johanna Oksanen 47p.<br \/>\n10. Bellavita om. Carita Sonne 45p.<\/p>\n<p><strong>Vuoden v\u00e4liaikakisailija:<\/strong><br \/>\n<strong>1. VV3-11 FI MVA Aspiriini om. Carita Sonne 8p.<\/strong><br \/>\n2. Maailman S\u00e4rm\u00e4r\u00e4 om. Aida Depner 5p.<br \/>\nWinston om. Amanda Silver 5p.<br \/>\nIce Princess om. Daniela Vainionp\u00e4\u00e4 5p.<br \/>\n5. Alma om. Elli M\u00e4kel\u00e4 4p.<br \/>\nBlaster om. Katja Sillanp\u00e4\u00e4 4p.<br \/>\nWoodside Pendragon om. Pauliina Tuppurainen 4p.<br \/>\nGoldhill\u00b4s Bobby om. Nikolas Laiho 4p.<br \/>\n9. Maailman B\u00e4nd\u00e4ri om. Daniela Vainionp\u00e4\u00e4 3p.<br \/>\n10. Rusina om. Aleksi Paavilainen 2p.<br \/>\nGoldhill\u00b4s Tom om. Nikolas Laiho 2p.<\/p>\n","protected":false},"excerpt":{"rendered":"<p>Vuoden voittaja: 1. VV-12 Vital\u00b4s Midnight Sun 166p. 2. VV2-12 Aniaras American Kizmet 164p. VV2-12 Aniaras Loimu 164p. 4. VV4-12 Ice Princess 148p. 5. VV5-12 Amarillon Pink Pony 144p. 6. VV6-12 Jelly Bean 142p. 7. VV7-12 Nikean Pirttihirmu 126p. VV7-12 &hellip; <a href=\"https:\/\/marsuyhdistys.net\/home\/vuoden-voittajat-2012\/\">Lue loppuun <span class=\"meta-nav\">&rarr;<\/span><\/a><\/p>\n","protected":false},"author":10,"featured_media":0,"parent":0,"menu_order":0,"comment_status":"closed","ping_status":"open","template":"","meta":{"footnotes":"","_links_to":"","_links_to_target":""},"class_list":["post-3551","page","type-page","status-publish","hentry"],"_links":{"self":[{"href":"https:\/\/marsuyhdistys.net\/home\/wp-json\/wp\/v2\/pages\/3551","targetHints":{"allow":["GET"]}}],"collection":[{"href":"https:\/\/marsuyhdistys.net\/home\/wp-json\/wp\/v2\/pages"}],"about":[{"href":"https:\/\/marsuyhdistys.net\/home\/wp-json\/wp\/v2\/types\/page"}],"author":[{"embeddable":true,"href":"https:\/\/marsuyhdistys.net\/home\/wp-json\/wp\/v2\/users\/10"}],"replies":[{"embeddable":true,"href":"https:\/\/marsuyhdistys.net\/home\/wp-json\/wp\/v2\/comments?post=3551"}],"version-history":[{"count":1,"href":"https:\/\/marsuyhdistys.net\/home\/wp-json\/wp\/v2\/pages\/3551\/revisions"}],"predecessor-version":[{"id":3552,"href":"https:\/\/marsuyhdistys.net\/home\/wp-json\/wp\/v2\/pages\/3551\/revisions\/3552"}],"wp:attachment":[{"href":"https:\/\/marsuyhdistys.net\/home\/wp-json\/wp\/v2\/media?parent=3551"}],"curies":[{"name":"wp","href":"https:\/\/api.w.org\/{rel}","templated":true}]}}