{"id":3563,"date":"2014-12-15T08:49:43","date_gmt":"2014-12-15T06:49:43","guid":{"rendered":"http:\/\/marsuyhdistys.net\/home\/?page_id=3563"},"modified":"2026-01-29T15:06:10","modified_gmt":"2026-01-29T13:06:10","slug":"jv-ja-gg-voittajat-kautta-aikain","status":"publish","type":"page","link":"https:\/\/marsuyhdistys.net\/home\/kaikki-nayttelyista\/nayttelytulokset-kautta-aikain\/jv-ja-gg-voittajat-kautta-aikain\/","title":{"rendered":"JV- ja GG-voittajat kautta aikain"},"content":{"rendered":"<p><span style=\"text-decoration: underline;\"><strong>2018<\/strong><\/span><br \/>\n<strong>Juhlan\u00e4yttelyn voittajat:<\/strong><br \/>\n<strong>JJV-18<\/strong>&nbsp;Dahlia, self lemon naaras om. Elisa Svento<br \/>\n<span style=\"color: #000000;\"><strong>JV-18<\/strong>&nbsp;Princess Charlotte, self PEW naaras om. Elisa Svento<\/span><br \/>\n<span style=\"color: #000000;\"><strong>JVpet-18<\/strong>&nbsp;Wiiks Olivia, rex naaras om. Maria Wiik<\/span><\/p>\n<p><strong>Grand Gala voittajat:<\/strong><br \/>\n<span style=\"color: #000000;\"><strong>JGG-18<\/strong><br \/>\n<span style=\"color: #000000;\"><strong>GG-18<\/strong>&nbsp;<\/span><br \/>\n<span style=\"color: #000000;\"><strong>GGpet-18<\/strong>&nbsp;<\/span><\/span><\/p>\n<p><span style=\"text-decoration: underline;\"><strong>2017<\/strong><\/span><br \/>\n<strong>Juhlan\u00e4yttelyn voittajat:<\/strong><br \/>\n<strong>JJV-17<\/strong> <span style=\"color: #000000;\">Metal Star&#8217;s Knight, texel uros, om. Ari &amp; Sini Nuutinen<\/span><br \/>\n<span style=\"color: #000000;\"> <strong>JV-17<\/strong>&nbsp;FI &amp; S MVA PPV17 PPV17 Marsya Odysea, self cream naaras<\/span><br \/>\n<span style=\"color: #000000;\"> om. Elisa Svento &amp; Lea Rahtu-Korpela<\/span><br \/>\n<span style=\"color: #000000;\"> <strong>JVpet-17<\/strong> FI &amp; S MVA PPV17 PPV17 Marsya Odysea, self cream naaras<\/span><br \/>\n<span style=\"color: #000000;\"> om. Elisa Svento &amp; Lea Rahtu-Korpela<\/span><\/p>\n<p><strong>Grand Gala voittajat:<\/strong><br \/>\n<span style=\"color: #000000;\"><strong>JGG-17<\/strong> Katinkas Havanna, abessiinialainen naaras. Kasv. &amp; om. Katja Nystr\u00f6m<br \/>\n<span style=\"color: #000000;\"> <strong>GG-17<\/strong> Katinkas Thelma, abessiinialainen naaras. Kasv. &amp; om. Katja Nystr\u00f6m<\/span><br \/>\n<span style=\"color: #000000;\"><strong> GGpet-17<\/strong> Elisabeth om. Johanna Valkeavirta<\/span><\/span><\/p>\n<p><span style=\"text-decoration: underline;\"><strong>2016<\/strong><\/span><br \/>\n<strong>Juhlan\u00e4yttelyn voittajat:<\/strong><br \/>\n<strong>JJV-16<\/strong> <span style=\"color: #000000;\">Delfoin Black Jewel&nbsp;om. Elisa Svento &amp; Lea Rahtu-Korpela<\/span><br \/>\n<span style=\"color: #000000;\"> <strong>JV-16<\/strong> FI M-MVA MSCH VV3-15 Marsyas Zaira om. Elisa Svento &amp; Lea Rahtu-Korpela<\/span><br \/>\n<span style=\"color: #000000;\"> <strong>JVpet-16<\/strong> Saphira\u2019s Ryla av Silverklo&nbsp;om. Anna Neykova<\/span><\/p>\n<p><strong>Grand Galan voittajat:<\/strong><br \/>\n<strong>JGG-16<\/strong> <span style=\"color: #000000;\">Delfoin Figuera, texel om. Kirsi Ruotsalainen<\/span><br \/>\n<span style=\"color: #000000;\"> <strong>GG-16<\/strong> Habanero&#8217;s Fudge Brownie, alpakka om. Anu Saarela<\/span><br \/>\n<span style=\"color: #000000;\"> <strong>GGpet-16<\/strong> Almond&#8217;s Kuikuttava Hovinarri om. Maria It\u00e4haarla<\/span><\/p>\n<p><span style=\"text-decoration: underline;\"><strong>2015<\/strong><\/span><br \/>\n<strong>Juhlan\u00e4yttelyn voittajat:<\/strong><br \/>\n<strong>JJV-15<\/strong>&nbsp;<span style=\"color: #000000;\">Satukallion P\u00e4iv\u00e4ns\u00e4de, teddy, Om. Susanna Piili<strong><br \/>\nJV-15&nbsp;<\/strong>Katinkas Hrimfaxi, abessiinialainen, Om. Katja Nystr\u00f6m<strong><br \/>\nJVpet-15&nbsp;<\/strong>Firefinch, Om. Miia Ollikkala<\/span><\/p>\n<p><strong>Grand Galan voittajat:<\/strong><br \/>\n<strong>JGG-15&nbsp;<\/strong><span style=\"color: #000000;\">Malaxis Headturner, teddy, Om. Katja Nystr\u00f6m<\/span><br \/>\n<span style=\"color: #000000;\"> <strong>GG-15&nbsp;<\/strong>Iron Queen, eng.crest kuviollinen, Om. Anu Saarela<\/span><br \/>\n<span style=\"color: #000000;\"> <strong>GGpet-15&nbsp;<\/strong>Almond&#8217;s Caribou Coffee, Om. P\u00e4ivi Rajala<\/span><\/p>\n<p><span style=\"text-decoration: underline;\"><strong>2014<br \/>\n<\/strong><\/span><strong><span style=\"color: #000000;\">Juhlan\u00e4yttelyn voittajat:<\/span><\/strong><br \/>\n<span style=\"color: #000000;\"><strong>JJV-14<\/strong> Aniaras Joku, eng.crest yksiv\u00e4rinen, om. Katja Kivipuro<\/span><br \/>\n<span style=\"color: #000000;\"><strong>JV-14<\/strong> FI MVA Aniaras Roihu, texel, om. Katja Kivipuro<\/span><br \/>\n<span style=\"color: #000000;\"><strong>JVpet-14<\/strong>&nbsp;Almond\u2019s Lumi, om. Lea Rahtu-Korpela &amp; Elisa Svento<\/span><\/p>\n<p><span style=\"color: #000000;\"><strong>Grand Galan voittajat:<\/strong><br \/>\n<strong>JGG-14&nbsp;<\/strong>Almond\u2019s Warszawa, eng.crest yksiv\u00e4rinen, om Carla Alasaarela&nbsp;<\/span><br \/>\n<span style=\"color: #000000;\"><strong>GG-14<\/strong>&nbsp;Almond\u2019s Pretty in Pink, self,<\/span><br \/>\n<span style=\"color: #000000;\"><strong>GGpet-14<\/strong>&nbsp;Maailman Kaliiperi. om. Nea Lehtonen<\/span><\/p>\n<p><span style=\"color: #000000;\"><span style=\"text-decoration: underline;\"><strong><span style=\"text-decoration: underline;\">2013<\/span><br \/>\n<\/strong><\/span><strong>Juhlan\u00e4yttelyn voittajat:<\/strong><\/span><br \/>\n<span style=\"color: #000000;\"><strong> JJV-13<\/strong>&nbsp;Krantun Xingzhongiitti, teddy, om. Susanna Piili<\/span><br \/>\n<span style=\"color: #000000;\"><strong> JV-13&nbsp;<\/strong>Goldhill\u2019s Lucky, tortoiseshell&amp;white, om. Raisa Ristim\u00e4ki<\/span><br \/>\n<span style=\"color: #000000;\"><strong> JVpet-13<\/strong>&nbsp;Nuunuu <\/span><\/p>\n<p><span style=\"color: #000000;\"><strong>Grand Galan voittajat:<\/strong><br \/>\n<strong>JGG-13<\/strong>&nbsp;Amarillon Villi Venla, abessiinialainen, om. Elise Feodoroff<\/span><br \/>\n<span style=\"color: #000000;\"><strong> GG-13<\/strong>&nbsp;FI MVA Define On The Top, texel, om. Katja Kivipuro<\/span><br \/>\n<span style=\"color: #000000;\"><strong> GGpet-13<\/strong>&nbsp;FI MVA EPET Almond\u2019s Wonderful One Night Stand,&nbsp;self,&nbsp;om.&nbsp;Minttu Mehtomaa<\/span><\/p>\n<p><span style=\"text-decoration: underline; color: #000000;\"><strong>2012<\/strong><\/span><br \/>\n<strong><span style=\"color: #000000;\"> Juhlan\u00e4yttelyn voittajat:<\/span><\/strong><br \/>\n<span style=\"color: #000000;\"><strong> JJV-12<\/strong>&nbsp;Delfoin Amelie, texel<\/span><br \/>\n<span style=\"color: #000000;\"><strong> JV-12&nbsp;<\/strong>Nikean Pirttihirmu, self<\/span><br \/>\n<span style=\"color: #000000;\"><strong> JVpet-12<\/strong>&nbsp;Rusina, risteytys, om.&nbsp;Aleksi Paavilainen<\/span><\/p>\n<p><strong><span style=\"color: #000000;\">Grand Galan voittajat:<\/span><\/strong><br \/>\n<span style=\"color: #000000;\"><strong> JGG-12<\/strong>&nbsp;Define Jazz, texel, om. Katja Kivipuro<\/span><br \/>\n<span style=\"color: #000000;\"><strong> GG-12<\/strong> Moona, self black, om. Johanna Lahtinen<\/span><br \/>\n<span style=\"color: #000000;\"><strong> GGpet-12&nbsp;<\/strong>VV5-10 FI MVA Maailman Chrysleri,&nbsp;abessiinialainen<br \/>\nom. Iira Lehtinen<\/span><\/p>\n<p><span style=\"text-decoration: underline; color: #000000;\"><strong>2011<\/strong><\/span><br \/>\n<strong><span style=\"color: #000000;\"> Juhlan\u00e4yttelyn voittajat:<\/span><\/strong><br \/>\n<span style=\"color: #000000;\"><strong> JJV-11<\/strong> Dixie Elliot, om. Anu Saarela<\/span><br \/>\n<span style=\"color: #000000;\"><strong> JV-11&nbsp;<\/strong>FI MVA Dixie Athena, om.&nbsp;Anu Saarela<\/span><br \/>\n<strong><span style=\"color: #000000;\"> JVpet-11&nbsp;<\/span><\/strong><\/p>\n<p><strong><span style=\"color: #000000;\">Grand Galan voittajat:<\/span><\/strong><br \/>\n<span style=\"color: #000000;\"><strong> JGG-11<\/strong>&nbsp;Xeloda, teddy, om. Taina H\u00f6gman<\/span><br \/>\n<span style=\"color: #000000;\"><strong> GG-11<\/strong>&nbsp;Caviecares Lenox, rex, om. Pauliina Tuppurainen<\/span><br \/>\n<span style=\"color: #000000;\"><strong> GGpet-11<\/strong>&nbsp;Paavo<\/span><\/p>\n<p><span style=\"text-decoration: underline; color: #000000;\"><strong>2010<\/strong><\/span><br \/>\n<strong><span style=\"color: #000000;\"> Juhlan\u00e4yttelyn voittajat:<\/span><\/strong><br \/>\n<span style=\"color: #000000;\"><strong> JJV-10<\/strong>&nbsp;Tikkitakin Glorys Rival<\/span><br \/>\n<span style=\"color: #000000;\"><strong> JV-10&nbsp;<\/strong>Goldhill&#8217;s Prins, om. Raisa Ristim\u00e4ki<\/span><br \/>\n<strong><span style=\"color: #000000;\"> JVpet-10<\/span><\/strong><\/p>\n<p><strong><span style=\"color: #000000;\">Grand Galan voittajat:<\/span><\/strong><br \/>\n<span style=\"color: #000000;\"><strong> JGG-10<\/strong>&nbsp;Winniepigs Summertime, aby, om. Catharina Johansson<\/span><br \/>\n<span style=\"color: #000000;\"><strong> GG-10<\/strong>&nbsp;Skorpan, teddy, om. Maria Erlandsson<\/span><br \/>\n<span style=\"color: #000000;\"><strong> GGpet-10<\/strong>&nbsp;MHPC\u00b4s Rock With Me!, skinny,&nbsp;om. Vilma Virtanen<\/span><\/p>\n<p><span style=\"text-decoration: underline; color: #000000;\"><strong>2009<\/strong><\/span><br \/>\n<strong><span style=\"color: #000000;\"> Juhlan\u00e4yttelyn voittajat:<\/span><\/strong><br \/>\n<strong><span style=\"color: #000000;\"> JJV-2009<\/span><\/strong><br \/>\n<strong> <span style=\"color: #000000;\"> JV-2009<\/span><\/strong><br \/>\n<strong> <span style=\"color: #000000;\"> JVpet-2009<\/span><\/strong><\/p>\n<p><strong><span style=\"color: #000000;\">Grand Galan voittajat:<\/span><\/strong><br \/>\n<span style=\"color: #000000;\"><strong> JGG-2009<\/strong>&nbsp;Nikean Jungle Fever, om. Hanna Lahtinen<\/span><br \/>\n<span style=\"color: #000000;\"><strong> GG-2009&nbsp;<\/strong>Tikkitakin Charnika M,&nbsp;<\/span><br \/>\n<strong><span style=\"color: #000000;\"> GGpet-2009&nbsp;<\/span><\/strong><\/p>\n<p><span style=\"text-decoration: underline; color: #000000;\"><strong>2008<\/strong><\/span><br \/>\n<strong><span style=\"color: #000000;\"> Juhlan\u00e4yttelyn voittajat:<\/span><\/strong><br \/>\n<strong><span style=\"color: #000000;\"> JJV-08<\/span><\/strong><br \/>\n<strong> <span style=\"color: #000000;\"> JV-08<\/span><\/strong><br \/>\n<span style=\"color: #000000;\"><strong> JVpet-08<\/strong>&nbsp;Ebichu, om. Inkeri Virtanen<\/span><\/p>\n<p><strong><span style=\"color: #000000;\">Grand Galan voittajat:<\/span><\/strong><br \/>\n<span style=\"color: #000000;\"><strong> JGG-08<\/strong> Picus Hug Me,&nbsp;black roan, om. Jonna Tikka<\/span><br \/>\n<span style=\"color: #000000;\"><strong> GG-08&nbsp;<\/strong>Tikkitakin Charnica M,&nbsp;<\/span><br \/>\n<span style=\"color: #000000;\"><strong> GGpet-08&nbsp;<\/strong>MHPC\u2019s Rock With Me, skinny, om. Vilma Virtanen<\/span><\/p>\n<p><span style=\"text-decoration: underline; color: #000000;\"><strong>2007<\/strong><\/span><br \/>\n<strong><span style=\"color: #000000;\"> Juhlan\u00e4yttelyn voittajat:<\/span><\/strong><br \/>\n<span style=\"color: #000000;\"><strong> JJV-07<\/strong> Aniaras American Sunshine,&nbsp;<\/span><br \/>\n<span style=\"color: #000000;\"><strong> JV-07&nbsp;<\/strong>Andien Divina,&nbsp;<\/span><br \/>\n<span style=\"color: #000000;\"><strong> JVpet-07&nbsp;<\/strong>Aniara\u2019s Hot Buttered Rumba, om.&nbsp;Nora Torkkeli<\/span><\/p>\n<p><strong><span style=\"color: #000000;\">Grand Galan voittajat:<\/span><\/strong><br \/>\n<span style=\"color: #000000;\"><strong> JGG-07&nbsp;<\/strong>Amarillon Sulle-Tan, lilac tan, om. Anu Saarela<\/span><br \/>\n<span style=\"color: #000000;\"><strong> GG-07&nbsp;<\/strong>Aniaras sinderella<\/span><br \/>\n<span style=\"color: #000000;\"><strong> GGpet-07&nbsp;<\/strong>Goldhill\u2019s Mopping Corners, coronet, om. Annukka Holmroos<\/span><\/p>\n<p><span style=\"text-decoration: underline; color: #000000;\"><strong>2006<\/strong><\/span><br \/>\n<strong><span style=\"color: #000000;\"> Juhlan\u00e4yttelyn voittajat:<\/span><\/strong><br \/>\n<span style=\"color: #000000;\"><strong> JJV-06<\/strong>&nbsp;Andien Radison Park, teddy, om. Anneli Ceder<\/span><br \/>\n<span style=\"color: #000000;\"><strong> JV-06<\/strong>&nbsp;FI &amp; S &amp; N MVA NordV-05 Tirlittanin Halloween, aby, om. Helena Hakulinen<\/span><br \/>\n<span style=\"color: #000000;\"><strong> JVpet-06<\/strong>&nbsp;JVPet-04 Commondore 64, &nbsp;Om. Nelli Kaulio<\/span><\/p>\n<p><strong><span style=\"color: #000000;\">Grand Galan voittajat:<\/span><\/strong><br \/>\n<span style=\"color: #000000;\"><strong> JGG-06<\/strong>&nbsp;Tikkitakin Highland Fling, silver agouti, om. Iina Merjankari<\/span><br \/>\n<span style=\"color: #000000;\"><strong> GG-06&nbsp;<\/strong>FI MVA Delfoin Saaga, self black, om. Anu Saarela<\/span><br \/>\n<span style=\"color: #000000;\"><strong> GGpet-06&nbsp;<\/strong>Sulo om. Petra Eklund<\/span><\/p>\n<p><span style=\"text-decoration: underline; color: #000000;\"><strong>2005<\/strong><\/span><br \/>\n<strong><span style=\"color: #000000;\"> Juhlan\u00e4yttelyn voittajat:<\/span><\/strong><br \/>\n<span style=\"color: #000000;\"><strong> JJV-05<\/strong>&nbsp;Nikean Femme Fatale, om. Hanna Lahtinen<\/span><br \/>\n<span style=\"color: #000000;\"><strong> JV-05<\/strong>&nbsp;Goldhill&#8217;s Perfect My Nature, om. R. Ristim\u00e4ki &amp; M. Aatela<\/span><br \/>\n<strong><span style=\"color: #000000;\"> JVpet-05<\/span><\/strong><\/p>\n<p><strong><span style=\"color: #000000;\">Grand Galan voittajat:<\/span><\/strong><br \/>\n<span style=\"color: #000000;\"><strong> JGG-05<\/strong> Bebbe, texel, om. Elise Feodorof<\/span><br \/>\n<span style=\"color: #000000;\"><strong> GG-05<\/strong>&nbsp;Bluefox, om. Tinja Lesonen<\/span><br \/>\n<span style=\"color: #000000;\"><strong> GGpet-05&nbsp;<\/strong>Muskotin Karimu, aby, om. Anu Saarela<\/span><\/p>\n<p><span style=\"text-decoration: underline; color: #000000;\"><strong>2004<\/strong><\/span><br \/>\n<strong><span style=\"color: #000000;\"> Juhlan\u00e4yttelyn voittajat:<\/span><\/strong><br \/>\n<span style=\"color: #000000;\"><strong> JJV-04&nbsp;<\/strong>Goldhill\u2019s Atchafaloya Bay, texel<\/span><br \/>\n<span style=\"color: #000000;\"><strong> JV-04<\/strong>&nbsp;Goldhill\u2019s Perfect My Nature, am.crest<\/span><br \/>\n<strong><span style=\"color: #000000;\"> JVpet-04<\/span><\/strong><\/p>\n<p><strong><span style=\"color: #000000;\">Grand Galan voittajat:<\/span><\/strong><br \/>\n<span style=\"color: #000000;\"><strong> JGG-04<\/strong>&nbsp;Tirlittanin Lord From a Land of Shadows, aby, om. Helena Hakulinen<\/span><br \/>\n<span style=\"color: #000000;\"><strong> GG-04&nbsp;<\/strong>Goldhill&#8217;s Pompula, om. Annu Ristim\u00e4ki<br \/>\n<strong>GG-04<\/strong> FI &amp; N MVA Mira\u00b4s Alibaba, nonself black dalmatian, om. Heli Kuoppam\u00e4ki<br \/>\n<strong>GG-04<\/strong> Mira\u00b4s Yummy, satiini crest, om. Heli Kuoppam\u00e4ki<br \/>\n<\/span><span style=\"color: #000000; font-size: 16px;\"><strong>GGpet-04<\/strong>&nbsp;Miss Piggy, om. Nelli Kaulio<\/span><\/p>\n","protected":false},"excerpt":{"rendered":"<p>2018 Juhlan\u00e4yttelyn voittajat: JJV-18&nbsp;Dahlia, self lemon naaras om. Elisa Svento JV-18&nbsp;Princess Charlotte, self PEW naaras om. Elisa Svento JVpet-18&nbsp;Wiiks Olivia, rex naaras om. Maria Wiik Grand Gala voittajat: JGG-18 GG-18&nbsp; GGpet-18&nbsp; 2017 Juhlan\u00e4yttelyn voittajat: JJV-17 Metal Star&#8217;s Knight, texel uros, &hellip; <a href=\"https:\/\/marsuyhdistys.net\/home\/kaikki-nayttelyista\/nayttelytulokset-kautta-aikain\/jv-ja-gg-voittajat-kautta-aikain\/\">Lue loppuun <span class=\"meta-nav\">&rarr;<\/span><\/a><\/p>\n","protected":false},"author":10,"featured_media":0,"parent":3518,"menu_order":60,"comment_status":"closed","ping_status":"closed","template":"","meta":{"footnotes":"","_links_to":"","_links_to_target":""},"class_list":["post-3563","page","type-page","status-publish","hentry"],"_links":{"self":[{"href":"https:\/\/marsuyhdistys.net\/home\/wp-json\/wp\/v2\/pages\/3563","targetHints":{"allow":["GET"]}}],"collection":[{"href":"https:\/\/marsuyhdistys.net\/home\/wp-json\/wp\/v2\/pages"}],"about":[{"href":"https:\/\/marsuyhdistys.net\/home\/wp-json\/wp\/v2\/types\/page"}],"author":[{"embeddable":true,"href":"https:\/\/marsuyhdistys.net\/home\/wp-json\/wp\/v2\/users\/10"}],"replies":[{"embeddable":true,"href":"https:\/\/marsuyhdistys.net\/home\/wp-json\/wp\/v2\/comments?post=3563"}],"version-history":[{"count":16,"href":"https:\/\/marsuyhdistys.net\/home\/wp-json\/wp\/v2\/pages\/3563\/revisions"}],"predecessor-version":[{"id":8865,"href":"https:\/\/marsuyhdistys.net\/home\/wp-json\/wp\/v2\/pages\/3563\/revisions\/8865"}],"up":[{"embeddable":true,"href":"https:\/\/marsuyhdistys.net\/home\/wp-json\/wp\/v2\/pages\/3518"}],"wp:attachment":[{"href":"https:\/\/marsuyhdistys.net\/home\/wp-json\/wp\/v2\/media?parent=3563"}],"curies":[{"name":"wp","href":"https:\/\/api.w.org\/{rel}","templated":true}]}}