{"id":3574,"date":"2014-12-16T23:15:56","date_gmt":"2014-12-16T21:15:56","guid":{"rendered":"http:\/\/marsuyhdistys.net\/home\/?page_id=3574"},"modified":"2015-02-18T10:51:55","modified_gmt":"2015-02-18T08:51:55","slug":"vvpet-2015","status":"publish","type":"page","link":"https:\/\/marsuyhdistys.net\/home\/vvpet-2015\/","title":{"rendered":"VVpet 2014"},"content":{"rendered":"<p>240p EPET Almond\u00b4s In The Spotlight, om. Sanni Taimioja<br \/>\n213p VVpet4-13 EPET Adina Om. Minttu Nenonen<br \/>\n184p EPET Matlock Om. Minttu Nenonen<br \/>\n112p Limetta, om. Sanni Taimioja<br \/>\n111p EPET VVPet3-13 Maxwell, om. Johanna Kosonen<br \/>\n108p Jaanuskan El Ponzo Villa Om. P\u00e4ivi Rajala<br \/>\n95p Meimei om. Johanna Kosonen<br \/>\n89p FI MVA EPET Jaanuskan Mickey om. Henna Rinta-Kiikka<br \/>\n80p Minsa, om. Katariina Myntti<br \/>\n74p Almond\u00b4s Notorius Carrot Thief Of Winter Om. Lea Rahtu-Korpela &amp; Elisa Svento<br \/>\n73p EPET Aniaras Alma, om. Ninni-Maria Rantala<br \/>\n67p Kooka-Burra \u2013 Sanni Taimioja<br \/>\n63p Vengeful Victor om. Katariina Myntti<br \/>\n62p FI&amp;S MVA EPET GP VVpet13 GGpet-13 Almonds Wonderfull One Night Stand om: Minttu Mehtomaa<br \/>\n55p Maailman Kaliiperi, om. Nea Lehtonen<br \/>\n50p Manuell om Johanna Kosonen<br \/>\n47p Aniaras American Alex, om. Jessica Nurmiranta<br \/>\n45p Meibel om. Johanna Kosonen<br \/>\n43p Brutus Om. Anni L\u00e5ngstr\u00f6m<br \/>\n43p Almond\u00b4s Alma, om. Carla Alasaarela<br \/>\n42p Aino, om. Anni L\u00e5ngstr\u00f6m<br \/>\n39p FI &amp; S MVA Almond\u00b4s Nothern Light, om. Elisa Svento &amp; Lea Rahtu-Korpela<br \/>\n39p Almond\u00b4s Saint Lucia, om. Lara Alasaarela<br \/>\n36p Caviecares Penny, om. Taru Virtanen<br \/>\n36p Goldhill\u00b4s Lotus om. Eve Luhtala<br \/>\n35p FI&amp;S MVA EPET VV4-12 VV3-13 VVpet3-12 VVpet2-13 Almond\u00b4s Ice Princess Om. Daniela Vainionp\u00e4\u00e4<br \/>\n35p Jaanuskan Lemmenkipin\u00e4 om: Tilda Parviainen.<br \/>\n33p Almond\u00b4s Carissa Carandas, om. Kerttu Saarnisaari<br \/>\n32p Satukallion Rouva Lampinen Om. Elina Piili<br \/>\n30p Snowblind \u2013 Miia Kuoppam\u00e4ki<br \/>\n30p FI MVA Almond\u00b4s Auringonkukka, om. Kerttu Saarnisaari<br \/>\n30p Maailman Ratamestari, om. Nea Lehtonen<br \/>\n28p Almond\u00b4s I Love Pink, om. Sanni Saarnisaari<br \/>\n27p Almond\u00b4s Ultimate Grand Supreme, om. Daniela Vainionp\u00e4\u00e4<br \/>\n26p Almond\u00b4s Wappu om. Carla Alasaarela<br \/>\n26p Geisha, om. Eve Luhtala<br \/>\n25p Sweeny Todd om. Sanni Taimioja<br \/>\n25p Almond\u00b4s Expresso Chocolate, om. Emilia Aikio<br \/>\n25p Almond\u00b4s Street Dancer om. Krista Vilkuna<br \/>\n23p Kiwi Pie om. Jessica Sakala<br \/>\n23p Handsome Bob, om. Laura Rajala<br \/>\n22p Almond\u00b4s Royal Darren om. Minttu Mehtomaa<br \/>\n20p VKL-12 VKL-13 EPET Antero Om Saija Rajam\u00e4ki<br \/>\n20p Miquel om. Johanna Kosonen<br \/>\n20p Krantun Neblos om. Jarna Jansson<br \/>\n20p Panda, om. Eve Luhtala<br \/>\n20p Master Hider om. Laura Rajala<br \/>\n19p Malloween om. Jarna Jansson<br \/>\n19p Goldhill\u00b4s Diva, om. Elina Korkiakoski<br \/>\n18p Nelli Om. Tuulia Konttinen<br \/>\n17p Onni, risteytys Om. Heli Lipponen<br \/>\n16p Pipsa om. Jenni Salmela<br \/>\n16p Chocolate Prince Om. Amiina M\u00e4kel\u00e4<br \/>\n16p Aniaras Tekla om. Katja Oraj\u00e4rvi-Kotikangas<br \/>\n14p Almond\u00b4s Livia om. Johanna J\u00e4mb\u00e4ck<br \/>\n15p Almond\u00b4s Lumi om. Lea Rahtu-Korpela &amp; Elisa Svento<br \/>\n15p Almond\u00b4s Mega Ultimate Grand Supreme om. Reetta Uusimaa<br \/>\n15p Aniaras American Velbert om. Katja Oraj\u00e4rvi-Kotikangas<br \/>\n15p Damtorps Ariela, om. Taru Virtanen<br \/>\n15p Goldhill\u00b4s Pricilla om. Jarna Jansson<br \/>\n15p Gusty om. Jarna Jansson<br \/>\n15p Jam om. Jessica Sakala<br \/>\n15p JVpet-13 NuuNuu, om. Anni L\u00e5ngstr\u00f6m<br \/>\n15p Maailman Vaihtoehtonuori om. Jessica Sakala<br \/>\n15p Mira\u00b4s Hetty om. Senja Kalliokoski<br \/>\n15p Nevian Diablerie \u2013 Mirella Ruotsalainen<br \/>\n15p Ninni om. Aino Savolainen<br \/>\n15p Pulu om. Minttu Mehtomaa<br \/>\n15p Tiitus, om. Jarna Jansson<br \/>\n13p Almond\u00b4s Kuikuttava Kaunotar, om. Saana Hepo-oja<br \/>\n10p Al Capone om. Minttu Nenonen<br \/>\n10p Alexander om. Jaana Peltola<br \/>\n10p Almond\u00b4s Bling Bling,<br \/>\n10p Almond\u00b4s Candyfloss om. Aino Savolainen<br \/>\n10p Almond\u00b4s Ho-ho If You Dare om. Reetta Uusimaa<br \/>\n10p Almond\u00b4s Obsessed With Pink, om. Elina Vuonnala<br \/>\n10p Almond\u00b4s Viima, om. Emilia Aikio<br \/>\n10p Aniaras Black Orchid \u2013 Saija Rajam\u00e4ki<br \/>\n10p Aniaras Inside Story Om. Sanni Taimioja<br \/>\n10p Aniaras Liski Om. Sanni Taimioja<br \/>\n10p Aniaras Risto R\u00e4pp\u00e4\u00e4j\u00e4, om. Katja Oraj\u00e4rvi-Kotikangas<br \/>\n10p Bergatrollets Ivorick om. Emma Nurmela<br \/>\n10p Delfoin Asser, om. Katja Oraj\u00e4rvi-Kotikangas &amp; Ninni-Maria Rantala<br \/>\n10p FI &amp; S MVA NordJV-13 Goldhill\u00b4s Princess Final Fantasy Om. Daniela Vainionp\u00e4\u00e4<br \/>\n10p FI MVA Maailman Voikukkapuimuri, om. Riikka Raatikainen<br \/>\n10p Goldhill\u00b4s Liza \u2013 Johanna Lahtinen<br \/>\n10p Goldhill\u00b4s Ruska om. Sara Siekkinen<br \/>\n10p Jaanuskan Oliver, om. Saija Rajam\u00e4ki<br \/>\n10p Ladyvita, om. Carita Sonne<br \/>\n10p Maailman \u00c4\u00e4ri om. Vilma Peltola<br \/>\n10p Macabee om. Johanna Kosonen<br \/>\n10p Milla om. Riikka Lassila<br \/>\n10p Satukallion P\u00f6tsi om. Elina Piili<br \/>\n10p Tornados Irmelin Om. Jessica Nurmiranta<br \/>\n10p Trigger Om. Mari Tenhunen<br \/>\n10p Underground&#8217;s Dvalinn om. Tellu Konttinen<br \/>\n10p Wigwam, om. Jarna Jansson<br \/>\n10p Xavier, om. Iira Lehtinen<br \/>\n8p Noora om. Riikka Lassila<br \/>\n8p Satukallion Kleopatra om: Susanna Pilli<br \/>\n8p Tinia om. Marianna Keto<br \/>\n8p Underground\u00b4s Jeepers Creepers, om. Lea Rahtu-Korpela &amp; Elisa Svento<br \/>\n8p Undergrounds Vilijonkka Om. Jaana Peltola<br \/>\n5p Almond\u00b4s Kuikuttava Kaaos<br \/>\n5p Almond\u00b4s Kuikuttava K\u00e4nkk\u00e4r\u00e4nkk\u00e4, om. Elina Korkiakoski<br \/>\n5p Almond\u00b4s Kultamussukka om. Veera Kivist\u00f6<br \/>\n5p Almond\u00b4s Luz om. Alex Neykov<br \/>\n5p Almond\u00b4s Prince Charming Is a Liar om. Satu Koivisto ja Toni Pet\u00e4j\u00e4maa<br \/>\n5p Almond\u00b4s Quyaquil<br \/>\n5p Anemone\u00b4s Tare Karvanen om. Mico Laurila<br \/>\n5p Aniaras American Sandra Om. Jenny Hyv\u00e4kk\u00e4<br \/>\n5p Aniaras Hera Om. Jenny Hyv\u00e4kk\u00e4<br \/>\n5p Aniaras Odessa Om. Mirella Ruotsalainen<br \/>\n5p Caipirosca \u2013 Sanni Saarnisaari<br \/>\n5p Don Corleone om. Minttu Nenonen<br \/>\n5p Eetu om. Vilja Alve<br \/>\n5p Faxon om. Neea Nieminen<br \/>\n5p Gideon, om. Katja Oraj\u00e4rvi-Kotikangas &amp; Ninni-Maria Rantala<br \/>\n5p Goldhill\u00b4s Nella<br \/>\n5p Goldhill&#8217;s Picasso om. Jarna Jansson<br \/>\n5p Goldhills Batman Om. Jaana Peltola<br \/>\n5p Helmi om. Vili Savuoja<br \/>\n5p Hippu<br \/>\n5p Honey om. Teresa Myllyl\u00e4<br \/>\n5p Hunter Hayes, om. Saija Rajam\u00e4ki<br \/>\n5p Imargos Bei-Con om. Marja P\u00e4\u00e4talo<br \/>\n5p Imbir Om. Elena Vesa<br \/>\n5p Jaanuskan Alastomat K\u00e4t\u00f6set om. Jaana Peltola<br \/>\n5p Juliannas \u00c4ngla om. Julia Neykova<br \/>\n5p Kestine, om. Carita Sonne<br \/>\n5p Lilja Kukkakedossa, om. Sofia Mesim\u00e4ki<br \/>\n5p Maailman Eleanoori Om. Aida Liukkonen<br \/>\n5p Maailman Trokotiiri om. Jessica Sakala<br \/>\n5p Masa,<br \/>\n5p Medwin om. Johanna Kosonen<br \/>\n5p Melody om. Tuuli Korhonen<br \/>\n5p Mira\u00b4s Zena om. Aino Heikka<br \/>\n5p Muskotin Fanastica, om. Tuulia Konttinen<br \/>\n5p Naksu, om. Heidi K\u00e4rkk\u00e4inen<br \/>\n5p Nella om. Tellu Konttinen<br \/>\n5p Norspan, om. Carita Sonne<br \/>\n5p Pulla, om. Ninni Loponen<br \/>\n5p Rebel om. Julia Huotari<br \/>\n5p Reino-Risteytys \u2013 Linda K\u00e4ck &amp; Elisa Juntunen<br \/>\n5p Roosa om. Saimi Mielonen<br \/>\n5p Ruoste<br \/>\n5p Ruufus om. Veera Kivist\u00f6<br \/>\n5p Satukallion Surkeiden Sattumusten Viole<br \/>\n5p Satukallion Tiuhti,<br \/>\n5p Satukallion Wataru Asalina om: Susanna Piili<br \/>\n5p Topi om. Vilja Alve<br \/>\n5p Twilight Om. Mari Tenhunen<br \/>\n5p Underground\u00b4s Leggy Lovets \u2013 Saija Rajam\u00e4ki<br \/>\n5p Underground\u00b4s Nut Rageous, om. Laura Rajala<br \/>\n5p Virveli om. Pauliina Tuppurainen<br \/>\n5p Wannabe Epeli, om. Eevi L\u00e4hde<br \/>\n5p Wannabe Unforgiven om. Salla Suokuisma<br \/>\n3p Goldhill\u00b4s Ihan L\u00e4p\u00e4ll\u00e4 Om. Pauliina Lampila<br \/>\n3p Pyry Om. Heli Lipponen<br \/>\n3p Elisabet om. Johanna Lahtinen<br \/>\n3p Almond\u00b4s Gustav Marsvinsson om. Tuuli Lappalainen<\/p>\n","protected":false},"excerpt":{"rendered":"<p>240p EPET Almond\u00b4s In The Spotlight, om. Sanni Taimioja 213p VVpet4-13 EPET Adina Om. Minttu Nenonen 184p EPET Matlock Om. Minttu Nenonen 112p Limetta, om. Sanni Taimioja 111p EPET VVPet3-13 Maxwell, om. Johanna Kosonen 108p Jaanuskan El Ponzo Villa Om. &hellip; <a href=\"https:\/\/marsuyhdistys.net\/home\/vvpet-2015\/\">Lue loppuun <span class=\"meta-nav\">&rarr;<\/span><\/a><\/p>\n","protected":false},"author":10,"featured_media":0,"parent":0,"menu_order":0,"comment_status":"closed","ping_status":"open","template":"","meta":{"footnotes":"","_links_to":"","_links_to_target":""},"class_list":["post-3574","page","type-page","status-publish","hentry"],"_links":{"self":[{"href":"https:\/\/marsuyhdistys.net\/home\/wp-json\/wp\/v2\/pages\/3574","targetHints":{"allow":["GET"]}}],"collection":[{"href":"https:\/\/marsuyhdistys.net\/home\/wp-json\/wp\/v2\/pages"}],"about":[{"href":"https:\/\/marsuyhdistys.net\/home\/wp-json\/wp\/v2\/types\/page"}],"author":[{"embeddable":true,"href":"https:\/\/marsuyhdistys.net\/home\/wp-json\/wp\/v2\/users\/10"}],"replies":[{"embeddable":true,"href":"https:\/\/marsuyhdistys.net\/home\/wp-json\/wp\/v2\/comments?post=3574"}],"version-history":[{"count":3,"href":"https:\/\/marsuyhdistys.net\/home\/wp-json\/wp\/v2\/pages\/3574\/revisions"}],"predecessor-version":[{"id":3895,"href":"https:\/\/marsuyhdistys.net\/home\/wp-json\/wp\/v2\/pages\/3574\/revisions\/3895"}],"wp:attachment":[{"href":"https:\/\/marsuyhdistys.net\/home\/wp-json\/wp\/v2\/media?parent=3574"}],"curies":[{"name":"wp","href":"https:\/\/api.w.org\/{rel}","templated":true}]}}