{"id":3581,"date":"2014-12-17T23:35:39","date_gmt":"2014-12-17T21:35:39","guid":{"rendered":"http:\/\/marsuyhdistys.net\/home\/?page_id=3581"},"modified":"2015-12-26T22:50:56","modified_gmt":"2015-12-26T20:50:56","slug":"vv2014","status":"publish","type":"page","link":"https:\/\/marsuyhdistys.net\/home\/vv2014\/","title":{"rendered":"Vuoden voittajat 2014"},"content":{"rendered":"<p><a href=\"http:\/\/marsuyhdistys.net\/home\/?page_id=3574\">VVpet2014<\/a><br \/>\n<a href=\"http:\/\/marsuyhdistys.net\/home\/?page_id=3607\">V\u00e4liaikakisamestari 2014<\/a><\/p>\n<p><strong>ULKOMUOTOLUOKAT:<\/strong><br \/>\n170 Goldhill\u00b4s Princess Final Fantasy<br \/>\n164 Almond\u00b4s Northern Light<br \/>\n160 Aniaras Roihu<br \/>\n156 Tornado\u00b4s Stuart<br \/>\n154 Katinkas Hrimfaxi<br \/>\n154 Delfoin Prisilla<br \/>\n144 Malaxis Xabier<br \/>\n140 Aniaras American Kizmet<br \/>\n128 Delfoin Mahatha Kandhi<br \/>\n120 Aniaras American Siri<br \/>\n116 Divino<br \/>\n114 Almond\u00b4s Notorious Carrot Thief of Winter<br \/>\n103 Goldhill\u00b4s La-Luna<br \/>\n96 Goldhill\u00b4s Chiquita<br \/>\n96 Katinkas Fagur<br \/>\n94 Almond\u00b4s Bling Bling<br \/>\n92 Amazing Bubble<br \/>\n90 Flying Edward Thatch<br \/>\n89 Flying Flora Burn<br \/>\n89 Aniaras Joku<br \/>\n88 Satukallion Faarao Kheops<br \/>\n88 Flying Rudder<br \/>\n86 Malaxis Ulmar<br \/>\n84 Iron Luna<br \/>\n82 Almond\u00b4s Pretty In Pink<br \/>\n80 Flying Jeanne de Clisson<br \/>\n79 Krantun Neblos<br \/>\n78 Aniaras American Happy Hulda<br \/>\n77 Aniaras Kuka Muu Muka<br \/>\n76 Aniaras Lillian<br \/>\n75 Deldoin Inka<br \/>\n75 Aniaras American Elmo<br \/>\n73 Aniaras Lotus<br \/>\n73 Goldhill\u00b4s Princess Rapunzel<br \/>\n73 Aniaras American Benny<br \/>\n73 Aniaras Tuulikki<br \/>\n72 CD\u00b4s Night and Day<br \/>\n72 Hanna<br \/>\n72 Almond\u00b4s Ultimate Grand Supreme<br \/>\n71 Goldhill\u00b4s Lucky<br \/>\n69 Amarillon Cr Caballero<br \/>\n68 Slaikka<br \/>\n67 Amazing Lulu<br \/>\n66 Delfoin Perla<br \/>\n64 Nukkumatti<br \/>\n64 Katinkas Sn\u00f6vit<br \/>\n64 Goldhill\u00b4s Windly<br \/>\n62 Handsome Bob<br \/>\n60 Delfoin Ingaliina<br \/>\n59 Moj\u00e4ng<br \/>\n57 Jaanuskan Xena<br \/>\n56 Almond\u00b4s Saint Lucia<br \/>\n56 Delfoin Rousie<br \/>\n56 Almond\u00b4s Ice Princess<br \/>\n55 Krantun Epookki<br \/>\n55 Aniaras Teresa<br \/>\n54 Flo Rida<br \/>\n54 Aniaras Zalmiac<br \/>\n53 Satukallion Poppana<br \/>\n53 Aniaras Lent\u00e4v\u00e4 Hollantilainen<br \/>\n51 Maailman Meteori<br \/>\n51 Delfoin Parkki-Pirkko<br \/>\n50 Aniaras American Lady<br \/>\n50 Almond\u00b4s Auringonkukka<br \/>\n49 Rocha Miranda<br \/>\n49 Panacod<br \/>\n48 Mamuts Zantana<br \/>\n48 Jaanuskan Nuudelip\u00e4\u00e4<br \/>\n48 Maailman Iloinen Inkeri<br \/>\n47 Almond\u00b4s Warszawa<br \/>\n47 Delfoin Misty<br \/>\n46 Tornado\u00b4s Denise<br \/>\n46 Malloween<br \/>\n46 Satukallion P\u00f6tsi<br \/>\n46 Aniaras American Creamcake<br \/>\n44 Hamilton<br \/>\n43 Limetta<br \/>\n41 Maailman Aleksanteri<br \/>\n41 Aniaras Sillanrakentaja<br \/>\n41 Aniaras Olkinainen<br \/>\n40 Delfoin Fanny<br \/>\n40 Satukallion Surkeiden Sattumusten Sunny<br \/>\n40 Foxy Tootsie<br \/>\n40 Almond\u00b4s I Love Pink<br \/>\n40 Aniaras Koivuniemen Herra<br \/>\n39 Delfoin Axeliina<br \/>\n39 Snoop\u00b4s Aqua Marine<br \/>\n38 Underground\u00b4s Levikset Repee<br \/>\n38 Aniaras American Alfonso<br \/>\n38 Aniaras American Dancer<br \/>\n37 Ashfields Peardrop<br \/>\n36 Maailman Duploinsin\u00f6\u00f6ri<br \/>\n36 Pickersleigh Felix<br \/>\n36 Snoop\u00b4s Nut Cracker<br \/>\n36 Trealever Xero<br \/>\n36 Aniaras Lenni<br \/>\n35 Almond\u00b4s Elsa Of Arendelle<br \/>\n35 Aniaras Huutokauppakeisari<br \/>\n35 Almond\u00b4s Royal Darren<br \/>\n34 Satukallion Nuuskamuikkunen<br \/>\n34 Apostolinmiekka<br \/>\n34 Satukallion Misaki Ayuzawa<br \/>\n34 Krantun Landu<br \/>\n32 Satukallion Unkarin Liekki<br \/>\n32 Groth\u00b4s Bafucin<br \/>\n32 Snoop\u00b4s Black Jack<br \/>\n32 Mira\u00b4s Cadillac<br \/>\n31 Almond\u00b4s Wonderful One Night Stand<br \/>\n30 Inky Charlotte<br \/>\n29 Satukallion Surkeiden Sattumusten Viola<br \/>\n29 Bergatrollets Ivorick<br \/>\n29 Hard Luck Candy<br \/>\n27 Aniaras King Creole<br \/>\n26 Define Agran<br \/>\n26 Glenna<br \/>\n26 Krantun Niine<br \/>\n26 Pickersleigh Angus<br \/>\n26 Mira\u00b4s Carmela<br \/>\n26 Almond\u00b4s Miss SamiJo Grace<br \/>\n26 Twilight<br \/>\n26 Almond\u00b4s Conchita Wirst<br \/>\n26 Goldhill\u00b4s Afrodite<br \/>\n25 Critters Alfie<br \/>\n25 Krantun Vernadiitti<br \/>\n25 Almond\u00b4s In The Spotlight<br \/>\n25 Almond\u00b4s Carissa Carandas<br \/>\n25 Almond\u00b4s Ho-ho-ho if You Dare<br \/>\n25 Delfoin Naomi<br \/>\n24 Delfoin Kimlet<br \/>\n23 Delfoin Filda<br \/>\n23 Satukallion Unkarin Sininen<br \/>\n23 Almond\u00b4s Beautyful Liar<br \/>\n21 Jaanuskan Kamaro<br \/>\n21 Jaanuskan Leijonan Syd\u00e4n<br \/>\n21 Maailman Hovimestari<br \/>\n21 Satukallion Wataru Asahina<br \/>\n21 Lola Montez<br \/>\n20 Charmtrollet\u00b4s Ikaros<br \/>\n20 Maailman Sopupeluri<br \/>\n20 Maailman Motivaattori<br \/>\n20 Maailman Oikeusl\u00e4\u00e4k\u00e4ri<br \/>\n20 Katinkas Gustur<br \/>\n20 Goldhill\u00b4s Magic Moon<br \/>\n20 Krantun Repliikki<br \/>\n20 Marsyas Zaira<br \/>\n20 Almond\u00b4s Quiaquil<br \/>\n20 Delfoin Luna<br \/>\n18 Underground\u00b4s Tahmatassu<br \/>\n18 Ajatar<br \/>\n18 Jackpot Zed<br \/>\n18 Caviecares Penny<br \/>\n18 Groth\u00b4s Bonnie Best Apple<br \/>\n18 Aniaras American Wanessa<br \/>\n17 Jufus Rais<br \/>\n17 Aniaras Riemu<br \/>\n16 Groth\u00b4s Zara<br \/>\n16 Imargos Queen Elisabeth<br \/>\n16 Juliannas Bliss<br \/>\n16 Maailman Vaihtoehtonuori<br \/>\n16 Almond\u00b4s Kuikuttava Kaunotar<br \/>\n16 Mojito<br \/>\n16 Critters Morgane<br \/>\n16 Almond\u00b4s Candyfloss<br \/>\n15 Hubert<br \/>\n15 Goldhill\u00b4s Pricilla<br \/>\n15 Dambuie<br \/>\n15 Aniaras Liski<br \/>\n13 Underground\u00b4s Drop Dead Gorgeous<br \/>\n13 Satukallion Illusia<br \/>\n13 Aniaras Brand New Ihanuus<br \/>\n13 Delfoin Lilla<br \/>\n11 Underground\u00b4s Seili<br \/>\n11 Charles Vane<br \/>\n11 Hekla<br \/>\n11 Anemone\u00b4s Eliana<br \/>\n11 Granite<br \/>\n11 Hennessy<br \/>\n10 Satukallion Tiuhti<br \/>\n10 Eep<br \/>\n10 Groth\u00b4s Original Bell<br \/>\n10 J\u00e4b\u00e4 Leisson<br \/>\n10 Tornado\u00b4s Irmelin<br \/>\n10 Maailman Ratamestari<br \/>\n10 Maailman Cum Laude Approbaturi<br \/>\n10 Wallhamra CD \u00d6nskedr\u00f6m<br \/>\n10 Satukallion Viivi Avolava<br \/>\n10 Krantun Ukaasi<br \/>\n10 Satukallion Tsubaki Asahina<br \/>\n10 Julianas Alexander<br \/>\n10 Aniaras American Velbert<br \/>\n10 Jeronas Grey Star<br \/>\n10 Fudge Coffee<br \/>\n10 Vanion Luxury<br \/>\n10 Babette<br \/>\n10 Critters Jingo<br \/>\n10 Almond\u00b4s Vauhdikas Vompatti<br \/>\n10 Almond\u00b4s Kultamussukka<br \/>\n10 Almond\u00b4s Bejewelled Blitz<br \/>\n10 Goldhill\u00b4s Lumi<br \/>\n10 Almond\u00b4s Obsessed With Pink<br \/>\n10 Almond\u00b4s Wappu<br \/>\n8 Delfoin Adalmiina<br \/>\n6 Underground\u00b4s Dream a Little Dream of Me<br \/>\n6 Flying Anne Bonny<br \/>\n5 Bartholomew Roberts<br \/>\n5 Jack Racham<br \/>\n5 Satukallion Viuhti<br \/>\n5 Jaanuskan Terminaattori<br \/>\n5 Jaanuskan Silm\u00e4ter\u00e4<br \/>\n5 Maailman Trokotiiri<br \/>\n5 Maailman Diileri<br \/>\n5 Maailman Eliminaattori<br \/>\n5 Vengeful Victor<br \/>\n5 Maailman Narinari<br \/>\n5 Wannabe Kekkeruusi<br \/>\n5 Aniaras American Creamcake<br \/>\n5 Aniaras Inside Story<br \/>\n5 Ixias Going The Distance<br \/>\n5 Ixias Just Like Heaven<br \/>\n5 Ormestad<br \/>\n5 Quentin<br \/>\n5 Eared<br \/>\n5 Vanion Lulu<br \/>\n5 Dave<br \/>\n5 Wannabe Yolo Swaggins<br \/>\n5 Carismas Triss Shadow<br \/>\n5 Almond\u00b4s Kiss The Santa If You Dare<br \/>\n5 Almond\u00b4s Diamond Dust<br \/>\n5 Almond\u00b4s Think Pink<br \/>\n5 Almond\u00b4s Alma<br \/>\n5 Almond\u00b4s Sahrami<br \/>\n5 Almond\u00b4s Royal Dahlia<br \/>\n5 Wannabe Jannika B<br \/>\n5 Inky Honour<br \/>\n5 HW\u00b4s Wilma<\/p>\n<p>Klipatut<br \/>\n40 Vibys Piatti<br \/>\n19 Delfoin Rafah<br \/>\n15 Goldhill\u00b4s Lotus<br \/>\n8 Ixias United<br \/>\n7 Underground\u00b4s Dvalinn<br \/>\n5 Antero<br \/>\n2 Hunter Hayes<\/p>\n<p>Koestandardi<br \/>\n29 Underground\u00b4s Leggy Lovets<br \/>\n18 Goldhill\u00b4s Toy-Girl<br \/>\n11 Katinkas Ambrosia<br \/>\n9 Katinkas Aftonstj\u00e4rna<\/p>\n<p>Jalostusluokka<br \/>\n60 Satukallion Faarao Kheops<br \/>\n50 Maailman Motivaattori<br \/>\n10 Maailman Generaattori<br \/>\n10 Junimas On My Mind<\/p>\n<p>VV-kasvattaja<br \/>\n878p Aniaras<br \/>\n828p Almond\u00b4s<br \/>\n487p Goldhill\u00b4s<br \/>\n377p Delfoin<br \/>\n330p Satukallion<br \/>\n317p Maailman<br \/>\n262p Flying<br \/>\n258p Katinkas<br \/>\n159p Krantun<br \/>\n152p Jaanuskan<br \/>\n119p Underground\u00b4s<br \/>\n94p Snoop\u00b4s<br \/>\n58p Mira\u00b4s<br \/>\n58p Amarillon<br \/>\n35p Critters<br \/>\n15p Wannabe<br \/>\n11p Anemone\u00b4s<\/p>\n","protected":false},"excerpt":{"rendered":"<p>VVpet2014 V\u00e4liaikakisamestari 2014 ULKOMUOTOLUOKAT: 170 Goldhill\u00b4s Princess Final Fantasy 164 Almond\u00b4s Northern Light 160 Aniaras Roihu 156 Tornado\u00b4s Stuart 154 Katinkas Hrimfaxi 154 Delfoin Prisilla 144 Malaxis Xabier 140 Aniaras American Kizmet 128 Delfoin Mahatha Kandhi 120 Aniaras American Siri &hellip; <a href=\"https:\/\/marsuyhdistys.net\/home\/vv2014\/\">Lue loppuun <span class=\"meta-nav\">&rarr;<\/span><\/a><\/p>\n","protected":false},"author":10,"featured_media":0,"parent":0,"menu_order":0,"comment_status":"closed","ping_status":"open","template":"","meta":{"footnotes":"","_links_to":"","_links_to_target":""},"class_list":["post-3581","page","type-page","status-publish","hentry"],"_links":{"self":[{"href":"https:\/\/marsuyhdistys.net\/home\/wp-json\/wp\/v2\/pages\/3581","targetHints":{"allow":["GET"]}}],"collection":[{"href":"https:\/\/marsuyhdistys.net\/home\/wp-json\/wp\/v2\/pages"}],"about":[{"href":"https:\/\/marsuyhdistys.net\/home\/wp-json\/wp\/v2\/types\/page"}],"author":[{"embeddable":true,"href":"https:\/\/marsuyhdistys.net\/home\/wp-json\/wp\/v2\/users\/10"}],"replies":[{"embeddable":true,"href":"https:\/\/marsuyhdistys.net\/home\/wp-json\/wp\/v2\/comments?post=3581"}],"version-history":[{"count":7,"href":"https:\/\/marsuyhdistys.net\/home\/wp-json\/wp\/v2\/pages\/3581\/revisions"}],"predecessor-version":[{"id":4693,"href":"https:\/\/marsuyhdistys.net\/home\/wp-json\/wp\/v2\/pages\/3581\/revisions\/4693"}],"wp:attachment":[{"href":"https:\/\/marsuyhdistys.net\/home\/wp-json\/wp\/v2\/media?parent=3581"}],"curies":[{"name":"wp","href":"https:\/\/api.w.org\/{rel}","templated":true}]}}