{"id":430,"date":"2012-11-03T14:06:55","date_gmt":"2012-11-03T12:06:55","guid":{"rendered":"http:\/\/marsuyhdistys.net\/home\/?page_id=430"},"modified":"2024-03-11T11:24:28","modified_gmt":"2024-03-11T09:24:28","slug":"suomen-muotovalio-saannot","status":"publish","type":"page","link":"https:\/\/marsuyhdistys.net\/home\/yhdistys\/saannot\/suomen-muotovalio-saannot\/","title":{"rendered":"Suomen Muotovalios\u00e4\u00e4nn\u00f6t"},"content":{"rendered":"<p><a href=\"https:\/\/docs.google.com\/forms\/d\/1ZmTDHFk_s0YsdrAIpltwOZgNZORMGJzpkcdWgGRjeyk\/viewform?edit_requested=true\">S\u00e4hk\u00f6inen tittelihakemus paina T\u00c4ST\u00c4!<\/a><\/p>\n<h3><b>Suomen Juniorimuotovalio ( FI JMVA) <\/b><span style=\"font-weight: 400;\"><br \/><\/span><\/h3>\n<ol>\n<li><span style=\"font-weight: 400;\"><span style=\"font-weight: 400;\"><span style=\"font-weight: 400;\"><span style=\"font-weight: 400;\">Marsu valmistuu Suomen Juniorimuotovalioksi kolmella sertifikaatilla, joiden tulee olla SMY:n hyv\u00e4ksymist\u00e4 n\u00e4yttelyist\u00e4. Sertifikaattien on oltava joko baby- tai nuortenluokasta. Vain Suomessa my\u00f6nnetyt sertifikaatit kelpaavat Suomen Juniorimuotovalion anomiseen. Sertifikaattien pit\u00e4\u00e4 olla v\u00e4hint\u00e4\u00e4n kahdelta eri tuomarilta.<\/span><\/span><\/span><\/span><\/li>\n<li>Juniorimuotovaliohakemus l\u00e4hetet\u00e4\u00e4n postissa hakemusten k\u00e4sittelij\u00e4lle. Mukana tulee l\u00e4hett\u00e4\u00e4 alkuper\u00e4iset sertifikaatti-leimalla varustetut arvostelukaavakkeet, sek\u00e4 alkuper\u00e4inen rekisteritodistus. Palautuskuorta ei tarvita.<\/li>\n<li>Saat paluupostissa muotovaliotodistuksen, Suomen Juniorimuotovalio \u2013 Finnish Junior Champion leimalla varustetun rekisteritodistuksen ja arvostelukaavakkeet. Voit ostaa marsullesi FI JMVA-ruusukkeen, joka tulee tilata hakemuksen yhteydess\u00e4. Tilaus-ohjeet l\u00f6yd\u00e4t hakemuksesta.<\/li>\n<\/ol>\n<p><b>Vasta todistuksen saavuttua, on marsun nimen edess\u00e4 oikeus k\u00e4ytt\u00e4\u00e4 FI JMVA-titteli\u00e4.<\/b><b><br \/><\/b><b><br \/><\/b><b>Hakemuksen k\u00e4sittelij\u00e4n yhteystiedot l\u00f6yd\u00e4t hakemuksesta.<span style=\"color: #ff0000;\"><strong> HOX! Hakemuksen tiedoista poiketen! Ruusukkeita voi ostaa en\u00e4\u00e4 n\u00e4yttelyiden yhteydess\u00e4 infosta!<\/strong><\/span><\/b><\/p>\n<p><a href=\"https:\/\/docs.google.com\/forms\/d\/1ZmTDHFk_s0YsdrAIpltwOZgNZORMGJzpkcdWgGRjeyk\/viewform?edit_requested=true\">Suomen Juniorimuotovalio hakemus<\/a><\/p>\n<p><b>Suomen Muotovalio (FI MVA) <\/b><\/p>\n<ol>\n<li><span style=\"font-weight: 400;\"><span style=\"font-weight: 400;\"><span style=\"font-weight: 400;\"><span style=\"font-weight: 400;\"> Marsu valmistuu Suomen Muotovalioksi kolmella sertifikaatilla, joiden tulee olla SMY:n hyv\u00e4ksymist\u00e4 n\u00e4yttelyst\u00e4. V\u00e4hint\u00e4\u00e4n yhden sertifikaatin on oltava avoimesta- tai veteraaniluokasta. Vain Suomessa my\u00f6nnetyt sertifikaatit kelpaavat Suomen Muotovalion anomiseen. Sertifikaattien pit\u00e4\u00e4 olla v\u00e4hint\u00e4\u00e4n kahdelta eri tuomarilta. Suomen Muotovalioksi voi valmistua my\u00f6s yhdell\u00e4 sertifikaatilla, mik\u00e4li marsu on aiemmin valmistunut Suomen Juniorimuotovalioksi.<\/span><\/span><\/span><\/span><\/li>\n<li><span style=\"font-weight: 400;\"><span style=\"font-weight: 400;\"><span style=\"font-weight: 400;\"><span style=\"font-weight: 400;\"> Muotovaliohakemus l\u00e4hetet\u00e4\u00e4n postissa hakemusten k\u00e4sittelij\u00e4lle. Mukana tulee l\u00e4hett\u00e4\u00e4 alkuper\u00e4iset sertifikaatti-leimalla varustetut arvostelukaavakkeet, sek\u00e4 alkuper\u00e4inen rekisteritodistus. Mik\u00e4li marsu on valioitunut aiemmin Suomen Juniorimuotovalioksi tulee rekisteritodistuksessa olla Suomen Juniorimuotovalio leima. Palautuskuorta ei tarvita.<\/span><\/span><\/span><\/span><\/li>\n<li><span style=\"font-weight: 400;\"> Saat paluupostissa muotovaliotodistuksen, Suomen Muotovalio \u2013 Finnish Champion leimalla varustetun rekisteritodistuksen ja arvostelukaavakkeet. Voit ostaa marsullesi FI MVA-ruusukkeen, joka tulee tilata hakemuksen yhteydess\u00e4. Tilaus-ohjeet l\u00f6yd\u00e4t hakemuksesta.<\/span><\/li>\n<\/ol>\n<p><strong>Ulkomailla valioituneen marsun valioituminen Suomen Muotovalioksi<\/strong><\/p>\n<ol>\n<li><span style=\"font-weight: 400;\"><span style=\"font-weight: 400;\"><span style=\"font-weight: 400;\">Ruotsin, Tanskan, Norjan ja Viron muotovalio (SCH, DKCH, NCH, EECH) voi saada Suomen muotovalion arvonimen, mik\u00e4li marsulla on Suomessa pidetyss\u00e4, Suomen Marsuyhdistyksen hyv\u00e4ksym\u00e4ss\u00e4 n\u00e4yttelyst\u00e4 sertifikaatti. Sertifikaatin saannin ajankohdalla tai ik\u00e4luokalla ei ole merkityst\u00e4.<\/span><\/span><\/span><\/li>\n<li><span style=\"font-weight: 400;\"><span style=\"font-weight: 400;\"><span style=\"font-weight: 400;\"><span style=\"font-weight: 400;\"> Muotovaliohakemus l\u00e4hetet\u00e4\u00e4n postissa hakemusten k\u00e4sittelij\u00e4lle. Mukana tulee l\u00e4hett\u00e4\u00e4 alkuper\u00e4inen sertileimalla varustettu arvostelukaavake Suomesta, sek\u00e4 rekisteritodistus jossa tulee olla valioleima aikaisemmasta valioitumisesta. Palautuskuorta ei tarvita.<\/span><\/span><\/span><\/span><\/li>\n<li><span style=\"font-weight: 400;\"> Saat paluupostissa muotovaliotodistuksen, Suomen Muotovalio \u2013 Finnish Champion leimalla varustetun rekisteritodistuksen ja arvostelukaavakkeen. Voit ostaa marsullesi FI MVA-ruusukkeen, joka tulee tilata hakemuksen yhteydess\u00e4. Tilaus-ohjeet l\u00f6yd\u00e4t hakemuksesta.<\/span><\/li>\n<\/ol>\n<p><b>Vasta todistuksen saavuttua, on marsun nimen edess\u00e4 oikeus k\u00e4ytt\u00e4\u00e4 FI MVA-titteli\u00e4.<\/b><\/p>\n<p><strong>Hakemuksen k\u00e4sittelij\u00e4n yhteystiedot l\u00f6yd\u00e4t hakemuksesta.<span style=\"color: #ff0000;\"> HOX! Hakemuksen tiedoista poiketen! Ruusukkeita voi ostaa en\u00e4\u00e4 n\u00e4yttelyiden yhteydess\u00e4 infosta!<\/span><\/strong><\/p>\n<p><a href=\"https:\/\/docs.google.com\/forms\/d\/1ZmTDHFk_s0YsdrAIpltwOZgNZORMGJzpkcdWgGRjeyk\/viewform?edit_requested=true\"><b>Suomen Muotovaliohakemus<\/b><\/a><\/p>\n<h2><b>Suomen Megamuotovalio s\u00e4\u00e4nn\u00f6t:<\/b><\/h2>\n<p><b>Suomen Megamuotovalio (FI M-MVA) <\/b><\/p>\n<ol>\n<li><span style=\"font-weight: 400;\"><span style=\"font-weight: 400;\"><span style=\"font-weight: 400;\"><span style=\"font-weight: 400;\"> Marsu valmistuu Suomen Megamuotovalioksi kolmella valioluokan sertifikaatilla sek\u00e4 kolmella BIS-sijoituksella, joiden tulee olla SMY:n hyv\u00e4ksymist\u00e4 n\u00e4yttelyst\u00e4. Marsun tulee olla valmiiksi Suomen muotovalio.<\/span><\/span><\/span><\/span><\/li>\n<li><span style=\"font-weight: 400;\"><span style=\"font-weight: 400;\"><span style=\"font-weight: 400;\"><span style=\"font-weight: 400;\">Megamuotovaliohakemus l\u00e4hetet\u00e4\u00e4n postissa hakemusten k\u00e4sittelij\u00e4lle. Mukana tulee l\u00e4hett\u00e4\u00e4 alkuper\u00e4inen sertifikaatti-leimalla varustettu arvostelukaavake Suomesta sek\u00e4 rekisteritodistus jossa tulee olla valioleima aikaisemmasta valioitumisesta. Palautuskuorta ei tarvita.<\/span><\/span><\/span><\/span><\/li>\n<li><span style=\"font-weight: 400;\"> Saat paluupostissa Megamuotovaliotodistuksen, Suomen Megamuotovalio \u2013 Finnish MegaChampion leimalla varustetun rekisteritodistuk<\/span><span style=\"font-weight: 400;\">sen ja arvostelukaavakkeet. Voit ostaa marsullesi FI M-MVA-ruusukkeen, joka tulee tilata hakemuksen yhteydess\u00e4. Tilaus-ohjeet l\u00f6yd\u00e4t hakemuksesta.<\/span><\/li>\n<\/ol>\n<p><b>Vasta todistuksen saavuttua, on marsun nimen edess\u00e4 oikeus k\u00e4ytt\u00e4\u00e4 FI M-MVA-titteli\u00e4.<\/b><\/p>\n<p><b>Hakemuksen k\u00e4sittelij\u00e4n yhteystiedot l\u00f6yd\u00e4t hakemuksesta.<\/b><\/p>\n<p><a href=\"https:\/\/docs.google.com\/forms\/d\/1ZmTDHFk_s0YsdrAIpltwOZgNZORMGJzpkcdWgGRjeyk\/viewform?edit_requested=true\"><strong>Suomen Megamuotovaliohakemus<\/strong><\/a><\/p>\n","protected":false},"excerpt":{"rendered":"<p>S\u00e4hk\u00f6inen tittelihakemus paina T\u00c4ST\u00c4! Suomen Juniorimuotovalio ( FI JMVA) Marsu valmistuu Suomen Juniorimuotovalioksi kolmella sertifikaatilla, joiden tulee olla SMY:n hyv\u00e4ksymist\u00e4 n\u00e4yttelyist\u00e4. Sertifikaattien on oltava joko baby- tai nuortenluokasta. Vain Suomessa my\u00f6nnetyt sertifikaatit kelpaavat Suomen Juniorimuotovalion anomiseen. Sertifikaattien pit\u00e4\u00e4 olla v\u00e4hint\u00e4\u00e4n &hellip; <a href=\"https:\/\/marsuyhdistys.net\/home\/yhdistys\/saannot\/suomen-muotovalio-saannot\/\">Lue loppuun <span class=\"meta-nav\">&rarr;<\/span><\/a><\/p>\n","protected":false},"author":10,"featured_media":0,"parent":25,"menu_order":40,"comment_status":"closed","ping_status":"closed","template":"","meta":{"footnotes":"","_links_to":"","_links_to_target":""},"class_list":["post-430","page","type-page","status-publish","hentry"],"_links":{"self":[{"href":"https:\/\/marsuyhdistys.net\/home\/wp-json\/wp\/v2\/pages\/430","targetHints":{"allow":["GET"]}}],"collection":[{"href":"https:\/\/marsuyhdistys.net\/home\/wp-json\/wp\/v2\/pages"}],"about":[{"href":"https:\/\/marsuyhdistys.net\/home\/wp-json\/wp\/v2\/types\/page"}],"author":[{"embeddable":true,"href":"https:\/\/marsuyhdistys.net\/home\/wp-json\/wp\/v2\/users\/10"}],"replies":[{"embeddable":true,"href":"https:\/\/marsuyhdistys.net\/home\/wp-json\/wp\/v2\/comments?post=430"}],"version-history":[{"count":35,"href":"https:\/\/marsuyhdistys.net\/home\/wp-json\/wp\/v2\/pages\/430\/revisions"}],"predecessor-version":[{"id":11975,"href":"https:\/\/marsuyhdistys.net\/home\/wp-json\/wp\/v2\/pages\/430\/revisions\/11975"}],"up":[{"embeddable":true,"href":"https:\/\/marsuyhdistys.net\/home\/wp-json\/wp\/v2\/pages\/25"}],"wp:attachment":[{"href":"https:\/\/marsuyhdistys.net\/home\/wp-json\/wp\/v2\/media?parent=430"}],"curies":[{"name":"wp","href":"https:\/\/api.w.org\/{rel}","templated":true}]}}