{"id":4349,"date":"2015-06-03T21:33:45","date_gmt":"2015-06-03T19:33:45","guid":{"rendered":"http:\/\/marsuyhdistys.net\/home\/?page_id=4349"},"modified":"2021-09-18T15:46:39","modified_gmt":"2021-09-18T13:46:39","slug":"baldwin","status":"publish","type":"page","link":"https:\/\/marsuyhdistys.net\/home\/baldwin\/","title":{"rendered":"Baldwin"},"content":{"rendered":"<h3>Baldwin on t\u00e4ysin karvaton marsurotu jotka ovat kehittyneet luonnollisen mutaation kautta. Ensimm\u00e4iset baldwinit syntyiv\u00e4t Kaliforniassa, USA:ssa amerikan crestedin kasvatuksesta. Baldwin syntyy karvallisena, n\u00e4ytt\u00e4en aivan tavalliselta marsulta, mutta karvat rupeavat putoamaan jo muutaman p\u00e4iv\u00e4n ik\u00e4isen\u00e4. Yleens\u00e4 luovutusik\u00e4\u00e4n menness\u00e4 baldwin on pudottanut kaikki karvansa.<\/h3>\n<h3>\n<img decoding=\"async\" src=\"http:\/\/www.saunalahti.fi\/~hpiili\/images\/12.6.2011A.JPG\" alt=\"\"><\/h3>\n","protected":false},"excerpt":{"rendered":"<p>Baldwin on t\u00e4ysin karvaton marsurotu jotka ovat kehittyneet luonnollisen mutaation kautta. Ensimm\u00e4iset baldwinit syntyiv\u00e4t Kaliforniassa, USA:ssa amerikan crestedin kasvatuksesta. Baldwin syntyy karvallisena, n\u00e4ytt\u00e4en aivan tavalliselta marsulta, mutta karvat rupeavat putoamaan jo muutaman p\u00e4iv\u00e4n ik\u00e4isen\u00e4. Yleens\u00e4 luovutusik\u00e4\u00e4n menness\u00e4 baldwin on pudottanut &hellip; <a href=\"https:\/\/marsuyhdistys.net\/home\/baldwin\/\">Lue loppuun <span class=\"meta-nav\">&rarr;<\/span><\/a><\/p>\n","protected":false},"author":10,"featured_media":0,"parent":0,"menu_order":0,"comment_status":"closed","ping_status":"open","template":"","meta":{"footnotes":"","_links_to":"","_links_to_target":""},"class_list":["post-4349","page","type-page","status-publish","hentry"],"_links":{"self":[{"href":"https:\/\/marsuyhdistys.net\/home\/wp-json\/wp\/v2\/pages\/4349","targetHints":{"allow":["GET"]}}],"collection":[{"href":"https:\/\/marsuyhdistys.net\/home\/wp-json\/wp\/v2\/pages"}],"about":[{"href":"https:\/\/marsuyhdistys.net\/home\/wp-json\/wp\/v2\/types\/page"}],"author":[{"embeddable":true,"href":"https:\/\/marsuyhdistys.net\/home\/wp-json\/wp\/v2\/users\/10"}],"replies":[{"embeddable":true,"href":"https:\/\/marsuyhdistys.net\/home\/wp-json\/wp\/v2\/comments?post=4349"}],"version-history":[{"count":4,"href":"https:\/\/marsuyhdistys.net\/home\/wp-json\/wp\/v2\/pages\/4349\/revisions"}],"predecessor-version":[{"id":8259,"href":"https:\/\/marsuyhdistys.net\/home\/wp-json\/wp\/v2\/pages\/4349\/revisions\/8259"}],"wp:attachment":[{"href":"https:\/\/marsuyhdistys.net\/home\/wp-json\/wp\/v2\/media?parent=4349"}],"curies":[{"name":"wp","href":"https:\/\/api.w.org\/{rel}","templated":true}]}}