{"id":437,"date":"2012-11-03T14:14:16","date_gmt":"2012-11-03T12:14:16","guid":{"rendered":"http:\/\/marsuyhdistys.net\/home\/?page_id=437"},"modified":"2026-01-29T14:10:54","modified_gmt":"2026-01-29T12:10:54","slug":"eliittipetsaannot","status":"publish","type":"page","link":"https:\/\/marsuyhdistys.net\/home\/yhdistys\/saannot\/eliittipetsaannot\/","title":{"rendered":"Eliitti-LEMMIKKI ja MegaEliitti-LEMMIKKI s\u00e4\u00e4nn\u00f6t"},"content":{"rendered":"<p><span style=\"color: #000000;\">Eliitti-lemmikki s\u00e4\u00e4nn\u00f6t:<br \/><\/span><\/p>\n<p><span style=\"color: #000000;\">Ohjeistus tittelin saavuttamiseen ja hakemiseen.<br \/><\/span><\/p>\n<p><span style=\"color: #000000;\">Eliitti-lemmikki on lemmikkiluokan marsuille titteli, joka saavutetaan seuraavasti:<\/span><\/p>\n<ol>\n<li><span style=\"color: #000000;\">Marsu valmistuu Suomen Eliitti-lemmikiksi kolmella Eliittikortilla joita saa PLM-sijoituksista. Eliittikorttien tulee olla SMY:n hyv\u00e4ksymist\u00e4 n\u00e4yttelyst\u00e4. V\u00e4hint\u00e4\u00e4n yhden Eliittikortin on oltava avoimesta- tai veteraaniluokasta, kaksi saa olla baby- tai nuorten luokasta. <\/span><br \/><span style=\"color: #000000;\"> Eliittikorttien \u00a0pit\u00e4\u00e4 olla v\u00e4hint\u00e4\u00e4n kahdelta eri tuomarilta.<\/span><\/li>\n<li><span style=\"color: #000000;\">Eliitti-lemmikki hakemus t\u00e4ytet\u00e4\u00e4n huolellisesti ja l\u00e4hetet\u00e4\u00e4n hakemusten k\u00e4sittelij\u00e4lle. Hakemuksen mukana tulee l\u00e4hett\u00e4\u00e4 Eliittikortit sek\u00e4 mahdollinen rekister\u00f6intitodistus\/ sukutaulu. Palautuskuorta ei tarvitse l\u00e4hett\u00e4\u00e4.<\/span><\/li>\n<li><span style=\"color: #000000;\">Paluupostissa tulee Eliittilemmikki-todistuksen, Eliitti-kortit, Eliittilemmikki-leimalla varustetun rekisteritodistuksen\/sukutaulun sek\u00e4 lapun jolla voit ostaa Eliittilemmikki-ruusukkeen marsullesi yhdistyksen infosta.<br \/><span style=\"text-decoration: underline;\"><strong>Vasta todistuksen saavuttua, on marsun nimen edess\u00e4 oikeus k\u00e4ytt\u00e4\u00e4 EL-titteli\u00e4.<\/strong><\/span><\/span><\/li>\n<\/ol>\n<p><span style=\"color: #ff0000;\"><strong>Hakemuksen k\u00e4sittelij\u00e4n yhteystiedot l\u00f6ytyv\u00e4t hakemuksesta. HOX! Hakemuksen tiedoista poiketen! Ruusukkeita voi ostaa en\u00e4\u00e4 n\u00e4yttelyiden yhteydess\u00e4 infosta!<\/strong><\/span><\/p>\n<p><span style=\"color: #000000;\">MegaEliitti-lemmikki s\u00e4\u00e4nn\u00f6t<\/span><\/p>\n<p><span style=\"color: #000000;\">Ohjeistus tittelin saavuttamiseen ja hakemiseen<\/span><\/p>\n<p><span style=\"color: #000000;\">MegaEliittilemmikki on lemmikkiluokan Eliitti-lemmikki-marsuille titteli, joka saavutetaan seuraavasti:<\/span><\/p>\n<p><span style=\"color: #000000;\">1. Marsu valmistuu Suomen MegaEliitti-lemmikiksi kolmella uudella Eliittikortilla joita saa PLM-sijoituksista. Eliittikorttien tulee olla SMY:n hyv\u00e4ksymist\u00e4 n\u00e4yttelyst\u00e4. Kaikkien kolmen Eliittikortin on oltava avoimesta- tai veteraaniluokasta ja EliittiPet tittelin vahvistamisp\u00e4iv\u00e4m\u00e4\u00e4r\u00e4n j\u00e4lkeen saaduista n\u00e4yttelyist\u00e4.<\/span><br \/><span style=\"color: #000000;\"> Eliittikorttien pit\u00e4\u00e4 olla v\u00e4hint\u00e4\u00e4n kahdelta eri tuomarilta. Hakemukseen voi k\u00e4ytt\u00e4\u00e4 yht\u00e4 vanhaa sek\u00e4 kahta 1.1.2016 j\u00e4lkeen saatua eliitti-korttia.<\/span><br \/><span style=\"color: #000000;\"> 2. MegaEliittilemmikkihakemus t\u00e4ytet\u00e4\u00e4n huolellisesti ja l\u00e4hetet\u00e4\u00e4n hakemusten k\u00e4sittelij\u00e4lle. Hakemuksen mukana tulee l\u00e4hett\u00e4\u00e4 Eliittikortit sek\u00e4 mahdollinen rekister\u00f6intitodistus\/sukutaulu. Palautuskuorta ei tarvitse l\u00e4hett\u00e4\u00e4.<\/span><br \/><span style=\"color: #000000;\"> 3. Paluupostissa tulee MegaEliittilemmikki-todistus, Eliittikortit, MegaEliittilemmikki-leimalla varustetun rekisteritodistuksen\/sukutaulun sek\u00e4 lapun jolla voit ostaa MegaEliittilemmikki-ruusukkeen marsullesi yhdistyksen infosta.<\/span><\/p>\n<p><span style=\"text-decoration: underline;\"><strong>Vasta todistuksen saavuttua, on marsun nimen edess\u00e4 oikeus k\u00e4ytt\u00e4\u00e4 MEL-titteli\u00e4.<\/strong><\/span><\/p>\n<p><span style=\"color: #ff0000;\"><strong>Hakemuksen k\u00e4sittelij\u00e4n yhteystiedot l\u00f6ytyv\u00e4t hakemuksesta. HOX! Hakemuksen tiedoista poiketen! Ruusukkeita voi ostaa en\u00e4\u00e4 n\u00e4yttelyiden yhteydess\u00e4 infosta!<\/strong><\/span><\/p><\/p>\n","protected":false},"excerpt":{"rendered":"<p>Eliitti-lemmikki s\u00e4\u00e4nn\u00f6t: Ohjeistus tittelin saavuttamiseen ja hakemiseen. Eliitti-lemmikki on lemmikkiluokan marsuille titteli, joka saavutetaan seuraavasti: Marsu valmistuu Suomen Eliitti-lemmikiksi kolmella Eliittikortilla joita saa PLM-sijoituksista. Eliittikorttien tulee olla SMY:n hyv\u00e4ksymist\u00e4 n\u00e4yttelyst\u00e4. V\u00e4hint\u00e4\u00e4n yhden Eliittikortin on oltava avoimesta- tai veteraaniluokasta, kaksi saa &hellip; <a href=\"https:\/\/marsuyhdistys.net\/home\/yhdistys\/saannot\/eliittipetsaannot\/\">Lue loppuun <span class=\"meta-nav\">&rarr;<\/span><\/a><\/p>\n","protected":false},"author":10,"featured_media":0,"parent":25,"menu_order":50,"comment_status":"closed","ping_status":"closed","template":"","meta":{"footnotes":"","_links_to":"","_links_to_target":""},"class_list":["post-437","page","type-page","status-publish","hentry"],"_links":{"self":[{"href":"https:\/\/marsuyhdistys.net\/home\/wp-json\/wp\/v2\/pages\/437","targetHints":{"allow":["GET"]}}],"collection":[{"href":"https:\/\/marsuyhdistys.net\/home\/wp-json\/wp\/v2\/pages"}],"about":[{"href":"https:\/\/marsuyhdistys.net\/home\/wp-json\/wp\/v2\/types\/page"}],"author":[{"embeddable":true,"href":"https:\/\/marsuyhdistys.net\/home\/wp-json\/wp\/v2\/users\/10"}],"replies":[{"embeddable":true,"href":"https:\/\/marsuyhdistys.net\/home\/wp-json\/wp\/v2\/comments?post=437"}],"version-history":[{"count":24,"href":"https:\/\/marsuyhdistys.net\/home\/wp-json\/wp\/v2\/pages\/437\/revisions"}],"predecessor-version":[{"id":13129,"href":"https:\/\/marsuyhdistys.net\/home\/wp-json\/wp\/v2\/pages\/437\/revisions\/13129"}],"up":[{"embeddable":true,"href":"https:\/\/marsuyhdistys.net\/home\/wp-json\/wp\/v2\/pages\/25"}],"wp:attachment":[{"href":"https:\/\/marsuyhdistys.net\/home\/wp-json\/wp\/v2\/media?parent=437"}],"curies":[{"name":"wp","href":"https:\/\/api.w.org\/{rel}","templated":true}]}}