{"id":441,"date":"2012-11-03T14:19:40","date_gmt":"2012-11-03T12:19:40","guid":{"rendered":"http:\/\/marsuyhdistys.net\/home\/?page_id=441"},"modified":"2022-06-13T19:40:48","modified_gmt":"2022-06-13T17:40:48","slug":"rekisteriseloste","status":"publish","type":"page","link":"https:\/\/marsuyhdistys.net\/home\/yhdistys\/rekisteriseloste\/","title":{"rendered":"Rekisteriseloste"},"content":{"rendered":"<p><strong>Henkil\u00f6tietolain (523\/99) 10 \u00a7:n mukainen rekisteriseloste<\/strong><\/p>\n<p><strong>1. REKISTERINPIT\u00c4J\u00c4<\/strong><\/p>\n<p>Suomen Marsuyhdistys ry<\/p>\n<p><strong>2. REKISTERIN VASTUUHENKIL\u00d6<\/strong><\/p>\n<p>Rekisteritiedoista vastaa ja niit\u00e4 s\u00e4ilytt\u00e4\u00e4 j\u00e4senasioista vastaava henkil\u00f6.<\/p>\n<p>J\u00e4senasioiden hoitajan tiedot l\u00f6ytyv\u00e4t <a title=\"Yhteystiedot\" href=\"http:\/\/marsuyhdistys.net\/home\/?page_id=12\">t\u00e4\u00e4lt\u00e4.<\/a><\/p>\n<p><strong>3. REKISTERIN NIMI<\/strong><\/p>\n<p>Suomen Marsuyhdistys ry.:n j\u00e4senrekisteri<\/p>\n<p><strong>4. HENKIL\u00d6TIETOJEN K\u00c4SITTELYN JA REKISTERIN K\u00c4YTT\u00d6TARKOITUS<\/strong><\/p>\n<p>J\u00e4sentietojen ja j\u00e4senmaksutietojen k\u00e4sittely ja seuranta sek\u00e4 j\u00e4senist\u00f6\u00e4 koskeva tiedonv\u00e4litys.<\/p>\n<p><strong>5. HENKIL\u00d6TIETOJEN K\u00c4SITTELYN JA REKISTERIN PIT\u00c4MISEN TARKOITUS<\/strong><\/p>\n<p>J\u00e4sentietojen sek\u00e4 j\u00e4senmaksutietojen k\u00e4sittely ja seuranta sek\u00e4 j\u00e4senist\u00f6\u00e4 koskeva tiedonv\u00e4litys. Yhdistyksen toiminta, kuten j\u00e4sentiedotteiden, kokouskutsujen sek\u00e4 j\u00e4senlehden postitus sek\u00e4 yhteydenpito j\u00e4seniin edellytt\u00e4v\u00e4t kyseisten tietojen k\u00e4sittely\u00e4.<\/p>\n<p><strong>6. REKISTERIN TIETOSIS\u00c4LT\u00d6<\/strong><\/p>\n<p>Nimi, yhteystiedot, syntym\u00e4vuosi, s\u00e4hk\u00f6postiosoite, puhelinnumero, liittymisvuosi, j\u00e4sentyyppi ja mahdolliset vapautukset j\u00e4senmaksusta.<\/p>\n<p>K\u00e4sitelt\u00e4v\u00e4t tiedot eiv\u00e4t ole arkaluontoisia henkil\u00f6tietoja.<\/p>\n<p>K\u00e4sitelt\u00e4v\u00e4t tiedot ovat tarpeellisia yhdistyksen toiminnan kannalta ja niill\u00e4 on asiallinen yhteys yhdistyksen toimintaan.<\/p>\n<p>7.<strong>REKISTERIN S\u00c4\u00c4NN\u00d6NMUKAISET TIETOL\u00c4HTEET<\/strong><\/p>\n<p>Henkil\u00f6 itse on j\u00e4sen- ja j\u00e4senmaksutietojen tietol\u00e4hde.<\/p>\n<p><strong>\u00a0<\/strong><\/p>\n<p><strong>8. HENKIL\u00d6TIETOJEN LUOVUTUKSET JA S\u00c4\u00c4NN\u00d6NMUKAISET LUOVUTUKSET<\/strong><\/p>\n<p>J\u00e4senrekisterin tietoja ei luovuteta Suomen Marsuyhdistys ry:n ulkopuoliseen k\u00e4ytt\u00f6\u00f6n ilman asianomaisen suostumusta tai viranomaism\u00e4\u00e4r\u00e4yst\u00e4.<\/p>\n<p><strong>9. TIETOJEN SIIRTO EU:N TAI ETA:N ULKOPUOLELLE<\/strong><\/p>\n<p>Tietoja ei luovuteta EU:n tai ETA:n ulkopuolelle.<\/p>\n<p><strong>10. REKISTERIEN SIS\u00c4INEN K\u00c4YTT\u00d6<\/strong><\/p>\n<p>Tiedot j\u00e4senist\u00e4 ja j\u00e4senmaksun suorittaneista yhdistyksen toimintaa varten kuten esimerkiksi j\u00e4senmaksujen seurantaa, j\u00e4senist\u00f6\u00e4 koskeva tiedonv\u00e4litys ja j\u00e4senlehden postitus, kasvattajanimiasiat.<\/p>\n<p><strong>11. REKISTERIN SUOJAAMINEN<\/strong><\/p>\n<p>Henkil\u00f6rekisteriasiakirjat s\u00e4ilytet\u00e4\u00e4n huolellisesti henkil\u00f6tietolain edellytt\u00e4m\u00e4ll\u00e4 tavalla. Rekisteri on suojattu salasanalla, palomuurilla ja virusohjelmalla.<\/p>\n<p>Tietoja voivat k\u00e4ytt\u00e4\u00e4 vain ne Suomen Marsuyhdistys ry.:n toimihenkil\u00f6t, joiden toimenkuvaan tietojen k\u00e4ytt\u00e4minen kuuluu<\/p>\n<p><strong>12. HENKIL\u00d6REKISTERITIETOJEN S\u00c4ILYTYS,<br \/>\nARKISTOINTI JA H\u00c4VITT\u00c4MINEN<\/strong><\/p>\n<p>J\u00e4sentietoja s\u00e4ilytet\u00e4\u00e4n j\u00e4senrekisterinhoitajan henkil\u00f6kohtaisella tietokoneella.<\/p>\n<p>Henkil\u00f6n j\u00e4senyyden p\u00e4\u00e4ttyess\u00e4 t\u00e4m\u00e4n henkil\u00f6tiedot h\u00e4vitet\u00e4\u00e4n v\u00e4litt\u00f6m\u00e4sti.<\/p>\n<p>Yhdistyksen toiminnan mahdollisesti p\u00e4\u00e4ttyess\u00e4 kaikkien j\u00e4senten henkil\u00f6tiedot h\u00e4vitet\u00e4\u00e4n viipym\u00e4tt\u00e4, kun niit\u00e4 ei en\u00e4\u00e4 tarvita yhdistyksen toiminnan p\u00e4\u00e4tt\u00e4mistoimenpiteiden loppuunsaattamisessa.<\/p>\n<p><strong>\u00a0<\/strong><\/p>\n<p><strong>13. REKISTER\u00d6IDYN INFORMOINTI JA SAATAVILLA PIT\u00c4MISEN TAPA<\/strong><\/p>\n<p><strong>\u00a0<\/strong>Rekisteriseloste on l\u00f6ydett\u00e4viss\u00e4 yhdistyksen kotisivuilta osoitteessa www.marsuyhdistys.net. Rekisteriselosteesta saa tietoja j\u00e4senasioiden hoitajalta <strong>smyjasenasiat@gmail.com<a href=\"mailto:senasiat@gmail.com.\">.<\/a><\/strong><\/p>\n<p><strong>14. REKISTER\u00d6IDYN TARKASTUSOIKEUS<\/strong><\/p>\n<p>Rekister\u00f6idyll\u00e4 on oikeus tarkistaa h\u00e4nest\u00e4 rekisteriin tallennetut tiedot (Henkil\u00f6tietolaki 26 \u00a7). Tarkastuspyynt\u00f6 on teht\u00e4v\u00e4 j\u00e4senasioista vastaavalle henkil\u00f6lle omak\u00e4tisesti allekirjoitetulla asiakirjalla. Tarkastusoikeus toteutetaan viivytyksett\u00e4, ja tarkastusoikeuden k\u00e4ytt\u00e4minen on maksutonta kerran vuoden aikana toteutettuna.<\/p>\n<p><strong>15. TIEDON KORJAAMINEN<\/strong><\/p>\n<p>Henkil\u00f6tiedon korjauspyynn\u00f6t esitet\u00e4\u00e4n j\u00e4senrekisterin hoitajalle s\u00e4hk\u00f6postitse osoitteeseen <strong>smyjasenasiat@gmail.com<\/strong><\/p>\n<p>Virheelliset tai puutteelliset tiedot korjataan v\u00e4litt\u00f6m\u00e4sti , kun virhe on havaittu tai siit\u00e4 on ilmoitettu.<\/p>\n<p><strong>\u00a0<\/strong><\/p>\n<p><strong>16. SEURANNAN J\u00c4RJEST\u00c4MINEN, ONGELMISTA JA PUUTTEISTA<br \/>\nILMOITTAMINEN<\/strong><\/p>\n<p>Hallitus seuraa rekisteritietojen lainmukaista ja asianmukaista k\u00e4sittely\u00e4. Mahdollisista ongelmista ja puutteista voi ilmoittaa hallitukselle s\u00e4hk\u00f6postitse osoitteeseen\u00a0<a href=\"mailto:smy.hallitus@gmail.com.\">smy.hallitus@gmail.com.<\/a><\/p>\n","protected":false},"excerpt":{"rendered":"<p>Henkil\u00f6tietolain (523\/99) 10 \u00a7:n mukainen rekisteriseloste 1. REKISTERINPIT\u00c4J\u00c4 Suomen Marsuyhdistys ry 2. REKISTERIN VASTUUHENKIL\u00d6 Rekisteritiedoista vastaa ja niit\u00e4 s\u00e4ilytt\u00e4\u00e4 j\u00e4senasioista vastaava henkil\u00f6. J\u00e4senasioiden hoitajan tiedot l\u00f6ytyv\u00e4t t\u00e4\u00e4lt\u00e4. 3. REKISTERIN NIMI Suomen Marsuyhdistys ry.:n j\u00e4senrekisteri 4. HENKIL\u00d6TIETOJEN K\u00c4SITTELYN JA REKISTERIN K\u00c4YTT\u00d6TARKOITUS &hellip; <a href=\"https:\/\/marsuyhdistys.net\/home\/yhdistys\/rekisteriseloste\/\">Lue loppuun <span class=\"meta-nav\">&rarr;<\/span><\/a><\/p>\n","protected":false},"author":10,"featured_media":0,"parent":9,"menu_order":75,"comment_status":"closed","ping_status":"closed","template":"","meta":{"footnotes":"","_links_to":"","_links_to_target":""},"class_list":["post-441","page","type-page","status-publish","hentry"],"_links":{"self":[{"href":"https:\/\/marsuyhdistys.net\/home\/wp-json\/wp\/v2\/pages\/441","targetHints":{"allow":["GET"]}}],"collection":[{"href":"https:\/\/marsuyhdistys.net\/home\/wp-json\/wp\/v2\/pages"}],"about":[{"href":"https:\/\/marsuyhdistys.net\/home\/wp-json\/wp\/v2\/types\/page"}],"author":[{"embeddable":true,"href":"https:\/\/marsuyhdistys.net\/home\/wp-json\/wp\/v2\/users\/10"}],"replies":[{"embeddable":true,"href":"https:\/\/marsuyhdistys.net\/home\/wp-json\/wp\/v2\/comments?post=441"}],"version-history":[{"count":9,"href":"https:\/\/marsuyhdistys.net\/home\/wp-json\/wp\/v2\/pages\/441\/revisions"}],"predecessor-version":[{"id":9634,"href":"https:\/\/marsuyhdistys.net\/home\/wp-json\/wp\/v2\/pages\/441\/revisions\/9634"}],"up":[{"embeddable":true,"href":"https:\/\/marsuyhdistys.net\/home\/wp-json\/wp\/v2\/pages\/9"}],"wp:attachment":[{"href":"https:\/\/marsuyhdistys.net\/home\/wp-json\/wp\/v2\/media?parent=441"}],"curies":[{"name":"wp","href":"https:\/\/api.w.org\/{rel}","templated":true}]}}