{"id":463,"date":"2012-11-03T22:52:27","date_gmt":"2012-11-03T20:52:27","guid":{"rendered":"http:\/\/marsuyhdistys.net\/home\/?page_id=463"},"modified":"2023-08-19T17:01:05","modified_gmt":"2023-08-19T15:01:05","slug":"sairauksista","status":"publish","type":"page","link":"https:\/\/marsuyhdistys.net\/home\/kaikki-marsusta\/sairauksista\/","title":{"rendered":"Terveydenhuolto"},"content":{"rendered":"<p>Marsun terveystarkastus vie noin viisi minuttia per marsu ja on hyv\u00e4 tehd\u00e4 kerran viikossa.<\/p>\n<p>-marsun punnitus ja painon kirjaaminen yl\u00f6s<br \/>\n-silm\u00e4t ovat kirkkaat, puhtaat eiv\u00e4tk\u00e4 r\u00e4hmi, kurkkaa my\u00f6s luomien alle<br \/>\n-korvissa ei n\u00e4y eritteit\u00e4, korvanlehdet ovat puhtaat ja ehj\u00e4t<br \/>\n-sieraimet ovat puhtaat eiv\u00e4tk\u00e4 vuoda, hengityksess\u00e4 ei kuulu rohinaa<br \/>\n-yl\u00e4- ja alahampaat ovat tallella ja tasaiset ja huulet ovat ehj\u00e4t<br \/>\n-takapuoli on puhdas, eik\u00e4 merkkej\u00e4 ripulista<br \/>\n-turkki on kiilt\u00e4v\u00e4, palautuva ja l\u00e4hes hilseet\u00f6n, turkissa ei liiku mit\u00e4\u00e4n<br \/>\n-ei haavoja, rupia tai kaljuja alueita<br \/>\n-tassunpohjissa ei ole haavoja tai punoitusta, marsu varaa painonsa jokaiselle jalalle<br \/>\n-seuraa ett\u00e4 marsu sy\u00f6 normaalisti<\/p>\n<p>P\u00e4ivitt\u00e4in on hyv\u00e4 tarkastaa:<br \/>\n-marsu liikkuu normaalisti<br \/>\n-marsun h\u00e4kist\u00e4 l\u00f6ytyy papanoita ja pissaa<br \/>\n-juomapullosta on juotu<br \/>\n-hein\u00e4\u00e4 ja pelletti\u00e4 on sy\u00f6ty<br \/>\n-tuoreruuat on sy\u00f6ty<\/p>\n<p>El\u00e4inl\u00e4\u00e4k\u00e4riin kannattaa ottaa yhteytt\u00e4 jos huomaa muutoksia normaaliin joko terveystarkastuksen yhteydess\u00e4 tai marsun k\u00e4ytt\u00e4ytymisess\u00e4 tai ruokailemisessa. Saalisel\u00e4imen\u00e4 marsu yritt\u00e4\u00e4 viimeiseen asti n\u00e4ytt\u00e4\u00e4 hyvinvoivalta. El\u00e4inl\u00e4\u00e4k\u00e4rille soittamisessa ei kannata viivytell\u00e4, mik\u00e4li ei ole varma onko asia vakava tai onko asialla kiire. Monissa tapauksissa nopea toiminta voi pelastaa marsun hengen. Soittaminen el\u00e4inl\u00e4\u00e4k\u00e4riin ei viel\u00e4 maksa mit\u00e4\u00e4n.<\/p>\n<p>El\u00e4inl\u00e4\u00e4k\u00e4rille l\u00e4hdet\u00e4\u00e4n erillisen kuljetuskopan kanssa. H\u00e4t\u00e4tapauksessa my\u00f6s pahvilaatikko on hyv\u00e4 ratkaisu. Kylm\u00e4\u00e4n aikaan kuljetuskoppa kannattaa suojata kylmyydelt\u00e4\/tuulelta ja marsun seuraksi voi laittaa esimerkiksi l\u00e4mpim\u00e4n (ei kuuma) vesipullon. Marsulle matkaev\u00e4\u00e4ksi hein\u00e4\u00e4, juomapullo kannattaa laittaa vain pitk\u00e4\u00e4 matkaa varten.<\/p>\n<p><strong>SIENI-INFEKTIO eli silsa:<\/strong><\/p>\n<p><strong>HUOMIO K\u00e4sitteleth\u00e4n sieni-infektion ep\u00e4ily\u00e4\/diagnoosin saanutta marsua aina kertak\u00e4ytt\u00f6hanskoilla! Sieni on zonoosi eli tarttuu ihmiseen ja my\u00f6s perheen muihin lemmikkiel\u00e4imiin.<\/strong><\/p>\n<p>Sieni levi\u00e4\u00e4 iti\u00f6ist\u00e4 ilmateitse.<\/p>\n<p>-hilsekasaumat tai -keot, erityisesti p\u00e4\u00e4n ja niskan alueella, jotka saattavat aiheuttaa kutinaa.<br \/>\n-kaljut ihoalueet, tavallisimmin py\u00f6re\u00e4hk\u00f6in\u00e4 l\u00e4iskin\u00e4<br \/>\n-valkoiset hilsel\u00e4ik\u00e4t, my\u00f6s tummapigmenttisill\u00e4 el\u00e4imill\u00e4<br \/>\n-valkoista korvien reunoissa<br \/>\n-hilseilev\u00e4t tai karstaiset tassunp\u00e4\u00e4lliset karvaisilla alueilla, iho saattaa punoittaa<br \/>\n-karvat saattavat harventua koko kehosta tai paikallisesti, tavallisimmin niskan ja hartioiden alueelta.<\/p>\n<p>Jos huomaatte marsullanne joitakin n\u00e4ist\u00e4 oireista, viek\u00e4\u00e4 el\u00e4imenne el\u00e4inl\u00e4\u00e4k\u00e4rille tutkittavaksi.<\/p>\n<p>Kaikki kankaiset materiaalit tulee pest\u00e4 yli 60 asteessa tai liottaa Virkon S-liuoksessa. Puiset, pahviset ym. huokoiset materiaalit tulee h\u00e4vitt\u00e4\u00e4. Tarkemmat hoito-ohjeet saat el\u00e4inl\u00e4\u00e4k\u00e4rilt\u00e4si.<\/p>\n<p><a href=\"https:\/\/marsuyhdistys.net\/home\/wp-content\/uploads\/2022\/08\/IMG_20220818_105941.jpg\"><img loading=\"lazy\" decoding=\"async\" class=\"alignnone size-medium wp-image-10077\" src=\"https:\/\/marsuyhdistys.net\/home\/wp-content\/uploads\/2022\/08\/IMG_20220818_105941-261x300.jpg\" alt=\"\" width=\"261\" height=\"300\" srcset=\"https:\/\/marsuyhdistys.net\/home\/wp-content\/uploads\/2022\/08\/IMG_20220818_105941-261x300.jpg 261w, https:\/\/marsuyhdistys.net\/home\/wp-content\/uploads\/2022\/08\/IMG_20220818_105941-768x883.jpg 768w, https:\/\/marsuyhdistys.net\/home\/wp-content\/uploads\/2022\/08\/IMG_20220818_105941-891x1024.jpg 891w, https:\/\/marsuyhdistys.net\/home\/wp-content\/uploads\/2022\/08\/IMG_20220818_105941.jpg 1200w\" sizes=\"auto, (max-width: 261px) 100vw, 261px\" \/><\/a><\/p>\n","protected":false},"excerpt":{"rendered":"<p>Marsun terveystarkastus vie noin viisi minuttia per marsu ja on hyv\u00e4 tehd\u00e4 kerran viikossa. -marsun punnitus ja painon kirjaaminen yl\u00f6s -silm\u00e4t ovat kirkkaat, puhtaat eiv\u00e4tk\u00e4 r\u00e4hmi, kurkkaa my\u00f6s luomien alle -korvissa ei n\u00e4y eritteit\u00e4, korvanlehdet ovat puhtaat ja ehj\u00e4t -sieraimet &hellip; <a href=\"https:\/\/marsuyhdistys.net\/home\/kaikki-marsusta\/sairauksista\/\">Lue loppuun <span class=\"meta-nav\">&rarr;<\/span><\/a><\/p>\n","protected":false},"author":10,"featured_media":0,"parent":14,"menu_order":50,"comment_status":"closed","ping_status":"closed","template":"","meta":{"footnotes":"","_links_to":"","_links_to_target":""},"class_list":["post-463","page","type-page","status-publish","hentry"],"_links":{"self":[{"href":"https:\/\/marsuyhdistys.net\/home\/wp-json\/wp\/v2\/pages\/463","targetHints":{"allow":["GET"]}}],"collection":[{"href":"https:\/\/marsuyhdistys.net\/home\/wp-json\/wp\/v2\/pages"}],"about":[{"href":"https:\/\/marsuyhdistys.net\/home\/wp-json\/wp\/v2\/types\/page"}],"author":[{"embeddable":true,"href":"https:\/\/marsuyhdistys.net\/home\/wp-json\/wp\/v2\/users\/10"}],"replies":[{"embeddable":true,"href":"https:\/\/marsuyhdistys.net\/home\/wp-json\/wp\/v2\/comments?post=463"}],"version-history":[{"count":16,"href":"https:\/\/marsuyhdistys.net\/home\/wp-json\/wp\/v2\/pages\/463\/revisions"}],"predecessor-version":[{"id":11621,"href":"https:\/\/marsuyhdistys.net\/home\/wp-json\/wp\/v2\/pages\/463\/revisions\/11621"}],"up":[{"embeddable":true,"href":"https:\/\/marsuyhdistys.net\/home\/wp-json\/wp\/v2\/pages\/14"}],"wp:attachment":[{"href":"https:\/\/marsuyhdistys.net\/home\/wp-json\/wp\/v2\/media?parent=463"}],"curies":[{"name":"wp","href":"https:\/\/api.w.org\/{rel}","templated":true}]}}