{"id":4698,"date":"2015-12-27T10:21:28","date_gmt":"2015-12-27T08:21:28","guid":{"rendered":"http:\/\/marsuyhdistys.net\/home\/?page_id=4698"},"modified":"2016-01-29T21:30:09","modified_gmt":"2016-01-29T19:30:09","slug":"vv-2015","status":"publish","type":"page","link":"https:\/\/marsuyhdistys.net\/home\/vv-2015\/","title":{"rendered":"VV 2015"},"content":{"rendered":"<p>VV-pisteisiin lasketaan jokaiselta marsulta viisi parasta n\u00e4yttely\u00e4. \u00a0<a href=\"http:\/\/marsuyhdistys.net\/home\/?page_id=4716\">VV-pet<\/a> sek\u00e4 <a href=\"http:\/\/marsuyhdistys.net\/home\/?page_id=4723\">v\u00e4liaikakisamestari<\/a>.<\/p>\n<p><strong>Standardit<\/strong><br \/>\n164 Katinkas Hrimfaxi<br \/>\n162 Goldhill&#8217;s Princess Final Fantasy<br \/>\n138 Marsyas Zaira<br \/>\n138 C&#8217;lines Miles<br \/>\n126 Almond&#8217;s Ultimate Grand Supreme<br \/>\n120 Sir Basil<br \/>\n114 Malaxis Xabier<br \/>\n112 Almond&#8217;s Bejewelled Blitz<br \/>\n107 Delfoin Alma<br \/>\n106 Define Kim Krush<br \/>\n104 Uhtua<br \/>\n102 Boogie Diva<br \/>\n102 Delfoin Alfiina<br \/>\n100 Dame Bieta<br \/>\n96 Katinkas Sn\u00f6vit<br \/>\n96 Aniaras Devil In Disguise<br \/>\n94 Delfoin Lumia<br \/>\n94 Moonlight<br \/>\n90 Flying Rudder<br \/>\n88 Almond&#8217;s Warszawa<br \/>\n88 Satukallion P\u00f6tsi<br \/>\n87 Xulo<br \/>\n86 Tornados Irmelin<br \/>\n85 M&amp;M My Fairy King<br \/>\n84 Carismas Touch Macoy<br \/>\n81 Muffes Sandglim<br \/>\n80 Almond&#8217;s Pretty In Pink<br \/>\n78 Katinkas Lennart<br \/>\n77 Delfoin Fantasia<br \/>\n75 Iron Queen<br \/>\n74 Delfoin Janna<br \/>\n73 Satukallion Viivi Avolava<br \/>\n73 Ennenkuulumatoon Loordi Lally<br \/>\n70 Aniaras American Daisy<br \/>\n69 Krantun Miranax<br \/>\n68 Narnias A Christmas Carol<br \/>\n65 Aniaras Brand New Ihanuus<br \/>\n64 Iron Mosquito<br \/>\n64 Aniaras Happy Hilda<br \/>\n64 Satukallion P\u00e4iv\u00e4ns\u00e4de<br \/>\n64 Mira&#8217;s Hair With Blossom<br \/>\n62 Damon<br \/>\n62 Aniaras American Wanessa<br \/>\n62 Katinkas Laa-Laa<br \/>\n60 Malaxis Harvey<br \/>\n60 Delfoin Pampa<br \/>\n58 Moonshine<br \/>\n57 Skr\u00e4llets Krallige Christer<br \/>\n56 Delfoin Lady Mc<br \/>\n55 Satukallion Maija Poppanen<br \/>\n54 Amarillon Golden Hope<br \/>\n53 Nina<br \/>\n52 Ennenkuulumatoon Vedenneito<br \/>\n52 Delfoin Axeliina<br \/>\n51 Blue Danube<br \/>\n50 Almond&#8217;s Rzeszrow<br \/>\n50 Almond&#8217;s Notorious Carrot Thief Of Winter<br \/>\n50 Almond&#8217;s Dior J&#8217;adore<br \/>\n50 Aniaras American Alfonso<br \/>\n50 Ennenkuulumatoon Eep<br \/>\n48 Almond&#8217;s Mrs Movember<br \/>\n47 Aniaras Outolintu<br \/>\n47 Jaanuskan Leijonansyd\u00e4n<br \/>\n46 Almond&#8217;s Saoirse<br \/>\n46 Delfoin Priena<br \/>\n46 Anemone&#8217;s Isabella<br \/>\n45 Mira&#8217;s Krista<br \/>\n44 Krantun Furesis<br \/>\n44 Malaxis Headturner<br \/>\n42 Boogie Ginger<br \/>\n42 Moj\u00e4ng<br \/>\n42 Satukallion Mennink\u00e4inen<br \/>\n41 Dear Duchess<br \/>\n41 Krantun Epookki<br \/>\n40 Almond&#8217;s Northern Light<br \/>\n40 Goldhill&#8217;s Inessa<br \/>\n40 Almond&#8217;s Ice Princess<br \/>\n40 Delfoin Mc Beth<br \/>\n39 Maailman Rehtori<br \/>\n37 Aniaras Zalmiac<br \/>\n37 Delfoin Fidzi<br \/>\n36 Confettis Chubby<br \/>\n36 Adelaide Amy<br \/>\n36 Mamuts Chiamo<br \/>\n36 Satukallion Nuuskamuikkunen<br \/>\n36 Satukallion Unkarin Neito<br \/>\n36 Chesse od Bejbinky<br \/>\n35 Almond&#8217;s Kermaisa Rakkauspakkaus<br \/>\n35 Aniaras Milka<br \/>\n35 Sir Baroc<br \/>\n35 Malloween<br \/>\n35 Delfoin Filda<br \/>\n35 Mira&#8217;s Qathy<br \/>\n34 Amarillon Golden Woodpecker<br \/>\n34 4-ever Mitzy<br \/>\n32 Amiras Calypso<br \/>\n32 Caviecares Penny<br \/>\n32 Groth&#8217;s Osh Kosh B&#8217;gosh<br \/>\n31 Maailman Vanhin Mysteeri<br \/>\n30 Almond&#8217;s Carissa Carandas<br \/>\n30 Carismas Triss Shadow<br \/>\n30 Mojito<br \/>\n29 Dame Hilda<br \/>\n29 Alexander<br \/>\n29 Delfoin Dallas<br \/>\n28 Almond&#8217;s Hazy Shadow Of Winter<br \/>\n28 Critters Morgane<br \/>\n28 Julianas \u00d6nskan<br \/>\n28 Anemone&#8217;s Ilona<br \/>\n28 Aniaras American Creamcake<br \/>\n28 Snoop&#8217;s 12#22-2<br \/>\n27 C&#8217;lines Abby<br \/>\n26 Almond&#8217;s Elviira<br \/>\n26 Aniaras Gotham City Star<br \/>\n26 Satukallion Rouva Vilma Pankki<br \/>\n26 Satukallion Minene Furesis<br \/>\n26 Groth&#8217;s Sucess<br \/>\n25 Almond&#8217;s Quyaquil<br \/>\n25 Maisie<br \/>\n25 Aniaras Inside Story<br \/>\n25 Goldhill&#8217;s Snowy Valentine<br \/>\n25 Krantun Neblos<br \/>\n24 Flying Alvida<br \/>\n23 Maailman Vaihtoehtonuori<br \/>\n23 Jaanuskan Xena<br \/>\n23 Satukallion Unkarin Sininen<br \/>\n22 Amiras \u00c5tr\u00e5v\u00e4rd<br \/>\n21 Katinkas P\u00e4rlan<br \/>\n21 Delfoin Insomnia<br \/>\n21 Coco Deco<br \/>\n20 Almond&#8217;s Saint Lucia<br \/>\n20 Almond&#8217;s I Love Pink<br \/>\n20 Almond&#8217;s Vauhdikas Vompatti<br \/>\n20 Almond&#8217;s Candyfloss<br \/>\n20 Aniaras Lilliputti<br \/>\n20 Aniaras K\u00e4tyri<br \/>\n20 Almond&#8217;s Take A Selfie If You Dare<br \/>\n20 Almond&#8217;s Pigachu<br \/>\n20 Apostolinmiekka<br \/>\n20 Maailman Diileri<br \/>\n18 Iron Luna<br \/>\n18 Amarillon Aitotapaus<br \/>\n18 Kotikummun Ouzo<br \/>\n18 Jaanuskan Komentaja<br \/>\n18 Jaanuskan Anna Huikka<br \/>\n18 Aniaras Pilke<br \/>\n18 Groth&#8217;s Melissa<br \/>\n16 Muffes Pomeroy<br \/>\n16 Aniaras Pepita<br \/>\n16 Amiras Impuls<br \/>\n16 Aniaras American Lady<br \/>\n16 Maailman Duploinsin\u00f6\u00f6ri<br \/>\n16 Katinkas Fagur<br \/>\n16 Satukallion Misaki Ayuzawa<br \/>\n16 Grpth&#8217;s Original Chayote<br \/>\n16 Ennenkuulumatoon J\u00e4\u00e4rouva<br \/>\n16 Goldhill&#8217;s Diva Fox<br \/>\n16 Groth&#8217;s Hitra<br \/>\n15 Almond&#8217;s In The Spotlight<br \/>\n15 Goldhill&#8217;s Windy<br \/>\n15 Aniaras Lenni<br \/>\n15 Almond&#8217;s Royal Darren<br \/>\n15 Aniaras Liski<br \/>\n15 Almond&#8217;s Royal Dhalia<br \/>\n15 Marsyas Royal<br \/>\n15 Babette<br \/>\n15 Brynden Bloodraven<br \/>\n15 Blackas Elpaso<br \/>\n15 Vili Waffle<br \/>\n15 Katinkas Misan<br \/>\n15 Krantun Otriitti<br \/>\n15 HumppaHeikki<br \/>\n13 Boogie Jewel<br \/>\n13 Jaanuskan Rouva<br \/>\n11 Almond&#8217;s Kuikuttava Suomineito<br \/>\n11 Damtorps Livia<br \/>\n11 Maailman Nettipokeri<br \/>\n11 Juliannas Carlisle<br \/>\n11 Slaikka<br \/>\n10 Almond&#8217;s Conchita Wurst<br \/>\n10 Panacod<br \/>\n10 Delfoin Jenna<br \/>\n10 Almond&#8217;s Summer Breeze<br \/>\n10 Almond&#8217;s Kuikuttava Kiusankappale<br \/>\n10 Don&#8217;t Blame It On Me<br \/>\n10 Delfoin William<br \/>\n10 Julianas Ying<br \/>\n10 Delfoin Iris<br \/>\n10 Almond&#8217;s Bella Bella Bumblebee<br \/>\n10 Almond&#8217;s Heart Of Eternity<br \/>\n10 Almond&#8217;s Hottest In Tinder<br \/>\n10 Almond&#8217;s Orange Scarlet<br \/>\n10 Almond&#8217;s Alejandro<br \/>\n10 Almond&#8217;s Elsa Of Arendelle<br \/>\n10 I Made A Deal With The Maiden<br \/>\n10 Aniaras Citrus Twist<br \/>\n10 Hottie April<br \/>\n10 Maailman Malttamaton Muurari<br \/>\n10 Iron Queenius<br \/>\n10 Almond&#8217;s Sinead<br \/>\n10 Anemone&#8217;s Henrica<br \/>\n10 Malaxis Aberdeen<br \/>\n10 Kolorado Chulo<br \/>\n10 Goldhill&#8217;s Princess Rapunzel<br \/>\n10 Katinkas Hipsu<br \/>\n10 Satukallion Minene Furesis<br \/>\n10 Jaanuskan Kamaro<br \/>\n10 Groth&#8217;s Original Bittergurka<br \/>\n10 Lucky Madam Mimm<br \/>\n10 Vibys Abbot<br \/>\n5 Mira&#8217;s Oliver<br \/>\n5 Almond&#8217;s Wonderful One Night Stand<br \/>\n5 Almond&#8217;s Auringonkukka<br \/>\n5 Almond&#8217;s Kuikuttava Kaaos<br \/>\n5 Almond&#8217;s Ho-Ho-Ho If You Dare<br \/>\n5 Almond&#8217;s Obsessed With Pink<br \/>\n5 Almond&#8217;s Think Pink<br \/>\n5 Dear Lucrecia<br \/>\n5 Delfoin Kharan<br \/>\n5 Rozex<br \/>\n5 Twilight<br \/>\n5 Aniaras Zirkonia<br \/>\n5 Maailman Tsaari<br \/>\n5 Critters Alfie<br \/>\n5 Maailman Skywalkeri<br \/>\n5 Maailman Cum Laude Appriobaturi<br \/>\n5 Wallhamra FA Oline<br \/>\n5 Goldhill&#8217;s Pricilla<br \/>\n5 Goldhill&#8217;s Mio<br \/>\n5 Satukallion Aru Furesis<br \/>\n5 Satukallion Watru Avolava<br \/>\n5 Amiras Archimedes<br \/>\n5 Caviecares Rocky<br \/>\n5 Juliannas Alice<br \/>\n5 Kotikummun Pelle Peloton<br \/>\n5 Jaanuskan Alprox<br \/>\n5 Jaanuskan Vilpertti<br \/>\n5 Satukallion Kimpale Kultaa<br \/>\n5 Rock Star<br \/>\n5 Stargazer<\/p>\n<p><strong>Klipatut<\/strong><br \/>\n50 Moonlight<br \/>\n30 Dressed In Black<br \/>\n26 Malaxis Qalla<br \/>\n24 Aniaras Ne-Yo<br \/>\n24 Aniaras Tekla<br \/>\n19 Unerground&#8217;s Vilijonkka<br \/>\n13 Delfoin Fidzi<br \/>\n11 Flying Nimbus<br \/>\n11 Hunter Hayes<br \/>\n9 Viby&#8217;s Deco<br \/>\n9 Underground&#8217;s Nuuskamuikkunen<\/p>\n<p><strong>Koestandardi<\/strong><br \/>\n50 Underground&#8217;s Leggy Lovets<br \/>\n42 Goldhill&#8217;s Magical Cinderella<br \/>\n38 Katinkas Bianca<br \/>\n30 Goldhill&#8217;s Marja-Karhu<br \/>\n26 Dr\u00f6mboets Caddoc<br \/>\n24 Dr\u00f6mboets Remo<br \/>\n14 Untamo<br \/>\n14 Goldhill&#8217;s Picasso<br \/>\n11 Snoop&#8217;s Pannacotta<\/p>\n<p><strong>Ei-standardi<\/strong><br \/>\n52 Albany<br \/>\n26 Cizco Van Barnim<br \/>\n21 Snoop&#8217;s Calissa<br \/>\n16 Almond&#8217;s Legendary Incan Treasure<br \/>\n13 Mira&#8217;s Yade<br \/>\n13 Almond&#8217;s Crispy Chocowoffel<br \/>\n13 Almond&#8217;s H\u00e4rdelli<br \/>\n13 Snoop&#8217;s White California<br \/>\n11 Almond&#8217;s Pirjodonna<br \/>\n11 Almond&#8217;s Joy Belongs To You<br \/>\n6 Snoop&#8217;s Malibu First<br \/>\n5 Almond&#8217;s Benjamin<br \/>\n5 Van Barnim Macho Scar<\/p>\n<p>Vuoden jalostusel\u00e4in<br \/>\n40 Satukallion P\u00f6tsi<\/p>\n<p><strong>Vuoden kasvattaja<\/strong><br \/>\n873p Almond&#8217;s<br \/>\n496p Delfoin<br \/>\n495p Aniaras<br \/>\n424p Katinkas<br \/>\n318p Satukallion<br \/>\n244p Goldhill&#8217;s<br \/>\n145p Maailman<br \/>\n143p Ennenkuulumatoon<br \/>\n108p Anemone&#8217;s<br \/>\n105p Jaanuskan<br \/>\n99p Flying<br \/>\n95p Mira&#8217;s<br \/>\n86p Amarillon<br \/>\n71p Snoop&#8217;s<br \/>\n60p Undergrounds<br \/>\n33p Critters<br \/>\n23p Kotikummun<\/p>\n","protected":false},"excerpt":{"rendered":"<p>VV-pisteisiin lasketaan jokaiselta marsulta viisi parasta n\u00e4yttely\u00e4. \u00a0VV-pet sek\u00e4 v\u00e4liaikakisamestari. Standardit 164 Katinkas Hrimfaxi 162 Goldhill&#8217;s Princess Final Fantasy 138 Marsyas Zaira 138 C&#8217;lines Miles 126 Almond&#8217;s Ultimate Grand Supreme 120 Sir Basil 114 Malaxis Xabier 112 Almond&#8217;s Bejewelled Blitz &hellip; <a href=\"https:\/\/marsuyhdistys.net\/home\/vv-2015\/\">Lue loppuun <span class=\"meta-nav\">&rarr;<\/span><\/a><\/p>\n","protected":false},"author":10,"featured_media":0,"parent":0,"menu_order":0,"comment_status":"closed","ping_status":"closed","template":"","meta":{"footnotes":"","_links_to":"","_links_to_target":""},"class_list":["post-4698","page","type-page","status-publish","hentry"],"_links":{"self":[{"href":"https:\/\/marsuyhdistys.net\/home\/wp-json\/wp\/v2\/pages\/4698","targetHints":{"allow":["GET"]}}],"collection":[{"href":"https:\/\/marsuyhdistys.net\/home\/wp-json\/wp\/v2\/pages"}],"about":[{"href":"https:\/\/marsuyhdistys.net\/home\/wp-json\/wp\/v2\/types\/page"}],"author":[{"embeddable":true,"href":"https:\/\/marsuyhdistys.net\/home\/wp-json\/wp\/v2\/users\/10"}],"replies":[{"embeddable":true,"href":"https:\/\/marsuyhdistys.net\/home\/wp-json\/wp\/v2\/comments?post=4698"}],"version-history":[{"count":8,"href":"https:\/\/marsuyhdistys.net\/home\/wp-json\/wp\/v2\/pages\/4698\/revisions"}],"predecessor-version":[{"id":4800,"href":"https:\/\/marsuyhdistys.net\/home\/wp-json\/wp\/v2\/pages\/4698\/revisions\/4800"}],"wp:attachment":[{"href":"https:\/\/marsuyhdistys.net\/home\/wp-json\/wp\/v2\/media?parent=4698"}],"curies":[{"name":"wp","href":"https:\/\/api.w.org\/{rel}","templated":true}]}}