{"id":4716,"date":"2016-01-03T20:59:01","date_gmt":"2016-01-03T18:59:01","guid":{"rendered":"http:\/\/marsuyhdistys.net\/home\/?page_id=4716"},"modified":"2016-01-27T22:02:06","modified_gmt":"2016-01-27T20:02:06","slug":"vv-pet","status":"publish","type":"page","link":"https:\/\/marsuyhdistys.net\/home\/vv-pet\/","title":{"rendered":"VV-pet"},"content":{"rendered":"<p>VVpet-pisteisiin lasketaan jokaiselta marsulta jokainen n\u00e4yttely. Tarkistakaa marsunne pisteet.<\/p>\n<p>V\u00e4liaikakisamestarin pisteet l\u00f6ytyv\u00e4t <a href=\"http:\/\/marsuyhdistys.net\/home\/?page_id=4723\">t\u00e4\u00e4lt\u00e4<\/a>.<\/p>\n<p>224p EPET Jaanuskan El Ponzo Villa om. P\u00e4ivi Rajala<br \/>\n146p EPET Jaanuskan Samppa om. P\u00e4ivi Rajala<br \/>\n116p EPET Snowblind om. Miia Kuoppam\u00e4ki<br \/>\n94p EPET Hunter Hayes om. Saija Rajam\u00e4ki<br \/>\n49p EPET Aniara&#8217;s Alma om Ninni-Maria Rantala<br \/>\n43p Dodge om. P\u00e4ivi Rajala<br \/>\n40p Lemmenkipin\u00e4 om. Tilda Parviainen<br \/>\n39p FI MVA EPET VVpet-14 Almond&#8217;s Om the Spotlight, Sanni Taimioja<br \/>\n37p Manuel om. Johanna Kosonen<br \/>\n36p Almond&#8217;s Royal Dahlia, om. Emilia Aikio<br \/>\n35p VVpet4-13 EPET Adina<br \/>\n34p Goldhill&#8217;s Lumipallo om. Anna Lindberg<br \/>\n34p Almond&#8217;s Candyfloss, om Aino Savolainen<br \/>\n34p Pulu \u2013 Minttu Mehtomaa<br \/>\n32p FI&#038;S MVA Almonds Rzeszow, Om. Ninni-Maria Rantala<br \/>\n32p Aniaras America Alex, om. Jessica Nurmiranta<br \/>\n30p GG PET-15 Almond\u00b4s Caribou Coffee om. P\u00e4ivi Rajala<br \/>\n30p Almond&#8217;s Minimoni om. Elina Korkiakoski<br \/>\n30p Almond&#8217;s Carissa Carandas om. Kerttu Saarnisaari<br \/>\n29p FI&#038;S MVA EPET GP GGPET-13 Almond&#8217;s Wonderful One Night Stand om. Minttu Mehtomaa<br \/>\n28p Gusty om. Jarna Jansson<br \/>\n28p FI MVA Caviecares Penny om. Taru Virtanen<br \/>\n28p Meibel om. Johanna Kosonen<br \/>\n28p Rusetti, om. Henna Savolainen<br \/>\n25p Amond&#8217;s Street dancer, om Krista Vilkuna<br \/>\n25p Mira&#8217;s Hetty \u2013 Alina Kalliokoski<br \/>\n24p EPET Kiwi Pie om. Jessica Sakala<br \/>\n24p Almond&#8217;s Dior J&#8217;adore, om. Anni &#038; Henna Savolainen<br \/>\n23p FI MVA Almond&#8217;s Auringonkukka<br \/>\n23p FI MVA Almond&#8217;s Ultimate Grand Supreme \u2013 Daniela Vainionp\u00e4\u00e4<br \/>\n23p FI &#038; S MVA GG-14 Almond&#8217;s Pretty in Pink, om Ninni-Maria Rantala<br \/>\n23p Aniaras Odessa om. Mirella Ruotsalainen<br \/>\n20p Kuura, om. Salla &#038; Silja Iljana<br \/>\n20p Timppa om. Tiia Nuutinen<br \/>\n19p Fasu Om. Johanna Lahtinen<br \/>\n19p Flying J\u00e4tk\u00e4<br \/>\n18p GP GPU High Hat\u2019s My Taste, om. Julia &#038; Anna Neykova<br \/>\n18p Kooka-Burra, Om. Sanni Taimioja<br \/>\n18p Goldhill&#8217;s Juoksujalka om. Anna Lindberg<br \/>\n17p EPET Aniaras Alma, om. Ninni-Maria Rantala<br \/>\n17p Almond&#8217;s Kermaisa Rakkauspakkaus om. Katja Oraj\u00e4rvi-Kotikangas<br \/>\n17p Untamo om. Saija Rajam\u00e4ki<br \/>\n17p Macabee om. Johanna Kosonen<br \/>\n15p FI MVA Ennenkuulumatoon Loordi Lally om. Henna Rinta-Kiikka<br \/>\n15p Almond&#8217;s Wappu, om Carla Alasaarela<br \/>\n15p Nipsu \u2013 Emmi Klutas<br \/>\n15p Maailman Esteri, om. Jessica Sakala<br \/>\n15p Lilli \u2013 Minttu Kuoppam\u00e4ki<br \/>\n15p Anemone&#8217;s Turbo, om Meri Laurila<br \/>\n15p Firefinch, om. Miia Ollikkala<br \/>\n14p Almond&#8217;s Kuikuttava Kaunotar, om. Saana Hepo-Oja<br \/>\n13p Almond&#8217;s Hazy Shade Of Winter, om. Meri Laurila<br \/>\n13p Alma \u2013 Miia Kuoppam\u00e4ki<br \/>\n13p Jaanuskan Kenraalimajuri, Tilda Parviainen<br \/>\n13p Hilppa om Jenni Alppisara<br \/>\n12p Almond&#8217;s Kultamussukka, om. Veera Kivist\u00f6<br \/>\n10p Krantun Neblos om. Jarna Jansson<br \/>\n10p S&#038;FI MVA GP Almond\u2019s Saint Lucia, om. Lara Alasaarela<br \/>\n10p Kiki, om. Piritta Outila<br \/>\n10p Rex, om. Piritta Outila<br \/>\n10p Almond\u2019s Alejandro, om. Helmi Kanniainen<br \/>\n10p Vengeful Victor<br \/>\n10p Miquel om. Johanna Kosonen<br \/>\n10p Minsa<br \/>\n10p Meimei om. Johanna Kosonen<br \/>\n10p Masterboy, Jessica Nurmiranta<br \/>\n10p Maailman Matahari om. Aida Depner<br \/>\n10p Lohis om. Robin Linkala ja Anna Lindberg<br \/>\n10p Goldhill&#8217;s Picasso<br \/>\n10p Goldhill&#8217;s Magical Cinderella &#8211; Daniela Vainionp\u00e4\u00e4<br \/>\n10p Flying Loviisa om. Marketta Uotila<br \/>\n10p EPET VVPET3-13 Maxwell om. Johanna Kosonen<br \/>\n10p Aniaras Ukko<br \/>\n10p EPET Matlock<br \/>\n10p FI MVA VVpet4-14 Limetta Om. Sanni Taimioja<br \/>\n10p Satukallion Rouva Vilma Pankki, Katja Oraj\u00e4rvi-Kotikangas<br \/>\n10p Honey, om. Teresa Myllyl\u00e4<br \/>\n8p Prossa, Anne Jalonen<br \/>\n8p Ninni, om. Aino Savolainen<br \/>\n8p Topi om. Vilja Alve<br \/>\n8p Goldhill&#8217;s Lumikki om. Jarna Jansson<br \/>\n8p Juju, om. Henna Savolainen<br \/>\n5p GPU Define Stella, om. Julia Neykova<br \/>\n5p Jaanuskan Ainoa Oikea, om. Elina Korkiakoski<br \/>\n5p Almond\u2019s Ho-Ho-Ho If You Dare, om. Reetta Uusimaa<br \/>\n5p Almond\u2019s Kuikuttava Kaaos, om. Aino Savolainen<br \/>\n5p Almond\u2019s Movember Whiskers, om. Pertti V\u00e4liheikki<br \/>\n5p Sun Rase, om. Oona Nurmi<br \/>\n5p Almond&#8217;s Joy Belong To You, Ninni-Maria Rantala<br \/>\n5p Almond&#8217;s Saint Lucra, om Lara Alasaarela<br \/>\n5p Almond&#8217;s I Love Pink om. Sanni Saarnisaari<br \/>\n5p Almond&#8217;s Royal Darren om. Minttu Mehtomaa<br \/>\n5p Almond&#8217;s Fluffmaster, om. Anni Rasinkangas<br \/>\n5p FI &#038; S MVA EPET VV4-12 VV3-13 VVPET3-12 VVPET2-13 Almond&#8217;s Ice Princess \u2013 Daniela Vainionp\u00e4\u00e4<br \/>\n5p Wannabe Ridge Forrester<br \/>\n5p Vilppu om. Virpi Pikkarainen<br \/>\n5p Van Barmin Macho Scar, Anja Haaraniemi<br \/>\n5p Underground&#8217;s Jeepers Creepers om. Lea Rahtu-Korpela<br \/>\n5p Snoop&#8217;s Calissa \u2013 Jaana Peltola<br \/>\n5p Sani, om. Jaana Ruutu<br \/>\n5p R\u00f6lli \u2013 Petra Pajunen<br \/>\n5p Ruttu \u2013 Petra Pajunen<br \/>\n5p Rokki-tukka om. Rosa Immonen<br \/>\n5p Rosefinch, om. Miia Ollikkala<br \/>\n5p Pipsa  om Jenni Salmela<br \/>\n5p Permanentet Daylight, om Katja Oraj\u00e4rvi-Kotikangas<br \/>\n5p Nuppu \u2013 Anna Klutas<br \/>\n5p Ninni \u2013 Akseli Klutas<br \/>\n5p Nevian Diablerie om. Mirella Ruotsalainen<br \/>\n5p Mira&#8217;s Panda \u2013 Alina Kalliokoski<br \/>\n5p Mira&#8217;s Hair With Blossoms \u2013 Minttu Kuoppam\u00e4ki<br \/>\n5p Maailman Voikukkapuimuri<br \/>\n5p Maailman Trokotiiri<br \/>\n5p Maailman Glamouri om. Aida Depner<br \/>\n5p Maailman Eliminaattori om. Pauliina Lampila<br \/>\n5p Like A Toy Solider<br \/>\n5p Krantun Otriitti \u2013 Miia Kuoppam\u00e4ki<br \/>\n5p Katinkas Ludvig om. Jarna Jansson<br \/>\n5p Jipsu, Om. Jaana Ruutu<br \/>\n5p Jaanuskan Vilipertti \u2013 Jaana Peltola<br \/>\n5p Hunter of Stars \u2013 Saija Rajam\u00e4ki<br \/>\n5p Hiltsu om. Emilia Laitinen<br \/>\n5p Hapsukka Om. Roel Sandelin<br \/>\n5p Goldhill&#8217;s Snowy Valentine, om. Katja Oraj\u00e4rvi-Kotikangas<br \/>\n5p Goldhill&#8217;s Marie-Keksi om. Anna Lindberg<br \/>\n5p Goldhill&#8217;s Pricilla, Jarna Jansson<br \/>\n5p Goldhill&#8217;s Diva om. Elina Korkiakoski<br \/>\n5p Flying Nimbus, Ulla Hulkkonen<br \/>\n5p Flying Candlelight, om. Annukka Juntunen<br \/>\n5p Flying Domestos, om. Annukka Juntunen<br \/>\n5p FI MVA Nukkumatti om. Henna Rinta-Kiikka<br \/>\n5p FI MVA Goldhill&#8217;s Princess Rapunzel \u2013 Daniela Vainionp\u00e4\u00e4<br \/>\n5p FI &#038; S MVA NordJV-13 VV-14 EPJYV-14 Goldhill&#8217;s Princess Final Fantasy \u2013 Daniela Vainionp\u00e4\u00e4<br \/>\n5p FI &#038; S MVA Ashfield Peardrop, Sanni Taimoja<br \/>\n5p Eevi om. Sandra Heinonen<br \/>\n5p Eetu om. Vilja Alve<br \/>\n5p Delfoin Kazim, om. Annukka Juntunen<br \/>\n5p Chocolate Prince om. Amiina M\u00e4kel\u00e4<br \/>\n5p Legacy om. Marti Masters<br \/>\n5p Calypso van Barnim \u2013 Mirva Kuoppam\u00e4ki<br \/>\n5p Band of Vipers, Jarna Jansson<br \/>\n5p Aniaras Ne-Yo Om. Katja Oraj\u00e4rvi-Kotikangas<br \/>\n5p Aniaras Inside Story om. Sanni Taimioja<br \/>\n5p Aniara&#8217;s Tekla, om. Katja Oraj\u00e4rvi-Kotikangas<br \/>\n5p Anemone? Tare, Mico Laurila<br \/>\n5p Anemone? Heinz, Juho Nikula<br \/>\n5p Onerva om Jenni Alppisara<br \/>\n5p Goldhill\u2019s Musta Barpara<br \/>\n5p 4-ever Mitzy om Katja Oraj\u00e4rvi-Kotikangas<br \/>\n5p Dear Lucrecia om. Johanna Lahtinen<br \/>\n5p Aniara\u2019s Taavi om Tiina Lahtela<br \/>\n5p Panda om. Ari &#038; Sini Nuutinen<br \/>\n5p El Diablo om Johanna Hiekkamies<br \/>\n3p Almond\u2019s Cupcake, om. Janita Vilkuna<br \/>\n3p Almond&#8217;s Obsessed With Pink, om. Elina Vuonnala<br \/>\n3p Nelli om. Emilia Niemi<br \/>\n3p Just My Little Secret, Elina M\u00e4yr\u00e4<br \/>\n3p Aniaras Unicorn om. Mariel Kastu<br \/>\n3p Anemone&#8217;s Tare Karvanen<\/p>\n","protected":false},"excerpt":{"rendered":"<p>VVpet-pisteisiin lasketaan jokaiselta marsulta jokainen n\u00e4yttely. Tarkistakaa marsunne pisteet. V\u00e4liaikakisamestarin pisteet l\u00f6ytyv\u00e4t t\u00e4\u00e4lt\u00e4. 224p EPET Jaanuskan El Ponzo Villa om. P\u00e4ivi Rajala 146p EPET Jaanuskan Samppa om. P\u00e4ivi Rajala 116p EPET Snowblind om. Miia Kuoppam\u00e4ki 94p EPET Hunter Hayes om. &hellip; <a href=\"https:\/\/marsuyhdistys.net\/home\/vv-pet\/\">Lue loppuun <span class=\"meta-nav\">&rarr;<\/span><\/a><\/p>\n","protected":false},"author":10,"featured_media":0,"parent":0,"menu_order":0,"comment_status":"closed","ping_status":"closed","template":"","meta":{"footnotes":"","_links_to":"","_links_to_target":""},"class_list":["post-4716","page","type-page","status-publish","hentry"],"_links":{"self":[{"href":"https:\/\/marsuyhdistys.net\/home\/wp-json\/wp\/v2\/pages\/4716","targetHints":{"allow":["GET"]}}],"collection":[{"href":"https:\/\/marsuyhdistys.net\/home\/wp-json\/wp\/v2\/pages"}],"about":[{"href":"https:\/\/marsuyhdistys.net\/home\/wp-json\/wp\/v2\/types\/page"}],"author":[{"embeddable":true,"href":"https:\/\/marsuyhdistys.net\/home\/wp-json\/wp\/v2\/users\/10"}],"replies":[{"embeddable":true,"href":"https:\/\/marsuyhdistys.net\/home\/wp-json\/wp\/v2\/comments?post=4716"}],"version-history":[{"count":4,"href":"https:\/\/marsuyhdistys.net\/home\/wp-json\/wp\/v2\/pages\/4716\/revisions"}],"predecessor-version":[{"id":4788,"href":"https:\/\/marsuyhdistys.net\/home\/wp-json\/wp\/v2\/pages\/4716\/revisions\/4788"}],"wp:attachment":[{"href":"https:\/\/marsuyhdistys.net\/home\/wp-json\/wp\/v2\/media?parent=4716"}],"curies":[{"name":"wp","href":"https:\/\/api.w.org\/{rel}","templated":true}]}}