{"id":4760,"date":"2016-01-18T15:42:35","date_gmt":"2016-01-18T13:42:35","guid":{"rendered":"http:\/\/marsuyhdistys.net\/home\/?page_id=4760"},"modified":"2016-01-19T21:24:49","modified_gmt":"2016-01-19T19:24:49","slug":"muotovaliot-2015","status":"publish","type":"page","link":"https:\/\/marsuyhdistys.net\/home\/kaikki-nayttelyista\/nayttelysaannot\/suomen-muotovaliot-2\/muotovaliot-vuosina-2006-2010\/muotovaliot-2015\/","title":{"rendered":"Muotovaliot 2015"},"content":{"rendered":"<p><strong>Almond\u00b4s Bejewelled Blitz M197-14<br \/>\n<\/strong>self cream naaras<br \/>\nKasv. Lea Rahtu-Korpela &amp; Elisa Svento Om. Elisa Svento<\/p>\n<p><strong>Almond\u2019s Bling Bling M75-14<\/strong><br \/>\nenglannincrest p.e. white naaras<br \/>\nKasv.&amp; Om. Lea Rahtu-Korpela &amp; Elisa Svento<\/p>\n<p><strong>Almond\u2019s Candyfloss M243-14<\/strong><br \/>\nself d.e. white naaras<br \/>\nKasv. Elisa Svento &amp; Lea Rahtu-Korpela Om. Aino Savolainen<\/p>\n<p><strong>Almond\u2019s Conchita Wurst M252-14<\/strong><br \/>\nself p.e. white uros<br \/>\nKasv. Elisa Svento &amp; Lea Rahtu-Korpela Om. Elisa Svento<\/p>\n<p><strong>Almond\u2019s In the Spotlight M234-14<\/strong><br \/>\nself lemon naaras<br \/>\nKasv. Lea Rahtu-Korpela &amp; Elisa Svento Om. Sanni Taimioja<\/p>\n<p><strong>Almond\u2019s Pretty in Pink M237-13<\/strong><br \/>\nself p.e. white naaras<br \/>\nKasv. &amp; Om. Lea Rahtu-Korpela &amp; Elisa Svento<\/p>\n<p><strong>Almond\u2019s Rzeszow M235-14<\/strong><br \/>\nself d.e.white naaras<br \/>\nKasv. Elisa Svento &amp; Lea Rahtu-Korpela Om. Ninni-Maria Rantala<\/p>\n<p><strong>Almond\u2019s Serpentiini M327-12<\/strong><br \/>\nself buff naaras<br \/>\nKasv. &amp; Om. Lea Rahtu-Korpela &amp; Elisa Svento<\/p>\n<p><strong>Amarillon Golden Hope M411-13<\/strong><br \/>\nself p.e golden naaras<br \/>\nKasv. Elise Feodoroff Om. Mirva Kuoppam\u00e4ki<\/p>\n<p><strong>Amarillon Golden Woodpecker M167-14<\/strong><br \/>\nself p.e golden uros<br \/>\nKasv. &amp; Om. Elise Feodoroff<\/p>\n<p><strong>Amiras Calypso<\/strong><br \/>\nnonself solid lemon agouti uros<br \/>\nKasv. &amp; Om. Minna Thom\u00e9<\/p>\n<p><strong>Amiras \u00c5tr\u00e5v\u00e4rd<\/strong><br \/>\nenglannincrest solid cinnamon agouti uros<br \/>\nKasv. &amp; Om. Minna Thom\u00e9<\/p>\n<p><strong>Anemone\u00b4s Isabella M201-14<\/strong><br \/>\nenglannin crest d.e. golden roan naaras<br \/>\nKasv. &amp; Om. Katriina Hautala<\/p>\n<p><strong>Aniaras American Alfonso M173-14<\/strong><br \/>\namerikancrest saffron uros<br \/>\nKasv. &amp; Om. Katja Kivipuro<\/p>\n<p><strong>Aniaras American Creamcake M489-13<\/strong><br \/>\namerikancrest cream naaras<br \/>\nKasv. &amp; Om. Katja Kivipuro<\/p>\n<p><strong>Aniaras American Daisy M274-14<\/strong><br \/>\namerikancrest saffron naaras<br \/>\nKasv. &amp; Om. Katja Kivipuro<\/p>\n<p><strong>Aniaras American Happy Hilda M110-14<\/strong><br \/>\nAmerikancrest saffron naaras<br \/>\nKasv. &amp; Om. Katja Kivipuro<\/p>\n<p><strong>Aniaras American Lady M270-14<\/strong><br \/>\namerikancrest saffron naaras<br \/>\nKasv. &amp; Om. Katja Kivipuro<\/p>\n<p><strong>Aniaras American Wanessa M126-14<\/strong><br \/>\nAmerikancrest saffron naaras<br \/>\nKasv. &amp; Om. Katja Kivipuro<\/p>\n<p><strong>Aniaras Devil in Disguise M119-15<\/strong><br \/>\nTexel goldenagouti\/golden\/white uros<br \/>\nKasv. &amp; Om. Katja Kivipuro<\/p>\n<p><strong>Aniaras Lenni M323-14<\/strong><br \/>\nself p.e. golden uros<br \/>\nKasv. &amp; Om. Katja Kivipuro<\/p>\n<p><strong>Aniaras Milka M34-15<\/strong><br \/>\nself saffron naaras<br \/>\nKasv. &amp; Om. Katja Kivipuro<\/p>\n<p><strong>Aniaras Zalmiac M231-14<\/strong><br \/>\nenglannincrest saffron uros<br \/>\nKasv. &amp; Om. Katja Kivipuro<\/p>\n<p><strong>Apostolinmiekka M475-13<\/strong><br \/>\nabessiinialainen torstoiseshell &amp; white uros<br \/>\nKasv. Marjo Aro Om. Aida Depner<\/p>\n<p><strong>Boogie Diva M43-15<\/strong><br \/>\nnonself black tan naaras<br \/>\nKasv. &amp; Om. Anu Saarela<\/p>\n<p><strong>Boogie Ginger M46-15<\/strong><br \/>\nnonself black tan naaras<br \/>\nKasv. &amp; Om. Anu Saarela<\/p>\n<p><strong>Carismas Touch Macoy M206-14<\/strong><br \/>\nself black uros<br \/>\nKasv. Rasmus Krogshave Om. Heli Kuoppam\u00e4ki<\/p>\n<p><strong>Carismas Triss Shadow M207-14<\/strong><br \/>\nself black naaras<br \/>\nKasv. Rasmus Krogshave Om. Heli Kuoppam\u00e4ki<\/p>\n<p><strong>Caviecares Penny M136-14<\/strong><br \/>\nrex silver agouti\/white naaras<br \/>\nKasv. Lena Siversson Om. Taru Virtanen<\/p>\n<p><strong>Confettis Chubby M215-14<\/strong><br \/>\nnonself d.e. golden dutch uros<br \/>\nKasv. Maria Bring Om. Katriina Hautala<\/p>\n<p><strong>C\u00b4Lines Miles M59-15<\/strong><br \/>\nrex silveragouti\/white uros<br \/>\nKasv. Lisbeth Bjorndahl Om. Elise Feodoroff<\/p>\n<p><strong>Dame Bieta M86-15<\/strong><br \/>\nself d.e. golden naaras<br \/>\nKasv. &amp; Om. Johanna Hiekkamies<\/p>\n<p><strong>Damon M70-15<\/strong><br \/>\nself d.e. golden uros<br \/>\nKasv. Peter Nunn Om. Johanna Hiekkamies<\/p>\n<p><strong>Define Kim Krush M273-15<\/strong><br \/>\ntexel black\/white tan uros<br \/>\nKasv. Darren Fieldhouse Om. Annukka Juntunen<\/p>\n<p><strong>Delfoin Alfiina M294-14<\/strong><br \/>\ntexel golden agouti naaras<br \/>\nKasv. &amp; Om. Kirsi Ruotsalainen<\/p>\n<p><strong>Delfoin Alma M294-14<\/strong><br \/>\ntexel goldenagouti\/white\/golden naaras<br \/>\nKasv. &amp; Om. Kirsi Ruotsalainen<\/p>\n<p><strong>Delfoin Axeliina M245-14<\/strong><br \/>\nsheltie black tan naaras<br \/>\nKasv. &amp; Om. Kirsi Ruotsalainen<\/p>\n<p><strong>Delfoin Janna M292-14<\/strong><br \/>\nself black naaras<br \/>\nKasv. &amp; Om. Kirsi Ruotsalainen<\/p>\n<p><strong>Delfoin Lady Mc M74-15<\/strong><br \/>\nself black naaras<br \/>\nKasv. &amp; Om. Kirsi Ruotsalainen<\/p>\n<p><strong>Delfoin Lumia M157-15<\/strong><br \/>\nself black naaras<br \/>\nKasv. &amp; Om. Kirsi Ruotsalainen<\/p>\n<p><strong>Delfoin Misty M398-13<\/strong><br \/>\nself black naaras<br \/>\nKasv. &amp; Om. Kirsi Ruotsalainen<\/p>\n<p><strong>Delfoin Perla M89-14<\/strong><br \/>\nsheltie goldenagouti\/golden\/white naaras<br \/>\nKasv. &amp; Om. Kirsi Ruotsalainen<\/p>\n<p><strong>Delfoin Priena M158-15<\/strong><br \/>\nself black naaras<br \/>\nKasv. &amp; Om. Kirsi Ruotsalainen<\/p>\n<p><strong>Ennenkuulumatoon Loordi Lally M20-15<\/strong><br \/>\nskinny white uros<br \/>\nKasv. &amp; Om. Henna Rinta-Kiikka<\/p>\n<p><strong>Goldhill\u00b4s Inessa M39-15<\/strong><br \/>\nself p.e. white naaras<br \/>\nKas. Raisa Ristim\u00e4ki Om. Elisa Svento<\/p>\n<p><strong>Goldhill\u2019s Princess Rapunzel M160-14<\/strong><br \/>\nteddy lilac\/golden\/white naaras<br \/>\nKasv. Raisa Ristim\u00e4ki Om. Daniela Vainionp\u00e4\u00e4<\/p>\n<p><strong>Iron Mosquito M134-14<\/strong><br \/>\nenglannincrest grey tan uros<br \/>\nKasv. &amp; Om. Anu Saarela<\/p>\n<p><strong>Jaanuskan Xena M281-13<\/strong><br \/>\nskinny tortoiseshell &amp; white naaras<br \/>\nKasv. &amp; Om. Jaana Peltola<\/p>\n<p><strong>Katinkas Laa-Laa M210-15<\/strong><br \/>\nteddy tortoiseshell\/white naaras<br \/>\nKasv. Katja Nystr\u00f6m Om. Katja Oraj\u00e4rvi-Kotikangas<\/p>\n<p><strong>Katinkas Lennart M273-14<\/strong><br \/>\nabessiinialainen brindle uros<br \/>\nKasv. &amp; om. Katja Nystr\u00f6m<\/p>\n<p><strong>Katinkas Sn\u00f6vit M224-14<\/strong><br \/>\nteddy goldenagouti\/golden naaras<br \/>\nKasv. &amp; Om. Katja Nystr\u00f6m<\/p>\n<p><strong>Krantun Epookki M155-14<\/strong><br \/>\nteddy golden\/white\/black naaras<br \/>\nKasv. Taina H\u00f6gman Om. Miia Kuoppam\u00e4ki<\/p>\n<p><strong>Krantun Furesis M212-14<\/strong><br \/>\nteddy lilac\/white uros<br \/>\nKasv. Taina H\u00f6gman Om. Susanna Piili<\/p>\n<p><strong>Krantun Miranax M376-12<\/strong><br \/>\nteddy golden\/white\/goldenagouti naaras<br \/>\nKasv. Taina H\u00f6gman Om. Mirva Kuoppam\u00e4ki<\/p>\n<p><strong>Krantun Otriitti M373-12<\/strong><br \/>\nteddy black\/white\/golden uros<br \/>\nKasv. Taina H\u00f6gman Om. Miia Kuoppam\u00e4ki<\/p>\n<p><strong>M &amp; M My Fairy King M42-15<\/strong><br \/>\nlunkaryaperuaani white\/golden uros<br \/>\nKasv. Mia Grundberg Om. Anu Saarela<\/p>\n<p><strong>Maailman Diileri M566-11<\/strong><br \/>\nabessiinialainen brindle naaras<br \/>\nKasv. &amp; Om. Aida Depner<\/p>\n<p><strong>Maailman Duploinsin\u00f6\u00f6ri M42-14<\/strong><br \/>\nabessiinialainen tortoiseshell &amp; white uros<br \/>\nKasv. &amp; Om. Aida Depner<\/p>\n<p><strong>Maailman Hovimestari M192-13<\/strong><br \/>\nabessiinialainen brindle uros<br \/>\nKasv. &amp; Om. Aida Depner<\/p>\n<p><strong>Malaxis Ulmar M183-14<\/strong><br \/>\nsheltie black\/golden uros<br \/>\nKasv. Jens Lindgren Om. Annukka Juntunen<\/p>\n<p><strong>Malaxis Xabier M208-14<\/strong><br \/>\nalpakka black\/buff uros<br \/>\nKasv. Jens Lindgren Om. Anu Saarela<\/p>\n<p><strong>Marsyas Zaira M30-13<\/strong><br \/>\nself p.e. white naaras<br \/>\nKasv. Barbora Matejovcova Om. Elisa Svento<\/p>\n<p><strong>Mira\u00b4s Hair With Blossom M188-15<\/strong><br \/>\nteddy black\/white\/golden naaras<br \/>\nKasv. Heli Kuoppam\u00e4ki Om. Miia Kuoppam\u00e4ki<\/p>\n<p><strong>Mira\u00b4s Krista M52-15<\/strong><br \/>\nnonself black dalmatian naaras<br \/>\nKasv. &amp; Om. Heli Kuoppam\u00e4ki<\/p>\n<p><strong>Mojito M267-14<\/strong><br \/>\nnonself d.e. golden dutch uros<br \/>\nKasv. &amp; Om. Anu Saarela<\/p>\n<p><strong>Moj\u00e4ng M228-14<\/strong><br \/>\nnonself d.e. golden roan uros<br \/>\nKasv. Angelika Radke Om. Katja Kivipuro<\/p>\n<p><strong>Moonlight M89-15<\/strong><br \/>\nsheltie black\/white uros<br \/>\nKasv. &amp; Om. Saija Rajam\u00e4ki<\/p>\n<p><strong>Muffes Sandglim M216-15<\/strong><br \/>\nnonself pe golden roan<br \/>\nKasv. Eva &amp; Emma Harderup &amp; Niclas Hansson om. Katja Kivipuro<\/p>\n<p><strong>Nina M68-15<\/strong><br \/>\nself d.e. golden naaras<br \/>\nKasv. Peter Nunn Om. Johanna Hiekkamies<\/p>\n<p><strong>Satukallion Maija Poppanen M210-14<\/strong><br \/>\nteddy white\/cream\/silveragouti roan naaras<br \/>\nKasv. &amp; Om. Susanna Piili<\/p>\n<p><strong>Satukallion Mennink\u00e4inen M100-15<\/strong><br \/>\nteddy black\/golden roan uros<br \/>\nKasv. &amp; Om. Susanna Piili<\/p>\n<div><\/div>\n<p><strong>Satukallion Misaki Ayuzawa M210-14<\/strong><br \/>\nteddy black\/white naaras<br \/>\nKasv. &amp; Om. Susanna Piili<\/p>\n<p><strong>Satukallion Nuuskamuikkunen M125-14<\/strong><br \/>\nbaldwin black\/golden\/white uros<br \/>\nKasv. &amp; Om. Susanna Piili<\/p>\n<p><strong>Satukallion P\u00e4iv\u00e4ns\u00e4de M99-15<\/strong><br \/>\nteddy white\/black roan naaras<br \/>\nKasv. &amp; Om. Susanna Piili<\/p>\n<p><strong>Satukallion P\u00f6tsi M403-13<\/strong><br \/>\nteddy silveragouti roan\/white uros<br \/>\nKasv. Susanna Piili Om. Elina Piili<\/p>\n<p><strong>Satukallion Viivi Avolava M211-14<\/strong><br \/>\nteddy golden agouti\/golden\/white roan naaras<br \/>\nKasv. &amp; Om. Susanna Piili<\/p>\n<p><strong>Satukalluon Minene Furesis M228-15<\/strong><br \/>\nteddy white\/black\/golden naaras<br \/>\nKasv. &amp; Om. Susanna piili<\/p>\n<p><strong>Sir Basil M88-15<\/strong><br \/>\nenglannincrest d.e. golden uros<br \/>\nKasv. &amp; Om. Johanna Hiekkamies<\/p>\n<p><strong>Sk\u00e4rets Krallige Christer M27-15<\/strong><br \/>\nnonself d.e. golden dutch uros<br \/>\nKasv. Anna Sabelstr\u00f6m Om. Katja Kivipuro<\/p>\n<p><strong>Slaikka M49-14<\/strong><br \/>\nskinny black\/white uros<br \/>\nKasv. Henna Rinta-Kiikka Om. Laura Rajala<\/p>\n<p><strong>Snoop\u2019s Nut Cracker M426-13<\/strong><br \/>\namerikancrest d.e. golden uros<br \/>\nKasv. &amp; Om. Minna Aatela<\/p>\n<p><strong>Tornado\u2019s Irmelin M269-14<\/strong><br \/>\nabessiinialainen brindle naaras<br \/>\nKasv. Agneta Johansson om. Jessica Nurmiranta<\/p>\n<p><strong>Uhtua M289-14<\/strong><br \/>\nabessiinialainen brindle uros<br \/>\nKasv. Helena Hakulinen ja Arja Kariluoto om. Jessica Nurmiranta<\/p>\n<p>&nbsp;<\/p>\n","protected":false},"excerpt":{"rendered":"<p>Almond\u00b4s Bejewelled Blitz M197-14 self cream naaras Kasv. Lea Rahtu-Korpela &amp; Elisa Svento Om. Elisa Svento Almond\u2019s Bling Bling M75-14 englannincrest p.e. white naaras Kasv.&amp; Om. Lea Rahtu-Korpela &amp; Elisa Svento Almond\u2019s Candyfloss M243-14 self d.e. white naaras Kasv. Elisa &hellip; <a href=\"https:\/\/marsuyhdistys.net\/home\/kaikki-nayttelyista\/nayttelysaannot\/suomen-muotovaliot-2\/muotovaliot-vuosina-2006-2010\/muotovaliot-2015\/\">Lue loppuun <span class=\"meta-nav\">&rarr;<\/span><\/a><\/p>\n","protected":false},"author":19,"featured_media":0,"parent":495,"menu_order":0,"comment_status":"closed","ping_status":"closed","template":"","meta":{"footnotes":"","_links_to":"","_links_to_target":""},"class_list":["post-4760","page","type-page","status-publish","hentry"],"_links":{"self":[{"href":"https:\/\/marsuyhdistys.net\/home\/wp-json\/wp\/v2\/pages\/4760","targetHints":{"allow":["GET"]}}],"collection":[{"href":"https:\/\/marsuyhdistys.net\/home\/wp-json\/wp\/v2\/pages"}],"about":[{"href":"https:\/\/marsuyhdistys.net\/home\/wp-json\/wp\/v2\/types\/page"}],"author":[{"embeddable":true,"href":"https:\/\/marsuyhdistys.net\/home\/wp-json\/wp\/v2\/users\/19"}],"replies":[{"embeddable":true,"href":"https:\/\/marsuyhdistys.net\/home\/wp-json\/wp\/v2\/comments?post=4760"}],"version-history":[{"count":1,"href":"https:\/\/marsuyhdistys.net\/home\/wp-json\/wp\/v2\/pages\/4760\/revisions"}],"predecessor-version":[{"id":4761,"href":"https:\/\/marsuyhdistys.net\/home\/wp-json\/wp\/v2\/pages\/4760\/revisions\/4761"}],"up":[{"embeddable":true,"href":"https:\/\/marsuyhdistys.net\/home\/wp-json\/wp\/v2\/pages\/495"}],"wp:attachment":[{"href":"https:\/\/marsuyhdistys.net\/home\/wp-json\/wp\/v2\/media?parent=4760"}],"curies":[{"name":"wp","href":"https:\/\/api.w.org\/{rel}","templated":true}]}}