{"id":504,"date":"2012-11-26T00:06:06","date_gmt":"2012-11-25T22:06:06","guid":{"rendered":"http:\/\/marsuyhdistys.net\/home\/?page_id=504"},"modified":"2026-01-29T15:03:43","modified_gmt":"2026-01-29T13:03:43","slug":"epet-kautta-aikojen","status":"publish","type":"page","link":"https:\/\/marsuyhdistys.net\/home\/kaikki-nayttelyista\/nayttelytulokset-kautta-aikain\/epet-kautta-aikojen\/","title":{"rendered":"Eliitti Petit\/Eliitti lemmikit kautta aikain"},"content":{"rendered":"<p><span style=\"color: #000000;\">Kaikki my\u00f6nnetyt Eliitti-pet ja megaeliitti-pet arvonimet. Nimike on muuttunut &#8220;Eliitti lemmikiksi&#8221; vuonna 2020.<\/span><\/p>\n<p>\u00a0<\/p>\n<p><strong>2021<\/strong><\/p>\n<p><strong>Suomen Eliittilemmikit 2021<\/strong><\/p>\n<p><strong>Jippu\u00a0<\/strong><br \/>Risteytys, uros, golden\/white\/black\u00a0<br \/>om. Lassi Kotikangas\u00a0<\/p>\n<p><strong><u>2020<\/u><\/strong><\/p>\n<p><strong><u>Suomen Eliittipetit 2020<\/u><\/strong><\/p>\n<p><strong>Prinsessa Elsa <\/strong><br \/>Nonself de golden california black<br \/>Om. Anna Lindberg<\/p>\n<p><strong>Pelle<\/strong><br \/>Risteytys white\/golden\/black naaras<br \/>Om. Laura Lehtinen<\/p>\n<p><strong>Almond\u00b4s Unbelievable <\/strong><br \/>Sk self cream naaras<br \/>om. Alisa V\u00e4is\u00e4nen <\/p>\n<p><strong>Almond\u00b4s you are my Angel<\/strong><br \/>Nonself buff california black naaras<br \/>Om. Alisa V\u00e4is\u00e4nen<\/p>\n<p><strong>GP Max<\/strong><br \/>Risteytys tricolor uros<br \/>Om.Laura Moilanen &amp; Jari Ukkola<\/p>\n<p><strong>Goldhill\u00b4s White Turnerhunter <\/strong><br \/>Teddy white\/golden\/chocolate roan uros<br \/>Om.Isabella Hynninen<\/p>\n<p><strong>Almond\u00b4s Jiggle Giggle<\/strong><br \/>Englannincrest cream uros<br \/>Om.Riikka Raatikainen<\/p>\n<\/p>\n<p><strong><u>Suomen Megaeliittipet 2020<\/u><\/strong><\/p>\n<p><strong>EPET Critters Muppe <\/strong><br \/>Risteytys harlekiini naaras<br \/>Om. Anne Jalonen<\/p>\n<p><strong>FI &amp; S MVA GP VVPET3-19 OSJH VPET19 Almond\u00b4s superlike in tinder If You Dare &nbsp;<\/strong><br \/>englannincrest pew naaras<br \/>Kasv. Lea Rahtu-Korpela Om. Alisa V\u00e4is\u00e4nen<\/p>\n<p><strong>FI &amp; S MVA EPET GPU NordJV-17 Almond\u00b4s Galway Girl <\/strong><br \/>Sk self cream naaras<br \/>Om. Noora Sarenius<\/p>\n<\/p>\n<p><span style=\"text-decoration: underline;\"><strong>2019<\/strong><\/span><\/p>\n<p><span style=\"text-decoration: underline;\"><strong>Suomen eliittipet 2019<\/strong><\/span><\/p>\n<p><strong>FI MVA NORDV-17 Malloween<\/strong><br \/>Abessiinialainen brindle uros<br \/>Om. Jarna Jansson<\/p>\n<p><strong>HugAlan Super Peppi<\/strong><br \/>Risteytys white naaras<br \/>om. Ninni-Maria Rantala<\/p>\n<p><strong>Aniaras Madeleine<\/strong><br \/>Nonself d.e golden roan naaras<br \/>Kasv. Katja Kivipuro om. Jessica Sakala<\/p>\n<p><strong>Maailman Esteri <\/strong><br \/>Himalaya black naaras<br \/>Kasv. Aida Depner om. Jessica Sakala<\/p>\n<p><strong>Pulla<\/strong><br \/>Risteytys cream\/white naaras<br \/>Kasv. Jenni Kaurila om. Laura Lehtinen<\/p>\n<p><strong>Zif Zaf Zoff<\/strong><br \/>Englannincrest bicolor naaras<br \/>Carolina Clayhills om. Sofia Kumpulainen<\/p>\n<p><strong>Maailman Eeppinen Karvahanuri<\/strong><br \/>Risteytys cinnamonagouti naaras<br \/>om. Jessica Sakala<\/p>\n<p><strong>FI &amp; S MVA Arctic Rose Bonnie<\/strong><br \/>Sk self pew naaras<br \/>Kasv. Elisa Svento om. Noora Sarenius<\/p>\n<p><strong>FI &amp; S MVA Almond\u00b4s Superlike In tinder if you dare <\/strong><br \/>Englannincrest pew naaras<br \/>om. Alisa V\u00e4is\u00e4nen<\/p>\n<p><strong>Pilli<\/strong><br \/>Risteytys white california black naaras<br \/>om. Laura Lehtinen<\/p>\n<p><strong>FI &amp; S MVA Arctic Rose Alpine Flower<\/strong><br \/>Englannincrest uros<br \/>om. Laura Lehtinen<\/p>\n<p><strong>Metal Star\u00b4s Tireht\u00f6\u00f6ri<\/strong> <br \/>Rex lemon agouti \/white uros<br \/>Om. Tilda Parviainen<\/p>\n<p><strong>FI MVA NordJV-17 Almond\u00b4s Galway Girl<\/strong><br \/>Sk self cream naaras<br \/>om. Noora Sarenius<\/p>\n<p><strong>Almond\u00b4s Lucky Little Honey Pot<\/strong><br \/>Englannincrest crest cream uros<br \/>om.Kaisu M\u00e4kinen<\/p>\n<p><strong>Almond\u00b4s Love me forever if you dare<\/strong><br \/>Englannincrest cream naaras<br \/>om. Anniina T\u00f6rmi<\/p>\n<p><strong>Gardien De Phare<\/strong><br \/>Nonself de golden california black uros<br \/>Om. Anu Mustonen<\/p>\n<p><strong>August<\/strong><br \/>Sk self pew uros<br \/>Om. Helka Kaakinen<\/p>\n<p><strong>VKS-18 Almond\u00b4s Awesome<\/strong><br \/>Nonself d.e golden california black naaras<br \/>Om. Laura Moilanen ja Jari Ukkola<\/p>\n<p><strong>Pete<\/strong><br \/>Risteytys black uros<br \/>Om.Noora Sarenius<\/p>\n<p><strong>Flying Minni<\/strong><br \/>Self black naaras<br \/>Om. Jarna Jansson<\/p>\n<p><strong>Limetta\u2019s Justicia<\/strong><br \/>Self Cream naaras <br \/>Om. Sanni Taimioja<\/p>\n<p><span style=\"text-decoration: underline;\"><strong>2019<\/strong><\/span><\/p>\n<p><span style=\"text-decoration: underline;\"><strong>Suomen Megaeliittipet 2019<\/strong><\/span><\/p>\n<p><strong>EPET Pulla<\/strong><br \/>Risteytys cream\/white naaras<br \/>Kasv. Jenni Kaurila om.Laura Lehtinen<\/p>\n<p><strong>EPET Maui<\/strong><br \/>Risteytys white\/cream\/lilac uros<br \/>Om. Tilda Parviainen<\/p>\n<p><span style=\"text-decoration: underline;\"><strong>2018<\/strong><\/span><\/p>\n<p><span style=\"text-decoration: underline;\"><strong>Suomen eliittipet 2018<\/strong><\/span><\/p>\n<p><strong>Brotherhood Cavies Tiberiu<\/strong><br \/>Nonself chocolate tan<br \/>om. Carolina Clayhills<\/p>\n<p><strong>FI &amp; S MVA Almond&#8217;s Hug&#8217;alan the first<\/strong><br \/>Self buff<br \/>om. Ninni-Maria Rantala<\/p>\n<p><strong>Maui<\/strong><br \/>Risteytys<br \/>Om. Tilda Parviainen<\/p>\n<\/p>\n<p><span style=\"text-decoration: underline;\"><strong>Suomen Megaeliittipet 2018<\/strong><\/span><\/p>\n<p><strong><span style=\"color: #000000;\">FI &amp; S MVA FI M-MVA EPET GP PPV17 PPV17 JV17 JVpet17 VV-17 VROP-17 VVPET3-17 Marsyas Odysea<br \/><\/span><\/strong><span style=\"color: #000000;\">Self cream naaras<\/span><span style=\"color: #000000;\"><br \/>Kasv. Barbora Mat\u00e9jovcov\u00e1 om. Elisa Svento<\/span><\/p>\n<p><strong>EPET GG-15 Almond&#8217;s Caribou Coffee<\/strong><br \/>Eng.crest cream roan uros<br \/>Kasv. Lea Rahtu-Korpela &amp; Elisa Svento om. P\u00e4ivi Rajala<\/p>\n<p><strong>FI &amp; S MVA EPET Almond\u00b4s Hug\u00b4Alan the first<\/strong><br \/>Sile\u00e4karvainen self buff naaras<br \/>Kasv. Lea Rahtu-Korpela &amp; Elisa Svento om. Ninni-Maria Rantala<\/p>\n<p><strong>PPV EPET Aniara&#8217;s Alma<\/strong><\/p>\n<p>Risteytys, golden agouti\/golden\/white<\/p>\n<p>Kasv. Katja Kivipuro om. Ninni-Maria Rantala&nbsp;<\/p>\n<div class=\"_2cuy _3dgx _2vxa\">&nbsp;<\/div>\n<p><span style=\"text-decoration: underline;\"><strong>2017<\/strong><\/span><\/p>\n<p><span style=\"text-decoration: underline;\"><strong>Suomen eliittipet 2017<\/strong><\/span><\/p>\n<p><strong>Tigercake<\/strong><br \/><span style=\"color: #000000;\">Risteytys cream\/ black\/ white uros<\/span><br \/><span style=\"color: #000000;\"> om. P\u00e4ivi Rajala<\/span><\/p>\n<p><strong>Rusetti<\/strong><br \/><span style=\"color: #000000;\">Risteytys white\/ golden agouti naaras<\/span><br \/><span style=\"color: #000000;\"> om. Henna Savolainen<\/span><\/p>\n<p><strong>Almond\u2019s Rince Fada<\/strong><br \/><span style=\"color: #000000;\">Self buff uros<\/span><br \/><span style=\"color: #000000;\"> om. Hanna Jakku &amp; Helga Palovaara<\/span><\/p>\n<p><strong>FI &amp; S MVA JV17 JVpet17 PPV17 PPV17 Marsyas Odysea<\/strong><br \/><span style=\"color: #000000;\">Self cream naaras<\/span><br \/><span style=\"color: #000000;\"> om. Elisa Svento<\/span><\/p>\n<p><strong>Babiana<\/strong><br \/><span style=\"color: #000000;\">Self lemon naaras<\/span><br \/><span style=\"color: #000000;\"> om. Sanni Taimioja<\/span><\/p>\n<p><strong>GGPET-15 Almond\u2019s Caribow Coffee<\/strong><br \/><span style=\"color: #000000;\">Englannincrest cream roan uros<\/span><br \/><span style=\"color: #000000;\"> om. P\u00e4ivi Rajala<\/span><\/p>\n<p><strong>Mikkis<\/strong><br \/><span style=\"color: #000000;\">Risteytys black\/ white naaras<\/span><br \/><span style=\"color: #000000;\"> om. Emma Konttinen<\/span><\/p>\n<p><strong>Flying Ulcer&nbsp;<\/strong><br \/><span style=\"color: #000000;\">Texel black tan uros<\/span><br \/><span style=\"color: #000000;\"> Kasv. &amp; om. Annukka Juntunen<\/span><\/p>\n<p><strong>Critters Muppe<\/strong><br \/><span style=\"color: #000000;\">Risteytys harlekiini naaras<\/span><br \/><span style=\"color: #000000;\"> Kasv. &amp; om. Anne Jalonen<\/span><\/p>\n<\/p>\n<p><span style=\"text-decoration: underline;\"><strong>Suomen Megaeliittipet 2017<\/strong><\/span><\/p>\n<p><strong>PPV17 Aniaras Alma<\/strong><br \/><span style=\"color: #000000;\">Risteytys golden agouti\/ golden\/ white naaras<\/span><br \/><span style=\"color: #000000;\"> om. Ninni-Maria Rantala<\/span><\/p>\n<p><strong>Tiger Cake<\/strong><br \/><span style=\"color: #000000;\">Risteytys cream\/ black\/ white uros<\/span><br \/><span style=\"color: #000000;\"> om. P\u00e4ivi Rajala<\/span><\/p>\n<p><strong>FI MVA Babiana<\/strong><br \/><span style=\"color: #000000;\">Self lemon naaras<\/span><br \/><span style=\"color: #000000;\"> om. Sanni Taimioja<\/span><\/p>\n<\/p>\n<p><span style=\"text-decoration: underline;\"><strong>2016<br \/><\/strong><\/span><\/p>\n<p><span style=\"text-decoration: underline;\"><strong>Suomen eliittipet 2016<\/strong><\/span><\/p>\n<p><strong>FI MVA Caviecares Penny M136-14<\/strong><br \/><span style=\"color: #000000;\">rex silveragouti\/white naaras<\/span><br \/><span style=\"color: #000000;\"> Kasv. Lena Siversson Om. Taru Virtanen<\/span><\/p>\n<\/p>\n<p><strong><span style=\"text-decoration: underline;\">Suomen Megaeliittipet 2016<\/span><br \/><\/strong><br \/><strong>EPET VVPET-15 EPJYVPET-15 Jaanuskan El Ponzo Villa<\/strong><br \/><span style=\"color: #000000;\">risteytys golden agouti uros<\/span><br \/><span style=\"color: #000000;\"> Kasv. Jaana Peltola OAm. P\u00e4ivi Rajala<\/span><\/p>\n<p><strong>EPET VVPET 2 -15 Jaanuskan Samppa<\/strong><br \/><span style=\"color: #000000;\">risteytys golden agouti-white uros<\/span><br \/><span style=\"color: #000000;\"> Kasv. Jaana Peltola Om. P\u00e4ivi Rajala<\/span><\/p>\n<p><strong>EPET VVPET 3-15 Snowblind<\/strong><br \/><span style=\"color: #000000;\">risteytys buff\/black naaras<\/span><br \/><span style=\"color: #000000;\"> Kasv. Marja P\u00e4\u00e4talo Om. Miia Kuoppam\u00e4ki<\/span><span style=\"text-decoration: underline;\"><strong><br \/><\/strong><\/span><\/p>\n<\/p>\n<p><span style=\"text-decoration: underline;\"><strong>2015<\/strong><\/span><\/p>\n<p><strong><span style=\"color: #000000;\">FI &amp; S MVA Almond&#8217;s Northern Light<\/span><\/strong><br \/><span style=\"color: #000000;\">self<\/span><br \/><span style=\"color: #000000;\">Om. Elisa Svento<\/span><\/p>\n<p><span style=\"color: #000000;\"><strong>Jaanuskan Samppa<\/strong><\/span><br \/><span style=\"color: #000000;\">risteytys uros<\/span><br \/><span style=\"color: #000000;\">Om. P\u00e4ivi Rajala<\/span><\/p>\n<p><span style=\"color: #000000;\"><strong>Manuel<\/strong><\/span><br \/><span style=\"color: #000000;\"> risteytys black\/white uros<\/span><br \/><span style=\"color: #000000;\">Om. Johanna Kosonen<\/span><\/p>\n<p><span style=\"color: #000000;\"><strong>Snowblind<\/strong><\/span><br \/><span style=\"color: #000000;\">risteytys black\/buff naaras<\/span><br \/><span style=\"color: #000000;\">Om. Miia Kuoppam\u00e4ki<\/span><\/p>\n<p><span style=\"color: #000000;\"><strong>Kooka-Burra<\/strong><\/span><br \/><span style=\"color: #000000;\">abessiinialainen uros<\/span><br \/><span style=\"color: #000000;\">Om. Sanni Taimioja<\/span><\/p>\n<p><strong>Hunter Hayes<\/strong><br \/>sheltie golden agouti\/white uros<br \/>Om. Saija Rajam\u00e4ki<\/p>\n<\/p>\n<p><span style=\"text-decoration: underline; color: #000000;\"><strong>2014<\/strong><\/span><\/p>\n<p><span style=\"color: #000000;\"><strong>Handsome Bob<\/strong>, uros, nonself<\/span><br \/><span style=\"color: #000000;\"> om. Laura Rajala<\/span><\/p>\n<p><span style=\"color: #000000;\"><strong>Almond&#8217;s In the Spotlight<\/strong>, naaras, self<\/span><br \/><span style=\"color: #000000;\"> om. Sanni Taimioja<\/span><\/p>\n<p><span style=\"color: #000000;\"><strong>Kiwi Pie<\/strong>, naaras, nonself<\/span><br \/><span style=\"color: #000000;\"> om. Jessica Sakala<\/span><\/p>\n<p><span style=\"color: #000000;\"><strong>FI MVA Jaanuskan Mickey<\/strong>, uros, skinny<\/span><br \/><span style=\"color: #000000;\"> om. Henna Rinta-Kiikka<\/span><br \/><span style=\"color: #000000;\"> <strong><br \/>Aniaras Alma<\/strong>, naaras, risteytys<\/span><br \/><span style=\"color: #000000;\"> om. Ninni-Maria Rantala<\/span><\/p>\n<p><span style=\"color: #000000;\"><strong>Matlock<\/strong>, uros, risteytys<\/span><br \/><span style=\"color: #000000;\"> om. Minttu Nenonen<\/span><\/p>\n<p><span style=\"color: #000000;\"><strong>Almond&#8217;s Wappu<\/strong>, naaras, self<\/span><br \/><span style=\"color: #000000;\"> om. Carla Alasaarela<\/span><\/p>\n<p><span style=\"color: #000000;\"><strong>Almond&#8217;s Notorius Carrot Thief of Winter<\/strong>, uros, englannincrest<\/span><br \/><span style=\"color: #000000;\"> om. Elisa Svento<\/span><br \/><span style=\"color: #000000;\"> <strong><br \/>Jaanuskan El Ponzo Villa<\/strong>, uros, risteytys<\/span><br \/><span style=\"color: #000000;\"> om. P\u00e4ivi Rajala<\/span><\/p>\n<\/p>\n<p><span style=\"text-decoration: underline; color: #000000;\"><strong>2013<\/strong><\/span><\/p>\n<p><span style=\"color: #000000;\"><strong>Adina<\/strong>, naaras, risteytys<\/span><br \/><span style=\"color: #000000;\"> om. Minttu Nenonen<\/span><\/p>\n<p><span style=\"color: #000000;\"><strong>FI MVA VV4-12 VVPET3-12 Almond\u2019s Ice Princess<\/strong>, naaras, self p.e.white<\/span><br \/><span style=\"color: #000000;\"> om. Daniela Vainionp\u00e4\u00e4<\/span><\/p>\n<p align=\"LEFT\"><span style=\"color: #000000;\"><strong>FI MVA Almond\u2019s Wonderful One Night Stand<\/strong>, uros, self<\/span><br \/><span style=\"color: #000000;\"> om.&nbsp;Minttu Mehtomaa<\/span><\/p>\n<p align=\"LEFT\"><span style=\"color: #000000;\"><strong>VKL-12 Antero<\/strong>, uros, sheltie<\/span><br \/><span style=\"color: #000000;\"> om.&nbsp;Saija Rajam\u00e4ki<\/span><\/p>\n<p align=\"LEFT\"><span style=\"color: #000000;\"><strong>FI MVA VV5-10 GGPET-12 Maailman Chrysleri<\/strong>, uros, abessiinialainen<\/span><br \/><span style=\"color: #000000;\"> om.&nbsp;Iira Lehtinen<\/span><\/p>\n<p align=\"LEFT\"><span style=\"color: #000000;\"><strong>Maxwell<\/strong>, uros, risteytys<\/span><br \/><span style=\"color: #000000;\"> om. Johanna Kosonen<\/span><\/p>\n<p align=\"LEFT\"><span style=\"color: #000000;\"><strong>Show Must Go On<\/strong>, uros, peruaani<\/span><br \/><span style=\"color: #000000;\"> om.&nbsp;Amanda Silver<\/span><\/p>\n<\/p>\n<p><span style=\"text-decoration: underline; color: #000000;\"><strong>2012<\/strong><\/span><\/p>\n<p><span style=\"color: #000000;\"><strong>Joy<\/strong>, uros, risteytys<\/span><br \/><span style=\"color: #000000;\"> Carita Sonn\u00e9<\/span><\/p>\n<p><span style=\"color: #000000;\"><strong>Hempe\u00e4 Hattara<\/strong>, naaras, teddy<\/span><br \/><span style=\"color: #000000;\"> Aleksi Paavilainen<\/span><\/p>\n<p><span style=\"color: #000000;\"><strong>JVpet-12 Rusina<\/strong>, naaras, risteytys<\/span><br \/><span style=\"color: #000000;\"> Aleksi Paavilainen<\/span><\/p>\n<p><span style=\"color: #000000;\"><strong>Viljami<\/strong>, uros, risteytys<\/span><br \/><span style=\"color: #000000;\"> Ilona Heikkil\u00e4<\/span><\/p>\n<p><span style=\"color: #000000;\"><strong>GP Maailman S\u00e4rm\u00e4ri<\/strong>, naaras, risteytys<\/span><br \/><span style=\"color: #000000;\"> Aida Depner<\/span><\/p>\n<p><span style=\"color: #000000;\"><strong>Paavo<\/strong>, uros, risteytys<\/span><br \/><span style=\"color: #000000;\"> Marketta Uotila<\/span><\/p>\n<p><span style=\"color: #000000;\"><strong>Lilia<\/strong>, naaras, risteytys<\/span><br \/><span style=\"color: #000000;\"> Elisa Svento<\/span><\/p>\n<p><span style=\"color: #000000;\"><strong>Heinz<\/strong>, uros, ch-teddy crest<\/span><br \/><span style=\"color: #000000;\"> Ilona Heikkil\u00e4<\/span><\/p>\n<\/p>\n<p><span style=\"text-decoration: underline; color: #000000;\"><strong>2011<\/strong><\/span><\/p>\n<p><span style=\"color: #000000;\"><strong>EpjyVPET-10 Anemone&#8217;s Brazilian Tea<\/strong>, uros, am. crest<\/span><br \/><span style=\"color: #000000;\"> Ella-Noora Jaakkola<\/span><\/p>\n<p><span style=\"color: #000000;\"><strong>Adalmiina<\/strong>, naaras, risteytys<\/span><br \/><span style=\"color: #000000;\"> Minttu Nenonen<\/span><\/p>\n<p><span style=\"color: #000000;\"><strong>Mira&#8217;s Krocky<\/strong>, uros, nonself<\/span><br \/><span style=\"color: #000000;\"> Miia Kuoppam\u00e4ki<\/span><\/p>\n<\/p>\n<p><span style=\"text-decoration: underline; color: #000000;\"><strong>2010<\/strong><\/span><\/p>\n<p><span style=\"color: #000000;\"><strong>Ninnu<\/strong>, naaras, risteytys<\/span><br \/><span style=\"color: #000000;\"> Essi Saloranta<\/span><\/p>\n<p><span style=\"color: #000000;\"><strong>Alterion<\/strong>, uros, sheltie<\/span><br \/><span style=\"color: #000000;\">Essi Saloranta<\/span><\/p>\n<\/p>\n<p><span style=\"text-decoration: underline; color: #000000;\"><strong>2009<\/strong><\/span><\/p>\n<p><span style=\"color: #000000;\"><strong>Donna<\/strong>, naaras, risteytys<\/span><br \/><span style=\"color: #000000;\"> Elina Vehkam\u00e4ki<\/span><\/p>\n<p><span style=\"color: #000000;\"><strong>GGPET-08 MHPC&#8217;s Rock With Me<\/strong>, uros, skinny<\/span><br \/><span style=\"color: #000000;\"> Vima Virtanen<\/span><\/p>\n<p><span style=\"color: #000000;\"><strong>GP EpjyVPET-11 Marsesteri<\/strong>, naaras, risteytys<\/span><br \/><span style=\"color: #000000;\"> Aida Depner<\/span><\/p>\n<p><span style=\"color: #000000;\"><strong>Vilma<\/strong>, naaras, risteytys<\/span><br \/><span style=\"color: #000000;\"> Sanna Laaksonen<\/span><\/p>\n<p><span style=\"color: #000000;\"><strong>Mira&#8217;s Komea William<\/strong>, uros, risteytys<\/span><br \/><span style=\"color: #000000;\"> Carita Sonne<\/span><\/p>\n<\/p>\n<p><span style=\"text-decoration: underline; color: #000000;\"><strong>2008<\/strong><\/span><\/p>\n<p><span style=\"color: #000000;\"><strong>Bumba<\/strong>, naaras, risteytys<\/span><br \/><span style=\"color: #000000;\"> Elina Vehkam\u00e4ki<\/span><\/p>\n<p><span style=\"color: #000000;\"><strong>GGPET-07 Goldhill&#8217;s Mopping Corners<\/strong>, uros, coronet<\/span><br \/><span style=\"color: #000000;\"> Annukka Holmroos<\/span><\/p>\n<\/p>\n<p><span style=\"text-decoration: underline; color: #000000;\"><strong>2007<\/strong><\/span><\/p>\n<p><span style=\"color: #000000;\"><strong>FI+S MVA VVPET-06 JVPET-07 Aniara&#8217;s Hot Buttered Rumba<\/strong><\/span><br \/><span style=\"color: #000000;\"> Nora Torkkeli<\/span><\/p><\/p>\n","protected":false},"excerpt":{"rendered":"<p>Kaikki my\u00f6nnetyt Eliitti-pet ja megaeliitti-pet arvonimet. Nimike on muuttunut &#8220;Eliitti lemmikiksi&#8221; vuonna 2020. \u00a0 2021 Suomen Eliittilemmikit 2021 Jippu\u00a0Risteytys, uros, golden\/white\/black\u00a0om. Lassi Kotikangas\u00a0 2020 Suomen Eliittipetit 2020 Prinsessa Elsa Nonself de golden california blackOm. Anna Lindberg PelleRisteytys white\/golden\/black naarasOm. Laura &hellip; <a href=\"https:\/\/marsuyhdistys.net\/home\/kaikki-nayttelyista\/nayttelytulokset-kautta-aikain\/epet-kautta-aikojen\/\">Lue loppuun <span class=\"meta-nav\">&rarr;<\/span><\/a><\/p>\n","protected":false},"author":10,"featured_media":0,"parent":3518,"menu_order":59,"comment_status":"closed","ping_status":"closed","template":"","meta":{"footnotes":"","_links_to":"","_links_to_target":""},"class_list":["post-504","page","type-page","status-publish","hentry"],"_links":{"self":[{"href":"https:\/\/marsuyhdistys.net\/home\/wp-json\/wp\/v2\/pages\/504","targetHints":{"allow":["GET"]}}],"collection":[{"href":"https:\/\/marsuyhdistys.net\/home\/wp-json\/wp\/v2\/pages"}],"about":[{"href":"https:\/\/marsuyhdistys.net\/home\/wp-json\/wp\/v2\/types\/page"}],"author":[{"embeddable":true,"href":"https:\/\/marsuyhdistys.net\/home\/wp-json\/wp\/v2\/users\/10"}],"replies":[{"embeddable":true,"href":"https:\/\/marsuyhdistys.net\/home\/wp-json\/wp\/v2\/comments?post=504"}],"version-history":[{"count":30,"href":"https:\/\/marsuyhdistys.net\/home\/wp-json\/wp\/v2\/pages\/504\/revisions"}],"predecessor-version":[{"id":9535,"href":"https:\/\/marsuyhdistys.net\/home\/wp-json\/wp\/v2\/pages\/504\/revisions\/9535"}],"up":[{"embeddable":true,"href":"https:\/\/marsuyhdistys.net\/home\/wp-json\/wp\/v2\/pages\/3518"}],"wp:attachment":[{"href":"https:\/\/marsuyhdistys.net\/home\/wp-json\/wp\/v2\/media?parent=504"}],"curies":[{"name":"wp","href":"https:\/\/api.w.org\/{rel}","templated":true}]}}