{"id":51,"date":"2012-08-02T19:39:34","date_gmt":"2012-08-02T17:39:34","guid":{"rendered":"http:\/\/marsuyhdistys.net\/home\/?page_id=51"},"modified":"2026-01-29T19:18:49","modified_gmt":"2026-01-29T17:18:49","slug":"kaikki-nayttelyista","status":"publish","type":"page","link":"https:\/\/marsuyhdistys.net\/home\/kaikki-nayttelyista\/","title":{"rendered":"N\u00e4yttelyt"},"content":{"rendered":"<p>Kyll\u00e4. Marsuillekin on olemassa n\u00e4yttelyit\u00e4.<br \/>\nEi. Marsuja ei juoksuteta hihnassa kuten koiria ja hevosia.<\/p>\n<p>Suuri osa Marsuyhdistyksen teht\u00e4vist\u00e4 on j\u00e4rjest\u00e4\u00e4 marsujen omistajille n\u00e4yttelyit\u00e4.\u00a0 Tavallisissa n\u00e4yttelyiss\u00e4 luokkia on kahdenlaisia: Lemmikki ja ulkomuoto.<\/p>\n<p><strong>Lemmikkiluokkaan<\/strong> voi osallistua kuka tahansa. Marsusta ei tarvitse tiet\u00e4\u00e4 kun sukupuoli ja ik\u00e4. Jokainen marsu on siis tervetullut mukaan!<\/p>\n<p><strong>Ulkomuotoluokka<\/strong> on suunnattu puhdasrotuisille rekister\u00f6idyille marsuille, jossa marsujen ominaisuuksia verrataan osallistuvan rodun standardiin eli rotum\u00e4\u00e4ritelm\u00e4\u00e4n. T\u00e4h\u00e4n voit siis osallistua jos marsusi on puhdasrotuinen ja rekister\u00f6ity.<\/p>\n<p><strong>Virtuaalin\u00e4yttelyt<\/strong>\u00a0 j\u00e4rjestet\u00e4\u00e4n t\u00e4ysin et\u00e4n\u00e4.\u00a0 Tuomarit arvostelevat osallistuvia marsuja valokuvien perusteella.\u00a0Kuten normaali n\u00e4yttelyiss\u00e4, virtuaaleissa on my\u00f6s useita\u00a0 eri n\u00e4yttelyluokkia joihin voi osallistua.<\/p>\n<p><strong>Seuraavista linkeist\u00e4 l\u00f6yd\u00e4t lis\u00e4\u00e4 tietoa<\/strong><\/p>\n<p><a href=\"https:\/\/docs.google.com\/forms\/d\/1ZmTDHFk_s0YsdrAIpltwOZgNZORMGJzpkcdWgGRjeyk\/viewform?edit_requested=true\"><strong>S\u00e4hk\u00f6inen tittelihakemus<\/strong><\/a><br \/>\n<strong><a title=\"N\u00e4yttelys\u00e4\u00e4nn\u00f6t\" href=\"https:\/\/marsuyhdistys.net\/home\/kaikki-nayttelyista\/nayttelysaannot\/\">N\u00e4yttely- ja muotovalios\u00e4\u00e4nn\u00f6t<br \/>\n<\/a><a title=\"Yleiset n\u00e4yttelyyn ilmoittautumisohjeet\" href=\"http:\/\/marsuyhdistys.net\/home\/?page_id=242\">Yleiset ilmoittautumisohjeet<\/a><a title=\"N\u00e4yttelys\u00e4\u00e4nn\u00f6t\" href=\"http:\/\/marsuyhdistys.net\/home\/?page_id=33\"><br \/>\n<\/a><a title=\"N\u00e4yttelyn kulku\" href=\"http:\/\/marsuyhdistys.net\/home\/?page_id=261\">N\u00e4yttelyn kulku<\/a><br \/>\n<a title=\"Marsun valmistelu n\u00e4yttelyyn\" href=\"http:\/\/marsuyhdistys.net\/home\/?page_id=259\">Marsun valmistelu\u00a0n\u00e4yttelyyn<\/a><br \/>\n<a title=\"N\u00e4yttelylaudat ja niiden v\u00e4rit\" href=\"http:\/\/marsuyhdistys.net\/home\/?page_id=263\">N\u00e4yttelylaudat\u00a0ja niiden v\u00e4rit<\/a><br \/>\n<a title=\"N\u00e4yttelytulokset\" href=\"http:\/\/marsuyhdistys.net\/home\/?page_id=3518\">Tulokset<\/a><br \/>\n<\/strong><\/p>\n","protected":false},"excerpt":{"rendered":"<p>Kyll\u00e4. Marsuillekin on olemassa n\u00e4yttelyit\u00e4. Ei. Marsuja ei juoksuteta hihnassa kuten koiria ja hevosia. Suuri osa Marsuyhdistyksen teht\u00e4vist\u00e4 on j\u00e4rjest\u00e4\u00e4 marsujen omistajille n\u00e4yttelyit\u00e4.\u00a0 Tavallisissa n\u00e4yttelyiss\u00e4 luokkia on kahdenlaisia: Lemmikki ja ulkomuoto. Lemmikkiluokkaan voi osallistua kuka tahansa. Marsusta ei tarvitse tiet\u00e4\u00e4 &hellip; <a href=\"https:\/\/marsuyhdistys.net\/home\/kaikki-nayttelyista\/\">Lue loppuun <span class=\"meta-nav\">&rarr;<\/span><\/a><\/p>\n","protected":false},"author":10,"featured_media":0,"parent":0,"menu_order":15,"comment_status":"closed","ping_status":"closed","template":"","meta":{"footnotes":"","_links_to":"","_links_to_target":""},"class_list":["post-51","page","type-page","status-publish","hentry"],"_links":{"self":[{"href":"https:\/\/marsuyhdistys.net\/home\/wp-json\/wp\/v2\/pages\/51","targetHints":{"allow":["GET"]}}],"collection":[{"href":"https:\/\/marsuyhdistys.net\/home\/wp-json\/wp\/v2\/pages"}],"about":[{"href":"https:\/\/marsuyhdistys.net\/home\/wp-json\/wp\/v2\/types\/page"}],"author":[{"embeddable":true,"href":"https:\/\/marsuyhdistys.net\/home\/wp-json\/wp\/v2\/users\/10"}],"replies":[{"embeddable":true,"href":"https:\/\/marsuyhdistys.net\/home\/wp-json\/wp\/v2\/comments?post=51"}],"version-history":[{"count":23,"href":"https:\/\/marsuyhdistys.net\/home\/wp-json\/wp\/v2\/pages\/51\/revisions"}],"predecessor-version":[{"id":13174,"href":"https:\/\/marsuyhdistys.net\/home\/wp-json\/wp\/v2\/pages\/51\/revisions\/13174"}],"wp:attachment":[{"href":"https:\/\/marsuyhdistys.net\/home\/wp-json\/wp\/v2\/media?parent=51"}],"curies":[{"name":"wp","href":"https:\/\/api.w.org\/{rel}","templated":true}]}}