{"id":53,"date":"2012-08-02T19:39:58","date_gmt":"2012-08-02T17:39:58","guid":{"rendered":"http:\/\/marsuyhdistys.net\/home\/?page_id=53"},"modified":"2026-04-15T13:21:13","modified_gmt":"2026-04-15T11:21:13","slug":"kasvattajat","status":"publish","type":"page","link":"https:\/\/marsuyhdistys.net\/home\/kasvattajat\/","title":{"rendered":"Kasvattajat"},"content":{"rendered":"<\/p>\n<p><span style=\"color: #000000;\">T\u00e4m\u00e4 on Suomen Marsuyhdistys ry:n kasvattajalista. Kasvattajat ovat sitoutuneet noudattamaan SMY:n &nbsp;<a href=\"https:\/\/marsuyhdistys.net\/home\/?page_id=427\">kasvattajanimis\u00e4\u00e4nt\u00f6j\u00e4<\/a>.&nbsp;<\/span><\/p>\n<p>Sertifioidun kasvattajan ja vuoden kasvattajan tittelin saaneeilla kasvattajilla listalla merkint\u00e4. Kriteereist\u00e4 p\u00e4\u00e4set lukemaan: <a href=\"https:\/\/marsuyhdistys.net\/home\/?page_id=33\">vuoden kasvattaja<\/a>&nbsp;ja <a href=\"https:\/\/marsuyhdistys.net\/home\/sertifioitu-kasvattaja\/\">Sertifioitu&nbsp;kasvattaja<\/a><\/p>\n<figure class=\"wp-block-gallery has-nested-images columns-default is-cropped wp-block-gallery-1 is-layout-flex wp-block-gallery-is-layout-flex\">\n<div class=\"wp-block-image\">\n<figure class=\"aligncenter size-large\"><a href=\"https:\/\/marsuyhdistys.net\/home\/wp-content\/uploads\/2025\/04\/Miras.png\"><img loading=\"lazy\" decoding=\"async\" width=\"819\" height=\"1024\" data-id=\"12650\" src=\"https:\/\/marsuyhdistys.net\/home\/wp-content\/uploads\/2025\/04\/Miras-819x1024.png\" alt=\"\" class=\"wp-image-12650\" srcset=\"https:\/\/marsuyhdistys.net\/home\/wp-content\/uploads\/2025\/04\/Miras-819x1024.png 819w, https:\/\/marsuyhdistys.net\/home\/wp-content\/uploads\/2025\/04\/Miras-240x300.png 240w, https:\/\/marsuyhdistys.net\/home\/wp-content\/uploads\/2025\/04\/Miras-768x960.png 768w, https:\/\/marsuyhdistys.net\/home\/wp-content\/uploads\/2025\/04\/Miras.png 1080w\" sizes=\"auto, (max-width: 819px) 100vw, 819px\" \/><\/a><\/figure>\n<\/div>\n<\/figure>\n<p class=\"has-text-align-center\"><a href=\"https:\/\/miras.kotisivukone.com\/24\">  Kotisivut Mira&#8217;s<\/a><\/p>\n<figure class=\"wp-block-image size-large is-resized\"><a href=\"https:\/\/marsuyhdistys.net\/home\/wp-content\/uploads\/2024\/02\/arcticrose.jpg\"><img loading=\"lazy\" decoding=\"async\" width=\"1024\" height=\"858\" src=\"https:\/\/marsuyhdistys.net\/home\/wp-content\/uploads\/2024\/02\/arcticrose-1024x858.jpg\" alt=\"\" class=\"wp-image-11929\" style=\"width:566px;height:473px\" srcset=\"https:\/\/marsuyhdistys.net\/home\/wp-content\/uploads\/2024\/02\/arcticrose-1024x858.jpg 1024w, https:\/\/marsuyhdistys.net\/home\/wp-content\/uploads\/2024\/02\/arcticrose-300x251.jpg 300w, https:\/\/marsuyhdistys.net\/home\/wp-content\/uploads\/2024\/02\/arcticrose-768x644.jpg 768w, https:\/\/marsuyhdistys.net\/home\/wp-content\/uploads\/2024\/02\/arcticrose.jpg 1175w\" sizes=\"auto, (max-width: 1024px) 100vw, 1024px\" \/><\/a><\/figure>\n<figure class=\"wp-block-image is-resized\"><img loading=\"lazy\" decoding=\"async\" width=\"940\" height=\"788\" src=\"https:\/\/marsuyhdistys.net\/home\/wp-content\/uploads\/2022\/02\/unnamed-6-2.jpg\" alt=\"\" class=\"wp-image-9144\" style=\"width:564px;height:473px\" srcset=\"https:\/\/marsuyhdistys.net\/home\/wp-content\/uploads\/2022\/02\/unnamed-6-2.jpg 940w, https:\/\/marsuyhdistys.net\/home\/wp-content\/uploads\/2022\/02\/unnamed-6-2-300x251.jpg 300w, https:\/\/marsuyhdistys.net\/home\/wp-content\/uploads\/2022\/02\/unnamed-6-2-768x644.jpg 768w\" sizes=\"auto, (max-width: 940px) 100vw, 940px\" \/><\/figure>\n<p><a href=\"https:\/\/marsuyhdistys.net\/home\/wp-content\/uploads\/2024\/01\/www.hugalanboutique.com_.png\"><img loading=\"lazy\" decoding=\"async\" class=\"alignnone  wp-image-11871\" src=\"https:\/\/marsuyhdistys.net\/home\/wp-content\/uploads\/2024\/01\/www.hugalanboutique.com_-300x251.png\" alt=\"\" width=\"567\" height=\"474\" srcset=\"https:\/\/marsuyhdistys.net\/home\/wp-content\/uploads\/2024\/01\/www.hugalanboutique.com_-300x251.png 300w, https:\/\/marsuyhdistys.net\/home\/wp-content\/uploads\/2024\/01\/www.hugalanboutique.com_-768x644.png 768w, https:\/\/marsuyhdistys.net\/home\/wp-content\/uploads\/2024\/01\/www.hugalanboutique.com_.png 940w\" sizes=\"auto, (max-width: 567px) 100vw, 567px\" \/><\/a><\/p>\n<p class=\"has-text-align-center\"><a href=\"https:\/\/www.hugalan-marsut.com\/\">Kotisivut HugAlan<\/a><\/p>\n<figure class=\"wp-block-image is-resized\"><img loading=\"lazy\" decoding=\"async\" width=\"940\" height=\"788\" src=\"https:\/\/marsuyhdistys.net\/home\/wp-content\/uploads\/2022\/02\/unnamed-13.jpg\" alt=\"\" class=\"wp-image-9176\" style=\"width:569px;height:477px\" srcset=\"https:\/\/marsuyhdistys.net\/home\/wp-content\/uploads\/2022\/02\/unnamed-13.jpg 940w, https:\/\/marsuyhdistys.net\/home\/wp-content\/uploads\/2022\/02\/unnamed-13-300x251.jpg 300w, https:\/\/marsuyhdistys.net\/home\/wp-content\/uploads\/2022\/02\/unnamed-13-768x644.jpg 768w\" sizes=\"auto, (max-width: 940px) 100vw, 940px\" \/><\/figure>\n<figure class=\"wp-block-image is-resized\"><img loading=\"lazy\" decoding=\"async\" width=\"940\" height=\"788\" src=\"https:\/\/marsuyhdistys.net\/home\/wp-content\/uploads\/2022\/02\/png_20220209_201510_0000.png\" alt=\"\" class=\"wp-image-9201\" style=\"width:567px;height:475px\" srcset=\"https:\/\/marsuyhdistys.net\/home\/wp-content\/uploads\/2022\/02\/png_20220209_201510_0000.png 940w, https:\/\/marsuyhdistys.net\/home\/wp-content\/uploads\/2022\/02\/png_20220209_201510_0000-300x251.png 300w, https:\/\/marsuyhdistys.net\/home\/wp-content\/uploads\/2022\/02\/png_20220209_201510_0000-768x644.png 768w\" sizes=\"auto, (max-width: 940px) 100vw, 940px\" \/><\/figure>\n<figure class=\"wp-block-image is-resized\"><img loading=\"lazy\" decoding=\"async\" width=\"940\" height=\"788\" src=\"https:\/\/marsuyhdistys.net\/home\/wp-content\/uploads\/2022\/02\/unnamed-18.jpg\" alt=\"\" class=\"wp-image-9213\" style=\"width:566px;height:474px\" srcset=\"https:\/\/marsuyhdistys.net\/home\/wp-content\/uploads\/2022\/02\/unnamed-18.jpg 940w, https:\/\/marsuyhdistys.net\/home\/wp-content\/uploads\/2022\/02\/unnamed-18-300x251.jpg 300w, https:\/\/marsuyhdistys.net\/home\/wp-content\/uploads\/2022\/02\/unnamed-18-768x644.jpg 768w\" sizes=\"auto, (max-width: 940px) 100vw, 940px\" \/><\/figure>\n<p class=\"has-text-align-center\"><a href=\"http:\/\/ennenkuulumatoon.blogspot.com\/\">Blogisivut Ennenkuulumatoon<\/a><\/p>\n<figure class=\"wp-block-image is-resized\"><img loading=\"lazy\" decoding=\"async\" width=\"940\" height=\"788\" src=\"https:\/\/marsuyhdistys.net\/home\/wp-content\/uploads\/2022\/02\/unnamed-14.jpg\" alt=\"\" class=\"wp-image-9181\" style=\"width:566px;height:475px\" srcset=\"https:\/\/marsuyhdistys.net\/home\/wp-content\/uploads\/2022\/02\/unnamed-14.jpg 940w, https:\/\/marsuyhdistys.net\/home\/wp-content\/uploads\/2022\/02\/unnamed-14-300x251.jpg 300w, https:\/\/marsuyhdistys.net\/home\/wp-content\/uploads\/2022\/02\/unnamed-14-768x644.jpg 768w\" sizes=\"auto, (max-width: 940px) 100vw, 940px\" \/><\/figure>\n<div class=\"wp-block-image\">\n<figure class=\"alignleft is-resized\"><img loading=\"lazy\" decoding=\"async\" width=\"940\" height=\"788\" src=\"https:\/\/marsuyhdistys.net\/home\/wp-content\/uploads\/2022\/02\/unnamed-16.jpg\" alt=\"\" class=\"wp-image-9187\" style=\"width:566px;height:474px\" srcset=\"https:\/\/marsuyhdistys.net\/home\/wp-content\/uploads\/2022\/02\/unnamed-16.jpg 940w, https:\/\/marsuyhdistys.net\/home\/wp-content\/uploads\/2022\/02\/unnamed-16-300x251.jpg 300w, https:\/\/marsuyhdistys.net\/home\/wp-content\/uploads\/2022\/02\/unnamed-16-768x644.jpg 768w\" sizes=\"auto, (max-width: 940px) 100vw, 940px\" \/><\/figure>\n<\/div>\n<p class=\"has-text-align-center\"><a href=\"https:\/\/limettasmarsut.weebly.com\/\">Kotisivut Limetta&#8217;s<\/a><\/p>\n<p><a href=\"https:\/\/marsuyhdistys.net\/home\/wp-content\/uploads\/2025\/10\/IMG-20251029-WA0000.jpg\"><img loading=\"lazy\" decoding=\"async\" class=\"alignnone size-full wp-image-12796\" src=\"https:\/\/marsuyhdistys.net\/home\/wp-content\/uploads\/2025\/10\/IMG-20251029-WA0000.jpg\" alt=\"\" width=\"940\" height=\"788\" srcset=\"https:\/\/marsuyhdistys.net\/home\/wp-content\/uploads\/2025\/10\/IMG-20251029-WA0000.jpg 940w, https:\/\/marsuyhdistys.net\/home\/wp-content\/uploads\/2025\/10\/IMG-20251029-WA0000-300x251.jpg 300w, https:\/\/marsuyhdistys.net\/home\/wp-content\/uploads\/2025\/10\/IMG-20251029-WA0000-768x644.jpg 768w\" sizes=\"auto, (max-width: 940px) 100vw, 940px\" \/><\/a><\/p>\n<p class=\"has-text-align-center\"><a href=\"https:\/\/www.minicandy.fi\/\">Kotisivut Minicandy<\/a><\/p>\n<p><a href=\"https:\/\/marsuyhdistys.net\/home\/wp-content\/uploads\/2026\/04\/Kasvatusta-vuodesta-2013_20260415_142023_0000.jpg\"><img loading=\"lazy\" decoding=\"async\" class=\"alignnone size-large wp-image-13272\" src=\"https:\/\/marsuyhdistys.net\/home\/wp-content\/uploads\/2026\/04\/Kasvatusta-vuodesta-2013_20260415_142023_0000-1024x858.jpg\" alt=\"\" width=\"640\" height=\"536\" srcset=\"https:\/\/marsuyhdistys.net\/home\/wp-content\/uploads\/2026\/04\/Kasvatusta-vuodesta-2013_20260415_142023_0000-1024x858.jpg 1024w, https:\/\/marsuyhdistys.net\/home\/wp-content\/uploads\/2026\/04\/Kasvatusta-vuodesta-2013_20260415_142023_0000-300x252.jpg 300w, https:\/\/marsuyhdistys.net\/home\/wp-content\/uploads\/2026\/04\/Kasvatusta-vuodesta-2013_20260415_142023_0000-768x644.jpg 768w, https:\/\/marsuyhdistys.net\/home\/wp-content\/uploads\/2026\/04\/Kasvatusta-vuodesta-2013_20260415_142023_0000.jpg 1293w\" sizes=\"auto, (max-width: 640px) 100vw, 640px\" \/><\/a><\/p>\n<p><a href=\"https:\/\/marsuyhdistys.net\/home\/wp-content\/uploads\/2022\/09\/20220901_222421_0000.jpg\"><img loading=\"lazy\" decoding=\"async\" class=\"wp-image-10114 alignnone\" src=\"https:\/\/marsuyhdistys.net\/home\/wp-content\/uploads\/2022\/09\/20220901_222421_0000-300x218.jpg\" alt=\"\" width=\"568\" height=\"412\" srcset=\"https:\/\/marsuyhdistys.net\/home\/wp-content\/uploads\/2022\/09\/20220901_222421_0000-300x218.jpg 300w, https:\/\/marsuyhdistys.net\/home\/wp-content\/uploads\/2022\/09\/20220901_222421_0000.jpg 650w\" sizes=\"auto, (max-width: 568px) 100vw, 568px\" \/><\/a><\/p>\n<p><a href=\"https:\/\/marsuyhdistys.net\/home\/wp-content\/uploads\/2023\/02\/caro.png\"><img loading=\"lazy\" decoding=\"async\" class=\"alignnone  wp-image-10804\" src=\"https:\/\/marsuyhdistys.net\/home\/wp-content\/uploads\/2023\/02\/caro-300x251.png\" alt=\"\" width=\"568\" height=\"475\" srcset=\"https:\/\/marsuyhdistys.net\/home\/wp-content\/uploads\/2023\/02\/caro-300x251.png 300w, https:\/\/marsuyhdistys.net\/home\/wp-content\/uploads\/2023\/02\/caro-768x644.png 768w, https:\/\/marsuyhdistys.net\/home\/wp-content\/uploads\/2023\/02\/caro.png 940w\" sizes=\"auto, (max-width: 568px) 100vw, 568px\" \/><\/a><\/p>\n<p><a href=\"http:\/\/www.stopselnasans.fi\">Kotisivut St\u00f6pseln\u00e4sans<\/a><\/p>\n<p><a href=\"https:\/\/marsuyhdistys.net\/home\/wp-content\/uploads\/2026\/01\/Sweet-Bums-sydan-2.jpg\"><img loading=\"lazy\" decoding=\"async\" class=\"alignnone size-full wp-image-13204\" src=\"https:\/\/marsuyhdistys.net\/home\/wp-content\/uploads\/2026\/01\/Sweet-Bums-sydan-2.jpg\" alt=\"\" width=\"1080\" height=\"1080\" srcset=\"https:\/\/marsuyhdistys.net\/home\/wp-content\/uploads\/2026\/01\/Sweet-Bums-sydan-2.jpg 1080w, https:\/\/marsuyhdistys.net\/home\/wp-content\/uploads\/2026\/01\/Sweet-Bums-sydan-2-300x300.jpg 300w, https:\/\/marsuyhdistys.net\/home\/wp-content\/uploads\/2026\/01\/Sweet-Bums-sydan-2-1024x1024.jpg 1024w, https:\/\/marsuyhdistys.net\/home\/wp-content\/uploads\/2026\/01\/Sweet-Bums-sydan-2-150x150.jpg 150w, https:\/\/marsuyhdistys.net\/home\/wp-content\/uploads\/2026\/01\/Sweet-Bums-sydan-2-768x768.jpg 768w\" sizes=\"auto, (max-width: 1080px) 100vw, 1080px\" \/><\/a><\/p>\n<p><a href=\"https:\/\/marsuyhdistys.net\/home\/wp-content\/uploads\/2024\/01\/20240125_225338_0000.png\"><img loading=\"lazy\" decoding=\"async\" class=\"alignnone  wp-image-11867\" src=\"https:\/\/marsuyhdistys.net\/home\/wp-content\/uploads\/2024\/01\/20240125_225338_0000-300x251.png\" alt=\"\" width=\"569\" height=\"476\" srcset=\"https:\/\/marsuyhdistys.net\/home\/wp-content\/uploads\/2024\/01\/20240125_225338_0000-300x251.png 300w, https:\/\/marsuyhdistys.net\/home\/wp-content\/uploads\/2024\/01\/20240125_225338_0000-768x644.png 768w, https:\/\/marsuyhdistys.net\/home\/wp-content\/uploads\/2024\/01\/20240125_225338_0000.png 940w\" sizes=\"auto, (max-width: 569px) 100vw, 569px\" \/><\/a><\/p>\n<p><a href=\"https:\/\/marsuyhdistys.net\/home\/wp-content\/uploads\/2026\/02\/storage_emulated_0_Android_data_com.adobe_.reader_files_Pictures_Adobe-Acrobat-Exports_Saarelman-marsula-mainos_0.jpg\"><img loading=\"lazy\" decoding=\"async\" class=\"alignnone size-large wp-image-13220\" src=\"https:\/\/marsuyhdistys.net\/home\/wp-content\/uploads\/2026\/02\/storage_emulated_0_Android_data_com.adobe_.reader_files_Pictures_Adobe-Acrobat-Exports_Saarelman-marsula-mainos_0-1024x1024.jpg\" alt=\"\" width=\"640\" height=\"640\" srcset=\"https:\/\/marsuyhdistys.net\/home\/wp-content\/uploads\/2026\/02\/storage_emulated_0_Android_data_com.adobe_.reader_files_Pictures_Adobe-Acrobat-Exports_Saarelman-marsula-mainos_0-1024x1024.jpg 1024w, https:\/\/marsuyhdistys.net\/home\/wp-content\/uploads\/2026\/02\/storage_emulated_0_Android_data_com.adobe_.reader_files_Pictures_Adobe-Acrobat-Exports_Saarelman-marsula-mainos_0-300x300.jpg 300w, https:\/\/marsuyhdistys.net\/home\/wp-content\/uploads\/2026\/02\/storage_emulated_0_Android_data_com.adobe_.reader_files_Pictures_Adobe-Acrobat-Exports_Saarelman-marsula-mainos_0-150x150.jpg 150w, https:\/\/marsuyhdistys.net\/home\/wp-content\/uploads\/2026\/02\/storage_emulated_0_Android_data_com.adobe_.reader_files_Pictures_Adobe-Acrobat-Exports_Saarelman-marsula-mainos_0-768x768.jpg 768w, https:\/\/marsuyhdistys.net\/home\/wp-content\/uploads\/2026\/02\/storage_emulated_0_Android_data_com.adobe_.reader_files_Pictures_Adobe-Acrobat-Exports_Saarelman-marsula-mainos_0-1536x1536.jpg 1536w, https:\/\/marsuyhdistys.net\/home\/wp-content\/uploads\/2026\/02\/storage_emulated_0_Android_data_com.adobe_.reader_files_Pictures_Adobe-Acrobat-Exports_Saarelman-marsula-mainos_0.jpg 1654w\" sizes=\"auto, (max-width: 640px) 100vw, 640px\" \/><\/a><\/p>\n","protected":false},"excerpt":{"rendered":"<p>T\u00e4m\u00e4 on Suomen Marsuyhdistys ry:n kasvattajalista. Kasvattajat ovat sitoutuneet noudattamaan SMY:n &nbsp;kasvattajanimis\u00e4\u00e4nt\u00f6j\u00e4.&nbsp; Sertifioidun kasvattajan ja vuoden kasvattajan tittelin saaneeilla kasvattajilla listalla merkint\u00e4. Kriteereist\u00e4 p\u00e4\u00e4set lukemaan: vuoden kasvattaja&nbsp;ja Sertifioitu&nbsp;kasvattaja Kotisivut Mira&#8217;s Kotisivut HugAlan Blogisivut Ennenkuulumatoon Kotisivut Limetta&#8217;s Kotisivut Minicandy Kotisivut St\u00f6pseln\u00e4sans<\/p>\n","protected":false},"author":10,"featured_media":0,"parent":0,"menu_order":30,"comment_status":"closed","ping_status":"closed","template":"","meta":{"footnotes":"","_links_to":"","_links_to_target":""},"class_list":["post-53","page","type-page","status-publish","hentry"],"_links":{"self":[{"href":"https:\/\/marsuyhdistys.net\/home\/wp-json\/wp\/v2\/pages\/53","targetHints":{"allow":["GET"]}}],"collection":[{"href":"https:\/\/marsuyhdistys.net\/home\/wp-json\/wp\/v2\/pages"}],"about":[{"href":"https:\/\/marsuyhdistys.net\/home\/wp-json\/wp\/v2\/types\/page"}],"author":[{"embeddable":true,"href":"https:\/\/marsuyhdistys.net\/home\/wp-json\/wp\/v2\/users\/10"}],"replies":[{"embeddable":true,"href":"https:\/\/marsuyhdistys.net\/home\/wp-json\/wp\/v2\/comments?post=53"}],"version-history":[{"count":506,"href":"https:\/\/marsuyhdistys.net\/home\/wp-json\/wp\/v2\/pages\/53\/revisions"}],"predecessor-version":[{"id":13273,"href":"https:\/\/marsuyhdistys.net\/home\/wp-json\/wp\/v2\/pages\/53\/revisions\/13273"}],"wp:attachment":[{"href":"https:\/\/marsuyhdistys.net\/home\/wp-json\/wp\/v2\/media?parent=53"}],"curies":[{"name":"wp","href":"https:\/\/api.w.org\/{rel}","templated":true}]}}