{"id":55,"date":"2012-08-02T19:40:27","date_gmt":"2012-08-02T17:40:27","guid":{"rendered":"http:\/\/marsuyhdistys.net\/home\/?page_id=55"},"modified":"2025-04-27T20:17:09","modified_gmt":"2025-04-27T18:17:09","slug":"linkit-ja-kaavakkeet","status":"publish","type":"page","link":"https:\/\/marsuyhdistys.net\/home\/linkit-ja-kaavakkeet\/","title":{"rendered":"Lomakkeet ja linkit"},"content":{"rendered":"<h4 class=\"wp-block-heading\"><strong>Esitteet<\/strong><\/h4>\n<ul class=\"wp-block-list\">\n<li><a href=\"https:\/\/marsuyhdistys.net\/home\/wp-content\/uploads\/2022\/10\/SMYyhdistysesite.pdf\">  Yhdistysesite<\/a><\/li>\n<li> <a rel=\"noreferrer noopener\" aria-label=\"Marsu ja hoitovihkonen (avautuu uudessa v\u00e4lilehdess\u00e4)\" href=\"https:\/\/marsuyhdistys.net\/home\/wp-content\/uploads\/2022\/10\/SMYhoitovihko.pdf\" target=\"_blank\">Marsu ja hoitovihkonen<\/a><\/li>\n<li> <a rel=\"noreferrer noopener\" href=\"http:\/\/marsuyhdistys.net\/home\/wp-content\/uploads\/2012\/08\/Ohjeita-elaintentarkastajille-.pdf\" target=\"_blank\">Ohjeita elaintentarkastajille<\/a><\/li>\n<li> <a href=\"http:\/\/marsuyhdistys.net\/home\/?page_id=6339\">Marsujen ruumiinavaukset<\/a> <\/li>\n<\/ul>\n<p><strong>Tittelihakemukset<\/strong><\/p>\n<ul>\n<li><strong>Titteleiden j<\/strong><strong>a valioiden hakemukset k\u00e4sitell\u00e4\u00e4n viikon sis\u00e4ll\u00e4 hakemuksesta!<span style=\"color: #ff0000;\"> HOX! Hakemuksen tiedoista poiketen! Ruusukkeita voi ostaa en\u00e4\u00e4 n\u00e4yttelyiden yhteydess\u00e4 infosta!<\/span><\/strong><\/li>\n<li><strong><a href=\"https:\/\/docs.google.com\/forms\/d\/1ZmTDHFk_s0YsdrAIpltwOZgNZORMGJzpkcdWgGRjeyk\/edit\">S\u00c4HK\u00d6INEN TITTELIHAKEMUS<\/a><\/strong><\/li>\n<\/ul>\n<p><strong style=\"font-size: revert; color: initial;\"><br \/>Yhdistyksen kaavakkeet<\/strong><\/p>\n<ul>\n<li><a href=\"http:\/\/marsuyhdistys.net\/home\/wp-content\/uploads\/2012\/08\/SMYN.kasvattajanimihakemus.odt\" target=\"_blank\" rel=\"noopener\">SMY:n kasvattajanimihakemus<\/a><\/li>\n<li><a href=\"http:\/\/marsuyhdistys.net\/home\/wp-content\/uploads\/2013\/01\/Kasvattajakatselmointikaavake.pdf\" target=\"_blank\" rel=\"noopener\">Kasvattajakatselmointikaavake<\/a><\/li>\n<li><span style=\"color: #3366ff;\"><a href=\"http:\/\/marsuyhdistys.net\/home\/wp-content\/uploads\/2012\/08\/Englanninkielinen.ilmokaavake.doc\">Entry form<\/a><br \/><\/span><\/li>\n<li><a href=\"http:\/\/marsuyhdistys.net\/home\/wp-content\/uploads\/2021\/01\/Lemmikkituomarikoulutuskaavake-18.1.2021.doc\" target=\"_blank\" rel=\"noopener\">Lemmikkituomarikoulutuskaavake<\/a><\/li>\n<li><a title=\"Ulkomuototuomarikoulutuskaavake\" href=\"http:\/\/marsuyhdistys.net\/home\/wp-content\/uploads\/2021\/01\/UML-tuomarikoulutuskaavake-2020.doc\" target=\"_blank\" rel=\"noopener\">Ulkomuototuomarikoulutuskaavake<\/a><\/li>\n<li><a title=\"Poikueen kirjanpito\" href=\"http:\/\/marsuyhdistys.net\/home\/wp-content\/uploads\/2013\/01\/Poikueen-kirjanpitokaavake.doc\" target=\"_blank\" rel=\"noopener\">Poikueen kirjanpito<\/a><\/li>\n<li><a href=\"http:\/\/marsuyhdistys.net\/home\/wp-content\/uploads\/2020\/02\/Laskutuspohja-2020.xls\">Laskutuspohja<\/a><\/li>\n<li><a href=\"https:\/\/marsuyhdistys.net\/home\/wp-content\/uploads\/2025\/04\/Luettelopohja-1.docx\">Luettelopohja <\/a><\/li>\n<\/ul>\n<p><strong>Sopimukset<\/strong><\/p>\n<ul>\n<li><span style=\"color: #3366ff;\"><a style=\"color: #3366ff;\" href=\"http:\/\/marsuyhdistys.net\/home\/wp-content\/uploads\/2013\/01\/hoitosopimus.pdf\" target=\"_blank\" rel=\"noopener\"><span style=\"line-height: 15px;\">Hoitosopimus<\/span><\/a><\/span><\/li>\n<li><a href=\"http:\/\/marsuyhdistys.net\/home\/wp-content\/uploads\/2013\/01\/astutussopimus.pdf\" target=\"_blank\" rel=\"noopener\">Astutussopimus<\/a><\/li>\n<\/ul>\n<p><strong>Sukutaulupohjat<\/strong><\/p>\n<ul>\n<li><span style=\"color: #3366ff;\"><a style=\"color: #3366ff;\" href=\"http:\/\/marsuyhdistys.net\/home\/wp-content\/uploads\/2013\/01\/Rekister\u00f6intikaavake-vaaka.doc\" target=\"_blank\" rel=\"noopener\"><span style=\"line-height: 15px;\">Vaakamallinen<\/span><\/a><\/span><\/li>\n<li><span style=\"color: #3366ff;\"><a style=\"color: #3366ff;\" href=\"http:\/\/marsuyhdistys.net\/home\/wp-content\/uploads\/2013\/01\/Sukutaulupohja.doc\" target=\"_blank\" rel=\"noopener\">Pystymallinen<\/a><\/span><\/li>\n<li><a href=\"http:\/\/www.marsutietokanta.net\/\">Marsutietokanta<\/a><\/li>\n<\/ul>\n<p><strong>Kotimaiset linkit:<\/strong><\/p>\n<ul>\n<li><a href=\"http:\/\/skjl.net\" target=\"_blank\" rel=\"noopener\">Suomen Kani- ja Jyrsij\u00e4liitto ry.<\/a><\/li>\n<li><a href=\"https:\/\/pirkanmaannakertajat.weebly.com\/\" target=\"_blank\" rel=\"noopener\">Pirkanmaan Nakertajat ry<\/a><\/li>\n<li><a href=\"http:\/\/epjyn.blogspot.fi\/\" target=\"_blank\" rel=\"noopener\">Etel\u00e4-Pohjanmaan jyrsij\u00e4yhdistys ry<\/a><\/li>\n<li><a href=\"http:\/\/www.osjh.net\/\" target=\"_blank\" rel=\"noopener\">Oulun seudun jyrsij\u00e4harrastajat ry<\/a><\/li>\n<li><a href=\"https:\/\/susirajanjyrsijaharrastajat.yhdistysavain.fi\/\" target=\"_blank\" rel=\"noopener\">Susirajan jyrsij\u00e4harrastajat<\/a><\/li>\n<li><a href=\"https:\/\/kaakonkj.weebly.com\/\">Kaakon Kani &amp; Jyrsij\u00e4t ry<\/a><\/li>\n<\/ul>\n<p><strong>Ulkomaiset linkit<\/strong><\/p>\n<ul>\n<li><a href=\"http:\/\/www.norskmarsvinklubb.no\/nordisk-mesterskapnordic-championship.html\" target=\"_blank\" rel=\"noopener\">Nordic<\/a> &#8211; Pohjoismaiden Nordic Championship -sivusto<\/li>\n<li><a href=\"http:\/\/www.svenskamarsvinsforeningen.se\/\" target=\"_blank\" rel=\"noopener\">Ruotsi<\/a> &#8211; SMF Svenska Marsvinsf\u00f6reningen<\/li>\n<li><a href=\"http:\/\/www.norskmarsvinforening.com\/kontakt.htm\" target=\"_blank\" rel=\"noopener\">Norja<\/a> &#8211; NMF Norsk Marsvinforening<\/li>\n<li><a href=\"http:\/\/www.norskmarsvinklubb.no\/index.html\" target=\"_blank\" rel=\"noopener\">Norja<\/a> &#8211; NMK Norsk Marsvinklubb<\/li>\n<li><a href=\"http:\/\/marsvineklub.dk\/\" target=\"_blank\" rel=\"noopener\">Tanska<\/a> &#8211; DMK Dansk MarsvineKlub<\/li>\n<li><a href=\"http:\/\/dkmf17.wix.com\/danskmarsvinforening\" target=\"_blank\" rel=\"noopener\">Tanska<\/a> &#8211; DMF Dansk Marsvin Forening<\/li>\n<li><a href=\"http:\/\/www.nationalcavyclub.co.uk\/\" target=\"_blank\" rel=\"noopener\">Englanti <\/a>&#8211; National Cavy Club<\/li>\n<li><a href=\"http:\/\/www.britishcavycouncil.org.uk\/\" target=\"_blank\" rel=\"noopener\">Englanti<\/a> &#8211; British Cavy Council<\/li>\n<li><a href=\"http:\/\/www.nada.kth.se\/~joeljons\/mats\/\" target=\"_blank\" rel=\"noopener\">MATS<\/a> sukutauluohjelma (ruotsinkielinen)<\/li>\n<\/ul>\n<p><strong>Yhdistyksille:<br \/>Arvostelulomakkeet<\/strong><\/p>\n<p><strong><span style=\"color: #000000;\">LEMMIKKI<\/span><\/strong><\/p>\n<ul>\n<li><a href=\"http:\/\/marsuyhdistys.net\/home\/wp-content\/uploads\/2021\/05\/Arvostelukaavake-Lemmikki.pdf\">Arvostelukaavake (lemmikki)<\/a><\/li>\n<li><a href=\"http:\/\/marsuyhdistys.net\/home\/wp-content\/uploads\/2021\/05\/Arvostelukaavake-Lemmikki-ilman-logoa.pdf\" target=\"_blank\" rel=\"noopener\">Arvostelukaavake (lemmikki), ilmanlogoa<\/a><\/li>\n<li><a href=\"http:\/\/marsuyhdistys.net\/home\/wp-content\/uploads\/2021\/05\/eliittikorttiPLM-1.pdf\" target=\"_blank\" rel=\"noopener\">Eliittikortti (PLM)<br \/><\/a><\/li>\n<li><a href=\"http:\/\/marsuyhdistys.net\/home\/wp-content\/uploads\/2021\/05\/Virtuaali-eliittikortti-PVLM.pdf\">Virtuaalieliittikortti (PVLM)<\/a><\/li>\n<li><a href=\"http:\/\/marsuyhdistys.net\/home\/wp-content\/uploads\/2021\/05\/J\u00e4lki-ilmo-lemmikki.pdf\">J\u00e4lki-ilmoittautumiskaavake lemmikkiluokkaan<\/a><\/li>\n<li><a href=\"http:\/\/marsuyhdistys.net\/home\/wp-content\/uploads\/2021\/01\/Lemmikkiluokan-tuloskaavake.18.1.2021.docx\">Lemmikkiluokan tuloskaavake<\/a><\/li>\n<\/ul>\n<p><strong>UML<\/strong><\/p>\n<ul>\n<li><a href=\"https:\/\/marsuyhdistys.net\/home\/wp-content\/uploads\/2021\/07\/UML-arvostelukaavakkeet.pdf\">Ulkomuotoluokan arvostelukaavakkeet<\/a><\/li>\n<li><a href=\"http:\/\/marsuyhdistys.net\/home\/wp-content\/uploads\/2019\/03\/UML-j\u00e4lki-ilmo.pdf\">J\u00e4lki-ilmoittautumiskaavake UML-luokka<\/a><\/li>\n<li><a href=\"https:\/\/marsuyhdistys.net\/home\/wp-content\/uploads\/2024\/04\/UML-tuloskaavake-uusi.pdf\">Ulkomuotoluokan tuloskaavake<\/a><\/li>\n<\/ul>\n<p><strong>V\u00c4LIAIKAKILPAILU<\/strong><\/p>\n<ul>\n<li><a href=\"https:\/\/marsuyhdistys.net\/home\/wp-content\/uploads\/2022\/06\/V\u00c4LIAIKAKISA-TULOSKAAVAKE.pdf\">V\u00e4liaikakilpailun osallistujakaavake (pohja)<\/a><\/li>\n<\/ul>\n<p><strong><a title=\"Kasvattajille\" href=\"http:\/\/marsuyhdistys.net\/home\/?page_id=2608\" target=\"_blank\" rel=\"noopener\">Suomen Marsuyhdistyksen virallisille kasvattajille<\/a><\/strong><\/p><\/p>\n","protected":false},"excerpt":{"rendered":"<p>Esitteet Tittelihakemukset Titteleiden ja valioiden hakemukset k\u00e4sitell\u00e4\u00e4n viikon sis\u00e4ll\u00e4 hakemuksesta! HOX! Hakemuksen tiedoista poiketen! Ruusukkeita voi ostaa en\u00e4\u00e4 n\u00e4yttelyiden yhteydess\u00e4 infosta! S\u00c4HK\u00d6INEN TITTELIHAKEMUS Yhdistyksen kaavakkeet SMY:n kasvattajanimihakemus Kasvattajakatselmointikaavake Entry form Lemmikkituomarikoulutuskaavake Ulkomuototuomarikoulutuskaavake Poikueen kirjanpito Laskutuspohja Luettelopohja Sopimukset Hoitosopimus Astutussopimus Sukutaulupohjat &hellip; <a href=\"https:\/\/marsuyhdistys.net\/home\/linkit-ja-kaavakkeet\/\">Lue loppuun <span class=\"meta-nav\">&rarr;<\/span><\/a><\/p>\n","protected":false},"author":10,"featured_media":0,"parent":0,"menu_order":50,"comment_status":"closed","ping_status":"closed","template":"","meta":{"footnotes":"","_links_to":"","_links_to_target":""},"class_list":["post-55","page","type-page","status-publish","hentry"],"_links":{"self":[{"href":"https:\/\/marsuyhdistys.net\/home\/wp-json\/wp\/v2\/pages\/55","targetHints":{"allow":["GET"]}}],"collection":[{"href":"https:\/\/marsuyhdistys.net\/home\/wp-json\/wp\/v2\/pages"}],"about":[{"href":"https:\/\/marsuyhdistys.net\/home\/wp-json\/wp\/v2\/types\/page"}],"author":[{"embeddable":true,"href":"https:\/\/marsuyhdistys.net\/home\/wp-json\/wp\/v2\/users\/10"}],"replies":[{"embeddable":true,"href":"https:\/\/marsuyhdistys.net\/home\/wp-json\/wp\/v2\/comments?post=55"}],"version-history":[{"count":141,"href":"https:\/\/marsuyhdistys.net\/home\/wp-json\/wp\/v2\/pages\/55\/revisions"}],"predecessor-version":[{"id":12644,"href":"https:\/\/marsuyhdistys.net\/home\/wp-json\/wp\/v2\/pages\/55\/revisions\/12644"}],"wp:attachment":[{"href":"https:\/\/marsuyhdistys.net\/home\/wp-json\/wp\/v2\/media?parent=55"}],"curies":[{"name":"wp","href":"https:\/\/api.w.org\/{rel}","templated":true}]}}