{"id":63,"date":"2012-08-02T19:48:27","date_gmt":"2012-08-02T17:48:27","guid":{"rendered":"http:\/\/marsuyhdistys.net\/home\/?page_id=63"},"modified":"2026-04-13T12:30:09","modified_gmt":"2026-04-13T10:30:09","slug":"jasenlehti","status":"publish","type":"page","link":"https:\/\/marsuyhdistys.net\/home\/jasenille\/jasenlehti\/","title":{"rendered":"J\u00e4senlehti"},"content":{"rendered":"<p><span style=\"color: #000000;\">Marsu Magazine on SMY:n j\u00e4senjulkaisu, joka ilmestyy kaksi kertaa vuodessa jokaiselle j\u00e4senmaksun maksaneelle. Marsu Magazine on lehti, josta on hy\u00f6ty\u00e4 ja iloa jokaiselle marsun omistajalle.<\/span><\/p>\n<p><span style=\"color: #000000;\"><strong>Lehden sis\u00e4ll\u00f6st\u00e4<\/strong><\/span><\/p>\n<p><span style=\"color: #000000;\">Marsu Magazinen artikkelit k\u00e4sittelev\u00e4t marsuja monipuolisesti. Juttuja l\u00f6ytyy mm. ruokinnasta, hoidosta, roduista, v\u00e4reist\u00e4, genetiikasta ja monista muista aiheista. Lemmikki-nurkka palvelee sek\u00e4 aloittelevia marsuharrastajia, ett\u00e4 jo pitemp\u00e4\u00e4n marsuja omistaneita, ja sis\u00e4lt\u00e4\u00e4 juttuja niin tavallisesta lemmikkimarsun el\u00e4m\u00e4st\u00e4 kuin lemmikki-n\u00e4yttelyist\u00e4kin. Jokaisessa lehdess\u00e4 julkaistaan my\u00f6s menneiden n\u00e4yttelyiden tuloksia tuomareiden ja yleis\u00f6n kommenttien kera. Saat lehden kautta tiedon my\u00f6s tulevista tapahtumista.<\/span><br \/><span style=\"color: #000000;\"> Jokainen j\u00e4sen voi l\u00e4hett\u00e4\u00e4 lehteen artikkeleita, kuvia, piirustuksia, ilmoituksia tai muuta materiaalia. Toimituksen kanssa voi my\u00f6s keskustella siit\u00e4, mink\u00e4laisia juttuja kaivataan ja mahdollisuuksiensa mukaan auttaa tekem\u00e4\u00e4n niit\u00e4.<\/span><\/p>\n<p><span style=\"color: #000000;\"><strong>Toimitus<\/strong><\/span><\/p>\n<p><span style=\"color: #000000;\">Toimituksen osoite:\u00a0<span style=\"color: #0000ff;\"><a style=\"color: #0000ff;\" href=\"mailto:marsu.magazine@gmail.com\">marsu.magazine@gmail.com<\/a><\/span><\/span><\/p>\n<p><span style=\"color: #000000;\"><strong>Lehtien ilmestyminen ja deadline<\/strong><\/span><\/p>\n<p><span style=\"color: #000000;\">Deadlinella tarkoitetaan sit\u00e4 p\u00e4iv\u00e4\u00e4, johon menness\u00e4 materiaalin on oltava toimituksessa. Tarvittaessa deadlinessa voidaan joustaa, mutta p\u00e4\u00e4asiassa deadlinen j\u00e4lkeen tullut materiaali siirtyy seuraavaan lehteen.<\/span><\/p>\n<p><span style=\"color: #000000;\">\u2022 Kev\u00e4tnumero, dl 1.4<\/span><br \/><span style=\"color: #000000;\"> \u2022 Talvinumero, dl 1.10<\/span><\/p>\n<p><span style=\"color: #000000;\"><strong>Materiaali<\/strong><\/span><\/p>\n<p><span style=\"color: #000000;\">\u2022 Artikkelit s\u00e4hk\u00f6postin liitetiedostona, mieluiten rtf- tai doc-muodossa, tai postitse selke\u00e4ll\u00e4 k\u00e4sialalla kirjoitettuna. Ei pdf muodossa!<\/span><br \/><span style=\"color: #000000;\"> \u2022 Valokuvat alkuper\u00e4iskoossaan ja muodossaan.<\/span><br \/><span style=\"color: #000000;\"> \u2022 Piirrokset valkoiselle paperille mustalla tussilla piirrettyn\u00e4, \u00e4l\u00e4 k\u00e4yt\u00e4 ruutupaperia.<\/span><br \/><span style=\"color: #000000;\"> \u2022 Ristisanateht\u00e4v\u00e4t ja muut vastaavat voi tehd\u00e4 word- tai excel-taulukolla. K\u00e4sin tehdyt teht\u00e4v\u00e4t mustalla tussilla valkoiselle paperille.<\/span><br \/><span style=\"color: #000000;\"> \u2022 Lehden sivun koko on A5. Koko lehti on v\u00e4rillinen<\/span><br \/><span style=\"color: #000000;\"> \u2022 Jos haluat postitse l\u00e4hetetty\u00e4 materiaalia takaisin, laita mukaan osoitteellasi ja postimerkill\u00e4 varustettu palautuskuori.<\/span><br \/><span style=\"color: #000000;\"> \u2022 Mainosten, ilmoitusten, juttujen tai muun lehteen tulevan materiaalin ei tarvitse olla painovalmista.<\/span><br \/><span style=\"color: #000000;\"> \u2022 Kaikki lehte\u00e4 koskeva materiaali osoitteeseen\u00a0<span style=\"color: #0000ff;\"><a style=\"color: #0000ff;\" href=\"mailto:marsu.magazine@gmail.com\">marsu.magazine@gmail.com<\/a><\/span><\/span><\/p>\n<p><span style=\"color: #000000;\">\u2022 Vanhoja lehti\u00e4 voi tiedustella n\u00e4yttelyiss\u00e4 infop\u00f6yd\u00e4st\u00e4.<\/span><\/p>\n<p><span style=\"color: #000000;\"><strong>Mainokset<\/strong><\/span><\/p>\n<p><span style=\"color: #000000;\">Lehdess\u00e4 julkaistaan mainoksia, jotka on hinnoiteltu seuraavasti 1\/2024 lehdest\u00e4 alkaen:<\/span><br \/><span style=\"color: #000000;\">90 \u20ac takakansi (v\u00e4ri)<\/span><br \/><span style=\"color: #000000;\">90 \u20ac keskiaukeama (v\u00e4ri)<\/span><br \/><span style=\"color: #000000;\">50 \u20ac yksi sivu (v\u00e4ri)<\/span><br \/><span style=\"color: #000000;\">30 \u20ac 1\/2 sivu (v\u00e4ri)<\/span><br \/><span style=\"color: #000000;\">20 \u20ac 1\/4 sivu tai pienempi (v\u00e4ri)<\/span><br \/><span style=\"color: #000000;\"> J\u00e4senille rivi- ja kuolinilmoitukset ovat ilmaisia.<\/span><\/p>\n<p><span style=\"color: #000000;\">Kasvattaja-alennukset<\/span><br \/><span style=\"color: #000000;\"> Lehdet 1 &#8211; 3 -20% alennus<\/span><br \/><span style=\"color: #000000;\"> Lehti 4 (joulunumero)\u00a0-50% alennus<\/span><\/p>\n<p><span style=\"color: #000000;\">Ilmoitukset maksetaan etuk\u00e4teen SMY:n tilille NORDEA\u00a0<strong>FI74 1469 3000 0265 06<\/strong><\/span><br \/><span style=\"color: #000000;\"> Ilmoita selv\u00e4sti kuka maksaa ja mit\u00e4. L\u00e4het\u00e4 kuitti maksetusta maksusta materiaalin mukana.<\/span><\/p>\n<p><span style=\"color: #000000;\">\u2022 Mainosten ei tarvitse olla painovalmiita, toimitus voi kirjoittaa ne puhtaaksi.<\/span><\/p>\n<p><span style=\"color: #000000;\"><strong>J\u00e4senasiat<\/strong><\/span><\/p>\n<p><span style=\"color: #000000;\">Jos olet maksanut j\u00e4senmaksun, mutta lehte\u00e4 ei kuulu, ota yhteytt\u00e4 j\u00e4senrekisterin pit\u00e4j\u00e4\u00e4n\u00a0\u00a0<\/span>(<a href=\"mailto:smyjasenasiat@gmail.com\">smyjasenasiat@gmail.com<\/a>)<\/p><\/p>\n","protected":false},"excerpt":{"rendered":"<p>Marsu Magazine on SMY:n j\u00e4senjulkaisu, joka ilmestyy kaksi kertaa vuodessa jokaiselle j\u00e4senmaksun maksaneelle. Marsu Magazine on lehti, josta on hy\u00f6ty\u00e4 ja iloa jokaiselle marsun omistajalle. Lehden sis\u00e4ll\u00f6st\u00e4 Marsu Magazinen artikkelit k\u00e4sittelev\u00e4t marsuja monipuolisesti. Juttuja l\u00f6ytyy mm. ruokinnasta, hoidosta, roduista, v\u00e4reist\u00e4, &hellip; <a href=\"https:\/\/marsuyhdistys.net\/home\/jasenille\/jasenlehti\/\">Lue loppuun <span class=\"meta-nav\">&rarr;<\/span><\/a><\/p>\n","protected":false},"author":10,"featured_media":0,"parent":13058,"menu_order":30,"comment_status":"closed","ping_status":"closed","template":"","meta":{"footnotes":"","_links_to":"","_links_to_target":""},"class_list":["post-63","page","type-page","status-publish","hentry"],"_links":{"self":[{"href":"https:\/\/marsuyhdistys.net\/home\/wp-json\/wp\/v2\/pages\/63","targetHints":{"allow":["GET"]}}],"collection":[{"href":"https:\/\/marsuyhdistys.net\/home\/wp-json\/wp\/v2\/pages"}],"about":[{"href":"https:\/\/marsuyhdistys.net\/home\/wp-json\/wp\/v2\/types\/page"}],"author":[{"embeddable":true,"href":"https:\/\/marsuyhdistys.net\/home\/wp-json\/wp\/v2\/users\/10"}],"replies":[{"embeddable":true,"href":"https:\/\/marsuyhdistys.net\/home\/wp-json\/wp\/v2\/comments?post=63"}],"version-history":[{"count":25,"href":"https:\/\/marsuyhdistys.net\/home\/wp-json\/wp\/v2\/pages\/63\/revisions"}],"predecessor-version":[{"id":13262,"href":"https:\/\/marsuyhdistys.net\/home\/wp-json\/wp\/v2\/pages\/63\/revisions\/13262"}],"up":[{"embeddable":true,"href":"https:\/\/marsuyhdistys.net\/home\/wp-json\/wp\/v2\/pages\/13058"}],"wp:attachment":[{"href":"https:\/\/marsuyhdistys.net\/home\/wp-json\/wp\/v2\/media?parent=63"}],"curies":[{"name":"wp","href":"https:\/\/api.w.org\/{rel}","templated":true}]}}