{"id":6554,"date":"2019-01-05T14:38:32","date_gmt":"2019-01-05T12:38:32","guid":{"rendered":"http:\/\/marsuyhdistys.net\/home\/?page_id=6554"},"modified":"2026-01-29T13:42:40","modified_gmt":"2026-01-29T11:42:40","slug":"puheenjohtajat-kautta-aikain","status":"publish","type":"page","link":"https:\/\/marsuyhdistys.net\/home\/yhdistys\/historiaa\/puheenjohtajat-kautta-aikain\/","title":{"rendered":"Puheenjohtajat kautta aikain"},"content":{"rendered":"<ul class=\"wp-block-list\">\n<li><strong>1989<\/strong> Vuokko Er\u00e4j\u00e4\u00e4<\/li>\n<li><strong>1990<\/strong> P\u00e4ivi Tiitinen<\/li>\n<li><strong>1991<\/strong> Anneli Ceder<\/li>\n<li><strong>1992<\/strong> Anneli Ceder<\/li>\n<li><strong>1993<\/strong> Nina Tiitinen<\/li>\n<li><strong>1994<\/strong> Nina Tiitinen<\/li>\n<li><strong>1995<\/strong> Tommi L\u00e5ngstr\u00f6m<\/li>\n<li><strong>1996<\/strong> Katja Kivipuro<\/li>\n<li><strong>1997<\/strong> Maria Fredriksson<\/li>\n<li><strong>1998<\/strong> Kristina Saajanaho<\/li>\n<li><strong>1999<\/strong> Tommi L\u00e5ngstr\u00f6m<\/li>\n<li><strong>2000<\/strong> Maria Fredriksson<\/li>\n<li><strong>2001<\/strong> Maria Fredriksson<\/li>\n<li><strong>2002 <\/strong>Mikko Korhonen<\/li>\n<li><strong>2003<\/strong> Mikko Korhonen<\/li>\n<li><strong>2004<\/strong> Hanna Lahtinen<\/li>\n<li><strong>2005<\/strong> Hanna Lahtinen<\/li>\n<li><strong>2006<\/strong> Katja Kivipuro<\/li>\n<li><strong>2007<\/strong> Hanna Lahtinen<\/li>\n<li><strong>2008<\/strong> Anneli Ceder<\/li>\n<li><strong>2009<\/strong> Anneli Ceder<\/li>\n<li><strong>2010 <\/strong>Minna Alander<\/li>\n<li><strong>2011 <\/strong>Aida Depner<\/li>\n<li><strong>2012<\/strong> Susanna Piili<\/li>\n<li><strong>2013<\/strong> Katja Kivipuro<\/li>\n<li><strong>2014<\/strong> Elise Feodoroff<\/li>\n<li><strong>2015<\/strong> Susanna Piili, Kirsi Ruotsalainen<\/li>\n<li><strong>2016 <\/strong>Kirsi Ruotsalainen<\/li>\n<li><strong>2017<\/strong> Kirsi Ruotsalainen<\/li>\n<li><strong>2018<\/strong> Kirsi Ruotsalainen<\/li>\n<li><strong>2019<\/strong> P\u00e4ivi Tiitinen<\/li>\n<li><strong>2020<\/strong> P\u00e4ivi Tiitinen<\/li>\n<li><strong>2021<\/strong> Katja Oraj\u00e4rvi-Kotikangas<\/li>\n<li><strong>2022&nbsp;<\/strong>Katja&nbsp;Oraj\u00e4rvi-Kotikangas<\/li>\n<li><strong>2023 <\/strong>Hanna Haliseva<\/li>\n<li><strong>2024<\/strong> Hanna Haliseva<\/li>\n<li><strong>2025<\/strong> Katja Oraj\u00e4rvi-Kotikangas<\/li>\n<li><strong>2026<\/strong> Kati F\u00e4ldt<\/li>\n<\/ul>\n","protected":false},"excerpt":{"rendered":"","protected":false},"author":19,"featured_media":0,"parent":3503,"menu_order":100,"comment_status":"closed","ping_status":"closed","template":"","meta":{"footnotes":"","_links_to":"","_links_to_target":""},"class_list":["post-6554","page","type-page","status-publish","hentry"],"_links":{"self":[{"href":"https:\/\/marsuyhdistys.net\/home\/wp-json\/wp\/v2\/pages\/6554","targetHints":{"allow":["GET"]}}],"collection":[{"href":"https:\/\/marsuyhdistys.net\/home\/wp-json\/wp\/v2\/pages"}],"about":[{"href":"https:\/\/marsuyhdistys.net\/home\/wp-json\/wp\/v2\/types\/page"}],"author":[{"embeddable":true,"href":"https:\/\/marsuyhdistys.net\/home\/wp-json\/wp\/v2\/users\/19"}],"replies":[{"embeddable":true,"href":"https:\/\/marsuyhdistys.net\/home\/wp-json\/wp\/v2\/comments?post=6554"}],"version-history":[{"count":6,"href":"https:\/\/marsuyhdistys.net\/home\/wp-json\/wp\/v2\/pages\/6554\/revisions"}],"predecessor-version":[{"id":13125,"href":"https:\/\/marsuyhdistys.net\/home\/wp-json\/wp\/v2\/pages\/6554\/revisions\/13125"}],"up":[{"embeddable":true,"href":"https:\/\/marsuyhdistys.net\/home\/wp-json\/wp\/v2\/pages\/3503"}],"wp:attachment":[{"href":"https:\/\/marsuyhdistys.net\/home\/wp-json\/wp\/v2\/media?parent=6554"}],"curies":[{"name":"wp","href":"https:\/\/api.w.org\/{rel}","templated":true}]}}