{"id":6654,"date":"2019-02-13T19:05:03","date_gmt":"2019-02-13T17:05:03","guid":{"rendered":"http:\/\/marsuyhdistys.net\/home\/?page_id=6654"},"modified":"2020-05-21T15:43:29","modified_gmt":"2020-05-21T13:43:29","slug":"tulokset-2019","status":"publish","type":"page","link":"https:\/\/marsuyhdistys.net\/home\/tulokset-2019\/","title":{"rendered":"Tulokset 2019"},"content":{"rendered":"<p><strong>30v Juhlan\u00e4yttely Tuorla 2-3.2.2019 <\/strong><br \/><strong>LA 2.2.19<\/strong><br \/><a href=\"http:\/\/marsuyhdistys.net\/home\/wp-content\/uploads\/2019\/02\/tuorlaSBuml.odt\">UML1 ja 2 juhla juniorit ja avoin Sophie Barnard, UK<\/a><br \/><a href=\"http:\/\/marsuyhdistys.net\/home\/wp-content\/uploads\/2019\/02\/tuorlaKatja-uml.odt\">UML3: Katja Kivipuro, FIN<\/a><br \/><a href=\"http:\/\/marsuyhdistys.net\/home\/wp-content\/uploads\/2019\/02\/tuorlaaidapet.odt\">PET1 juhla Aida Depner, FIN<\/a><br \/><a href=\"http:\/\/marsuyhdistys.net\/home\/wp-content\/uploads\/2019\/02\/tuorlaanniken-pet.docx\">PET2: Anniken Kjaernet, NO<\/a><br \/><strong>SU 3.2.19<\/strong><br \/><a href=\"http:\/\/marsuyhdistys.net\/home\/wp-content\/uploads\/2019\/02\/tuorlaaidauml.odt\">UML1 Aida Depner<\/a><br \/><a href=\"http:\/\/marsuyhdistys.net\/home\/wp-content\/uploads\/2019\/02\/tuorlaannikenUML.odt\">UML2 Anniken Kjaernet, NO<\/a><br \/><a href=\"http:\/\/marsuyhdistys.net\/home\/wp-content\/uploads\/2019\/02\/tuorlaSBpet-su.odt\">PET1 Sophie Barnard, UK (Englantilaiseen tapaan)<\/a><br \/><a href=\"http:\/\/marsuyhdistys.net\/home\/wp-content\/uploads\/2019\/02\/tuorlaKatja-PET.odt\">PET2 Katja Kivipuro, FIN<\/a><\/p>\n<p><strong>10.2.2019<\/strong>&nbsp; <a href=\"http:\/\/marsuyhdistys.net\/home\/wp-content\/uploads\/2019\/05\/OsjhPet-Marsut.rtf\">OSJH Oulu Pet-luokka<\/a><\/p>\n<p><strong>2.3.2019 PiNa, Pet-n\u00e4yttely<\/strong><br \/><a href=\"http:\/\/marsuyhdistys.net\/home\/wp-content\/uploads\/2019\/04\/lemp\u00e4\u00e4l\u00e42.3.19.pdf\">PET Jessica Nurmiranta<\/a><\/p>\n<p><strong>9.3.2019 Kaakon Kanit &amp; Jyrsij\u00e4t ry, Lappeenranta<\/strong><br \/><a href=\"http:\/\/marsuyhdistys.net\/home\/wp-content\/uploads\/2019\/04\/Marsut-tulokset-9.3.2019.pdf\">PET Annukka Juntunen<\/a><\/p>\n<p><strong>16.3.2019 SMY, Tuulos<\/strong><br \/><a href=\"http:\/\/marsuyhdistys.net\/home\/?page_id=6782\">UML Lea Rahtu-Korpela<\/a><br \/><a href=\"http:\/\/marsuyhdistys.net\/home\/wp-content\/uploads\/2019\/04\/tuulos163.pdf\">PET Jessica Nurmiranta<\/a><\/p>\n<p><b>28.4.2019 Susirajan jyrsij\u00e4harrastajat ry, Kuopio<br \/><\/b><a href=\"http:\/\/marsuyhdistys.net\/home\/wp-content\/uploads\/2019\/05\/Kuopio-PET1.pdf\">Pet1 Henna Rinta-Kiikka<\/a><b><br \/><\/b><a href=\"http:\/\/marsuyhdistys.net\/home\/wp-content\/uploads\/2019\/05\/Kuopio-PET2.pdf\">Pet2 Sini Nuutinen<\/a><b><\/b><\/p>\n<p><strong>4.5.2019 OSJH, Oulu<\/strong><br \/><a aria-label=\" (avautuu uudessa v\u00e4lilehdess\u00e4)\" rel=\"noreferrer noopener\" href=\"http:\/\/marsuyhdistys.net\/home\/?page_id=6902\" target=\"_blank\">Pet1: Elisa Svento<\/a><\/p>\n<p><strong>18.5.2019 SMY, Oulu<\/strong><br \/><a aria-label=\" (avautuu uudessa v\u00e4lilehdess\u00e4)\" rel=\"noreferrer noopener\" href=\"http:\/\/marsuyhdistys.net\/home\/wp-content\/uploads\/2019\/07\/Oulu-Peter-Wardman-2019.pdf\" target=\"_blank\">UML1: Peter Wardman<\/a><br \/><a href=\"http:\/\/marsuyhdistys.net\/home\/wp-content\/uploads\/2019\/07\/Oulu-Johanna-Groth-2019.pdf\">UML2: Johanna Groth<\/a><br \/><a aria-label=\"Pet1: Katja Oraj\u00e4rvi-Kotikangas (Aputuomari Aida Depner) (avautuu uudessa v\u00e4lilehdess\u00e4)\" rel=\"noreferrer noopener\" href=\"http:\/\/marsuyhdistys.net\/home\/wp-content\/uploads\/2019\/05\/Tulokset-Oulu-18.5.19-Katja-OK.pdf\" target=\"_blank\">Pet1: Katja Oraj\u00e4rvi-Kotikangas (Aputuomari Aida Depner)<\/a><br \/><a aria-label=\" (avautuu uudessa v\u00e4lilehdess\u00e4)\" rel=\"noreferrer noopener\" href=\"http:\/\/marsuyhdistys.net\/home\/wp-content\/uploads\/2019\/05\/Tulokset-Oulu-18.5.19-Sanni-Taimioja.pdf\" target=\"_blank\">Pet2 Harjoitusarvostelu: Sanni Taimioja (Aputuomari Henna Rinta-Kiikka) (ei kerryt\u00e4 pisteit\u00e4, mutta normaalit palkinnot)<\/a><\/p>\n<p><strong>6.7.2019 SMY, Selki<\/strong><br \/><a aria-label=\"UML: Lena Tysk (avautuu uudessa v\u00e4lilehdess\u00e4)\" rel=\"noreferrer noopener\" href=\"http:\/\/marsuyhdistys.net\/home\/wp-content\/uploads\/2019\/07\/SelkiLena672018.pdf\" target=\"_blank\">UML: Lena Tysk<\/a><br \/><a aria-label=\"PET1: Kirsi Ruotsalainen (avautuu uudessa v\u00e4lilehdess\u00e4)\" rel=\"noreferrer noopener\" href=\"http:\/\/marsuyhdistys.net\/home\/wp-content\/uploads\/2019\/07\/Selki-PET1.pdf\" target=\"_blank\">PET1: Kirsi Ruotsalainen<\/a><br \/><a aria-label=\"Pet2 Harjoitusarvostelu: Sanni Taimioj(Ei erryt\u00e4 pisteit\u00e4, mutta normaalit palkinnot (avautuu uudessa v\u00e4lilehdess\u00e4)\" rel=\"noreferrer noopener\" href=\"http:\/\/marsuyhdistys.net\/home\/wp-content\/uploads\/2019\/07\/Selki-pet2.pdf\" target=\"_blank\">Pet2 Harjoitusarvostelu: Sanni Taimioja (Ei kerryt\u00e4 pisteit\u00e4)<\/a><\/p>\n<p><strong>13.7.2019 Kuopio, Susirajan jyrsij\u00e4harrastajat ry<\/strong><br \/><a rel=\"noreferrer noopener\" aria-label=\"PET: Ari Nuutinen (avautuu uudessa v\u00e4lilehdess\u00e4)\" href=\"http:\/\/marsuyhdistys.net\/home\/wp-content\/uploads\/2019\/07\/Kuopio.pdf\" target=\"_blank\">PET: Ari Nuutinen<\/a><\/p>\n<p><strong>10.8.2019 Jurva,  Etel\u00e4-pohjanmaan jyrsij\u00e4yhdistys <\/strong> <br \/><a rel=\"noreferrer noopener\" aria-label=\"UML1: Lea Rahtu-Korpela (avautuu uudessa v\u00e4lilehdess\u00e4)\" href=\"http:\/\/marsuyhdistys.net\/home\/wp-content\/uploads\/2019\/09\/Lea-Jurva.pdf\" target=\"_blank\">UML1: Lea Rahtu-Korpela<\/a><br \/><a rel=\"noreferrer noopener\" aria-label=\"UML2: Aida Depner (avautuu uudessa v\u00e4lilehdess\u00e4)\" href=\"http:\/\/marsuyhdistys.net\/home\/wp-content\/uploads\/2019\/09\/Aida-Jurva.pdf\" target=\"_blank\">UML2: Aida Depner<\/a><br \/><a href=\"http:\/\/marsuyhdistys.net\/home\/wp-content\/uploads\/2019\/09\/Pauliina-Jurva.pdf\" target=\"_blank\" rel=\"noreferrer noopener\" aria-label=\"PET1: Pauliina Lampila (avautuu uudessa v\u00e4lilehdess\u00e4)\">PET1: Pauliina Lampila<\/a><\/p>\n<p><strong>24.8.2019 SMY, Lahti<\/strong><br \/><a rel=\"noreferrer noopener\" aria-label=\"Pet1: P\u00e4ivi Tiitinen (avautuu uudessa v\u00e4lilehdess\u00e4)\" href=\"http:\/\/marsuyhdistys.net\/home\/wp-content\/uploads\/2019\/09\/Lahti-P\u00e4ivi-2019.pdf\" target=\"_blank\">Pet1: P\u00e4ivi Tiitinen<\/a><br \/><a rel=\"noreferrer noopener\" aria-label=\"Pet2 Harjoitusarvostelu Sanni Taimioja (Ei kerryt\u00e4 pisteit\u00e4) (avautuu uudessa v\u00e4lilehdess\u00e4)\" href=\"http:\/\/marsuyhdistys.net\/home\/wp-content\/uploads\/2019\/09\/Lahti-Sanni.pdf\" target=\"_blank\">Pet2 Harjoitusarvostelu Sanni Taimioja (Ei kerryt\u00e4 pisteit\u00e4)<\/a><\/p>\n<p><strong>25.8.2019 Kouvola, Kaakon Kanit ja Jyrsij\u00e4t ry<\/strong><br \/><a rel=\"noreferrer noopener\" aria-label=\"UML1: Aida Depner (avautuu uudessa v\u00e4lilehdess\u00e4)\" href=\"http:\/\/marsuyhdistys.net\/home\/wp-content\/uploads\/2019\/09\/Kouvola-Aida.pdf\" target=\"_blank\">UML1: Aida Depner<\/a><br \/><a rel=\"noreferrer noopener\" aria-label=\"Pet1: Sini Nuutinen (avautuu uudessa v\u00e4lilehdess\u00e4)\" href=\"http:\/\/marsuyhdistys.net\/home\/wp-content\/uploads\/2019\/09\/Kouvola-Sini-Nuutinen.pdf\" target=\"_blank\">Pet1: Sini Nuutinen<\/a><\/p>\n<p><strong>31.8.2019 Kuopio, Susirajan Jyrsij\u00e4harrastajat ry<\/strong><br \/><a rel=\"noreferrer noopener\" aria-label=\"UML: Irina Biletskaia (avautuu uudessa v\u00e4lilehdess\u00e4)\" href=\"http:\/\/marsuyhdistys.net\/home\/wp-content\/uploads\/2019\/09\/Kuopio-Irina-UML.pdf\" target=\"_blank\">UML: Irina Biletskaia<\/a><br \/><a rel=\"noreferrer noopener\" aria-label=\" (avautuu uudessa v\u00e4lilehdess\u00e4)\" href=\"http:\/\/marsuyhdistys.net\/home\/wp-content\/uploads\/2019\/09\/Kuopio-Katja-Pet.pdf\" target=\"_blank\">Pet1: Sini Nuutinen<\/a><\/p>\n<p><strong>31.8.2019 Oulu, OSJH<\/strong><br \/><a rel=\"noreferrer noopener\" aria-label=\"Pet1: KAtja Oraj\u00e4rvi-Kotikangas (avautuu uudessa v\u00e4lilehdess\u00e4)\" href=\"http:\/\/marsuyhdistys.net\/home\/wp-content\/uploads\/2019\/10\/osjh-31.8-tulokset.pdf\" target=\"_blank\">Pet1: Katja Oraj\u00e4rvi-Kotikangas<\/a><\/p>\n<p><strong>28.9.2019 Oulu, Musti ja Mirri, SMY<\/strong><br \/><a rel=\"noreferrer noopener\" aria-label=\"Pet1: Elisa Svento (avautuu uudessa v\u00e4lilehdess\u00e4)\" href=\"http:\/\/marsuyhdistys.net\/home\/wp-content\/uploads\/2019\/10\/N\u00c4YTTELYTULOKSET_OULU.pdf\" target=\"_blank\">Pet1: Elisa Svento<\/a><\/p>\n<p><strong>13.10.2019 Lappeenranta Kaakon Kanit ja Jyrsij\u00e4t ry<\/strong><br \/><a rel=\"noreferrer noopener\" aria-label=\"UML: Aida Depner (avautuu uudessa v\u00e4lilehdess\u00e4)\" href=\"http:\/\/marsuyhdistys.net\/home\/wp-content\/uploads\/2019\/11\/13.10.-kaakko-Aida-UML.pdf\" target=\"_blank\">UML: Aida Depner<\/a><br \/><a href=\"http:\/\/marsuyhdistys.net\/home\/wp-content\/uploads\/2019\/11\/13.10.-kaakko-sini-PET.pdf\" target=\"_blank\" rel=\"noreferrer noopener\" aria-label=\"PET: Sini Nuutinen (avautuu uudessa v\u00e4lilehdess\u00e4)\">PET: Sini Nuutinen<\/a><\/p>\n<p><strong>19.10.2010 Vantaa Faunatar Myyrmanni SMY<\/strong><br \/><a rel=\"noreferrer noopener\" aria-label=\"PET: P\u00e4ivi Tiitinen (avautuu uudessa v\u00e4lilehdess\u00e4)\" href=\"http:\/\/marsuyhdistys.net\/home\/wp-content\/uploads\/2019\/11\/P\u00e4ivi191019Myyrmanni.pdf\" target=\"_blank\">PET: P\u00e4ivi Tiitinen<\/a><br \/><a href=\"http:\/\/marsuyhdistys.net\/home\/wp-content\/uploads\/2019\/11\/Johanna-myyrm\u00e4ki-19.10.pdf\" target=\"_blank\" rel=\"noreferrer noopener\" aria-label=\"Ep\u00e4virallinen PET: Johanna Valkeavita (avautuu uudessa v\u00e4lilehdess\u00e4)\">Ep\u00e4virallinen PET: Johanna Valkeavita<\/a><\/p>\n<p><strong>2.11.2019 Kuopio, Susirajan Jyrsij\u00e4harrastajat ry<\/strong><br \/><a rel=\"noreferrer noopener\" aria-label=\"UML: Bettan Gileborn-Sundberg (avautuu uudessa v\u00e4lilehdess\u00e4)\" href=\"http:\/\/marsuyhdistys.net\/home\/wp-content\/uploads\/2019\/11\/2019Bettan.pdf\" target=\"_blank\">UML: Bettan Gileborn-Sundberg<\/a><br \/><a href=\"http:\/\/marsuyhdistys.net\/home\/wp-content\/uploads\/2019\/11\/2019Ari.pdf\" target=\"_blank\" rel=\"noreferrer noopener\" aria-label=\"PET: Ari Nuutinen (avautuu uudessa v\u00e4lilehdess\u00e4)\">PET: Ari Nuutinen<\/a><\/p>\n<p><strong>16.11.2019 Oulu GRAND GALA SMY<\/strong><br \/><a rel=\"noreferrer noopener\" aria-label=\"UML1 GG Avoin: Magdalena Pachla-Zawadzka (PL)\nUML2 GG Junior: Magdalena Pachla-Zawadzka (PL) (avautuu uudessa v\u00e4lilehdess\u00e4)\" href=\"http:\/\/marsuyhdistys.net\/home\/wp-content\/uploads\/2019\/11\/GG2019Magdalena.pdf\" target=\"_blank\">UML1 GG Avoin: Magdalena Pachla-Zawadzka (PL)<br \/>UML2 GG Junior: Magdalena Pachla-Zawadzka (PL)<\/a><br \/><a href=\"http:\/\/marsuyhdistys.net\/home\/wp-content\/uploads\/2020\/05\/2019-Vladi-Oulu.pdf\" target=\"_blank\" rel=\"noreferrer noopener\" aria-label=\" (avautuu uudessa v\u00e4lilehdess\u00e4)\">UML3: Vladyslav Myrnyi (UA)<\/a><br \/><a rel=\"noreferrer noopener\" aria-label=\"GG PET1: Annukka Juntunen (avautuu uudessa v\u00e4lilehdess\u00e4)\" href=\"http:\/\/marsuyhdistys.net\/home\/wp-content\/uploads\/2019\/11\/GGPET.pdf\" target=\"_blank\">GG PET1: Annukka Juntunen<\/a><br \/><a rel=\"noreferrer noopener\" aria-label=\"PET2: Lea Rahtu-Korpela (avautuu uudessa v\u00e4lilehdess\u00e4)\" href=\"http:\/\/marsuyhdistys.net\/home\/wp-content\/uploads\/2019\/11\/Lea-Pet.pdf\" target=\"_blank\">PET2: Lea Rahtu-Korpela<\/a> <\/p>\n","protected":false},"excerpt":{"rendered":"<p>30v Juhlan\u00e4yttely Tuorla 2-3.2.2019 LA 2.2.19UML1 ja 2 juhla juniorit ja avoin Sophie Barnard, UKUML3: Katja Kivipuro, FINPET1 juhla Aida Depner, FINPET2: Anniken Kjaernet, NOSU 3.2.19UML1 Aida DepnerUML2 Anniken Kjaernet, NOPET1 Sophie Barnard, UK (Englantilaiseen tapaan)PET2 Katja Kivipuro, FIN 10.2.2019&nbsp; &hellip; <a href=\"https:\/\/marsuyhdistys.net\/home\/tulokset-2019\/\">Lue loppuun <span class=\"meta-nav\">&rarr;<\/span><\/a><\/p>\n","protected":false},"author":19,"featured_media":0,"parent":0,"menu_order":0,"comment_status":"closed","ping_status":"closed","template":"","meta":{"footnotes":"","_links_to":"","_links_to_target":""},"class_list":["post-6654","page","type-page","status-publish","hentry"],"_links":{"self":[{"href":"https:\/\/marsuyhdistys.net\/home\/wp-json\/wp\/v2\/pages\/6654","targetHints":{"allow":["GET"]}}],"collection":[{"href":"https:\/\/marsuyhdistys.net\/home\/wp-json\/wp\/v2\/pages"}],"about":[{"href":"https:\/\/marsuyhdistys.net\/home\/wp-json\/wp\/v2\/types\/page"}],"author":[{"embeddable":true,"href":"https:\/\/marsuyhdistys.net\/home\/wp-json\/wp\/v2\/users\/19"}],"replies":[{"embeddable":true,"href":"https:\/\/marsuyhdistys.net\/home\/wp-json\/wp\/v2\/comments?post=6654"}],"version-history":[{"count":33,"href":"https:\/\/marsuyhdistys.net\/home\/wp-json\/wp\/v2\/pages\/6654\/revisions"}],"predecessor-version":[{"id":7323,"href":"https:\/\/marsuyhdistys.net\/home\/wp-json\/wp\/v2\/pages\/6654\/revisions\/7323"}],"wp:attachment":[{"href":"https:\/\/marsuyhdistys.net\/home\/wp-json\/wp\/v2\/media?parent=6654"}],"curies":[{"name":"wp","href":"https:\/\/api.w.org\/{rel}","templated":true}]}}