{"id":6779,"date":"2019-04-04T11:23:23","date_gmt":"2019-04-04T09:23:23","guid":{"rendered":"http:\/\/marsuyhdistys.net\/home\/?page_id=6779"},"modified":"2021-11-13T21:00:19","modified_gmt":"2021-11-13T19:00:19","slug":"suomen-muoto-ja-megamuotovaliot-seka-suomen-eliittipet-ja-megaeliittipet-2019","status":"publish","type":"page","link":"https:\/\/marsuyhdistys.net\/home\/suomen-muoto-ja-megamuotovaliot-seka-suomen-eliittipet-ja-megaeliittipet-2019\/","title":{"rendered":"Suomen Muoto- ja Megamuotovaliot"},"content":{"rendered":"<h2 class=\"wp-block-heading\"><strong>Juniorimuotovaliot<\/strong><\/h2>\n<p><strong>HugAlan Dr.Molly<\/strong> M211-18<br \/>Teddy golden agouti\/white\/golden naaras<br \/>Kasv. &amp; om. Katja Oraj\u00e4rvi-Kotikangas<\/p>\n<p><strong>Delfoin Lootus <\/strong>M241-18<br \/>Sile\u00e4karvainen self black naaras<br \/>Kasv. &amp; om. Kirsi Ruotsalainen<\/p>\n<p><strong>Almond\u00b4s Syd\u00e4ntenvalloittaja<\/strong> M18-19<br \/>Sk self pew naaras <br \/>Kasv. &amp; om. Lea Rahtu-Korpela<\/p>\n<p><strong>HugAlan Diana the Princess of Heart\u00b4s<\/strong> M164-18<br \/>Teddy golden agouti \/golden \/ white naaras<br \/>Kasv.&amp; om. Katja Oraj\u00e4rvi-Kotikangas <\/p>\n<p><strong>Almond\u00b4s \u00d6inen Kaunotar<\/strong> M129-19<br \/>Self lemon naaras<br \/>Kasv. Lea Rahtu-Korpela om. Riikka Raatikainen<\/p>\n<p><strong>Flying Like A Dove To The Stars<\/strong> M110-19<br \/>Texel zobel Fox naaras<br \/>Kas.&amp; om. Annukka Juntunen<\/p>\n<p><strong>HugAlan Lenni<\/strong> M107-19<br \/>Teddy, grey\/white uros<br \/>Kasv. Katja Oraj\u00e4rvi-Kotikangas om. Helka Kaakinen <\/p>\n<p><strong>Limetta\u00b4s Kalmia<\/strong> M172-19<br \/>Self Lemon naaras <br \/>Kasv &amp; om Sanni Taimioja<\/p>\n<h2 class=\"wp-block-heading\"><strong>Suomen Muotovaliot<\/strong><\/h2>\n<p><strong>Critters Alfred<\/strong> M190-18<br \/>Abessiinialainen black roan uros<br \/>Kasv. &amp; om. Anne Jalonen<\/p>\n<p><strong>Critters Classico<\/strong> M189-18<br \/>Abessiinialainen brindle uros<br \/>Kasv. &amp; om. Anne Jalonen<\/p>\n<p><strong>Artic Rose Avalanche<\/strong> M115-18<br \/>Sile\u00e4karvainen self cream naaras<br \/>Kasv. &amp; om. Elisa Svento<\/p>\n<p><strong>S MVA Arctic Rose Alpine Flower <\/strong>M114-18<br \/>Englannincrest pew uros<br \/>Kasv. &amp; om.Elisa Svento<\/p>\n<p><strong>Habanero\u00b4s Golden Nugget<\/strong> M62-17<br \/>Nonself De golden california black naaras<br \/>Kasv. Anu Saarela om. Anna Lindberg<\/p>\n<p><strong>Almond\u00b4s Kujeileva Kahvikerma<\/strong> M189-17<br \/>Englannincrest PEW uros<br \/>Kasv. Lea Rahtu-Krpela &amp; Elisa Svento om. Jarna Jansson<\/p>\n<p><strong>Soleil <\/strong>M177-18<br \/>Sile\u00e4karvainen self pew naaras<br \/>Kasv. Margaret Hooper om. Elisa Svento<\/p>\n<p><strong>Arctic Rose Anne Whith an E <\/strong>M175-18<br \/>Englannincrest pew naaras<br \/>Kasv.&amp; om.Elisa Svento<\/p>\n<p><strong>Aniaras Elvi<\/strong> M52-18<br \/>Englannincrest grey naaras<br \/>Kasv. Katja Kivipuro om. Johanna Valkeavirta<\/p>\n<p><strong>Delfoin Gooa<\/strong>M3-17<br \/>Englannincrest black naaras<br \/>Kasv. &amp; om. Kirsi Ruotsalainen<\/p>\n<p><strong>Delfoin Peter Pan<\/strong>M240-18<br \/>Sile\u00e4karvainen self black uros<br \/>Kasv. &amp; om. Kirsi Ruotsalainen<\/p>\n<p><strong>Delfoin Milka<\/strong>M313-17<br \/>Englannincrest black naaras<br \/>Kasv. &amp; om. Kirsi Ruotsalainen<\/p>\n<p><strong>Delfoin Khao<\/strong> M152-18<br \/>Sile\u00e4karvainen self black naaras<br \/>Kasv. &amp; om. Kirsi Ruotsalainen<\/p>\n<p><strong>Jaanuskan K\u00e4til\u00f6<\/strong> M137-18<br \/>Skinny golden agouti naaras<br \/>Kasv. Jaana Peltola om. Kaisu Marttila<\/p>\n<p><strong>\u00d6g\u00f6nab\u00f6j <\/strong>M8-18<br \/>Nonself chocolate fox uros<br \/>Kasv. &amp; om. Carolina Clayhills<\/p>\n<p><strong>Lord Choko L11 Dell\u00b4Orto<\/strong>M232-18<br \/>Self Chocolate uros<br \/>Kasv. Nete Dietrich om. Carolina Clayhills<\/p>\n<p><strong>FI JMVA HugAlan Dr.Molly<\/strong> M211-18<br \/>Teddy golden\/goldenagouti\/white naaras<br \/>Kasv. &amp; om. Katja Oraj\u00e4rvi-Kotikangas<\/p>\n<p><strong>HugAlan Diana the Princess of Heart\u00b4s<\/strong> M164-18<br \/>Teddy golden agouti \/golden \/ white naaras<br \/>Kasv. Katja Oraj\u00e4rvi-Kotikangas om. Laura Moilanen &amp; Jari Ukkola<\/p>\n<p><strong>GGpet-18 Arctic Rose Blossom<\/strong> M112-18<br \/>Sk self cream naaras<br \/>Kasv. Elisa Svento om. Emilia ja Venla Aikio<\/p>\n<p><strong>Almond\u00b4s Garfield&nbsp;&nbsp;<\/strong>M55-18<br \/>Nonself buff california black uros<br \/>Kasv. Lea Rahtu-Korpela om. Annukka Juntunen<\/p>\n<p><strong>Flying Shroud&nbsp;<\/strong>M71-18<br \/>Nonself brindle uros<br \/>Kasv.&amp; om. Annukka Juntunen<\/p>\n<p><strong>Ennenkuulumatoon Afrodite<\/strong> M39-18<br \/>Skinny golden agouti naaras<br \/>Kasv. &amp; om. Henna Rinta-Kiikka<\/p>\n<p><strong>Ennenkuulumatoon Keisari Jari<\/strong> M244-18<br \/>Skinny black \/ golden uros<br \/>Kasv. &amp; om. Henna Rinta-Kiikk<\/p>\n<p><strong>Delfoin McGyver<\/strong> M164-17<br \/>Self black uros<br \/>Kasv. Kirsi Ruotsalainen om. Mirva Pelkonen<\/p>\n<p><strong>Maailman Operaattori <\/strong>M90-19<br \/>Abessiinialainen brindle naaras<br \/>Kasv. Aida Depner om. Jessica Sakala &amp; Aida Depner<\/p>\n<p><strong>Almond\u00b4s Lucy Little Honey Pot <\/strong>M87-17<br \/>Englannincrest cream uros<br \/>Kasv. Lea Rahtu-Korpela &amp; Elisa Svento om. Kaisu M\u00e4kinen<\/p>\n<p><strong>FI JMVA Almond\u00b4s Syd\u00e4ntenvalloittaja <\/strong>M18-19<br \/>Sk self pew naaras<br \/>Kasv.&amp; om. Lea Rahtu-Korpela<\/p>\n<p><strong>Almond\u00b4s Emmet<\/strong> M58-18<br \/>Englannincrest cream uros<br \/>Kasv. &amp; om. Lea Rahtu-Korpela<\/p>\n<p><strong>Almond\u00b4s Love me forever if you dare<\/strong> M201-18<br \/>Englannincrest cream naaras<br \/>Kasv. Lea Rahtu-Korpela om. Anniina T\u00f6rmi<\/p>\n<p><strong>Almond\u00b4s Happy Heidi <\/strong>M202-18<br \/>Sk self saffron naaras<br \/>Kasv. Lea Rahtu-Korpela om. Alisa V\u00e4is\u00e4nen<\/p>\n<p><strong>Delfoin LaCampina<\/strong> M177-17<br \/>Self black naaras<br \/>Kasv. &amp; om.Kirsi Ruotsalainen<\/p>\n<p><strong>Almond\u00b4s scream for icecream if you dare <\/strong>M186-17<br \/>Englannincrest cream naaras<br \/>Kasv. Lea Rahtu-Korpela &amp; Elisa Svento om. Lea Rahtu-Korpela<\/p>\n<p><strong>August <\/strong>M49-18<br \/>Sk self pew uros<br \/>Kasv. Margaret Hooper Om.Helka Kaakinen<\/p>\n<p><strong>HugAlan Lapa-Liina<\/strong>M106-19<br \/>Teddy black\/white naaras<br \/>Kasv.&amp; om. Katja Oraj\u00e4rvi-Kotikangas<strong>F<\/strong><\/p>\n<p><strong>HugAlan Alfred J.Kui<\/strong> M110-18<br \/>Nonself harlekiini cream\/black uros<br \/>Kasv. &amp; om. Katja Oraj\u00e4rvi-Kotikangas<\/p>\n<p><strong>Almond\u00b4s Vanilla Sparkleberry<\/strong> M22-19<br \/>Sk self dew naaras<br \/>Kasv. Lea Rahtu-Korpela om.Ninni-Maria Rantala<\/p>\n<p><strong>FI JMVA Flying Like A Dove To The Stars<\/strong> M110-19<br \/>Texel zobel fox naaras<br \/>Kasv.&amp; om. Annukka Juntunen<\/p>\n<p><strong>Routamaa <\/strong>M126-16<br \/>Teddy white\/black\/golden naaras<br \/>Kasv.&amp;om. Jarna Jansson <\/p>\n<p><strong>GP Almond\u00b4s&nbsp;Uber&nbsp;<\/strong>M15-19<br \/>Slef buff uros<br \/>Kasv Lea Rahtu-Korpela om. Laura Moilanen &amp; Jari Ukkola<\/p>\n<p><strong>EPET GGpet-18 VVpet4-19 VKS-18 Almond\u00b4s&nbsp;Awsome<\/strong> M-64-18<br \/>Nonself D.e golden calfornia black naaras<br \/>Kasv Lea Rahtu-Korpela om. Laura Moilanen &amp; Jari Ukkola<\/p>\n<p><strong>Tipsy Cavies Fingal<\/strong> M210-18<br \/>Teddy white\/silver agouti\/roan uros<br \/>Kasv Alison Keyworth Om. Katja Oraj\u00e4rvi-Kotikangas &amp; Ossi Kotokangas<\/p>\n<p><strong>Limetta\u00b4s&nbsp;Justicia<\/strong> M122-19<br \/>self cream naaras<br \/>Kasv &amp; om. Sanni Taimioja<\/p>\n<p><strong>Almond\u00b4s&nbsp;\u00c4\u00e4rett\u00f6m\u00e4n&nbsp;Rakas<\/strong> M127-19<br \/>self buff naaras <br \/>Kasv Lea Rahtu-Kopela om. Riikka Raatikainen<\/p>\n<p><strong>FI J MVA Almond\u00b4s&nbsp;\u00d6inen&nbsp;Kaunotar<\/strong>&nbsp;M129-19<br \/>self Lemon naaras<br \/>Kasv Lea Rahtu-Kopela om. Riikka Raatikainen<\/p>\n<h2 class=\"wp-block-heading\"><strong>Suomen Megamuotovaliot<\/strong><\/h2>\n<p><strong>FI &amp; S MVA JV-18 GG-18 VROP-18 VV-18 Princess Charlotte<\/strong> M46-18<br \/>Sile\u00e4karvainen self pew naaras<br \/>Kasv. Margaret Hooper om. Elisa Svento<\/p>\n<p><strong>FI MVA Almond\u00b4s Play in tinder if you dare<\/strong> M45-17<br \/>Englannincrest pew naaras<br \/>Kasv. Lea Rahtu-Korpela &amp; Elisa Svento om. Lea Rahtu-Korpela<\/p>\n<p><strong>FI JMVA &amp; FI &amp; S MVA HugAlan Queen AnnaCarolina<\/strong> M68-18<br \/>Teddy, white\/ golden \/ black naaras<br \/>Kasv. &amp; om. Katja Oraj\u00e4rvi-Kotikangas<\/p>\n<p><strong>FI MVA EPET VV10-18 VVPET5-18 Limetta\u00b4s Camellia<\/strong> M52-17<br \/>Sk self cream naaras <br \/>Kasv.&amp; om. Sanni Taimioja <\/p>\n<h2 class=\"wp-block-heading\"><strong>Suomen Eliittipet<\/strong><\/h2>\n<p><strong>FI MVA NORDV-17 Malloween<\/strong><br \/>Abessiinialainen brindle uros<br \/>Om. Jarna Jansson<\/p>\n<p><strong>HugAlan Super Peppi<\/strong><br \/>Risteytys white naaras<br \/>om. Ninni-Maria Rantala<\/p>\n<p><strong>Aniaras Madeleine<\/strong><br \/>Nonself d.e golden roan naaras<br \/>Kasv. Katja Kivipuro om. Jessica Sakala<\/p>\n<p><strong>Maailman Esteri <\/strong><br \/>Himalaya black naaras<br \/>Kasv. Aida Depner om. Jessica Sakala<\/p>\n<p><strong>Pulla<\/strong><br \/>Risteytys cream\/white naaras<br \/>Kasv. Jenni Kaurila om. Laura Lehtinen<\/p>\n<p><strong>Zif Zaf Zoff<\/strong><br \/>Englannincrest bicolor naaras<br \/>Carolina Clayhills om. Sofia Kumpulainen<\/p>\n<p><strong>Maailman Eeppinen Karvahanuri<\/strong><br \/>Risteytys cinnamonagouti naaras<br \/>om. Jessica Sakala<\/p>\n<p><strong>FI &amp; S MVA Arctic Rose Bonnie<\/strong><br \/>Sk self pew naaras<br \/>Kasv. Elisa Svento om. Noora Sarenius<\/p>\n<p><strong>FI &amp; S MVA Almond\u00b4s Superlike In tinder if you dare <\/strong><br \/>Englannincrest pew naaras<br \/>om. Alisa V\u00e4is\u00e4nen<\/p>\n<p><strong>Pilli<\/strong><br \/>Risteytys white california black naaras<br \/>om. Laura Lehtinen<\/p>\n<p><strong>FI &amp; S MVA Arctic Rose Alpine Flower<\/strong><br \/>Englannincrest uros<br \/>om. Laura Lehtinen<\/p>\n<p><strong>Metal Star\u00b4s Tireht\u00f6\u00f6ri<\/strong> <br \/>Rex lemon agouti \/white uros<br \/>Om. Tilda Parviainen<\/p>\n<p><strong>FI MVA NordJV-17 Almond\u00b4s Galway Girl<\/strong><br \/>Sk self  cream naaras<br \/>om. Noora Sarenius<\/p>\n<p><strong>Almond\u00b4s Lucky Little Honey Pot<\/strong><br \/>Englannincrest crest cream uros<br \/>om.Kaisu M\u00e4kinen<\/p>\n<p><strong>Almond\u00b4s Love me forever if you dare<\/strong><br \/>Englannincrest cream naaras<br \/>om. Anniina T\u00f6rmi <\/p>\n<p><strong>Gardien De Phare<\/strong><br \/>Nonself de golden california black uros<br \/>Om. Anu Mustonen<\/p>\n<p><strong>August<\/strong><br \/>Sk self pew uros<br \/>Om. Helka Kaakinen<\/p>\n<p><strong>VKS-18 Almond\u00b4s Awesome<\/strong><br \/>Nonself d.e golden california black naaras<br \/>Om. Laura Moilanen ja Jari Ukkola<\/p>\n<p><strong>Pete<\/strong><br \/>Risteytys black uros<br \/>Om.Noora Sarenius<\/p>\n<p><strong>Flying Minni<\/strong><br \/>Self black naaras<br \/>Om. Jarna Jansson<\/p>\n<p><strong>Limetta\u2019s Justicia<\/strong><br \/>Self Cream naaras <br \/>Om. Sanni Taimioja<\/p>\n<h2 class=\"wp-block-heading\"><strong>Suomen MegaEliitti-Pet<\/strong><\/h2>\n<p><strong>EPET Pulla<\/strong><br \/>Risteytys cream\/white naaras<br \/>Kasv. Jenni Kaurila om.Laura Lehtinen<\/p>\n<p><strong>EPET Maui<\/strong><br \/>Risteytys white\/cream\/lilac uros<br \/>Om. Tilda Parviainen <\/p>\n","protected":false},"excerpt":{"rendered":"<p>Juniorimuotovaliot HugAlan Dr.Molly M211-18Teddy golden agouti\/white\/golden naarasKasv. &amp; om. Katja Oraj\u00e4rvi-Kotikangas Delfoin Lootus M241-18Sile\u00e4karvainen self black naarasKasv. &amp; om. Kirsi Ruotsalainen Almond\u00b4s Syd\u00e4ntenvalloittaja M18-19Sk self pew naaras Kasv. &amp; om. Lea Rahtu-Korpela HugAlan Diana the Princess of Heart\u00b4s M164-18Teddy golden &hellip; <a href=\"https:\/\/marsuyhdistys.net\/home\/suomen-muoto-ja-megamuotovaliot-seka-suomen-eliittipet-ja-megaeliittipet-2019\/\">Lue loppuun <span class=\"meta-nav\">&rarr;<\/span><\/a><\/p>\n","protected":false},"author":19,"featured_media":0,"parent":0,"menu_order":0,"comment_status":"closed","ping_status":"closed","template":"","meta":{"footnotes":"","_links_to":"","_links_to_target":""},"class_list":["post-6779","page","type-page","status-publish","hentry"],"_links":{"self":[{"href":"https:\/\/marsuyhdistys.net\/home\/wp-json\/wp\/v2\/pages\/6779","targetHints":{"allow":["GET"]}}],"collection":[{"href":"https:\/\/marsuyhdistys.net\/home\/wp-json\/wp\/v2\/pages"}],"about":[{"href":"https:\/\/marsuyhdistys.net\/home\/wp-json\/wp\/v2\/types\/page"}],"author":[{"embeddable":true,"href":"https:\/\/marsuyhdistys.net\/home\/wp-json\/wp\/v2\/users\/19"}],"replies":[{"embeddable":true,"href":"https:\/\/marsuyhdistys.net\/home\/wp-json\/wp\/v2\/comments?post=6779"}],"version-history":[{"count":14,"href":"https:\/\/marsuyhdistys.net\/home\/wp-json\/wp\/v2\/pages\/6779\/revisions"}],"predecessor-version":[{"id":8840,"href":"https:\/\/marsuyhdistys.net\/home\/wp-json\/wp\/v2\/pages\/6779\/revisions\/8840"}],"wp:attachment":[{"href":"https:\/\/marsuyhdistys.net\/home\/wp-json\/wp\/v2\/media?parent=6779"}],"curies":[{"name":"wp","href":"https:\/\/api.w.org\/{rel}","templated":true}]}}