{"id":69,"date":"2012-08-02T19:58:39","date_gmt":"2012-08-02T17:58:39","guid":{"rendered":"http:\/\/marsuyhdistys.net\/home\/?page_id=69"},"modified":"2015-01-05T00:16:42","modified_gmt":"2015-01-04T22:16:42","slug":"perushoito","status":"publish","type":"page","link":"https:\/\/marsuyhdistys.net\/home\/kaikki-marsusta\/perushoito\/","title":{"rendered":"Perushoito"},"content":{"rendered":"<p><strong>Punnitus<br \/>\n<\/strong><span style=\"color: #000000;\">Marsua kannattaa punnita viikon tai parin viikon v\u00e4lein. Marsun painon muutokset kertovat marsun hyvinvoinnista. Marsu on saalisel\u00e4imen\u00e4 oikein etev\u00e4 salaamaan kipuaan ja pahaa oloaan, joten sy\u00f6m\u00e4tt\u00f6myys ja siit\u00e4 seuraava painon lasku ovat monesti ensimm\u00e4inen merkki lemmikin sairastumisesta.<\/span><\/p>\n<p><strong>Kynsien leikkaaminen<br \/>\n<\/strong>Marsun kynnet kasvavat koko ajan eiv\u00e4tk\u00e4 ne juuri kulu. Kynnen sis\u00e4ll\u00e4 kulkee verisuoni, eik\u00e4 sit\u00e4 saa leikata. Vaaleissa kynsiss\u00e4 suoni n\u00e4kyy selke\u00e4sti, mutta tummien kynsien kanssa pit\u00e4\u00e4 olla varovainen ja leikata vain v\u00e4h\u00e4n kerrallaan. Kynsi muuttuu pehme\u00e4mm\u00e4ksi mit\u00e4 l\u00e4hemp\u00e4n\u00e4 suonta ollaan.\u00a0Jos on ep\u00e4varma miss\u00e4 suoni kulkee, kannattaa leikata useammin pieni\u00e4 m\u00e4\u00e4ri\u00e4 kuin kerralla enemm\u00e4n.\u00a0Sopiva leikkausv\u00e4li on 2-3 viikkoa. Marsulle sopivat jyrsij\u00f6ille ja kissoille tarkoitetut kynsisakset. Liian pitkiksi kasvaneet kynnet tuottavat marsulle kipua ja tuskaa aiheuttaen rasitusta varpaiden nivelille ja pahimmassa tapauksessa jopa raajan asentovirheit\u00e4.<\/p>\n<p><img loading=\"lazy\" decoding=\"async\" class=\"size-full wp-image-551 aligncenter\" title=\"kynsi\" src=\"http:\/\/marsuyhdistys.net\/home\/wp-content\/uploads\/2012\/08\/kynsi.jpg\" alt=\"\" width=\"185\" height=\"93\" \/><\/p>\n<p><strong><a href=\"http:\/\/marsuyhdistys.net\/home\/wp-content\/uploads\/2012\/08\/Kynsienleikkuu.jpg\"><img loading=\"lazy\" decoding=\"async\" class=\"size-medium wp-image-3647 aligncenter\" src=\"http:\/\/marsuyhdistys.net\/home\/wp-content\/uploads\/2012\/08\/Kynsienleikkuu-300x254.jpg\" alt=\"Kynsienleikkuu\" width=\"300\" height=\"254\" srcset=\"https:\/\/marsuyhdistys.net\/home\/wp-content\/uploads\/2012\/08\/Kynsienleikkuu-300x254.jpg 300w, https:\/\/marsuyhdistys.net\/home\/wp-content\/uploads\/2012\/08\/Kynsienleikkuu.jpg 650w\" sizes=\"auto, (max-width: 300px) 100vw, 300px\" \/><\/a><\/strong><\/p>\n<p>&nbsp;<\/p>\n<p><span style=\"color: #000000;\"><strong>Korvien puhdistus<br \/>\n<\/strong>Marsun korviin ker\u00e4\u00e4ntyy likaa. K\u00e4tevin tapa puhdistaa korvat on kiepauttaa ruoka\u00f6ljyyn tai koiran korvaveteen kastettu pumpuli etusormen ymp\u00e4rille ja py\u00f6r\u00e4ytt\u00e4\u00e4 sit\u00e4 muutaman kerran korvassa.<\/span><\/p>\n<p><span style=\"color: #000000;\"> Korvia ei kannata yritt\u00e4\u00e4 puhdistaa pumpulipuikoilla, sill\u00e4 marsun heilauttaessa p\u00e4\u00e4t\u00e4\u00e4n voi puikko vahingoittaa sen korvaa.\u00a0Puhdistuksen tulisi olla mahdollisimman mukavaa marsulle, jotta se antaisi tehd\u00e4 toimenpiteen ongelmitta. Osa marsuista pit\u00e4\u00e4 korvien puhdistuksesta. Muista puhdistaa my\u00f6s korvanlehti molemmilta puolilta.<\/span><\/p>\n<p><span style=\"color: #000000;\"><strong>Rasvarauhanen<br \/>\n<\/strong>Marsun rasvarauhanen on ovaalinmuotoinen l\u00e4hes karvaton kohta, joka sijaitsee siin\u00e4 kohta marsua, mist\u00e4 h\u00e4nt\u00e4 alkaisi, jos sellainen marsulla olisi. Urosten rasvarauhanen rasvoittuu helposti, naaraiden rauhanen taas melko hitaasti. Pesussa voidaan k\u00e4ytt\u00e4\u00e4 tavallista k\u00e4sitiskiainetta tai silm\u00e4meikinpoistoainetta. Pehme\u00e4 hammasharja on oiva apu pesussa; sill\u00e4 voi harjata hell\u00e4sti rauhasta. Pesun j\u00e4lkeen rasvarauhaseen voidaan laittaa talkkia, joka sitoo rasvaa. Talkin voi harjata pois kun se on kuivunut. Rasvarauhanen on herkk\u00e4 paikka, joten kovin voimallisesti sit\u00e4 ei saa hangata.<\/span><\/p>\n<p><strong>Pesu<br \/>\n<\/strong><span style=\"color: #000000;\">Marsuja harvemmin tarvitsee pest\u00e4, ne eiv\u00e4t normaalisti likaannu niin, ett\u00e4 tarvitsisivat kokopesua. Ennen n\u00e4yttely\u00e4 peseminen on kuitenkin suotavaa. Marsu kannattaa kastella k\u00e4dess\u00e4 pidellen. Marsu kastellaan p\u00e4\u00e4t\u00e4 ja korvia lukuun ottamatta ja hierotaan jyrsij\u00f6ille tai koirille tarkoitettu shampoo turkkiin. Huuhdellaan eritt\u00e4in huolellisesti ja k\u00e4\u00e4rit\u00e4\u00e4n pyyhkeeseen. Pyyhkeell\u00e4 kuivataan suurimmat vedet turkista ja loput kosteudet hiustenkuivaajalla. On huolehdittava, ettei hiustenkuivaaja polta marsun ihoa.<\/p>\n<p><a href=\"http:\/\/marsuyhdistys.net\/home\/wp-content\/uploads\/2012\/08\/Pesu.jpg\"><img loading=\"lazy\" decoding=\"async\" class=\"size-medium wp-image-3648 aligncenter\" src=\"http:\/\/marsuyhdistys.net\/home\/wp-content\/uploads\/2012\/08\/Pesu-300x255.jpg\" alt=\"Pesu\" width=\"300\" height=\"255\" srcset=\"https:\/\/marsuyhdistys.net\/home\/wp-content\/uploads\/2012\/08\/Pesu-300x255.jpg 300w, https:\/\/marsuyhdistys.net\/home\/wp-content\/uploads\/2012\/08\/Pesu.jpg 489w\" sizes=\"auto, (max-width: 300px) 100vw, 300px\" \/><\/a><br \/>\n<\/span><\/p>\n<p><strong>Loiset ja madotus<br \/>\n<\/strong><span style=\"color: #000000;\">Jos marsuusi ilmestyy loisia, \u00e4l\u00e4 panikoi, se ei johdu huonosta hoidosta. Loisia joskus tulee ja niist\u00e4 p\u00e4\u00e4see kyll\u00e4 eroon. El\u00e4inl\u00e4\u00e4k\u00e4rilt\u00e4 saat tarvittavat l\u00e4\u00e4kkeet ja hoito-ohjeet niiden h\u00e4vitt\u00e4miseksi. Mik\u00e4li haluat madottaa marsusi, kysy sopivaa valmistetta ja annostusta el\u00e4inl\u00e4\u00e4k\u00e4rilt\u00e4si.<\/span><\/p>\n<p>&nbsp;<\/p>\n","protected":false},"excerpt":{"rendered":"<p>Punnitus Marsua kannattaa punnita viikon tai parin viikon v\u00e4lein. Marsun painon muutokset kertovat marsun hyvinvoinnista. Marsu on saalisel\u00e4imen\u00e4 oikein etev\u00e4 salaamaan kipuaan ja pahaa oloaan, joten sy\u00f6m\u00e4tt\u00f6myys ja siit\u00e4 seuraava painon lasku ovat monesti ensimm\u00e4inen merkki lemmikin sairastumisesta. Kynsien leikkaaminen &hellip; <a href=\"https:\/\/marsuyhdistys.net\/home\/kaikki-marsusta\/perushoito\/\">Lue loppuun <span class=\"meta-nav\">&rarr;<\/span><\/a><\/p>\n","protected":false},"author":10,"featured_media":0,"parent":14,"menu_order":10,"comment_status":"closed","ping_status":"closed","template":"","meta":{"footnotes":"","_links_to":"","_links_to_target":""},"class_list":["post-69","page","type-page","status-publish","hentry"],"_links":{"self":[{"href":"https:\/\/marsuyhdistys.net\/home\/wp-json\/wp\/v2\/pages\/69","targetHints":{"allow":["GET"]}}],"collection":[{"href":"https:\/\/marsuyhdistys.net\/home\/wp-json\/wp\/v2\/pages"}],"about":[{"href":"https:\/\/marsuyhdistys.net\/home\/wp-json\/wp\/v2\/types\/page"}],"author":[{"embeddable":true,"href":"https:\/\/marsuyhdistys.net\/home\/wp-json\/wp\/v2\/users\/10"}],"replies":[{"embeddable":true,"href":"https:\/\/marsuyhdistys.net\/home\/wp-json\/wp\/v2\/comments?post=69"}],"version-history":[{"count":11,"href":"https:\/\/marsuyhdistys.net\/home\/wp-json\/wp\/v2\/pages\/69\/revisions"}],"predecessor-version":[{"id":3649,"href":"https:\/\/marsuyhdistys.net\/home\/wp-json\/wp\/v2\/pages\/69\/revisions\/3649"}],"up":[{"embeddable":true,"href":"https:\/\/marsuyhdistys.net\/home\/wp-json\/wp\/v2\/pages\/14"}],"wp:attachment":[{"href":"https:\/\/marsuyhdistys.net\/home\/wp-json\/wp\/v2\/media?parent=69"}],"curies":[{"name":"wp","href":"https:\/\/api.w.org\/{rel}","templated":true}]}}