{"id":72,"date":"2012-08-02T20:00:42","date_gmt":"2012-08-02T18:00:42","guid":{"rendered":"http:\/\/marsuyhdistys.net\/home\/?page_id=72"},"modified":"2019-10-11T15:16:30","modified_gmt":"2019-10-11T13:16:30","slug":"majoitus","status":"publish","type":"page","link":"https:\/\/marsuyhdistys.net\/home\/kaikki-marsusta\/majoitus\/","title":{"rendered":"Majoitus"},"content":{"rendered":"<p>H\u00e4kki on marsun koti ja marsu viett\u00e4\u00e4 siell\u00e4 suurimman osan el\u00e4m\u00e4st\u00e4\u00e4n. N\u00e4in ollen h\u00e4kin tulee olla riitt\u00e4v\u00e4n tilava ja virikkeellinen. H\u00e4kin minimi koko kahdelle marsulle on 120cm tehdash\u00e4kki, eik\u00e4 liian suurta h\u00e4kki\u00e4 olekaan. Marsuja voi pit\u00e4\u00e4 my\u00f6s katottomassa aitauksessa, sill\u00e4 marsut eiv\u00e4t juurikaan kiipeile. Akvaariot ja terraariot sopivat huonosti marsun asumukseksi, ja ovat vaikeita puhdistaa. Marsuharrastajien keskuudessa ovat eritt\u00e4in suosittuja my\u00f6s itserakennetut aitaukset &#8220;taikakuutioista&#8221;.<\/p>\n<p>Kuivikkeiksi sopivat hyvin kutterinpuru, turve, puupelletti ja haapahake. Sahanpuru ja kissanhiekka ovat marsun jalkapohjille liian karkeita, hein\u00e4 ja oljet homehtuvat herk\u00e4sti kostuessaan, eiv\u00e4tk\u00e4 oikein ime mit\u00e4\u00e4n. Marsu ei my\u00f6sk\u00e4\u00e4n voi asua pelk\u00e4n sanomalehden p\u00e4\u00e4ll\u00e4, ja lis\u00e4ksi sanomalehden sy\u00f6minen on haitallista marsun herk\u00e4lle ruoansulatukselle.<\/p>\n<p>H\u00e4kin lis\u00e4ksi marsu tarvitsee juomapullon. Juomakuppia ei marsulla voi k\u00e4ytt\u00e4\u00e4, sill\u00e4 marsu sotkee veden nopeasti juomakelvottomaksi ja kaataa kupin herk\u00e4sti. Ruokakupiksi on hyv\u00e4 valita tasapohjainen, paksureunainen kuppi, joka ei kippaa kun marsu nousee etujaloillaan sen reunalle. Juomapulloon vaihdetaan raikas vesi p\u00e4ivitt\u00e4in ja samalla tarkistetaan, ettei se vuoda tai ole tukossa. Hein\u00e4h\u00e4kiss\u00e4 hein\u00e4t pysyv\u00e4t paremmin puhtaina kun marsu ei p\u00e4\u00e4se sotkemaan niit\u00e4 ulosteillaan.<\/p>\n<p><a href=\"http:\/\/marsuyhdistys.net\/home\/wp-content\/uploads\/2012\/09\/PENNI_MAKAA.jpg\"><img loading=\"lazy\" decoding=\"async\" class=\"size-medium wp-image-1921 aligncenter\" src=\"http:\/\/marsuyhdistys.net\/home\/wp-content\/uploads\/2012\/09\/PENNI_MAKAA-300x218.jpg\" alt=\"PENNI_MAKAA\" width=\"300\" height=\"218\" srcset=\"https:\/\/marsuyhdistys.net\/home\/wp-content\/uploads\/2012\/09\/PENNI_MAKAA-300x218.jpg 300w, https:\/\/marsuyhdistys.net\/home\/wp-content\/uploads\/2012\/09\/PENNI_MAKAA.jpg 400w\" sizes=\"auto, (max-width: 300px) 100vw, 300px\" \/><\/a><\/p>\n<p>Lis\u00e4ksi h\u00e4kkiin tulee hankkia joitain virikkeit\u00e4, pes\u00e4koppi tai jokin putki k\u00e4yv\u00e4t hyvin suojapaikaksi. Marsut tykk\u00e4\u00e4v\u00e4t my\u00f6s riippumatoista ja erilaisista matalista tasoista, joiden p\u00e4\u00e4lt\u00e4 on mukava t\u00e4hystell\u00e4. Hein\u00e4kasa peuhattavaksi, pyykkipojalla h\u00e4kin pinnoihin kiinnitetyt vihannekset ja lehtipuiden oksat ovat my\u00f6s aktivoivia ja terveellisi\u00e4 virikkeit\u00e4. Pajusillat ovat mit\u00e4 parhaimpia virikkeit\u00e4: niiden p\u00e4\u00e4lle voi kiivet\u00e4, alta voi juoksennella ja ne saa pureskella! Mit\u00e4 enemm\u00e4n keksit marsuillesi puuhaa, sit\u00e4 onnellisempia ja terveempi\u00e4 ne ovat!<\/p>\n<p>H\u00e4kki tulee siivota v\u00e4hint\u00e4\u00e4n kerran viikossa, siivoustiheyteen vaikuttavat k\u00e4ytett\u00e4v\u00e4 kuivike sek\u00e4 tietenkin h\u00e4kin koko. Siin\u00e4 vaiheessa kun h\u00e4kki haisee huoneilmaan, se on ollut jo jonkin aikaa liian likainen. Marsu on herkk\u00e4 el\u00e4in, jonka nen\u00e4 kulkee l\u00e4hell\u00e4 lattian pintaa, ammoniakki h\u00f6yryist\u00e4 se saa nopeasti hengitystietulehduksen. Siivouksen yhteydess\u00e4 h\u00e4kin pohjalaatikko pest\u00e4\u00e4n (esim. astianpesuaine) ja huuhdellaan huolellisesti. My\u00f6s vesipullo ja ruokakuppi pest\u00e4\u00e4n ja huuhdellaan h\u00e4kin puhdistuksen yhteydess\u00e4. Kaikki marsun pes\u00e4kopit, putket ym. kannattaa pest\u00e4 ja desinfioida ainakin muutaman kerran vuodessa.<\/p>\n<p><div id=\"attachment_577\" style=\"width: 310px\" class=\"wp-caption aligncenter\"><img loading=\"lazy\" decoding=\"async\" aria-describedby=\"caption-attachment-577\" class=\"size-medium wp-image-577 \" style=\"color: #333333; font-style: normal; line-height: 24px;\" title=\"H\u00e4kki\" src=\"http:\/\/marsuyhdistys.net\/home\/wp-content\/uploads\/2012\/08\/Asuntoesittely01-300x194.jpg\" alt=\"\" width=\"300\" height=\"194\" srcset=\"https:\/\/marsuyhdistys.net\/home\/wp-content\/uploads\/2012\/08\/Asuntoesittely01-300x194.jpg 300w, https:\/\/marsuyhdistys.net\/home\/wp-content\/uploads\/2012\/08\/Asuntoesittely01-463x300.jpg 463w, https:\/\/marsuyhdistys.net\/home\/wp-content\/uploads\/2012\/08\/Asuntoesittely01.jpg 550w\" sizes=\"auto, (max-width: 300px) 100vw, 300px\" \/><p id=\"caption-attachment-577\" class=\"wp-caption-text\">Puhtaassa h\u00e4kiss\u00e4 on hyv\u00e4 olla.<\/p><\/div><\/p>\n<p><strong>Uuden perheenj\u00e4senen ensimm\u00e4iset p\u00e4iv\u00e4t kotona<\/strong><\/p>\n<p>Kotiin tultua marsu kannattaa j\u00e4tt\u00e4\u00e4 oman h\u00e4kkins\u00e4 rauhaan muutamaksi tunniksi.\u00a0Kun marsu alkaa uteliaana ry\u00f6mi\u00e4 esiin , voit varovasti antaa marsun haistella k\u00e4tt\u00e4si. Voit kokeilla tarjota sill\u00e4 makupalaa k\u00e4dest\u00e4 ja jutella sille. Vaikka marsu ei ensin uskaltaisikaan ottaa ruokaa, k\u00e4rsiv\u00e4llisyys palkitaan. Ruokaa voi kokeilla tarjota v\u00e4h\u00e4n ajan p\u00e4\u00e4st\u00e4 uudelleen. Monesti marsun vatsa p\u00e4\u00e4tt\u00e4\u00e4 ja marsu astelee herkun per\u00e4ss\u00e4.<\/p>\n<p>Marsun saavuttua ei tarvitse talossa olla mit\u00e4\u00e4n erityist\u00e4. Normaalit arjen askareiden \u00e4\u00e4net tulevat kyll\u00e4 tutuksi.\u00a0<span style=\"color: #333333; font-style: normal; line-height: 24px;\">Vaikka marsu olisi t\u00e4ysin kesy muuttaessaan, niin se on aluksi aina hieman ep\u00e4ilev\u00e4inen ja sen luottamus t\u00e4ytyy aina ensin ansaita.<\/span><\/p>\n<p><strong>Marsun nostaminen<\/strong><br \/>\nSaalisel\u00e4imen\u00e4 marsu pelk\u00e4\u00e4 luontaisesti ihmisen valtavia k\u00e4si\u00e4, jotka tulevat pyydyst\u00e4m\u00e4\u00e4n marsua turvapaikasta. Marsu olisi hyv\u00e4 totuttaa siihen, ett\u00e4 ihmisen k\u00e4den l\u00e4hestyminen on hyv\u00e4 asia (herkkuja, herkkuja, herkkuja ja herkkuja), eik\u00e4 koskaan nostaa marsua h\u00e4kist\u00e4 pois jahtaamistekniikalla. Marsua nostetaan aluksi molemmilla k\u00e4sill\u00e4. Toinen k\u00e4si pujotetaan etujalkojen takaa rinnan alitse. Toisella k\u00e4dell\u00e4 nostetaan takajalkojen v\u00e4list\u00e4. Otteen tulee olla tukeva, koska marsu voi s\u00e4ik\u00e4ht\u00e4\u00e4 ja yritt\u00e4\u00e4 s\u00e4tki\u00e4 sylist\u00e4 pois, vaikka lattialle olisi metri.<\/p>\n<p>Marsu on hyvin herkk\u00e4 ja passiivinen el\u00e4in, eik\u00e4 siis puolustaudu tai v\u00e4ltt\u00e4m\u00e4tt\u00e4 edes \u00e4\u00e4ntele jos sit\u00e4 vahingoittaa tiet\u00e4m\u00e4tt\u00e4\u00e4n. Turvallisinta on pit\u00e4\u00e4 marsua l\u00e4hell\u00e4 omaa kehoa. Lasten opetellessa marsujen k\u00e4sittely\u00e4 on aikuisen neuvot aina tarpeen.<\/p>\n","protected":false},"excerpt":{"rendered":"<p>H\u00e4kki on marsun koti ja marsu viett\u00e4\u00e4 siell\u00e4 suurimman osan el\u00e4m\u00e4st\u00e4\u00e4n. N\u00e4in ollen h\u00e4kin tulee olla riitt\u00e4v\u00e4n tilava ja virikkeellinen. H\u00e4kin minimi koko kahdelle marsulle on 120cm tehdash\u00e4kki, eik\u00e4 liian suurta h\u00e4kki\u00e4 olekaan. Marsuja voi pit\u00e4\u00e4 my\u00f6s katottomassa aitauksessa, sill\u00e4 &hellip; <a href=\"https:\/\/marsuyhdistys.net\/home\/kaikki-marsusta\/majoitus\/\">Lue loppuun <span class=\"meta-nav\">&rarr;<\/span><\/a><\/p>\n","protected":false},"author":10,"featured_media":0,"parent":14,"menu_order":5,"comment_status":"closed","ping_status":"closed","template":"","meta":{"footnotes":"","_links_to":"","_links_to_target":""},"class_list":["post-72","page","type-page","status-publish","hentry"],"_links":{"self":[{"href":"https:\/\/marsuyhdistys.net\/home\/wp-json\/wp\/v2\/pages\/72","targetHints":{"allow":["GET"]}}],"collection":[{"href":"https:\/\/marsuyhdistys.net\/home\/wp-json\/wp\/v2\/pages"}],"about":[{"href":"https:\/\/marsuyhdistys.net\/home\/wp-json\/wp\/v2\/types\/page"}],"author":[{"embeddable":true,"href":"https:\/\/marsuyhdistys.net\/home\/wp-json\/wp\/v2\/users\/10"}],"replies":[{"embeddable":true,"href":"https:\/\/marsuyhdistys.net\/home\/wp-json\/wp\/v2\/comments?post=72"}],"version-history":[{"count":13,"href":"https:\/\/marsuyhdistys.net\/home\/wp-json\/wp\/v2\/pages\/72\/revisions"}],"predecessor-version":[{"id":7097,"href":"https:\/\/marsuyhdistys.net\/home\/wp-json\/wp\/v2\/pages\/72\/revisions\/7097"}],"up":[{"embeddable":true,"href":"https:\/\/marsuyhdistys.net\/home\/wp-json\/wp\/v2\/pages\/14"}],"wp:attachment":[{"href":"https:\/\/marsuyhdistys.net\/home\/wp-json\/wp\/v2\/media?parent=72"}],"curies":[{"name":"wp","href":"https:\/\/api.w.org\/{rel}","templated":true}]}}