{"id":7244,"date":"2020-03-11T15:23:40","date_gmt":"2020-03-11T13:23:40","guid":{"rendered":"http:\/\/marsuyhdistys.net\/home\/?page_id=7244"},"modified":"2020-11-15T20:34:19","modified_gmt":"2020-11-15T18:34:19","slug":"nayttelytulokset-2020","status":"publish","type":"page","link":"https:\/\/marsuyhdistys.net\/home\/nayttelytulokset-2020\/","title":{"rendered":"N\u00e4yttelytulokset 2020"},"content":{"rendered":"<p><strong>25.1.2020 Kouvola, Kaakon Kanit ja Jyrsij\u00e4t<\/strong><br \/><a rel=\"noreferrer noopener\" aria-label=\"UML Aida Depner (avautuu uudessa v\u00e4lilehdess\u00e4)\" href=\"http:\/\/marsuyhdistys.net\/home\/wp-content\/uploads\/2020\/03\/KouvolaAida2020.pdf\" target=\"_blank\">UML Aida Depner<\/a><br \/><a rel=\"noreferrer noopener\" aria-label=\"PET Annukka Juntunen (avautuu uudessa v\u00e4lilehdess\u00e4)\" href=\"http:\/\/marsuyhdistys.net\/home\/wp-content\/uploads\/2020\/03\/KouvolaAnnukka2020.pdf\" target=\"_blank\">PET Annukka Juntunen<\/a><\/p>\n<p><strong>1.2.2020 Oulu, Oulun Seudun Jyrsij\u00e4harrastajat<\/strong><br \/><a href=\"http:\/\/marsuyhdistys.net\/home\/wp-content\/uploads\/2020\/03\/OSJH-1.2.-Marsujen-tulokset.pdf\" target=\"_blank\" rel=\"noreferrer noopener\" aria-label=\"PET Essi Saloranta (avautuu uudessa v\u00e4lilehdess\u00e4)\">PET Essi Saloranta<\/a><\/p>\n<p><strong>22.2.2020 Kuopio Susirajan Jyrsij\u00e4harrastajat<\/strong><br \/><a rel=\"noreferrer noopener\" aria-label=\"UML  Andrea Kroftov\u00e1  (avautuu uudessa v\u00e4lilehdess\u00e4)\" href=\"http:\/\/marsuyhdistys.net\/home\/wp-content\/uploads\/2020\/03\/marsujen-uml-Kuopio.pdf\" target=\"_blank\">UML  Andrea Kroftov\u00e1 <\/a><br \/><a rel=\"noreferrer noopener\" aria-label=\"PET Sini Nuutinen (avautuu uudessa v\u00e4lilehdess\u00e4)\" href=\"http:\/\/marsuyhdistys.net\/home\/wp-content\/uploads\/2020\/03\/marsujen-pet-Kuopio.pdf\" target=\"_blank\">PET Sini Nuutinen<\/a><\/p>\n<p><strong>2.8.2020 Kokkola SMY<\/strong><br \/><a rel=\"noreferrer noopener\" aria-label=\"PET Elisa Svento (avautuu uudessa v\u00e4lilehdess\u00e4)\" href=\"http:\/\/marsuyhdistys.net\/home\/wp-content\/uploads\/2020\/08\/R\u00f6ds\u00f6n-kokkolan-n\u00e4tyttelytulokset.pdf\" target=\"_blank\">PET Elisa Svento<\/a><\/p>\n<p><strong>8.8.2020 Lemp\u00e4\u00e4l\u00e4 Pirkanmaan Nakertajat Ry<\/strong><br \/><a rel=\"noreferrer noopener\" aria-label=\"PET Jessica Nurmiranta (avautuu uudessa v\u00e4lilehdess\u00e4)\" href=\"http:\/\/marsuyhdistys.net\/home\/wp-content\/uploads\/2020\/08\/Lemp\u00e4\u00e4l\u00e42020.pdf\" target=\"_blank\">PET Jessica Nurmiranta<\/a><\/p>\n<p><strong>19.9.2020   Kouvola, Kaakon Kanit ja Jyrsij\u00e4t<\/strong> <br \/><a href=\"http:\/\/marsuyhdistys.net\/home\/wp-content\/uploads\/2020\/11\/Kouvola-syyskuu2020.pdf\" target=\"_blank\" rel=\"noreferrer noopener\" aria-label=\"UML Aida Depner ja Lea Rahtu-Korpela (avautuu uudessa v\u00e4lilehdess\u00e4)\">UML Aida Depner ja Lea Rahtu-Korpela<\/a><\/p>\n","protected":false},"excerpt":{"rendered":"<p>25.1.2020 Kouvola, Kaakon Kanit ja Jyrsij\u00e4tUML Aida DepnerPET Annukka Juntunen 1.2.2020 Oulu, Oulun Seudun Jyrsij\u00e4harrastajatPET Essi Saloranta 22.2.2020 Kuopio Susirajan Jyrsij\u00e4harrastajatUML Andrea Kroftov\u00e1 PET Sini Nuutinen 2.8.2020 Kokkola SMYPET Elisa Svento 8.8.2020 Lemp\u00e4\u00e4l\u00e4 Pirkanmaan Nakertajat RyPET Jessica Nurmiranta 19.9.2020 Kouvola, &hellip; <a href=\"https:\/\/marsuyhdistys.net\/home\/nayttelytulokset-2020\/\">Lue loppuun <span class=\"meta-nav\">&rarr;<\/span><\/a><\/p>\n","protected":false},"author":19,"featured_media":0,"parent":0,"menu_order":0,"comment_status":"closed","ping_status":"closed","template":"","meta":{"footnotes":"","_links_to":"","_links_to_target":""},"class_list":["post-7244","page","type-page","status-publish","hentry"],"_links":{"self":[{"href":"https:\/\/marsuyhdistys.net\/home\/wp-json\/wp\/v2\/pages\/7244","targetHints":{"allow":["GET"]}}],"collection":[{"href":"https:\/\/marsuyhdistys.net\/home\/wp-json\/wp\/v2\/pages"}],"about":[{"href":"https:\/\/marsuyhdistys.net\/home\/wp-json\/wp\/v2\/types\/page"}],"author":[{"embeddable":true,"href":"https:\/\/marsuyhdistys.net\/home\/wp-json\/wp\/v2\/users\/19"}],"replies":[{"embeddable":true,"href":"https:\/\/marsuyhdistys.net\/home\/wp-json\/wp\/v2\/comments?post=7244"}],"version-history":[{"count":6,"href":"https:\/\/marsuyhdistys.net\/home\/wp-json\/wp\/v2\/pages\/7244\/revisions"}],"predecessor-version":[{"id":7456,"href":"https:\/\/marsuyhdistys.net\/home\/wp-json\/wp\/v2\/pages\/7244\/revisions\/7456"}],"wp:attachment":[{"href":"https:\/\/marsuyhdistys.net\/home\/wp-json\/wp\/v2\/media?parent=7244"}],"curies":[{"name":"wp","href":"https:\/\/api.w.org\/{rel}","templated":true}]}}