{"id":74,"date":"2012-08-02T20:01:40","date_gmt":"2012-08-02T18:01:40","guid":{"rendered":"http:\/\/marsuyhdistys.net\/home\/?page_id=74"},"modified":"2016-03-11T15:50:58","modified_gmt":"2016-03-11T13:50:58","slug":"ruokinta","status":"publish","type":"page","link":"https:\/\/marsuyhdistys.net\/home\/kaikki-marsusta\/ruokinta\/","title":{"rendered":"Ruokinta"},"content":{"rendered":"<p><span style=\"color: #000000;\">Oikea ruokinta on marsunhoidon A ja O. Marsujen ruokinta on verrattain yksinkertaista, kunhan ymm\u00e4rt\u00e4\u00e4 muutaman peruss\u00e4\u00e4nn\u00f6n niiden ruoansulatuksesta. Kahdesta asiasta ei ole poikkeamista, kuivahein\u00e4 ja C-vitamiini ovat marsulle v\u00e4ltt\u00e4m\u00e4tt\u00f6mi\u00e4, joka p\u00e4iv\u00e4.<\/span><\/p>\n<p><span style=\"color: #000000;\"><strong>Hein\u00e4<\/strong><\/span><\/p>\n<p><span style=\"color: #000000;\">Marsun ruoansulatus perustuu sen suoliston bakteerikannan toimintaan, ja t\u00e4m\u00e4 bakteeristo tarvitsee hein\u00e4\u00e4 pysy\u00e4kseen hengiss\u00e4. Mik\u00e4li marsu ei saa hein\u00e4\u00e4, sen suoliston bakteerikanta kuolee, ja t\u00e4ll\u00f6in kuolee my\u00f6s itse el\u00e4in, koska se ei en\u00e4\u00e4 pysty sulattamaan ravintoansa. Hein\u00e4n tulee olla vihre\u00e4\u00e4 ja lehtev\u00e4\u00e4. Se ei saa olla m\u00e4rk\u00e4\u00e4, p\u00f6ly\u00e4v\u00e4\u00e4 eik\u00e4 haista esimerkiksi homeelle. Marsut eiv\u00e4t yleens\u00e4 pid\u00e4 kovin kortisesta hein\u00e4st\u00e4. Hein\u00e4\u00e4 tulee olla jatkuvasti rajoittamattomasti tarjolla. Sen kanssa ei saa pihistell\u00e4. Marsun suolisto tarvitsee hein\u00e4ss\u00e4 olevaa kuitua, jotta suoliston tavara pysyy liikkell\u00e4. Marsu p\u00e4rj\u00e4\u00e4 tarvittaessa ilman pellettej\u00e4, jyvi\u00e4 ja tuoreruokaa, mutta marsu ei p\u00e4rj\u00e4\u00e4 ilman hein\u00e4\u00e4. Hein\u00e4\u00e4 ei voi korvata mill\u00e4\u00e4n. Hein\u00e4n t\u00e4rkeytt\u00e4 ei voi koskaan painottaa liikaa.<\/span><\/p>\n<p><span style=\"color: #000000;\"><strong>C-vitamiini<\/strong><\/span><\/p>\n<p><span style=\"color: #000000;\">Marsun elimist\u00f6 ei itse tuota C-vitamiinia (eik\u00e4 ihminenk\u00e4\u00e4n) ja sit\u00e4 pit\u00e4\u00e4 antaa erikseen. Vitamiinin lis\u00e4\u00e4minen marsun ruokavalioon on helppoa. Sen voi sekoittaa juomaveteen tai antaa jauheena esimerkiksi kurkun p\u00e4\u00e4ll\u00e4. Marsun C-vitamiinin lis\u00e4tarve on noin 20mg\/p\u00e4iv\u00e4. Vitamiinipurkkeja l\u00f6ytyy el\u00e4intarvikeliikkeist\u00e4, p\u00e4ivitt\u00e4istavarakaupoista, maatalouskaupoista ja apteekeista. Vitamiinim\u00e4\u00e4r\u00e4t (ja etenkin apuaineet) kannattaa katsoa tarkkaan. Osa purkeista sis\u00e4lt\u00e4\u00e4 C-vitamiinia vain yhden p\u00e4iv\u00e4n tarpeiksi ja osa purkeista neuvoo kymmenkertaista annosta tarpeeseen verrattuna.<\/span><\/p>\n<p><span style=\"color: #000000;\">Mik\u00e4li vitamiini annetaan veden kautta, vesi tulee vaihtaa p\u00e4ivitt\u00e4in, koska C-vitamiini ei s\u00e4ily pullossa pitk\u00e4\u00e4n. C-vitamiinin puutos aiheuttaa keripukin. Monissa pelleteiss\u00e4 on lis\u00e4tty\u00e4 C-vitamiinia. Marsu saa C-vitamiinia my\u00f6s tuoreruuan mukana.<\/span><\/p>\n<p><span style=\"color: #000000;\">C-vitamiini on vesiliukoinen vitamiini, joten yliannostuksen vaaraa ei juuri ole. Ylim\u00e4\u00e4r\u00e4inen C-vitamiini poistuu virtsan mukana. Kannattaa kuitenkin muistaa, ett\u00e4 runsaalla yliannostuksella kuormitetaan munuaisia ja virtsateit\u00e4 aivan turhaan.<\/span><\/p>\n<p><span style=\"color: #000000;\">\u00a0<\/span><strong>Kuivaruoka<\/strong><\/p>\n<p><span style=\"color: #000000;\">Marsuille on valittavissa monenlaisia kuivaruokia. L\u00f6ytyy siemensekoituksia ja pellettej\u00e4. Markkinoilla on paljon eri siemenseos- ja pellettimerkkej\u00e4, joiden valinnassa kannattaa huomioida, ett\u00e4 ruoka ei saisi olla kovin rasvaista, sopiva rasvapitoisuus on noin 2-3 %. Ruoassa t\u00e4rke\u00e4\u00e4 on my\u00f6s sen kalsium (Ca) ja fosfori (P) pitoisuuksien v\u00e4linen suhde, sopiva suhde on 2:1. Fosforia ei saisi milloinkaan olla kalsiumia enemm\u00e4n. Siemenseoksissa on usein v\u00e4rikk\u00e4it\u00e4 palleroita, jotka on tehty v\u00e4riaineilla. V\u00e4riaineita tulisi v\u00e4ltt\u00e4\u00e4, niiden tiedet\u00e4\u00e4n elimist\u00f6\u00f6n kertyess\u00e4\u00e4n aiheuttavan jopa kasvaimia. Lis\u00e4ksi siemensekoituksen huono puoli pellettiin n\u00e4hden on, ett\u00e4 siit\u00e4 marsu p\u00e4\u00e4see valitsemaan herkut p\u00e4\u00e4lt\u00e4, ja n\u00e4in ollen se saattaa lihota liikaa.<\/span><\/p>\n<p><span style=\"color: #000000;\">Pelletit ovat taas niit\u00e4 tyls\u00e4nharmaita p\u00f6tkyl\u00f6it\u00e4. Pelleteiss\u00e4 on hyv\u00e4n\u00e4 puolena se, ett\u00e4 jokaisessa pelletiss\u00e4 on samat ravintoaineet. Pellettej\u00e4 on saatavilla useita erityyppisi\u00e4 erilaisille marsuille energiantarpeen mukaan. Pet versiot ja elatusversiot ovat aikuisen lemmikkimarsun ruokaa. Kasvatusversiot taas tiineille, imett\u00e4ville, poikasille ja kasvaville marsuille. Kasvatus ja elatusversiot eroavat toisistaan p\u00e4\u00e4asiassa proteiinin m\u00e4\u00e4r\u00e4ss\u00e4. Kasvaville, imett\u00e4ville ja tiineille marsuille pellettej\u00e4 pidet\u00e4\u00e4n usein rajoittamattomasti tarjolla. Aikuiset saavat pari ruokalusikallista p\u00e4iv\u00e4ss\u00e4 riippuen omasta rasvakerroksestaan. Kaneille tarkoitettuja pellettej\u00e4 voi marsulle sy\u00f6tt\u00e4\u00e4, mutta niist\u00e4 puuttuu lis\u00e4tty C-vitamiini. Pellettienkin sis\u00e4llysluettelot ovat kirjavia.<\/span><\/p>\n<p><span style=\"color: #000000;\">Kuivaruokia voi vaihdella, mutta uutta ruokaa ostaessa kannattaa lukea valmistusaineet tarkasti. Uuden ruuan vaihto tehd\u00e4\u00e4n hitaasti sekoittamalla uutta ruokaa vanhaan parin viikon ajan. Marsu saattaa nirsoilla uuden ruuan suhteen.<\/span><\/p>\n<p><span style=\"color: #000000;\"><strong>Tuoreruoka<\/strong><\/span><\/p>\n<p><span style=\"color: #000000;\">Tuoreruuat kannattaa pest\u00e4 huolellisesti ennen tarjoamista. Marsulle ei kannata antaa enemp\u00e4\u00e4 tuoreruokaa, kun se jaksaa kerralla sy\u00f6d\u00e4. H\u00e4kin pohjalle j\u00e4\u00e4neet ruuat ker\u00e4t\u00e4\u00e4n pois nahistumasta. Uusia ruokia voi totuttaa marsulle pikkuhiljaa. Marsu voi olla eritt\u00e4in valikoiva ruokansa suhteen ja kielt\u00e4yty\u00e4 sy\u00f6m\u00e4st\u00e4 sellaista mihin se ei ole tottunut aiemmin. Kielletyist\u00e4 ett\u00e4 sallituista ruuista on hyv\u00e4 ker\u00e4t\u00e4 kattava lista j\u00e4\u00e4kaapin oveen muistutukseksi.<\/span><br \/>\n<span style=\"color: #000000;\"> &#8211; Sallittuja ruoka-aineita ovat mm. porkkana, lanttu, punajuuri, selleri, punajuuri, kurkku, tomaatti, salaatti, retiisit, omena, p\u00e4\u00e4ryn\u00e4, kiwi, mansikka, vadelma, mustikka, persilja, tilli jne.<\/span><br \/>\n<span style=\"color: #000000;\"> &#8211; Kiellettyj\u00e4 on peruna, sipulikasvit, munakoiso, kaali, sitrushedelm\u00e4t. Marsu on t\u00e4ysin kasvinsy\u00f6j\u00e4, n\u00e4in ollen sille ei my\u00f6sk\u00e4\u00e4n saa antaa mit\u00e4\u00e4n el\u00e4inkunnasta per\u00e4isin olevaa ravintoa (kananmuna, maito, hunaja).<\/span><\/p>\n<p>Ihmisten herkut, kuten suklaat, karkit, vanukkaat, sipsit, limonaadit ym. eiv\u00e4t ole marsujen ruokaa. Marsulle ei sovi antaa my\u00f6sk\u00e4\u00e4n pakastettua tai kypsennetty\u00e4 ruokaa. On my\u00f6s huomioitava, ettei marsu t\u00e4yt\u00e4 vatsaansa pelk\u00e4ll\u00e4 tuoreravinnolla, vaan sy\u00f6 my\u00f6s runsaasti kuivaa hein\u00e4\u00e4.<\/p>\n<p>Kes\u00e4ll\u00e4 voi ker\u00e4t\u00e4 ulkoa marsuille esimerkiksi voikukkia, ruohoa, hein\u00e4\u00e4, apilaa, piharatamoa jne. Maanteiden vierest\u00e4 tai koirien ulkoiluttamispaikoilta ei sovi ker\u00e4t\u00e4. Voit my\u00f6s kuivattaa lehtipuiden ja vadelman oksia, maitohorsmia sek\u00e4 voikukkaa marsun talviherkuksi. Kev\u00e4\u00e4ll\u00e4 totuttaminen tuoreeseen hein\u00e4\u00e4n ja muihin ulkoherkkuihin t\u00e4ytyy tehd\u00e4 hitaasti ettei marsu saa ripulia, joka pahimmillaan voi johtaa marsun kuolemaan. Aloita yhdell\u00e4 voikukanlehdell\u00e4 p\u00e4iv\u00e4ss\u00e4.<\/p>\n<p><div id=\"attachment_579\" style=\"width: 310px\" class=\"wp-caption aligncenter\"><a href=\"http:\/\/marsuyhdistys.net\/home\/wp-content\/uploads\/2012\/08\/ImpaktoriReetu01.jpg\"><img loading=\"lazy\" decoding=\"async\" aria-describedby=\"caption-attachment-579\" class=\"size-medium wp-image-579 \" title=\"Persilja\" src=\"http:\/\/marsuyhdistys.net\/home\/wp-content\/uploads\/2012\/08\/ImpaktoriReetu01-300x225.jpg\" alt=\"\" width=\"300\" height=\"225\" srcset=\"https:\/\/marsuyhdistys.net\/home\/wp-content\/uploads\/2012\/08\/ImpaktoriReetu01-300x225.jpg 300w, https:\/\/marsuyhdistys.net\/home\/wp-content\/uploads\/2012\/08\/ImpaktoriReetu01-400x300.jpg 400w, https:\/\/marsuyhdistys.net\/home\/wp-content\/uploads\/2012\/08\/ImpaktoriReetu01.jpg 600w\" sizes=\"auto, (max-width: 300px) 100vw, 300px\" \/><\/a><p id=\"caption-attachment-579\" class=\"wp-caption-text\">Persilja on hyv\u00e4\u00e4.<\/p><\/div><\/p>\n<p><span style=\"color: #000000;\"><strong>Suola- ja mineraalikivet<\/strong><\/span><\/p>\n<p><span style=\"color: #000000;\">P\u00e4\u00e4asiassa suola- ja mineraalikivien tarjoaminen marsulle on turhaa. Laadukkaasta hein\u00e4st\u00e4 ja kuivaruuasta marsu saa kaikki tarvitsemansa hivenaineet. Suurin osa marsuista ei n\u00e4ihin lis\u00e4ravinnekiviin edes koske. Niiden pit\u00e4misest\u00e4 marsun h\u00e4kiss\u00e4 ei tosin ole mit\u00e4\u00e4n haittaakaan.<\/span><\/p>\n<p><span style=\"color: #000000;\"><strong>Muuta tietoa ruokinnasta<\/strong><\/span><\/p>\n<p><span style=\"color: #000000;\">Marsut ovat jyrsij\u00f6it\u00e4 ja rakastavat nakertamista. Jotta ei-nakerteluun tarkoitetut virikkeet s\u00e4ilyisiv\u00e4t marsulla nakertelemattomina kannattaa niille antaa jotain sallittua nakerreltavaa. Puunoksat pit\u00e4v\u00e4t marsun hampaat lyhyin\u00e4 esim. koivun-, haavan-, pajun-, omena- ja pihlajanoksat sek\u00e4 erilaiset varvut. Pajua voi antaa kohtuudella: pajun kuori sis\u00e4lt\u00e4\u00e4 asetyylisalisyylihappoa eli aspiriinia.<\/span><\/p>\n<p><span style=\"color: #000000;\">Erikoisuutena marsu sy\u00f6 omia papanoitaan. Papanoista se saa valkuaisaineita, kivenn\u00e4isaineita, vitamiineja ja ruoansulatukselle v\u00e4ltt\u00e4m\u00e4tt\u00f6mi\u00e4 pieneli\u00f6it\u00e4, joten k\u00e4ytt\u00e4ytymisest\u00e4 ei kannata huolestua.<\/span><\/p>\n","protected":false},"excerpt":{"rendered":"<p>Oikea ruokinta on marsunhoidon A ja O. Marsujen ruokinta on verrattain yksinkertaista, kunhan ymm\u00e4rt\u00e4\u00e4 muutaman peruss\u00e4\u00e4nn\u00f6n niiden ruoansulatuksesta. Kahdesta asiasta ei ole poikkeamista, kuivahein\u00e4 ja C-vitamiini ovat marsulle v\u00e4ltt\u00e4m\u00e4tt\u00f6mi\u00e4, joka p\u00e4iv\u00e4. Hein\u00e4 Marsun ruoansulatus perustuu sen suoliston bakteerikannan toimintaan, ja &hellip; <a href=\"https:\/\/marsuyhdistys.net\/home\/kaikki-marsusta\/ruokinta\/\">Lue loppuun <span class=\"meta-nav\">&rarr;<\/span><\/a><\/p>\n","protected":false},"author":10,"featured_media":0,"parent":14,"menu_order":20,"comment_status":"closed","ping_status":"closed","template":"","meta":{"footnotes":"","_links_to":"","_links_to_target":""},"class_list":["post-74","page","type-page","status-publish","hentry"],"_links":{"self":[{"href":"https:\/\/marsuyhdistys.net\/home\/wp-json\/wp\/v2\/pages\/74","targetHints":{"allow":["GET"]}}],"collection":[{"href":"https:\/\/marsuyhdistys.net\/home\/wp-json\/wp\/v2\/pages"}],"about":[{"href":"https:\/\/marsuyhdistys.net\/home\/wp-json\/wp\/v2\/types\/page"}],"author":[{"embeddable":true,"href":"https:\/\/marsuyhdistys.net\/home\/wp-json\/wp\/v2\/users\/10"}],"replies":[{"embeddable":true,"href":"https:\/\/marsuyhdistys.net\/home\/wp-json\/wp\/v2\/comments?post=74"}],"version-history":[{"count":19,"href":"https:\/\/marsuyhdistys.net\/home\/wp-json\/wp\/v2\/pages\/74\/revisions"}],"predecessor-version":[{"id":4870,"href":"https:\/\/marsuyhdistys.net\/home\/wp-json\/wp\/v2\/pages\/74\/revisions\/4870"}],"up":[{"embeddable":true,"href":"https:\/\/marsuyhdistys.net\/home\/wp-json\/wp\/v2\/pages\/14"}],"wp:attachment":[{"href":"https:\/\/marsuyhdistys.net\/home\/wp-json\/wp\/v2\/media?parent=74"}],"curies":[{"name":"wp","href":"https:\/\/api.w.org\/{rel}","templated":true}]}}