{"id":740,"date":"2013-03-10T00:05:09","date_gmt":"2013-03-09T22:05:09","guid":{"rendered":"http:\/\/marsuyhdistys.net\/home\/?page_id=740"},"modified":"2026-04-18T11:16:07","modified_gmt":"2026-04-18T09:16:07","slug":"tulevat-tapahtumat","status":"publish","type":"page","link":"https:\/\/marsuyhdistys.net\/home\/jasenille\/tulevat-tapahtumat\/","title":{"rendered":"Tulevat tapahtumat"},"content":{"rendered":"<p><a href=\"https:\/\/marsuyhdistys.net\/home\/wp-content\/uploads\/2022\/08\/received_1019992892003432.jpeg\"><img loading=\"lazy\" decoding=\"async\" class=\"alignnone  wp-image-10082\" src=\"https:\/\/marsuyhdistys.net\/home\/wp-content\/uploads\/2022\/08\/received_1019992892003432-300x200.jpeg\" alt=\"\" width=\"585\" height=\"390\" srcset=\"https:\/\/marsuyhdistys.net\/home\/wp-content\/uploads\/2022\/08\/received_1019992892003432-300x200.jpeg 300w, https:\/\/marsuyhdistys.net\/home\/wp-content\/uploads\/2022\/08\/received_1019992892003432-768x513.jpeg 768w, https:\/\/marsuyhdistys.net\/home\/wp-content\/uploads\/2022\/08\/received_1019992892003432-1024x684.jpeg 1024w, https:\/\/marsuyhdistys.net\/home\/wp-content\/uploads\/2022\/08\/received_1019992892003432.jpeg 1600w\" sizes=\"auto, (max-width: 585px) 100vw, 585px\" \/><\/a><\/p>\n<p><span style=\"color: #000000;\"><a style=\"color: #000000;\" href=\"http:\/\/marsuyhdistys.net\/home\/wp-content\/uploads\/2013\/03\/tuloks1.jpg\"><br \/><\/a><\/span> <span style=\"color: #000000;\">T\u00e4lt\u00e4 sivulta l\u00f6ytyv\u00e4t Suomen Marsuyhdistyksen tapahtumat sek\u00e4 muiden yhdistysten n\u00e4yttelytiedot, mik\u00e4li niill\u00e4 on SMY:n hyv\u00e4ksynt\u00e4.&nbsp;<\/span> <span style=\"color: #000000;\">Erillisi\u00e4 n\u00e4yttelykutsuja ei SMY:n n\u00e4yttelyihin ole. Kaikki muuttuva tieto kerrotaan t\u00e4ll\u00e4 sivulla. Huomaathan ett\u00e4 jokaiseen n\u00e4yttelyyn, vaikka olisivat samana p\u00e4iv\u00e4n\u00e4, on omat maksut. SMY:n n\u00e4yttelyiden uml luokissa marsulla tulee olla SMY rekister\u00f6intinumero.<\/span><\/p>\n<p><span style=\"color: #000000;\"><strong>Tervetuloa tutustumaan n\u00e4yttelyn yleisohjeisiin <\/strong><a style=\"color: #000000;\" href=\"http:\/\/marsuyhdistys.net\/home\/?page_id=242\"><strong>t\u00e4\u00e4lt\u00e4&nbsp;(hinnat,&nbsp;ilmoittautuminen,&nbsp;el\u00e4intentarkastus)<\/strong><\/a><strong> <\/strong><\/span><\/p>\n<p><span style=\"color: #000000;\"><strong>Kannattaa lukea my\u00f6s&nbsp;<\/strong><a style=\"color: #000000;\" href=\"http:\/\/marsuyhdistys.net\/home\/?page_id=261\"><strong>n\u00e4yttelyn kulku<\/strong><\/a><strong>.<\/strong><\/span> <\/p>\n<p><span style=\"color: #000000;\">Kaikki n\u00e4yttelyihin ja tapahtumiin liittyv\u00e4t kysymykset: smy.hallitus@gmail.com<\/span> <span style=\"color: #000000;\"><strong> Information in english:<\/strong> smy.hallitus@gmail.com<\/span><\/p>\n<p><span style=\"color: #000000;\">N\u00e4yttelyihin on mahdollista vuokrata Suomen Marsuyhdistykselt\u00e4 myyntipaikka.<br \/><strong>Myyntipaikkojen hinnat:<\/strong><\/span> <span style=\"color: #000000;\"><br \/><strong>J\u00e4senille:<\/strong> 10\u20ac<br \/><strong>J\u00e4senten yrityksille:<\/strong> 20\u20ac<br \/><strong>Ulkopuolisille yrityksille:<\/strong> 30\u20ac<\/span><\/p>\n<h1 class=\"wp-block-heading\">2026<\/h1>\n<hr class=\"wp-block-separator has-alpha-channel-opacity\"\/>\n<p><a href=\"https:\/\/marsuyhdistys.net\/home\/wp-content\/uploads\/2026\/04\/IMG-20260331-WA0024.jpg\"><img loading=\"lazy\" decoding=\"async\" class=\"alignnone size-large wp-image-13241\" src=\"https:\/\/marsuyhdistys.net\/home\/wp-content\/uploads\/2026\/04\/IMG-20260331-WA0024-819x1024.jpg\" alt=\"\" width=\"640\" height=\"800\" srcset=\"https:\/\/marsuyhdistys.net\/home\/wp-content\/uploads\/2026\/04\/IMG-20260331-WA0024-819x1024.jpg 819w, https:\/\/marsuyhdistys.net\/home\/wp-content\/uploads\/2026\/04\/IMG-20260331-WA0024-240x300.jpg 240w, https:\/\/marsuyhdistys.net\/home\/wp-content\/uploads\/2026\/04\/IMG-20260331-WA0024-768x960.jpg 768w, https:\/\/marsuyhdistys.net\/home\/wp-content\/uploads\/2026\/04\/IMG-20260331-WA0024.jpg 1080w\" sizes=\"auto, (max-width: 640px) 100vw, 640px\" \/><\/a><a href=\"https:\/\/marsuyhdistys.net\/home\/wp-content\/uploads\/2026\/04\/IMG-20260403-WA0023.jpg\"><img loading=\"lazy\" decoding=\"async\" class=\"alignnone size-large wp-image-13247\" src=\"https:\/\/marsuyhdistys.net\/home\/wp-content\/uploads\/2026\/04\/IMG-20260403-WA0023-819x1024.jpg\" alt=\"\" width=\"640\" height=\"800\" srcset=\"https:\/\/marsuyhdistys.net\/home\/wp-content\/uploads\/2026\/04\/IMG-20260403-WA0023-819x1024.jpg 819w, https:\/\/marsuyhdistys.net\/home\/wp-content\/uploads\/2026\/04\/IMG-20260403-WA0023-240x300.jpg 240w, https:\/\/marsuyhdistys.net\/home\/wp-content\/uploads\/2026\/04\/IMG-20260403-WA0023-768x960.jpg 768w, https:\/\/marsuyhdistys.net\/home\/wp-content\/uploads\/2026\/04\/IMG-20260403-WA0023.jpg 1080w\" sizes=\"auto, (max-width: 640px) 100vw, 640px\" \/><\/a><a href=\"https:\/\/marsuyhdistys.net\/home\/wp-content\/uploads\/2026\/02\/IMG-20260125-WA0035.jpg\"><img loading=\"lazy\" decoding=\"async\" class=\"alignnone size-large wp-image-13209\" src=\"https:\/\/marsuyhdistys.net\/home\/wp-content\/uploads\/2026\/02\/IMG-20260125-WA0035-819x1024.jpg\" alt=\"\" width=\"640\" height=\"800\" srcset=\"https:\/\/marsuyhdistys.net\/home\/wp-content\/uploads\/2026\/02\/IMG-20260125-WA0035-819x1024.jpg 819w, https:\/\/marsuyhdistys.net\/home\/wp-content\/uploads\/2026\/02\/IMG-20260125-WA0035-240x300.jpg 240w, https:\/\/marsuyhdistys.net\/home\/wp-content\/uploads\/2026\/02\/IMG-20260125-WA0035-768x960.jpg 768w, https:\/\/marsuyhdistys.net\/home\/wp-content\/uploads\/2026\/02\/IMG-20260125-WA0035.jpg 1080w\" sizes=\"auto, (max-width: 640px) 100vw, 640px\" \/><\/a><a href=\"https:\/\/marsuyhdistys.net\/home\/wp-content\/uploads\/2026\/02\/IMG-20260125-WA0036.jpg\"><img loading=\"lazy\" decoding=\"async\" class=\"alignnone size-large wp-image-13208\" src=\"https:\/\/marsuyhdistys.net\/home\/wp-content\/uploads\/2026\/02\/IMG-20260125-WA0036-819x1024.jpg\" alt=\"\" width=\"640\" height=\"800\" srcset=\"https:\/\/marsuyhdistys.net\/home\/wp-content\/uploads\/2026\/02\/IMG-20260125-WA0036-819x1024.jpg 819w, https:\/\/marsuyhdistys.net\/home\/wp-content\/uploads\/2026\/02\/IMG-20260125-WA0036-240x300.jpg 240w, https:\/\/marsuyhdistys.net\/home\/wp-content\/uploads\/2026\/02\/IMG-20260125-WA0036-768x960.jpg 768w, https:\/\/marsuyhdistys.net\/home\/wp-content\/uploads\/2026\/02\/IMG-20260125-WA0036.jpg 1080w\" sizes=\"auto, (max-width: 640px) 100vw, 640px\" \/><\/a><a href=\"https:\/\/marsuyhdistys.net\/home\/wp-content\/uploads\/2026\/02\/IMG-20260125-WA0034.jpg\"><img loading=\"lazy\" decoding=\"async\" class=\"alignnone size-large wp-image-13210\" src=\"https:\/\/marsuyhdistys.net\/home\/wp-content\/uploads\/2026\/02\/IMG-20260125-WA0034-819x1024.jpg\" alt=\"\" width=\"640\" height=\"800\" srcset=\"https:\/\/marsuyhdistys.net\/home\/wp-content\/uploads\/2026\/02\/IMG-20260125-WA0034-819x1024.jpg 819w, https:\/\/marsuyhdistys.net\/home\/wp-content\/uploads\/2026\/02\/IMG-20260125-WA0034-240x300.jpg 240w, https:\/\/marsuyhdistys.net\/home\/wp-content\/uploads\/2026\/02\/IMG-20260125-WA0034-768x960.jpg 768w, https:\/\/marsuyhdistys.net\/home\/wp-content\/uploads\/2026\/02\/IMG-20260125-WA0034.jpg 1080w\" sizes=\"auto, (max-width: 640px) 100vw, 640px\" \/><\/a><a href=\"https:\/\/marsuyhdistys.net\/home\/wp-content\/uploads\/2026\/04\/IMG-20260403-WA0022.jpg\"><img loading=\"lazy\" decoding=\"async\" class=\"alignnone size-large wp-image-13248\" src=\"https:\/\/marsuyhdistys.net\/home\/wp-content\/uploads\/2026\/04\/IMG-20260403-WA0022-819x1024.jpg\" alt=\"\" width=\"640\" height=\"800\" srcset=\"https:\/\/marsuyhdistys.net\/home\/wp-content\/uploads\/2026\/04\/IMG-20260403-WA0022-819x1024.jpg 819w, https:\/\/marsuyhdistys.net\/home\/wp-content\/uploads\/2026\/04\/IMG-20260403-WA0022-240x300.jpg 240w, https:\/\/marsuyhdistys.net\/home\/wp-content\/uploads\/2026\/04\/IMG-20260403-WA0022-768x960.jpg 768w, https:\/\/marsuyhdistys.net\/home\/wp-content\/uploads\/2026\/04\/IMG-20260403-WA0022.jpg 1080w\" sizes=\"auto, (max-width: 640px) 100vw, 640px\" \/><\/a><\/p>\n<hr \/>\n<p><a href=\"https:\/\/marsuyhdistys.net\/home\/wp-content\/uploads\/2026\/04\/IMG-20260404-WA0009.jpg\"><img loading=\"lazy\" decoding=\"async\" class=\"alignnone size-large wp-image-13254\" src=\"https:\/\/marsuyhdistys.net\/home\/wp-content\/uploads\/2026\/04\/IMG-20260404-WA0009-724x1024.jpg\" alt=\"\" width=\"640\" height=\"905\" srcset=\"https:\/\/marsuyhdistys.net\/home\/wp-content\/uploads\/2026\/04\/IMG-20260404-WA0009-724x1024.jpg 724w, https:\/\/marsuyhdistys.net\/home\/wp-content\/uploads\/2026\/04\/IMG-20260404-WA0009-212x300.jpg 212w, https:\/\/marsuyhdistys.net\/home\/wp-content\/uploads\/2026\/04\/IMG-20260404-WA0009-768x1086.jpg 768w, https:\/\/marsuyhdistys.net\/home\/wp-content\/uploads\/2026\/04\/IMG-20260404-WA0009-1086x1536.jpg 1086w, https:\/\/marsuyhdistys.net\/home\/wp-content\/uploads\/2026\/04\/IMG-20260404-WA0009.jpg 1131w\" sizes=\"auto, (max-width: 640px) 100vw, 640px\" \/><\/a><a href=\"https:\/\/marsuyhdistys.net\/home\/wp-content\/uploads\/2026\/04\/1000177940.png\"><img loading=\"lazy\" decoding=\"async\" class=\"alignnone size-large wp-image-13274\" src=\"https:\/\/marsuyhdistys.net\/home\/wp-content\/uploads\/2026\/04\/1000177940-1024x1024.png\" alt=\"\" width=\"640\" height=\"640\" srcset=\"https:\/\/marsuyhdistys.net\/home\/wp-content\/uploads\/2026\/04\/1000177940-1024x1024.png 1024w, https:\/\/marsuyhdistys.net\/home\/wp-content\/uploads\/2026\/04\/1000177940-300x300.png 300w, https:\/\/marsuyhdistys.net\/home\/wp-content\/uploads\/2026\/04\/1000177940-150x150.png 150w, https:\/\/marsuyhdistys.net\/home\/wp-content\/uploads\/2026\/04\/1000177940-768x768.png 768w, https:\/\/marsuyhdistys.net\/home\/wp-content\/uploads\/2026\/04\/1000177940.png 1080w\" sizes=\"auto, (max-width: 640px) 100vw, 640px\" \/><\/a><a href=\"https:\/\/marsuyhdistys.net\/home\/wp-content\/uploads\/2026\/04\/1000177939.png\"><img loading=\"lazy\" decoding=\"async\" class=\"alignnone size-large wp-image-13275\" src=\"https:\/\/marsuyhdistys.net\/home\/wp-content\/uploads\/2026\/04\/1000177939-1024x1024.png\" alt=\"\" width=\"640\" height=\"640\" srcset=\"https:\/\/marsuyhdistys.net\/home\/wp-content\/uploads\/2026\/04\/1000177939-1024x1024.png 1024w, https:\/\/marsuyhdistys.net\/home\/wp-content\/uploads\/2026\/04\/1000177939-300x300.png 300w, https:\/\/marsuyhdistys.net\/home\/wp-content\/uploads\/2026\/04\/1000177939-150x150.png 150w, https:\/\/marsuyhdistys.net\/home\/wp-content\/uploads\/2026\/04\/1000177939-768x768.png 768w, https:\/\/marsuyhdistys.net\/home\/wp-content\/uploads\/2026\/04\/1000177939.png 1080w\" sizes=\"auto, (max-width: 640px) 100vw, 640px\" \/><\/a><\/p>\n<hr class=\"wp-block-separator has-css-opacity\"\/>\n<hr class=\"wp-block-separator has-alpha-channel-opacity\"\/>\n<h2 class=\"wp-block-heading\"><a href=\"https:\/\/marsuyhdistys.net\/home\/menneet-tapahtumat-2022\/\">Vanhat tapahtuma<\/a><\/h2>\n<hr class=\"wp-block-separator has-css-opacity\"\/>\n","protected":false},"excerpt":{"rendered":"<p>T\u00e4lt\u00e4 sivulta l\u00f6ytyv\u00e4t Suomen Marsuyhdistyksen tapahtumat sek\u00e4 muiden yhdistysten n\u00e4yttelytiedot, mik\u00e4li niill\u00e4 on SMY:n hyv\u00e4ksynt\u00e4.&nbsp; Erillisi\u00e4 n\u00e4yttelykutsuja ei SMY:n n\u00e4yttelyihin ole. Kaikki muuttuva tieto kerrotaan t\u00e4ll\u00e4 sivulla. Huomaathan ett\u00e4 jokaiseen n\u00e4yttelyyn, vaikka olisivat samana p\u00e4iv\u00e4n\u00e4, on omat maksut. SMY:n n\u00e4yttelyiden &hellip; <a href=\"https:\/\/marsuyhdistys.net\/home\/jasenille\/tulevat-tapahtumat\/\">Lue loppuun <span class=\"meta-nav\">&rarr;<\/span><\/a><\/p>\n","protected":false},"author":10,"featured_media":0,"parent":13058,"menu_order":30,"comment_status":"closed","ping_status":"closed","template":"","meta":{"footnotes":"","_links_to":"","_links_to_target":""},"class_list":["post-740","page","type-page","status-publish","hentry"],"_links":{"self":[{"href":"https:\/\/marsuyhdistys.net\/home\/wp-json\/wp\/v2\/pages\/740","targetHints":{"allow":["GET"]}}],"collection":[{"href":"https:\/\/marsuyhdistys.net\/home\/wp-json\/wp\/v2\/pages"}],"about":[{"href":"https:\/\/marsuyhdistys.net\/home\/wp-json\/wp\/v2\/types\/page"}],"author":[{"embeddable":true,"href":"https:\/\/marsuyhdistys.net\/home\/wp-json\/wp\/v2\/users\/10"}],"replies":[{"embeddable":true,"href":"https:\/\/marsuyhdistys.net\/home\/wp-json\/wp\/v2\/comments?post=740"}],"version-history":[{"count":1461,"href":"https:\/\/marsuyhdistys.net\/home\/wp-json\/wp\/v2\/pages\/740\/revisions"}],"predecessor-version":[{"id":13277,"href":"https:\/\/marsuyhdistys.net\/home\/wp-json\/wp\/v2\/pages\/740\/revisions\/13277"}],"up":[{"embeddable":true,"href":"https:\/\/marsuyhdistys.net\/home\/wp-json\/wp\/v2\/pages\/13058"}],"wp:attachment":[{"href":"https:\/\/marsuyhdistys.net\/home\/wp-json\/wp\/v2\/media?parent=740"}],"curies":[{"name":"wp","href":"https:\/\/api.w.org\/{rel}","templated":true}]}}