{"id":7482,"date":"2021-01-19T14:29:21","date_gmt":"2021-01-19T12:29:21","guid":{"rendered":"http:\/\/marsuyhdistys.net\/home\/?page_id=7482"},"modified":"2026-03-19T12:44:27","modified_gmt":"2026-03-19T10:44:27","slug":"yhteistyokumppanit","status":"publish","type":"page","link":"https:\/\/marsuyhdistys.net\/home\/yhteistyokumppanit\/","title":{"rendered":"Yhteisty\u00f6ss\u00e4"},"content":{"rendered":"<p style=\"text-align: center;\"><strong> <a href=\"https:\/\/marsuyhdistys.net\/home\/wp-content\/uploads\/2026\/03\/1_20260319_123518_0000-scaled.jpg\"><img loading=\"lazy\" decoding=\"async\" class=\"alignnone size-large wp-image-13230\" src=\"https:\/\/marsuyhdistys.net\/home\/wp-content\/uploads\/2026\/03\/1_20260319_123518_0000-819x1024.jpg\" alt=\"\" width=\"640\" height=\"800\" srcset=\"https:\/\/marsuyhdistys.net\/home\/wp-content\/uploads\/2026\/03\/1_20260319_123518_0000-819x1024.jpg 819w, https:\/\/marsuyhdistys.net\/home\/wp-content\/uploads\/2026\/03\/1_20260319_123518_0000-240x300.jpg 240w, https:\/\/marsuyhdistys.net\/home\/wp-content\/uploads\/2026\/03\/1_20260319_123518_0000-768x960.jpg 768w, https:\/\/marsuyhdistys.net\/home\/wp-content\/uploads\/2026\/03\/1_20260319_123518_0000-1229x1536.jpg 1229w, https:\/\/marsuyhdistys.net\/home\/wp-content\/uploads\/2026\/03\/1_20260319_123518_0000-1638x2048.jpg 1638w, https:\/\/marsuyhdistys.net\/home\/wp-content\/uploads\/2026\/03\/1_20260319_123518_0000-scaled.jpg 2048w\" sizes=\"auto, (max-width: 640px) 100vw, 640px\" \/><\/a><\/strong><a href=\"https:\/\/marsuyhdistys.net\/home\/wp-content\/uploads\/2026\/03\/2_20260318_071731_0001-scaled.jpg\"><img loading=\"lazy\" decoding=\"async\" class=\"alignnone size-large wp-image-13232\" src=\"https:\/\/marsuyhdistys.net\/home\/wp-content\/uploads\/2026\/03\/2_20260318_071731_0001-819x1024.jpg\" alt=\"\" width=\"640\" height=\"800\" srcset=\"https:\/\/marsuyhdistys.net\/home\/wp-content\/uploads\/2026\/03\/2_20260318_071731_0001-819x1024.jpg 819w, https:\/\/marsuyhdistys.net\/home\/wp-content\/uploads\/2026\/03\/2_20260318_071731_0001-240x300.jpg 240w, https:\/\/marsuyhdistys.net\/home\/wp-content\/uploads\/2026\/03\/2_20260318_071731_0001-768x960.jpg 768w, https:\/\/marsuyhdistys.net\/home\/wp-content\/uploads\/2026\/03\/2_20260318_071731_0001-1229x1536.jpg 1229w, https:\/\/marsuyhdistys.net\/home\/wp-content\/uploads\/2026\/03\/2_20260318_071731_0001-1638x2048.jpg 1638w, https:\/\/marsuyhdistys.net\/home\/wp-content\/uploads\/2026\/03\/2_20260318_071731_0001-scaled.jpg 2048w\" sizes=\"auto, (max-width: 640px) 100vw, 640px\" \/><\/a><a href=\"https:\/\/marsuyhdistys.net\/home\/wp-content\/uploads\/2026\/03\/3_20260319_123518_0001-scaled.jpg\"><img loading=\"lazy\" decoding=\"async\" class=\"alignnone size-large wp-image-13231\" src=\"https:\/\/marsuyhdistys.net\/home\/wp-content\/uploads\/2026\/03\/3_20260319_123518_0001-819x1024.jpg\" alt=\"\" width=\"640\" height=\"800\" srcset=\"https:\/\/marsuyhdistys.net\/home\/wp-content\/uploads\/2026\/03\/3_20260319_123518_0001-819x1024.jpg 819w, https:\/\/marsuyhdistys.net\/home\/wp-content\/uploads\/2026\/03\/3_20260319_123518_0001-240x300.jpg 240w, https:\/\/marsuyhdistys.net\/home\/wp-content\/uploads\/2026\/03\/3_20260319_123518_0001-768x960.jpg 768w, https:\/\/marsuyhdistys.net\/home\/wp-content\/uploads\/2026\/03\/3_20260319_123518_0001-1229x1536.jpg 1229w, https:\/\/marsuyhdistys.net\/home\/wp-content\/uploads\/2026\/03\/3_20260319_123518_0001-1638x2048.jpg 1638w, https:\/\/marsuyhdistys.net\/home\/wp-content\/uploads\/2026\/03\/3_20260319_123518_0001-scaled.jpg 2048w\" sizes=\"auto, (max-width: 640px) 100vw, 640px\" \/><\/a><\/p>\n<hr class=\"wp-block-separator has-alpha-channel-opacity\"\/>\n<p><a href=\"https:\/\/marsuyhdistys.net\/home\/wp-content\/uploads\/2025\/11\/1_20251117_174435_0000.jpg\"><img loading=\"lazy\" decoding=\"async\" class=\"alignnone size-full wp-image-12833\" src=\"https:\/\/marsuyhdistys.net\/home\/wp-content\/uploads\/2025\/11\/1_20251117_174435_0000.jpg\" alt=\"\" width=\"1755\" height=\"2194\" srcset=\"https:\/\/marsuyhdistys.net\/home\/wp-content\/uploads\/2025\/11\/1_20251117_174435_0000.jpg 1755w, https:\/\/marsuyhdistys.net\/home\/wp-content\/uploads\/2025\/11\/1_20251117_174435_0000-240x300.jpg 240w, https:\/\/marsuyhdistys.net\/home\/wp-content\/uploads\/2025\/11\/1_20251117_174435_0000-819x1024.jpg 819w, https:\/\/marsuyhdistys.net\/home\/wp-content\/uploads\/2025\/11\/1_20251117_174435_0000-768x960.jpg 768w, https:\/\/marsuyhdistys.net\/home\/wp-content\/uploads\/2025\/11\/1_20251117_174435_0000-1229x1536.jpg 1229w, https:\/\/marsuyhdistys.net\/home\/wp-content\/uploads\/2025\/11\/1_20251117_174435_0000-1638x2048.jpg 1638w\" sizes=\"auto, (max-width: 1755px) 100vw, 1755px\" \/><\/a><a href=\"https:\/\/marsuyhdistys.net\/home\/wp-content\/uploads\/2025\/11\/2_20251117_174435_0001-1.jpg\"><img loading=\"lazy\" decoding=\"async\" class=\"size-full wp-image-12834 alignleft\" src=\"https:\/\/marsuyhdistys.net\/home\/wp-content\/uploads\/2025\/11\/2_20251117_174435_0001-1.jpg\" alt=\"\" width=\"1755\" height=\"2194\" srcset=\"https:\/\/marsuyhdistys.net\/home\/wp-content\/uploads\/2025\/11\/2_20251117_174435_0001-1.jpg 1755w, https:\/\/marsuyhdistys.net\/home\/wp-content\/uploads\/2025\/11\/2_20251117_174435_0001-1-240x300.jpg 240w, https:\/\/marsuyhdistys.net\/home\/wp-content\/uploads\/2025\/11\/2_20251117_174435_0001-1-819x1024.jpg 819w, https:\/\/marsuyhdistys.net\/home\/wp-content\/uploads\/2025\/11\/2_20251117_174435_0001-1-768x960.jpg 768w, https:\/\/marsuyhdistys.net\/home\/wp-content\/uploads\/2025\/11\/2_20251117_174435_0001-1-1229x1536.jpg 1229w, https:\/\/marsuyhdistys.net\/home\/wp-content\/uploads\/2025\/11\/2_20251117_174435_0001-1-1638x2048.jpg 1638w\" sizes=\"auto, (max-width: 1755px) 100vw, 1755px\" \/><\/a><\/p>\n<p><a href=\"https:\/\/marsuyhdistys.net\/home\/wp-content\/uploads\/2025\/11\/IMG_20251108_162901-2.jpg\"><img loading=\"lazy\" decoding=\"async\" class=\"alignnone size-full wp-image-12806\" src=\"https:\/\/marsuyhdistys.net\/home\/wp-content\/uploads\/2025\/11\/IMG_20251108_162901-2.jpg\" alt=\"\" width=\"1756\" height=\"1747\" srcset=\"https:\/\/marsuyhdistys.net\/home\/wp-content\/uploads\/2025\/11\/IMG_20251108_162901-2.jpg 1756w, https:\/\/marsuyhdistys.net\/home\/wp-content\/uploads\/2025\/11\/IMG_20251108_162901-2-300x298.jpg 300w, https:\/\/marsuyhdistys.net\/home\/wp-content\/uploads\/2025\/11\/IMG_20251108_162901-2-1024x1019.jpg 1024w, https:\/\/marsuyhdistys.net\/home\/wp-content\/uploads\/2025\/11\/IMG_20251108_162901-2-150x150.jpg 150w, https:\/\/marsuyhdistys.net\/home\/wp-content\/uploads\/2025\/11\/IMG_20251108_162901-2-768x764.jpg 768w, https:\/\/marsuyhdistys.net\/home\/wp-content\/uploads\/2025\/11\/IMG_20251108_162901-2-1536x1528.jpg 1536w\" sizes=\"auto, (max-width: 1756px) 100vw, 1756px\" \/><\/a><\/p>\n<p>CUNIPIC \u2013 Hyvinvointia pienille yst\u00e4ville!<\/p>\n<p>Cunipic t\u00e4ysravinnot ovat maistuvaa ja ravitsevaa ruokaa, joka tukee lemmikkisi terveytt\u00e4 ja hyvinvointia joka p\u00e4iv\u00e4. Tuotemerkin takaa l\u00f6ytyy my\u00f6s laadukkaat herkut, hein\u00e4t sek\u00e4 kuivikkeet. Saatavilla Suomesta FINNEROn maahantuomana.<\/p>\n<hr \/>\n<h2><a href=\"https:\/\/marsuyhdistys.net\/home\/wp-content\/uploads\/2025\/09\/storage_emulated_0_Android_data_com.adobe_.reader_files_Pictures_Adobe-Acrobat-Exports_asan_0.jpg\"><img loading=\"lazy\" decoding=\"async\" class=\"alignnone size-full wp-image-12716\" src=\"https:\/\/marsuyhdistys.net\/home\/wp-content\/uploads\/2025\/09\/storage_emulated_0_Android_data_com.adobe_.reader_files_Pictures_Adobe-Acrobat-Exports_asan_0.jpg\" alt=\"\" width=\"1182\" height=\"552\" srcset=\"https:\/\/marsuyhdistys.net\/home\/wp-content\/uploads\/2025\/09\/storage_emulated_0_Android_data_com.adobe_.reader_files_Pictures_Adobe-Acrobat-Exports_asan_0.jpg 1182w, https:\/\/marsuyhdistys.net\/home\/wp-content\/uploads\/2025\/09\/storage_emulated_0_Android_data_com.adobe_.reader_files_Pictures_Adobe-Acrobat-Exports_asan_0-300x140.jpg 300w, https:\/\/marsuyhdistys.net\/home\/wp-content\/uploads\/2025\/09\/storage_emulated_0_Android_data_com.adobe_.reader_files_Pictures_Adobe-Acrobat-Exports_asan_0-1024x478.jpg 1024w, https:\/\/marsuyhdistys.net\/home\/wp-content\/uploads\/2025\/09\/storage_emulated_0_Android_data_com.adobe_.reader_files_Pictures_Adobe-Acrobat-Exports_asan_0-768x359.jpg 768w\" sizes=\"auto, (max-width: 1182px) 100vw, 1182px\" \/><\/a><\/h2>\n<h2>\u00a0<\/h2>\n<h2 style=\"text-align: center;\"><strong>Kouvolan n\u00e4yttely\u00e4 sponsoroimassa<\/strong><\/h2>\n<p><a href=\"https:\/\/marsuyhdistys.net\/home\/wp-content\/uploads\/2025\/10\/Kouvolan-nayttelya-Sponsoroimassa_20251008_131244_0000.jpg\"><img loading=\"lazy\" decoding=\"async\" class=\"alignnone size-full wp-image-12753\" src=\"https:\/\/marsuyhdistys.net\/home\/wp-content\/uploads\/2025\/10\/Kouvolan-nayttelya-Sponsoroimassa_20251008_131244_0000.jpg\" alt=\"\" width=\"1080\" height=\"1080\" srcset=\"https:\/\/marsuyhdistys.net\/home\/wp-content\/uploads\/2025\/10\/Kouvolan-nayttelya-Sponsoroimassa_20251008_131244_0000.jpg 1080w, https:\/\/marsuyhdistys.net\/home\/wp-content\/uploads\/2025\/10\/Kouvolan-nayttelya-Sponsoroimassa_20251008_131244_0000-300x300.jpg 300w, https:\/\/marsuyhdistys.net\/home\/wp-content\/uploads\/2025\/10\/Kouvolan-nayttelya-Sponsoroimassa_20251008_131244_0000-1024x1024.jpg 1024w, https:\/\/marsuyhdistys.net\/home\/wp-content\/uploads\/2025\/10\/Kouvolan-nayttelya-Sponsoroimassa_20251008_131244_0000-150x150.jpg 150w, https:\/\/marsuyhdistys.net\/home\/wp-content\/uploads\/2025\/10\/Kouvolan-nayttelya-Sponsoroimassa_20251008_131244_0000-768x768.jpg 768w\" sizes=\"auto, (max-width: 1080px) 100vw, 1080px\" \/><\/a><\/p>\n<p><a href=\"https:\/\/marsuyhdistys.net\/home\/wp-content\/uploads\/2025\/10\/Kouvolan-nayttelya-Sponsoroimassa_20251008_131244_0001.jpg\"><img loading=\"lazy\" decoding=\"async\" class=\"alignnone size-full wp-image-12752\" src=\"https:\/\/marsuyhdistys.net\/home\/wp-content\/uploads\/2025\/10\/Kouvolan-nayttelya-Sponsoroimassa_20251008_131244_0001.jpg\" alt=\"\" width=\"1080\" height=\"1080\" srcset=\"https:\/\/marsuyhdistys.net\/home\/wp-content\/uploads\/2025\/10\/Kouvolan-nayttelya-Sponsoroimassa_20251008_131244_0001.jpg 1080w, https:\/\/marsuyhdistys.net\/home\/wp-content\/uploads\/2025\/10\/Kouvolan-nayttelya-Sponsoroimassa_20251008_131244_0001-300x300.jpg 300w, https:\/\/marsuyhdistys.net\/home\/wp-content\/uploads\/2025\/10\/Kouvolan-nayttelya-Sponsoroimassa_20251008_131244_0001-1024x1024.jpg 1024w, https:\/\/marsuyhdistys.net\/home\/wp-content\/uploads\/2025\/10\/Kouvolan-nayttelya-Sponsoroimassa_20251008_131244_0001-150x150.jpg 150w, https:\/\/marsuyhdistys.net\/home\/wp-content\/uploads\/2025\/10\/Kouvolan-nayttelya-Sponsoroimassa_20251008_131244_0001-768x768.jpg 768w\" sizes=\"auto, (max-width: 1080px) 100vw, 1080px\" \/><\/a><\/p>\n<hr class=\"wp-block-separator has-alpha-channel-opacity\"\/>\n<p class=\"has-text-align-center\"><\/p>\n","protected":false},"excerpt":{"rendered":"<p>CUNIPIC \u2013 Hyvinvointia pienille yst\u00e4ville! Cunipic t\u00e4ysravinnot ovat maistuvaa ja ravitsevaa ruokaa, joka tukee lemmikkisi terveytt\u00e4 ja hyvinvointia joka p\u00e4iv\u00e4. Tuotemerkin takaa l\u00f6ytyy my\u00f6s laadukkaat herkut, hein\u00e4t sek\u00e4 kuivikkeet. Saatavilla Suomesta FINNEROn maahantuomana. \u00a0 Kouvolan n\u00e4yttely\u00e4 sponsoroimassa<\/p>\n","protected":false},"author":19,"featured_media":0,"parent":0,"menu_order":16,"comment_status":"closed","ping_status":"closed","template":"","meta":{"footnotes":"","_links_to":"","_links_to_target":""},"class_list":["post-7482","page","type-page","status-publish","hentry"],"_links":{"self":[{"href":"https:\/\/marsuyhdistys.net\/home\/wp-json\/wp\/v2\/pages\/7482","targetHints":{"allow":["GET"]}}],"collection":[{"href":"https:\/\/marsuyhdistys.net\/home\/wp-json\/wp\/v2\/pages"}],"about":[{"href":"https:\/\/marsuyhdistys.net\/home\/wp-json\/wp\/v2\/types\/page"}],"author":[{"embeddable":true,"href":"https:\/\/marsuyhdistys.net\/home\/wp-json\/wp\/v2\/users\/19"}],"replies":[{"embeddable":true,"href":"https:\/\/marsuyhdistys.net\/home\/wp-json\/wp\/v2\/comments?post=7482"}],"version-history":[{"count":129,"href":"https:\/\/marsuyhdistys.net\/home\/wp-json\/wp\/v2\/pages\/7482\/revisions"}],"predecessor-version":[{"id":13238,"href":"https:\/\/marsuyhdistys.net\/home\/wp-json\/wp\/v2\/pages\/7482\/revisions\/13238"}],"wp:attachment":[{"href":"https:\/\/marsuyhdistys.net\/home\/wp-json\/wp\/v2\/media?parent=7482"}],"curies":[{"name":"wp","href":"https:\/\/api.w.org\/{rel}","templated":true}]}}