{"id":7493,"date":"2021-01-19T15:31:49","date_gmt":"2021-01-19T13:31:49","guid":{"rendered":"http:\/\/marsuyhdistys.net\/home\/?page_id=7493"},"modified":"2021-11-13T21:14:38","modified_gmt":"2021-11-13T19:14:38","slug":"2020-valiot","status":"publish","type":"page","link":"https:\/\/marsuyhdistys.net\/home\/2020-valiot\/","title":{"rendered":"2020 Valiot"},"content":{"rendered":"<p><strong>SUOMEN JUNIORIMUOTOVALIO,<br \/>\nSUOMEN MUOTOVALIOT-MEGA MUOTOVALIOT, <\/strong><strong>ELIITTIPET JA<br \/>\nMEGAELIITTIPET<\/strong><strong>VUONNA 2020<\/strong><\/p>\n<p><strong>SUOMEN<br \/>\nJUNIORIMUOTOVALIOT 3 KPL<\/strong><\/p>\n<p><strong>SUOMEN MUOTOVALIOT 10 KPL<\/strong><\/p>\n<p><strong>SUOMEN MEGAMUOTOVALIOT 1KPL<\/strong><\/p>\n<p><strong>SUOMEN JUNIORMUOTOVALIOT 2020<\/strong><\/p>\n<p><strong>HugAlan Pirkko-Punajuuritar<\/strong> M197-19<br \/>Teddy lilc\/golden argente roan naaras<br \/>Kasv.Katja Oraj\u00e4rvi-Kotikangas om. Ossi Kotikangas<\/p>\n<p><strong>Cira-Caramelli<\/strong> M193-19<br \/>Teddy golden\/goldenagouti\/white naaras<br \/>Kasv. Isabella ja Ina Hynninen Om. Isabella Hynninen<\/p>\n<p><strong>Ennenkuulumatoon Valtameren Syd\u00e4n<\/strong> M185-19<br \/>Skinny, black\/golden\/golden roan naaras<br \/>Kasv. &amp; om. Henna Rinta-Kiikka<\/p>\n<p><strong>SUOMEN MUOTOVALIOT<br \/>\n2020<\/strong><\/p>\n<p><strong>Prinsessa Elsa<\/strong> M242-18<br \/>Nonself de golden california black<br \/>Kasv. om. Anna Lindberg<\/p>\n<p><strong>HugAlan Vili-Veikko<\/strong> M88-19<br \/>Teddy tortoiseshell&amp;white uros<br \/>Kasv.Katja Oraj\u00e4rvi-Kotikangas om.Emmi Alila<\/p>\n<p><strong>Winniepig\u00b4s Scott <\/strong>M93-18<br \/>Abessiinialainen brindle uros<br \/>Kasv. Catharina Johansson om. Anne Jalonen<\/p>\n<p><strong>HugAlan Lohtu<\/strong> M238-17<br \/>Teddy black\/golden\/white naaras<br \/>Kasv. Katja Oraj\u00e4rvi-Kotikangas&nbsp; om. Alisa V\u00e4is\u00e4nen<\/p>\n<p><strong>Arctic Rose Supernova<\/strong> M134-19<br \/>Englannincrest pew uros<br \/>Kasv. Elisa Svento&nbsp; om. Vili V\u00e4is\u00e4nen<\/p>\n<p><strong>Delfoin Kreta<\/strong> M142-19<br \/>Sk self black naaras<br \/>Kasv. Kirsi Ruotsalainen&nbsp; Om. Elisa Svento<\/p>\n<p><strong>Jjv-18 Limetta\u00b4s Dahlia<\/strong> M50-18<br \/>Sk self lemon naaras<br \/>Kasv. Sanni Taimioja Om. Noora Sarenius<\/p>\n<p><strong>Caviecares Jupiter<\/strong> M8-20<br \/>Rex silver agouti uros<br \/>Kasv. Lena Siversson om. Lassi Kotikangas<\/p>\n<p><strong>Bambi-Bettan<\/strong> M195-19<br \/>Teddy white\/black\/golden naaras<br \/>Kasv. &amp; om. Isabella ja Ina Hynninen<\/p>\n<p><strong>EPET Metal Star\u00b4s Tireht\u00f6\u00f6ri<\/strong> M62-19<br \/>Rex, lemon agouti\/white uros<br \/>Kasv. Sini ja Ari Nuutinen om. Tilda Parviainen<\/p>\n<hr class=\"wp-block-separator\"\/>\n<p><strong>SUOMEN MEGAMUOTOVALIO 2020<\/strong><\/p>\n<p><strong>VV3-19 VROP-19 FI MVA Ennenkuulumatoon Keisari Jari <\/strong>M244-18<br \/>Skinny black\/golden uros<br \/>Kasv. &amp; om. Henna Rinta-Kiikka<\/p>\n<hr class=\"wp-block-separator\"\/>\n<p><strong>SUOMEN ELIITTIPET 2020<\/strong><\/p>\n<p><strong>Prinsessa Elsa <\/strong><br \/>Nonself de golden california black<br \/>Om. Anna Lindberg<\/p>\n<p><strong>Pelle<\/strong><br \/>Risteytys white\/golden\/black naaras<br \/>Om. Laura Lehtinen<\/p>\n<p><strong>Almond\u00b4s Unbelievable <\/strong><br \/>Sk self cream naaras<br \/>om. Alisa V\u00e4is\u00e4nen <\/p>\n<p><strong>Almond\u00b4s you are my Angel<\/strong><br \/>Nonself buff california black naaras<br \/>Om. Alisa V\u00e4is\u00e4nen<\/p>\n<p><strong>GP Max<\/strong><br \/>Risteytys tricolor uros<br \/>Om.Laura Moilanen &amp; Jari Ukkola<\/p>\n<p><strong>Goldhill\u00b4s White Turnerhunter <\/strong><br \/>Teddy white\/golden\/chocolate roan uros<br \/>Om.Isabella Hynninen<\/p>\n<p><strong>Almond\u00b4s Jiggle Giggle<\/strong><br \/>Englannincrest cream uros<br \/>Om.Riikka Raatikainen<\/p>\n<p>&#8212;&#8212;&#8212;&#8212;&#8212;&#8212;&#8212;&#8212;&#8212;&#8212;&#8212;&#8212;&#8212;&#8212;&#8212;&#8212;&#8212;&#8212;&#8212;&#8212;&#8212;&#8212;&#8212;&#8212;&#8212;&#8212;&#8212;&#8212;&#8212;&#8212;&#8212;&#8212;&#8212;-<\/p>\n<p><strong>SUOMEN<br \/>\nMEGAELIITTI-PET 2020<\/strong><\/p>\n<p><strong>EPET Critters Muppe <\/strong><br \/>Risteytys harlekiini naaras<br \/>Om. Anne Jalonen<\/p>\n<p><strong>FI &amp; S MVA GP VVPET3-19 OSJH VPET19 Almond\u00b4s superlike in tinder If You Dare &nbsp;<\/strong><br \/>englannincrest pew naaras<br \/>Kasv. Lea Rahtu-Korpela Om. Alisa V\u00e4is\u00e4nen<\/p>\n<p><strong>FI &amp; S MVA EPET GPU NordJV-17 Almond\u00b4s Galway Girl <\/strong><br \/>Sk self cream naaras<br \/>Om. Noora Sarenius<\/p>\n","protected":false},"excerpt":{"rendered":"<p>SUOMEN JUNIORIMUOTOVALIO, SUOMEN MUOTOVALIOT-MEGA MUOTOVALIOT, ELIITTIPET JA MEGAELIITTIPETVUONNA 2020 SUOMEN JUNIORIMUOTOVALIOT 3 KPL SUOMEN MUOTOVALIOT 10 KPL SUOMEN MEGAMUOTOVALIOT 1KPL SUOMEN JUNIORMUOTOVALIOT 2020 HugAlan Pirkko-Punajuuritar M197-19Teddy lilc\/golden argente roan naarasKasv.Katja Oraj\u00e4rvi-Kotikangas om. Ossi Kotikangas Cira-Caramelli M193-19Teddy golden\/goldenagouti\/white naarasKasv. Isabella ja &hellip; <a href=\"https:\/\/marsuyhdistys.net\/home\/2020-valiot\/\">Lue loppuun <span class=\"meta-nav\">&rarr;<\/span><\/a><\/p>\n","protected":false},"author":19,"featured_media":0,"parent":0,"menu_order":0,"comment_status":"closed","ping_status":"closed","template":"","meta":{"footnotes":"","_links_to":"","_links_to_target":""},"class_list":["post-7493","page","type-page","status-publish","hentry"],"_links":{"self":[{"href":"https:\/\/marsuyhdistys.net\/home\/wp-json\/wp\/v2\/pages\/7493","targetHints":{"allow":["GET"]}}],"collection":[{"href":"https:\/\/marsuyhdistys.net\/home\/wp-json\/wp\/v2\/pages"}],"about":[{"href":"https:\/\/marsuyhdistys.net\/home\/wp-json\/wp\/v2\/types\/page"}],"author":[{"embeddable":true,"href":"https:\/\/marsuyhdistys.net\/home\/wp-json\/wp\/v2\/users\/19"}],"replies":[{"embeddable":true,"href":"https:\/\/marsuyhdistys.net\/home\/wp-json\/wp\/v2\/comments?post=7493"}],"version-history":[{"count":2,"href":"https:\/\/marsuyhdistys.net\/home\/wp-json\/wp\/v2\/pages\/7493\/revisions"}],"predecessor-version":[{"id":8853,"href":"https:\/\/marsuyhdistys.net\/home\/wp-json\/wp\/v2\/pages\/7493\/revisions\/8853"}],"wp:attachment":[{"href":"https:\/\/marsuyhdistys.net\/home\/wp-json\/wp\/v2\/media?parent=7493"}],"curies":[{"name":"wp","href":"https:\/\/api.w.org\/{rel}","templated":true}]}}