{"id":7507,"date":"2021-01-20T14:28:44","date_gmt":"2021-01-20T12:28:44","guid":{"rendered":"http:\/\/marsuyhdistys.net\/home\/?page_id=7507"},"modified":"2026-01-29T15:32:25","modified_gmt":"2026-01-29T13:32:25","slug":"reilu-peli","status":"publish","type":"page","link":"https:\/\/marsuyhdistys.net\/home\/yhdistys\/reilu-peli\/","title":{"rendered":"Reilu Peli"},"content":{"rendered":"<p>Suomen Marsuyhdistys ry<\/p>\n<p><strong>Reilu Peli<\/strong><\/p>\n<p>Jokainen marsuharrastaja on yht\u00e4 arvokas riippumatta i\u00e4st\u00e4,<br \/>\nsukupuolesta, asuinpaikasta, yhteiskunnallisesta asemasta, varallisuudesta,<br \/>\nterveydest\u00e4, kansallisuudesta, \u00e4idinkielest\u00e4, etnisest\u00e4 taustasta, uskonnosta,<br \/>\nseksuaalisesta suuntautumisesta tai muusta henkil\u00f6kohtaisesta ominaisuudesta.<br \/>\nKohtelemme toista ihmist\u00e4 niin kuin haluamme toisen ihmisen kohtelevan meit\u00e4.<br \/>\nKohtelemme el\u00e4imi\u00e4 kunnioituksella ja viimeisimm\u00e4n tiedon ja taidon mukaisesti.<\/p>\n<p>Reilu Peli on kaikkien marsuharrastajien oikeus ja<br \/>\nvelvollisuus. Jokainen yksil\u00f6 ja yhteis\u00f6 kantavat niin yksin kuin yhdess\u00e4<br \/>\nvastuun Reilusta Pelist\u00e4. Reilun Pelin periaatteiden noudattaminen ja<br \/>\nedist\u00e4minen hy\u00f6dytt\u00e4v\u00e4t meit\u00e4 kaikkia marsuharrastajia. Toimintamme perustuu<br \/>\nkeskin\u00e4iseen luottamukseen sek\u00e4 voimassa olevaan lains\u00e4\u00e4d\u00e4nt\u00f6\u00f6n.<\/p>\n<p><strong>Jokaisen tasavertainen mahdollisuus harrastamiseen<\/strong><\/p>\n<p>Haluamme toimia vuorovaikutteisesti kaikkien<br \/>\nmarsuharrastuksesta kiinnostuneiden tahojen kanssa monimuotoisen<br \/>\nmarsuharrastuskulttuurin kehitt\u00e4miseksi. Edist\u00e4mme monimuotoista<br \/>\nmarsuharrastuskulttuuria, jossa jokaista toimijaa arvostetaan. <\/p>\n<p>Kunnioitamme jokaisen yksil\u00f6n oikeuksia. Kaikenlainen kiusaaminen,<br \/>\nsyrjiminen, haukkuminen, nimittely, fyysinen ja henkinen v\u00e4kivalta,<br \/>\nalistaminen, v\u00e4h\u00e4ttely, seksuaalinen ja sukupuolinen ahdistelu sek\u00e4 syrjint\u00e4 ja<br \/>\nrasismi eiv\u00e4t ole sallittuja miss\u00e4\u00e4n muodossa. <\/p>\n<p>Luomme toiminnallamme ilmapiirin, jossa on mahdollista<br \/>\nk\u00e4yd\u00e4 avointa keskustelua vaikeistakin asioista. Jokainen voi vapaasti p\u00e4\u00e4tt\u00e4\u00e4<br \/>\nitse, haluaako puhua omista henkil\u00f6kohtaisista asioista. <\/p>\n<p>Haluamme puuttua ajoissa tilanteisiin, mik\u00e4li n\u00e4emme tai<br \/>\nkuulemme jonkun joutuvan ep\u00e4asiallisen k\u00e4yt\u00f6ksen kohteeksi. Jokaisella on my\u00f6s<br \/>\nvelvollisuus puolustaa t\u00e4llaisen teon kohteeksi joutunutta.<\/p>\n<p><strong>Vastuu kasvatuksesta<\/strong><\/p>\n<p>Marsuharrastus on hyv\u00e4 kasvuymp\u00e4rist\u00f6 kaiken ik\u00e4isille. Kaikkiin<br \/>\nmarsuharrastustapahtumiin liittyy kasvatuksellinen toiminta. Olemme kaikki<br \/>\nkasvattajia esimerkill\u00e4mme niin lapsille, nuorille ja aikuisille. Olemme<br \/>\njokainen kasvattajia ja kasvavia yksil\u00f6it\u00e4. T\u00e4m\u00e4 asettaa meille jokaiselle<br \/>\nvastuuta, mutta mahdollistaa samalla elinik\u00e4iseen oppimisen. <\/p>\n<p>Tunnemme vastuuta kaikista toiminnassa olevista<br \/>\nmarsuharrastajista. Esimerkiksi huonosti k\u00e4ytt\u00e4ytyv\u00e4\u00e4 harrastajaa ei suljeta<br \/>\npois toiminnasta, vaan h\u00e4nen sosiaalista kasvuaan tuetaan. Meill\u00e4 kaikilla on<br \/>\nvelvollisuus k\u00e4ytt\u00e4yty\u00e4 vastuullisesti ja asiallisesti. Yhteisi\u00e4 periaatteita<br \/>\nrikkovalla toiminnalla ja k\u00e4yt\u00f6ksell\u00e4 on seuraamuksia.<\/p>\n<p>Kannustamme marsuharrastajia osallistumaan yhteisen hyv\u00e4n<br \/>\ntekemiseen esimerkiksi auttamalla, tukemalla ja avustamalla heikommassa<br \/>\nasemassa olevia marsuharrastuksen edist\u00e4miseksi. Kannustamme jokaista kantamaan<br \/>\nomaa vastuutaan l\u00e4himm\u00e4ist\u00e4\u00e4n, yhteis\u00f6\u00e4\u00e4n ja yhteiskuntaa kohtaan, uskallamme<br \/>\nmy\u00f6s vaatia vastuun kantamista.<\/p>\n<p><strong>Terveyden, turvallisuuden ja hyvinvoinnin edist\u00e4minen<\/strong><\/p>\n<p>Kaikki tekemisemme edist\u00e4\u00e4 terveytt\u00e4, turvallisuutta ja<br \/>\nhyvinvointia. Jokaisen marsuharrastajan terveys, turvallisuus ja hyvinvointi<br \/>\novat t\u00e4rkeit\u00e4. &nbsp;Mik\u00e4\u00e4n toiminta ei saa<br \/>\naiheuttaa vakavia ja pysyvi\u00e4 terveydellisi\u00e4 haittoja. Mik\u00e4li yhteis\u00f6n j\u00e4senen\u00e4<br \/>\nhuomaamme terveytt\u00e4 ja hyvinvointia uhkaavaa k\u00e4yt\u00f6st\u00e4, on meill\u00e4 oikeus ilmoittaa<br \/>\nasiasta vastuuhenkil\u00f6lle.<\/p>\n<p>Marsuharrastustoimintaamme on j\u00e4rjest\u00e4m\u00e4ss\u00e4 joukko<br \/>\nvapaaehtoisia. Heid\u00e4n arvonsa tunnustetaan, ja heid\u00e4n jaksamistaan ja<br \/>\nhyvinvointiaan tuetaan. Vapaaehtoistoimijoiden koulutus on t\u00e4rke\u00e4\u00e4 osaamisen ja<br \/>\njaksamisen kannalta. <\/p>\n<p>Suhtaudumme turvallisuusm\u00e4\u00e4r\u00e4yksiin riitt\u00e4v\u00e4ll\u00e4<br \/>\nvakavuudella. Lis\u00e4\u00e4mme marsuharrastustoimijoiden fyysist\u00e4, psyykkist\u00e4 ja<br \/>\nsosiaalista turvallisuutta ja hyvinvointia.<\/p>\n<p>Aikuiset n\u00e4ytt\u00e4v\u00e4t lapsille ja nuorille mallia omalla k\u00e4ytt\u00e4ytymisell\u00e4\u00e4n.\n<\/p>\n<p><strong>Rehellisyys ja oikeudenmukaisuus<\/strong><\/p>\n<p>Kohtelemme kaikkia tasaveroisesti ja oikeudenmukaisesti.<br \/>\nP\u00e4\u00e4t\u00f6ksi\u00e4 tehdess\u00e4mme valmistelemme, kuuntelemme ja perustelemme huolellisesti.<br \/>\nRikoksiin ja rikkomuksiin suhtaudumme vakavasti, mutta uskomme ihmiseen ja<br \/>\nvoimme antaa uuden mahdollisuuden. Meill\u00e4 jokaisella on vastuu tuoda ilmi<br \/>\nep\u00e4ilytt\u00e4v\u00e4t toimet. <\/p>\n<p>Viestimme avoimesti tavoitteistamme, toiminnastamme sek\u00e4<br \/>\ntekemist\u00e4mme p\u00e4\u00e4t\u00f6ksist\u00e4. Osaamme kuunnella ja arvostamme toisiamme. Avoimuus<br \/>\nlis\u00e4\u00e4 yhteis\u00f6llisyytt\u00e4. Jokainen harrastaja toimii kaikkien kanssa<br \/>\nyhteisty\u00f6kykyisesti ja oikeudenmukaisesti.<\/p>\n<p>P\u00e4\u00e4t\u00f6ksentekij\u00f6ill\u00e4 on vastuu hankkia tietoa etuk\u00e4teen sek\u00e4<br \/>\ntutustua saatavilla olevaan ja p\u00e4\u00e4t\u00f6ksenteon kannalta olennaiseen aineistoon.<br \/>\nJokaisella p\u00e4\u00e4t\u00f6ksentekij\u00e4ll\u00e4 on vastuu edist\u00e4\u00e4 hyv\u00e4\u00e4 hallintoa. Teemme<br \/>\np\u00e4\u00e4t\u00f6ksi\u00e4 ja toimimme yhteisty\u00f6ss\u00e4 kaikkien j\u00e4sentemme ja muiden toimijoiden kanssa.\n<\/p>\n<p>Kaikilla on oikeus nauttia harrastamisesta turvallisessa<br \/>\nymp\u00e4rist\u00f6ss\u00e4 ja luoda yhdess\u00e4 my\u00f6nteist\u00e4 harrastuskulttuuria. <\/p>\n<p><strong>Luonnon kunnioittaminen ja kest\u00e4v\u00e4\u00e4n kehitykseen pyrkiminen<\/strong><\/p>\n<p>Suojelemme yhteist\u00e4 ymp\u00e4rist\u00f6\u00e4mme ja ohjaamme my\u00f6s muita<br \/>\nasiassa. Harrastustoiminnassa edist\u00e4mme kest\u00e4v\u00e4\u00e4 kehityst\u00e4 ja v\u00e4h\u00e4hiilist\u00e4<br \/>\nyhteiskuntaa. Emme roskaa tai likaa ymp\u00e4rist\u00f6\u00e4mme. <\/p>\n<p>Tuemme biodiversiteetti\u00e4, emme p\u00e4\u00e4st\u00e4 el\u00e4imi\u00e4 luontoon ja<br \/>\nhuolehdimme ettei tarvikkeiden tai rehujen mukana tule haittael\u00e4imi\u00e4 tai<br \/>\nkasvitauteja.<\/p>\n<p>Tuemme el\u00e4interveytt\u00e4, karanteenamme tuontiel\u00e4imet,<br \/>\nhoidamme sairastapaukset v\u00e4litt\u00f6m\u00e4sti ja huolehdimme el\u00e4inhygieniasta.<\/p>\n<p>Pyrimme j\u00e4rjest\u00e4m\u00e4\u00e4n tapahtumat hyvien<br \/>\njoukkoliikenneyhteyksien kautta tavoitettaviksi.<\/p>\n<p>Muokattu alkuper\u00e4isest\u00e4<br \/>\nversiosta: Urheiluyhteis\u00f6n reilun pelin ihanteet ja tavoitteet. &nbsp;https:\/\/www.olympiakomitea.fi\/uploads\/2018\/11\/reilu-peli.pdf<\/p>\n","protected":false},"excerpt":{"rendered":"<p>Suomen Marsuyhdistys ry Reilu Peli Jokainen marsuharrastaja on yht\u00e4 arvokas riippumatta i\u00e4st\u00e4, sukupuolesta, asuinpaikasta, yhteiskunnallisesta asemasta, varallisuudesta, terveydest\u00e4, kansallisuudesta, \u00e4idinkielest\u00e4, etnisest\u00e4 taustasta, uskonnosta, seksuaalisesta suuntautumisesta tai muusta henkil\u00f6kohtaisesta ominaisuudesta. Kohtelemme toista ihmist\u00e4 niin kuin haluamme toisen ihmisen kohtelevan meit\u00e4. Kohtelemme &hellip; <a href=\"https:\/\/marsuyhdistys.net\/home\/yhdistys\/reilu-peli\/\">Lue loppuun <span class=\"meta-nav\">&rarr;<\/span><\/a><\/p>\n","protected":false},"author":19,"featured_media":0,"parent":9,"menu_order":8,"comment_status":"closed","ping_status":"closed","template":"","meta":{"footnotes":"","_links_to":"","_links_to_target":""},"class_list":["post-7507","page","type-page","status-publish","hentry"],"_links":{"self":[{"href":"https:\/\/marsuyhdistys.net\/home\/wp-json\/wp\/v2\/pages\/7507","targetHints":{"allow":["GET"]}}],"collection":[{"href":"https:\/\/marsuyhdistys.net\/home\/wp-json\/wp\/v2\/pages"}],"about":[{"href":"https:\/\/marsuyhdistys.net\/home\/wp-json\/wp\/v2\/types\/page"}],"author":[{"embeddable":true,"href":"https:\/\/marsuyhdistys.net\/home\/wp-json\/wp\/v2\/users\/19"}],"replies":[{"embeddable":true,"href":"https:\/\/marsuyhdistys.net\/home\/wp-json\/wp\/v2\/comments?post=7507"}],"version-history":[{"count":3,"href":"https:\/\/marsuyhdistys.net\/home\/wp-json\/wp\/v2\/pages\/7507\/revisions"}],"predecessor-version":[{"id":7511,"href":"https:\/\/marsuyhdistys.net\/home\/wp-json\/wp\/v2\/pages\/7507\/revisions\/7511"}],"up":[{"embeddable":true,"href":"https:\/\/marsuyhdistys.net\/home\/wp-json\/wp\/v2\/pages\/9"}],"wp:attachment":[{"href":"https:\/\/marsuyhdistys.net\/home\/wp-json\/wp\/v2\/media?parent=7507"}],"curies":[{"name":"wp","href":"https:\/\/api.w.org\/{rel}","templated":true}]}}