{"id":7512,"date":"2021-01-20T14:48:24","date_gmt":"2021-01-20T12:48:24","guid":{"rendered":"http:\/\/marsuyhdistys.net\/home\/?page_id=7512"},"modified":"2021-01-20T14:48:25","modified_gmt":"2021-01-20T12:48:25","slug":"henkilotietojen-kasittely-ohje-toimihenkiloille","status":"publish","type":"page","link":"https:\/\/marsuyhdistys.net\/home\/yhdistys\/henkilotietojen-kasittely-ohje-toimihenkiloille\/","title":{"rendered":"Henkil\u00f6tietojen k\u00e4sittely \u2013 ohje toimihenkil\u00f6ille"},"content":{"rendered":"<p><strong>Suomen Marsuyhdistys<\/strong><\/p>\n<p><strong>Henkil\u00f6tietojen<br \/>\nk\u00e4sittely \u2013 ohje toimihenkil\u00f6ille<\/strong><\/p>\n<p>Henkil\u00f6tietoja tulee:<\/p>\n<p>&nbsp;K\u00e4sitell\u00e4<br \/>\nlainmukaisesti, asianmukaisesti ja rekister\u00f6idyn kannalta l\u00e4pin\u00e4kyv\u00e4sti<\/p>\n<p>&nbsp;K\u00e4sitell\u00e4<br \/>\nluottamuksellisesti ja turvallisesti<\/p>\n<p>&nbsp;Ker\u00e4tt\u00e4 ja k\u00e4sitell\u00e4<br \/>\ntietty\u00e4, nimenomaista ja laillista tarkoitusta varten<\/p>\n<p>&nbsp;Ker\u00e4t\u00e4 vain<br \/>\ntarpeellinen m\u00e4\u00e4r\u00e4 henkil\u00f6tietojen k\u00e4sittelyn tarkoitukseen n\u00e4hden<\/p>\n<p>&nbsp;P\u00e4ivitt\u00e4\u00e4 aina<br \/>\ntarvittaessa ? ep\u00e4tarkat ja virheelliset henkil\u00f6tiedot on poistettava tai<br \/>\noikaistava viipym\u00e4tt\u00e4<\/p>\n<p>&nbsp;S\u00e4ilytt\u00e4\u00e4 muodossa,<br \/>\njosta rekister\u00f6ity on tunnistettavissa ainoastaan niin kauan kuin on tarpeen<br \/>\ntietojenk\u00e4sittelyn tarkoitusten toteuttamista varten.<\/p>\n<p>Mieti k\u00e4sitteletk\u00f6 toimiteht\u00e4viss\u00e4si henkil\u00f6tietoja ja<br \/>\nnoudata henkil\u00f6tietojen k\u00e4sittelyss\u00e4 ohjeen neuvoja. Henkil\u00f6tietona pidet\u00e4\u00e4n<br \/>\nmit\u00e4 tahansa tietoja, jotka voidaan yhdist\u00e4\u00e4 johon kuhun henkil\u00f6\u00f6n ja joista<br \/>\nhenkil\u00f6 voidaan suoraan tai ep\u00e4suorasti tunnistaa, esim. nimi, henkil\u00f6tunnus,<br \/>\npuhelinnumero, osoite.<\/p>\n<p>Yksityisyyden suoja on perusoikeus. K\u00e4sittele henkil\u00f6tietoja<br \/>\nhuolellisesti riippumatta siit\u00e4, onko kyse s\u00e4hk\u00f6isesti, suullisesti tai<br \/>\npaperilla k\u00e4sitelt\u00e4vist\u00e4 tiedoista ja muista tietojen suojaaminen sivullisilta.<\/p>\n<p>K\u00e4sittele henkil\u00f6tietoja aina kun mahdollista alkuper\u00e4isess\u00e4<br \/>\ntietoj\u00e4rjestelm\u00e4ss\u00e4. \u00c4l\u00e4 siirr\u00e4 henkil\u00f6tietoja tarpeettomasti alkuper\u00e4isen<br \/>\nj\u00e4rjestelm\u00e4n ulkopuolelle esim. excel-taulukkoihin tai word-tiedostoihin. Jos<br \/>\non tarpeellista k\u00e4sitell\u00e4 henkil\u00f6tietoja alkuper\u00e4isen j\u00e4rjestelm\u00e4n<br \/>\nulkopuolella, tutustu alla olevaan ohjeeseen 1.<\/p>\n<p>Kun yhdistys tai toimihenkil\u00f6 aloittaa uuden henkil\u00f6tietojen<br \/>\nk\u00e4sittely\u00e4 edellytt\u00e4v\u00e4n projektin (esim. uusi koulutus), suunnittele henkil\u00f6tietojen<br \/>\nk\u00e4sittelyn koko elinkaari (ker\u00e4\u00e4minen, hy\u00f6dynt\u00e4minen, muokkaaminen, tuhoaminen)<br \/>\nennen kuin ryhdyt ker\u00e4\u00e4m\u00e4\u00e4n henkil\u00f6tietoja. Projektin henkil\u00f6tietojen<br \/>\nk\u00e4sittelytapa tulee l\u00e4hett\u00e4\u00e4 yhdistyksen hallitukselle tiedoksi. <\/p>\n<p>Minimoi henkil\u00f6tiedot ja mieti mit\u00e4 henkil\u00f6tietoja<br \/>\noikeastaan tarvitsee ker\u00e4t\u00e4 ja tallentaa. V\u00e4lt\u00e4 henkil\u00f6tunnuksen tarpeetonta<br \/>\nk\u00e4sittely\u00e4.<\/p>\n<p>Uusissa projekteissa, kuten koulutuksissa, muista informoida<br \/>\nhenkil\u00f6it\u00e4, joiden tietoja ker\u00e4t\u00e4\u00e4n ennen kuin ryhdyt ker\u00e4\u00e4m\u00e4\u00e4n henkil\u00f6tietoja.<br \/>\nLains\u00e4\u00e4d\u00e4nn\u00f6ss\u00e4 on tarkkaan m\u00e4\u00e4ritelty se, mit\u00e4 rekister\u00f6idyille t\u00e4ytyy kertoa.<br \/>\nK\u00e4yt\u00e4 mallipohjia henkil\u00f6iden informointiin.<\/p>\n<p>K\u00e4sittele henkil\u00f6tietoa vain siihen mihin se on tarkoitettu.<br \/>\nHenkil\u00f6tiedon k\u00e4sittelyll\u00e4 pit\u00e4\u00e4 olla aina ennalta m\u00e4\u00e4ritelty peruste ja<br \/>\nk\u00e4ytt\u00f6tarkoitus, voit tarkistaa EU:n tietosuoja-asetuksen mukaiset perusteet<br \/>\ntietosuojavaltuutetun sivulta.<\/p>\n<p>Tuhoa tarpeeton ja vanhentunut henkil\u00f6tieto \u2013 \u00c4l\u00e4 s\u00e4ilyt\u00e4<br \/>\nhenkil\u00f6tietoja varmuuden vuoksi. <\/p>\n<p>S\u00e4ilyt\u00e4 henkil\u00f6tiedot turvallisesti. Tietoja ei saa j\u00e4tt\u00e4\u00e4<br \/>\np\u00f6yd\u00e4lle vaan ne tulee pit\u00e4\u00e4 lukitussa kaapissa, salattuna kannettavalla<br \/>\ntietokoneella tai ulkoisilla muistiv\u00e4lineill\u00e4 kuten muistitikuilla. Katso<br \/>\nTOP-10 tietoturvavinkkien ohjeet salauksesta. \u00c4l\u00e4 anna henkil\u00f6tietoja kenelle<br \/>\ntahansa. Henkil\u00f6tietoja saavat k\u00e4sitell\u00e4 vain ne, joiden toimiteht\u00e4viin se<br \/>\nkuuluu.<\/p>\n<p>Pid\u00e4 henkil\u00f6tiedot ajan tasalla.<\/p>\n<p>Siirr\u00e4 henkil\u00f6tiedot turvallisesti ja varmista<br \/>\nvastaanottaja. Jos l\u00e4het\u00e4t luottamuksellisia tai salassa pidett\u00e4vi\u00e4<br \/>\nhenkil\u00f6tietoja s\u00e4hk\u00f6postilla, muista l\u00e4hett\u00e4\u00e4 viesti salattuna s\u00e4hk\u00f6postina tai<br \/>\naineisto salattuna liitteen\u00e4. \u00c4l\u00e4 l\u00e4het\u00e4 salasanaa s\u00e4hk\u00f6postilla. <\/p>\n<p>Ilmoita henkil\u00f6tiedoille mahdollisesta tapahtuneesta<br \/>\nvahingosta tai ep\u00e4ilytt\u00e4v\u00e4st\u00e4 toiminnasta hallitukselle heti<\/p>\n<p><strong>Erityiset ohjeet<\/strong><\/p>\n<p><strong>1.J\u00e4senrekisteri<\/strong><\/p>\n<p>J\u00e4senluetteloon on merkitt\u00e4v\u00e4 v\u00e4hint\u00e4\u00e4n kunkin j\u00e4senen koko<br \/>\nnimi sek\u00e4 kotipaikka. J\u00e4senluettelo sis\u00e4lt\u00e4\u00e4 usein k\u00e4yt\u00e4nn\u00f6ss\u00e4 my\u00f6s j\u00e4senten<br \/>\nyhteystiedot, j\u00e4senmaksutietoja, j\u00e4seneksiliittymisajankohdan ja muita<br \/>\nyhdistyksen toiminnan kannalta oleellisia tietoja. Kaikkien j\u00e4senluetteloon<br \/>\nmerkitt\u00e4vien tietojen on my\u00f6s oltava yhdistyksen toiminnan kannalta<br \/>\ntarpeellisia.<\/p>\n<p>J\u00e4senluettelon tietoja pit\u00e4\u00e4 k\u00e4sitell\u00e4 lain mukaisesti ja<br \/>\nhuolellisesti, eik\u00e4 j\u00e4senten yksityisyytt\u00e4 saa loukata. Ker\u00e4tt\u00e4v\u00e4t ja<br \/>\nk\u00e4sitelt\u00e4v\u00e4t tiedot on suojattava asiattomalta p\u00e4\u00e4sylt\u00e4 tietoihin sek\u00e4 tietojen<br \/>\nh\u00e4vitt\u00e4miselt\u00e4, muuttamiselta, luovuttamiselta, siirt\u00e4miselt\u00e4 ja muulta<br \/>\nlaittomalta k\u00e4sittelylt\u00e4. J\u00e4senrekisteri\u00e4 on siis syyt\u00e4 s\u00e4ilytt\u00e4\u00e4 esimerkiksi<br \/>\nsalasanan takana ja vain rekisterist\u00e4 vastaavan henkil\u00f6n saatavilla<\/p>\n<p>Kullakin j\u00e4senell\u00e4 on kuitenkin oikeus saada tiet\u00e4\u00e4, mit\u00e4<br \/>\ntietoja h\u00e4nest\u00e4 itsest\u00e4\u00e4n on j\u00e4senrekisteriin tallennettu. Tietojen suojaaminen<br \/>\nluovuttamiselta tarkoittaa sit\u00e4, ettei j\u00e4senrekisterin tietoja saa luovuttaa<br \/>\nedes yhdistyksen muille j\u00e4senille. Henkil\u00f6tietolaki m\u00e4\u00e4r\u00e4\u00e4 my\u00f6s<br \/>\nvaitiolovelvollisuudesta.<\/p>\n<p>Yhdistyksen j\u00e4senill\u00e4 on kuitenkin oikeus tiet\u00e4\u00e4 muiden<br \/>\nj\u00e4senten nimet ja kotipaikat. T\u00e4llaista tietoa voidaan tarvita muun muassa<br \/>\nsilloin, kun yhdistyksen s\u00e4\u00e4nn\u00f6t m\u00e4\u00e4r\u00e4\u00e4v\u00e4t yhdistyksen kokouksen voivan<br \/>\nkokoontua tietyn m\u00e4\u00e4r\u00e4n j\u00e4senist\u00f6st\u00e4 (esimerkiksi 1\/10) sit\u00e4 vaatiessa.<\/p>\n<p>J\u00e4senrekisteri voidaan toteuttaa s\u00e4hk\u00f6isesti, esim.<br \/>\nexcelill\u00e4.&nbsp; J\u00e4senrekisterin tulee olla<br \/>\nsalatussa tiedostossa.<\/p>\n<p>2. Rekisteriseloste<\/p>\n<p>Yhdistyksen tietosuojan rekisteriselosteen sis\u00e4lt\u00e4\u00e4<br \/>\nsewuraavat asiat:<\/p>\n<p>1) rekisterinpit\u00e4j\u00e4n ja t\u00e4m\u00e4n edustajan nimi ja yhteystiedot<\/p>\n<p>2) henkil\u00f6tietojen k\u00e4sittelyn tarkoitus<\/p>\n<p>3) kuvaus rekister\u00f6ityjen ryhm\u00e4st\u00e4 tai ryhmist\u00e4 ja n\u00e4ihin<br \/>\nliittyvist\u00e4 tiedoista tai tietoryhmist\u00e4<\/p>\n<p>4) mihin tietoja s\u00e4\u00e4nn\u00f6nmukaisesti luovutetaan ja<br \/>\nsiirret\u00e4\u00e4nk\u00f6 tietoja Euroopan unionin tai Euroopan talousalueen ulkopuolelle<\/p>\n<p>5) kuvaus rekisterin suojauksen periaatteista.<\/p>\n<p>Rekisteriseloste pidet\u00e4\u00e4n jokaisen saatavilla.<br \/>\nRekisteriseloste sijoitetaan yhdistyksen verkkosivuille.<\/p>\n","protected":false},"excerpt":{"rendered":"<p>Suomen Marsuyhdistys Henkil\u00f6tietojen k\u00e4sittely \u2013 ohje toimihenkil\u00f6ille Henkil\u00f6tietoja tulee: &nbsp;K\u00e4sitell\u00e4 lainmukaisesti, asianmukaisesti ja rekister\u00f6idyn kannalta l\u00e4pin\u00e4kyv\u00e4sti &nbsp;K\u00e4sitell\u00e4 luottamuksellisesti ja turvallisesti &nbsp;Ker\u00e4tt\u00e4 ja k\u00e4sitell\u00e4 tietty\u00e4, nimenomaista ja laillista tarkoitusta varten &nbsp;Ker\u00e4t\u00e4 vain tarpeellinen m\u00e4\u00e4r\u00e4 henkil\u00f6tietojen k\u00e4sittelyn tarkoitukseen n\u00e4hden &nbsp;P\u00e4ivitt\u00e4\u00e4 aina tarvittaessa &hellip; <a href=\"https:\/\/marsuyhdistys.net\/home\/yhdistys\/henkilotietojen-kasittely-ohje-toimihenkiloille\/\">Lue loppuun <span class=\"meta-nav\">&rarr;<\/span><\/a><\/p>\n","protected":false},"author":19,"featured_media":0,"parent":9,"menu_order":76,"comment_status":"closed","ping_status":"closed","template":"","meta":{"footnotes":"","_links_to":"","_links_to_target":""},"class_list":["post-7512","page","type-page","status-publish","hentry"],"_links":{"self":[{"href":"https:\/\/marsuyhdistys.net\/home\/wp-json\/wp\/v2\/pages\/7512","targetHints":{"allow":["GET"]}}],"collection":[{"href":"https:\/\/marsuyhdistys.net\/home\/wp-json\/wp\/v2\/pages"}],"about":[{"href":"https:\/\/marsuyhdistys.net\/home\/wp-json\/wp\/v2\/types\/page"}],"author":[{"embeddable":true,"href":"https:\/\/marsuyhdistys.net\/home\/wp-json\/wp\/v2\/users\/19"}],"replies":[{"embeddable":true,"href":"https:\/\/marsuyhdistys.net\/home\/wp-json\/wp\/v2\/comments?post=7512"}],"version-history":[{"count":1,"href":"https:\/\/marsuyhdistys.net\/home\/wp-json\/wp\/v2\/pages\/7512\/revisions"}],"predecessor-version":[{"id":7513,"href":"https:\/\/marsuyhdistys.net\/home\/wp-json\/wp\/v2\/pages\/7512\/revisions\/7513"}],"up":[{"embeddable":true,"href":"https:\/\/marsuyhdistys.net\/home\/wp-json\/wp\/v2\/pages\/9"}],"wp:attachment":[{"href":"https:\/\/marsuyhdistys.net\/home\/wp-json\/wp\/v2\/media?parent=7512"}],"curies":[{"name":"wp","href":"https:\/\/api.w.org\/{rel}","templated":true}]}}