{"id":76,"date":"2012-08-02T20:03:37","date_gmt":"2012-08-02T18:03:37","guid":{"rendered":"http:\/\/marsuyhdistys.net\/home\/?page_id=76"},"modified":"2014-01-07T09:22:03","modified_gmt":"2014-01-07T07:22:03","slug":"liikunta","status":"publish","type":"page","link":"https:\/\/marsuyhdistys.net\/home\/kaikki-marsusta\/liikunta\/","title":{"rendered":"Virikkeet ja liikunta"},"content":{"rendered":"<p><strong>H\u00e4kiss\u00e4<\/strong><\/p>\n<p>H\u00e4kiss\u00e4 tulee marsulle varsin tyls\u00e4\u00e4, jos siell\u00e4 on vain ruoka. T\u00e4ss\u00e4 muutamia esimerkkej\u00e4 virikkeist\u00e4, joita marsuille voi laittaa.<\/p>\n<p><div id=\"attachment_578\" style=\"width: 310px\" class=\"wp-caption aligncenter\"><img loading=\"lazy\" decoding=\"async\" aria-describedby=\"caption-attachment-578\" class=\"size-medium wp-image-578\" title=\"Gia\" alt=\"\" src=\"http:\/\/marsuyhdistys.net\/home\/wp-content\/uploads\/2012\/08\/Gia07-300x203.jpg\" width=\"300\" height=\"203\" srcset=\"https:\/\/marsuyhdistys.net\/home\/wp-content\/uploads\/2012\/08\/Gia07-300x203.jpg 300w, https:\/\/marsuyhdistys.net\/home\/wp-content\/uploads\/2012\/08\/Gia07-441x300.jpg 441w, https:\/\/marsuyhdistys.net\/home\/wp-content\/uploads\/2012\/08\/Gia07.jpg 550w\" sizes=\"auto, (max-width: 300px) 100vw, 300px\" \/><p id=\"caption-attachment-578\" class=\"wp-caption-text\"><span style=\"color: #000000;\">M\u00f6kki l\u00f6ytyy jokaiselta.<\/span><\/p><\/div><\/p>\n<p><div id=\"attachment_568\" style=\"width: 310px\" class=\"wp-caption aligncenter\"><a href=\"http:\/\/marsuyhdistys.net\/home\/wp-content\/uploads\/2012\/08\/Wirta07.jpg\"><img loading=\"lazy\" decoding=\"async\" aria-describedby=\"caption-attachment-568\" class=\"size-medium wp-image-568   \" title=\"Pajusilta\" alt=\"\" src=\"http:\/\/marsuyhdistys.net\/home\/wp-content\/uploads\/2012\/08\/Wirta07-300x199.jpg\" width=\"300\" height=\"199\" srcset=\"https:\/\/marsuyhdistys.net\/home\/wp-content\/uploads\/2012\/08\/Wirta07-300x199.jpg 300w, https:\/\/marsuyhdistys.net\/home\/wp-content\/uploads\/2012\/08\/Wirta07-450x300.jpg 450w, https:\/\/marsuyhdistys.net\/home\/wp-content\/uploads\/2012\/08\/Wirta07.jpg 550w\" sizes=\"auto, (max-width: 300px) 100vw, 300px\" \/><\/a><p id=\"caption-attachment-568\" class=\"wp-caption-text\"><span style=\"color: #000000;\">Pajusillan alle p\u00e4\u00e4see piiloon, sen p\u00e4\u00e4lt\u00e4 voi t\u00e4hyst\u00e4\u00e4 ja kaiken lis\u00e4ksi se maistuu hyv\u00e4lle!<\/span><\/p><\/div><\/p>\n<p><div id=\"attachment_567\" style=\"width: 212px\" class=\"wp-caption aligncenter\"><a href=\"http:\/\/marsuyhdistys.net\/home\/wp-content\/uploads\/2012\/08\/Hammastelija13.jpg\"><img loading=\"lazy\" decoding=\"async\" aria-describedby=\"caption-attachment-567\" class=\"size-medium wp-image-567  \" title=\"Riippukeinu\" alt=\"\" src=\"http:\/\/marsuyhdistys.net\/home\/wp-content\/uploads\/2012\/08\/Hammastelija13-202x300.jpg\" width=\"202\" height=\"300\" srcset=\"https:\/\/marsuyhdistys.net\/home\/wp-content\/uploads\/2012\/08\/Hammastelija13-202x300.jpg 202w, https:\/\/marsuyhdistys.net\/home\/wp-content\/uploads\/2012\/08\/Hammastelija13.jpg 337w\" sizes=\"auto, (max-width: 202px) 100vw, 202px\" \/><\/a><p id=\"caption-attachment-567\" class=\"wp-caption-text\"><span style=\"color: #000000;\">Riippukeinukin on monik\u00e4ytt\u00f6inen: p\u00e4ikk\u00e4rit voi ottaa sen p\u00e4\u00e4ll\u00e4 tai alla.<\/span><\/p><\/div><\/p>\n<p><div id=\"attachment_562\" style=\"width: 310px\" class=\"wp-caption aligncenter\"><a href=\"http:\/\/marsuyhdistys.net\/home\/wp-content\/uploads\/2012\/08\/Puutunneli1.jpg\"><img loading=\"lazy\" decoding=\"async\" aria-describedby=\"caption-attachment-562\" class=\"size-medium wp-image-562  \" title=\"Puutunneli\" alt=\"\" src=\"http:\/\/marsuyhdistys.net\/home\/wp-content\/uploads\/2012\/08\/Puutunneli1-300x202.jpg\" width=\"300\" height=\"202\" srcset=\"https:\/\/marsuyhdistys.net\/home\/wp-content\/uploads\/2012\/08\/Puutunneli1-300x202.jpg 300w, https:\/\/marsuyhdistys.net\/home\/wp-content\/uploads\/2012\/08\/Puutunneli1-444x300.jpg 444w, https:\/\/marsuyhdistys.net\/home\/wp-content\/uploads\/2012\/08\/Puutunneli1.jpg 550w\" sizes=\"auto, (max-width: 300px) 100vw, 300px\" \/><\/a><p id=\"caption-attachment-562\" class=\"wp-caption-text\"><span style=\"color: #000000;\">Puutunneli on tukeva ja turvallinen.<\/span><\/p><\/div><\/p>\n<p><div id=\"attachment_561\" style=\"width: 310px\" class=\"wp-caption aligncenter\"><a href=\"http:\/\/marsuyhdistys.net\/home\/wp-content\/uploads\/2012\/08\/PetiMarsesteri.jpg\"><img loading=\"lazy\" decoding=\"async\" aria-describedby=\"caption-attachment-561\" class=\"size-medium wp-image-561  \" title=\"Peti\" alt=\"\" src=\"http:\/\/marsuyhdistys.net\/home\/wp-content\/uploads\/2012\/08\/PetiMarsesteri-300x211.jpg\" width=\"300\" height=\"211\" srcset=\"https:\/\/marsuyhdistys.net\/home\/wp-content\/uploads\/2012\/08\/PetiMarsesteri-300x211.jpg 300w, https:\/\/marsuyhdistys.net\/home\/wp-content\/uploads\/2012\/08\/PetiMarsesteri-426x300.jpg 426w, https:\/\/marsuyhdistys.net\/home\/wp-content\/uploads\/2012\/08\/PetiMarsesteri.jpg 550w\" sizes=\"auto, (max-width: 300px) 100vw, 300px\" \/><\/a><p id=\"caption-attachment-561\" class=\"wp-caption-text\"><span style=\"color: #000000;\">Pehmoiset pedit ovat monen marsun mieleen<\/span>.<\/p><\/div><\/p>\n<p><strong>H\u00e4kin ulkopuolella<\/strong><\/p>\n<p>Marsujen tulee p\u00e4\u00e4st\u00e4 jaloittelemaan h\u00e4kin ulkopuolelle valvonnan alaisina. Ihanteellista on jatkuva vapaana olo, kuitenkin niin, ett\u00e4 marsulla on aina mahdollisuus p\u00e4\u00e4st\u00e4 h\u00e4kkiins\u00e4 lep\u00e4\u00e4m\u00e4\u00e4n ja sy\u00f6m\u00e4\u00e4n. S\u00e4hk\u00f6johdot on syyt\u00e4 laittaa marsun ulottumattomiin, samoin kun myrkylliset kasvit ja kaikki muukin, mik\u00e4 voi olla marsulle vaaraksi.<\/p>\n<p>Lattialle voi laittaa laatikoita, putkia, ruukkuja ja muuta marsua kiinnostavaa.\u00a0\u00a0Jos marsu ei innostu liikkumaan, voit piilotella pieni\u00e4 vihannesten palasia ymp\u00e4ri huonetta, joita etsiess\u00e4\u00e4n marsu joutuu l\u00e4htem\u00e4\u00e4n liikkeelle.<\/p>\n<p>Marsuille voi opettaa pieni\u00e4 temppuja herkkupalojen avulla.\u00a0Marsu ei ole rakenteeltaan sporttinen, joten niiten kanssa ei voi harrastaa estehyppy\u00e4. Muita agility-temppuja marsu saattaa oppia.\u00a0Monet marsut oppivat antamaan tassua, nousemaan takatassuilleen, kulkemaan renkaasta l\u00e4pi tai k\u00e4velem\u00e4\u00e4n ympyr\u00e4n.<\/p>\n<p><strong>Ulkona<\/strong><\/p>\n<p>Monet el\u00e4intarvikeliikkeet myyv\u00e4t valjaita marsuille. Valitettavasti marsun rakenne sopii valjaisiin \u00e4\u00e4rimm\u00e4isen huonosti. Se on paksu p\u00f6tkyl\u00e4, muhkealla karvalla ja jalat ovat lyhyet. Valjaita ei voi kirist\u00e4\u00e4 niin tiukalle ettei marsu p\u00e4\u00e4sisi rimpuilemaan niist\u00e4 pois, koska silloin ne ovat \u00e4\u00e4rimm\u00e4isen ep\u00e4mukavat marsun p\u00e4\u00e4ll\u00e4.<\/p>\n<p>Marsua voi kuitenkin opettaa pit\u00e4m\u00e4\u00e4n valjaita p\u00e4\u00e4ll\u00e4\u00e4n. Osa marsuista hyv\u00e4ksyy valjaat ja rentoutuu jopa k\u00e4velem\u00e4\u00e4n ne p\u00e4\u00e4ll\u00e4\u00e4n. Osa j\u00e4rkyttyy niin, ettei suostu ottamaan askeltakaan. Taluttaminen kuitenkin toimii t\u00e4ysin marsun ehdoilla. Omistaja seuraa tismalleen sinne minne marsu on menossa, koska nyk\u00e4isyt ulkoilmassa pelottavat marsua varmasti, sek\u00e4 s\u00e4ik\u00e4ht\u00e4ess\u00e4\u00e4n se voi p\u00e4\u00e4st\u00e4 valjaista irti. Omistajan kumartuminen marsua kohti voi my\u00f6s saada marsun j\u00e4rkyttym\u00e4\u00e4n.<\/p>\n<p>Turvallisuuden nimiss\u00e4 paras tapa p\u00e4\u00e4st\u00e4\u00e4 marsu nauttimaan kes\u00e4p\u00e4iv\u00e4st\u00e4 ulkona on laittaa erillinen ulkoh\u00e4kki tai kalterih\u00e4kin yl\u00e4osa maahan. Marsu tarvitsee varjoa ja vett\u00e4 sek\u00e4 sit\u00e4 on vahdittava ettei mik\u00e4\u00e4n petoel\u00e4in kaada h\u00e4kki\u00e4 ja vie marsuja mukanaan.<\/p>\n","protected":false},"excerpt":{"rendered":"<p>H\u00e4kiss\u00e4 H\u00e4kiss\u00e4 tulee marsulle varsin tyls\u00e4\u00e4, jos siell\u00e4 on vain ruoka. T\u00e4ss\u00e4 muutamia esimerkkej\u00e4 virikkeist\u00e4, joita marsuille voi laittaa. H\u00e4kin ulkopuolella Marsujen tulee p\u00e4\u00e4st\u00e4 jaloittelemaan h\u00e4kin ulkopuolelle valvonnan alaisina. Ihanteellista on jatkuva vapaana olo, kuitenkin niin, ett\u00e4 marsulla on aina &hellip; <a href=\"https:\/\/marsuyhdistys.net\/home\/kaikki-marsusta\/liikunta\/\">Lue loppuun <span class=\"meta-nav\">&rarr;<\/span><\/a><\/p>\n","protected":false},"author":10,"featured_media":0,"parent":14,"menu_order":30,"comment_status":"closed","ping_status":"closed","template":"","meta":{"footnotes":"","_links_to":"","_links_to_target":""},"class_list":["post-76","page","type-page","status-publish","hentry"],"_links":{"self":[{"href":"https:\/\/marsuyhdistys.net\/home\/wp-json\/wp\/v2\/pages\/76","targetHints":{"allow":["GET"]}}],"collection":[{"href":"https:\/\/marsuyhdistys.net\/home\/wp-json\/wp\/v2\/pages"}],"about":[{"href":"https:\/\/marsuyhdistys.net\/home\/wp-json\/wp\/v2\/types\/page"}],"author":[{"embeddable":true,"href":"https:\/\/marsuyhdistys.net\/home\/wp-json\/wp\/v2\/users\/10"}],"replies":[{"embeddable":true,"href":"https:\/\/marsuyhdistys.net\/home\/wp-json\/wp\/v2\/comments?post=76"}],"version-history":[{"count":14,"href":"https:\/\/marsuyhdistys.net\/home\/wp-json\/wp\/v2\/pages\/76\/revisions"}],"predecessor-version":[{"id":2046,"href":"https:\/\/marsuyhdistys.net\/home\/wp-json\/wp\/v2\/pages\/76\/revisions\/2046"}],"up":[{"embeddable":true,"href":"https:\/\/marsuyhdistys.net\/home\/wp-json\/wp\/v2\/pages\/14"}],"wp:attachment":[{"href":"https:\/\/marsuyhdistys.net\/home\/wp-json\/wp\/v2\/media?parent=76"}],"curies":[{"name":"wp","href":"https:\/\/api.w.org\/{rel}","templated":true}]}}