{"id":7757,"date":"2021-04-01T16:08:01","date_gmt":"2021-04-01T14:08:01","guid":{"rendered":"http:\/\/marsuyhdistys.net\/home\/?page_id=7757"},"modified":"2022-04-07T19:48:36","modified_gmt":"2022-04-07T17:48:36","slug":"nayttelytulokset-2021","status":"publish","type":"page","link":"https:\/\/marsuyhdistys.net\/home\/nayttelytulokset-2021\/","title":{"rendered":"N\u00e4yttelytulokset 2021"},"content":{"rendered":"<p style=\"text-align:left\"><strong><a href=\"http:\/\/marsuyhdistys.net\/home\/wp-content\/uploads\/2021\/04\/nayttelytulokset28032021.pdf\">Virtuaalin\u00e4yttely 20.3.2021 SMY<\/a><\/strong><\/p>\n<p>VLL Jessica Sakala (tuomarioppilas), ei pisteellinen.<\/p>\n<hr class=\"wp-block-separator\"\/>\n<p><strong><a href=\"https:\/\/marsuyhdistys.net\/home\/wp-content\/uploads\/2021\/07\/nayttelytulokset14062021.pdf\">Virtuaalin\u00e4yttely 14.6.2021 SMY<\/a><\/strong><\/p>\n<p>VLL Laura Moilanen (tuomarioppilas)<\/p>\n<p>VUML Campbell Mitchell<\/p>\n<hr class=\"wp-block-separator\"\/>\n<p><a href=\"http:\/\/akaanpalju.fi\/nayttelytulokset01102021.pdf\"><strong>Virtuaalin\u00e4yttely 1.10.2021 SMY<\/strong><\/a><\/p>\n<p>VLL 1 Henna Rinta-Kiikka<\/p>\n<p>VUML 1 Johanna Groth (SE)<\/p>\n<p>VLL 2 Sanni Taimioja<\/p>\n<p>VUML 2 Hanna Haliseva<\/p>\n<hr class=\"wp-block-separator\"\/>\n<p><a href=\"https:\/\/marsuyhdistys.net\/home\/?page_id=6639\"><strong>SMY:n n\u00e4yttely Oulussa&nbsp;20.11.2021<\/strong><\/a><\/p>\n<p><a href=\"https:\/\/marsuyhdistys.net\/home\/wp-content\/uploads\/2021\/11\/Tulokset-20.11.2021-lemmikkiluokka.pdf\">Lemmikkiluokka Henna Rinta-Kiikka<\/a><\/p>\n<p>*HUOM KORJAUS, komistus palkinnon sai marsu nimelt\u00e4:  <br \/>\u00a0Almond&#8217;s Colin bridgerton, om. Sofia Sirvi\u00f6 <\/p>\n<p><a href=\"https:\/\/marsuyhdistys.net\/home\/wp-content\/uploads\/2022\/04\/Oulu-20.11.2021-Tulokset-p\u00e4ivitetty-7.4.pdf\">Ulkomuotoluokka Johanna Groth (SE)<\/a><\/p>\n<hr class=\"wp-block-separator\"\/>\n","protected":false},"excerpt":{"rendered":"<p>Virtuaalin\u00e4yttely 20.3.2021 SMY VLL Jessica Sakala (tuomarioppilas), ei pisteellinen. Virtuaalin\u00e4yttely 14.6.2021 SMY VLL Laura Moilanen (tuomarioppilas) VUML Campbell Mitchell Virtuaalin\u00e4yttely 1.10.2021 SMY VLL 1 Henna Rinta-Kiikka VUML 1 Johanna Groth (SE) VLL 2 Sanni Taimioja VUML 2 Hanna Haliseva SMY:n &hellip; <a href=\"https:\/\/marsuyhdistys.net\/home\/nayttelytulokset-2021\/\">Lue loppuun <span class=\"meta-nav\">&rarr;<\/span><\/a><\/p>\n","protected":false},"author":19,"featured_media":0,"parent":0,"menu_order":0,"comment_status":"closed","ping_status":"closed","template":"","meta":{"footnotes":"","_links_to":"","_links_to_target":""},"class_list":["post-7757","page","type-page","status-publish","hentry"],"_links":{"self":[{"href":"https:\/\/marsuyhdistys.net\/home\/wp-json\/wp\/v2\/pages\/7757","targetHints":{"allow":["GET"]}}],"collection":[{"href":"https:\/\/marsuyhdistys.net\/home\/wp-json\/wp\/v2\/pages"}],"about":[{"href":"https:\/\/marsuyhdistys.net\/home\/wp-json\/wp\/v2\/types\/page"}],"author":[{"embeddable":true,"href":"https:\/\/marsuyhdistys.net\/home\/wp-json\/wp\/v2\/users\/19"}],"replies":[{"embeddable":true,"href":"https:\/\/marsuyhdistys.net\/home\/wp-json\/wp\/v2\/comments?post=7757"}],"version-history":[{"count":12,"href":"https:\/\/marsuyhdistys.net\/home\/wp-json\/wp\/v2\/pages\/7757\/revisions"}],"predecessor-version":[{"id":9366,"href":"https:\/\/marsuyhdistys.net\/home\/wp-json\/wp\/v2\/pages\/7757\/revisions\/9366"}],"wp:attachment":[{"href":"https:\/\/marsuyhdistys.net\/home\/wp-json\/wp\/v2\/media?parent=7757"}],"curies":[{"name":"wp","href":"https:\/\/api.w.org\/{rel}","templated":true}]}}