{"id":7795,"date":"2021-04-09T16:52:22","date_gmt":"2021-04-09T14:52:22","guid":{"rendered":"http:\/\/marsuyhdistys.net\/home\/?page_id=7795"},"modified":"2023-09-26T17:03:37","modified_gmt":"2023-09-26T15:03:37","slug":"rekisterointiohjeet","status":"publish","type":"page","link":"https:\/\/marsuyhdistys.net\/home\/rekisterointiohjeet\/","title":{"rendered":"Rekister\u00f6intiohjeet"},"content":{"rendered":"<p><strong>Rekister\u00f6innit<\/strong><\/p>\n<p><em>HUOM Kev\u00e4tkokouksen 2022 p\u00e4\u00e4t\u00f6ksell\u00e4 SMY ei rekister\u00f6i Ven\u00e4j\u00e4n tuontimarsuja toistaiseksi.&nbsp;<\/em><\/p>\n<p>Virva Klaasio (s\u00e4hk\u00f6inen rekister\u00f6inti)<\/p>\n<p>Kirsi Ruotsalainen  (s\u00e4hk\u00f6inen ja paperiversio)<\/p>\n<p>Lammintie 340, 17410 VIITALA<\/p>\n<p>smy.rekisteroinnit@gmail.com<\/p>\n<p><strong>S\u00c4HK\u00d6INEN REKISTER\u00d6INTI<\/strong><\/p>\n<p>S\u00e4hk\u00f6inen rekister\u00f6inti tapahtuu toimittamalla sukutaulun kopio sek\u00e4 rekister\u00f6intimaksun kuitti rekister\u00f6ij\u00e4lle.&nbsp; Saat rekisterinumeron s\u00e4hk\u00f6postitse, liit\u00e4 saamasi numero rekister\u00f6idyn marsun sukutauluun. Toimitathan tiedostot k\u00e4sittelij\u00e4lle ensisijaisesti pdf tiedostona.<\/p>\n<p>Valmiit rekister\u00f6innit tulevat n\u00e4kyville&nbsp; SMY:n marsurekisteriin<\/p>\n<\/p>\n<p><strong>PAPERINEN REKISTER\u00d6INTI<\/strong><br \/>Rekister\u00f6ij\u00e4lle l\u00e4hetet\u00e4\u00e4n kaksi asianmukaisesti t\u00e4ytetty\u00e4 SMY:n rekisterikaavaketta, sek\u00e4 vastauskuori omalla osoitteella ja postimerkill\u00e4 varustettuna. Maksutositteen voi l\u00e4hett\u00e4\u00e4 rekisterikaavakkeen mukana tai rekister\u00f6ij\u00e4n s\u00e4hk\u00f6postiin. Sukutauluista kannattaa ottaa kuva\/kopio ennen l\u00e4hett\u00e4mist\u00e4 silt\u00e4 varalta, ett\u00e4 kirje h\u00e4vi\u00e4\u00e4 kuljetuksessa.<\/p>\n<p>Toinen rekisterikaavake j\u00e4\u00e4 rekister\u00f6ij\u00e4lle, toinen palautetaan rekisterinumeron kera SMY:n leimalla vahvistettuna. Mik\u00e4li n\u00e4it\u00e4 ohjeita ei noudateta, ei marsuja voida rekister\u00f6id\u00e4 eik\u00e4 rekister\u00f6ij\u00e4 ole velvollinen palauttamaan jo maksettuja maksuja.&nbsp;<\/p>\n<p>Rekister\u00f6innit maksetaan yhdistyksen tilille viitenumerolla <strong>2626.<\/strong><\/p>\n<p>Tilinumero: FI74 1469 3000 0265 06<\/p>\n<p><strong>Rekister\u00f6intien hinnat<\/strong><\/p>\n<ul class=\"wp-block-list\">\n<li>SMY:n kasvattajanimelliselle kasvattajille 2,00 \u20ac \/ marsu<\/li>\n<\/ul>\n<ul class=\"wp-block-list\">\n<li>SMY:n j\u00e4senille 3,00 \u20ac \/ marsu<\/li>\n<\/ul>\n<ul class=\"wp-block-list\">\n<li>Ei- j\u00e4senille 5,00 \u20ac \/ marsu <\/li>\n<\/ul>\n<p><\/p>\n","protected":false},"excerpt":{"rendered":"<p>Rekister\u00f6innit HUOM Kev\u00e4tkokouksen 2022 p\u00e4\u00e4t\u00f6ksell\u00e4 SMY ei rekister\u00f6i Ven\u00e4j\u00e4n tuontimarsuja toistaiseksi.&nbsp; Virva Klaasio (s\u00e4hk\u00f6inen rekister\u00f6inti) Kirsi Ruotsalainen (s\u00e4hk\u00f6inen ja paperiversio) Lammintie 340, 17410 VIITALA smy.rekisteroinnit@gmail.com S\u00c4HK\u00d6INEN REKISTER\u00d6INTI S\u00e4hk\u00f6inen rekister\u00f6inti tapahtuu toimittamalla sukutaulun kopio sek\u00e4 rekister\u00f6intimaksun kuitti rekister\u00f6ij\u00e4lle.&nbsp; Saat rekisterinumeron s\u00e4hk\u00f6postitse, &hellip; <a href=\"https:\/\/marsuyhdistys.net\/home\/rekisterointiohjeet\/\">Lue loppuun <span class=\"meta-nav\">&rarr;<\/span><\/a><\/p>\n","protected":false},"author":19,"featured_media":0,"parent":0,"menu_order":0,"comment_status":"closed","ping_status":"closed","template":"","meta":{"footnotes":"","_links_to":"","_links_to_target":""},"class_list":["post-7795","page","type-page","status-publish","hentry"],"_links":{"self":[{"href":"https:\/\/marsuyhdistys.net\/home\/wp-json\/wp\/v2\/pages\/7795","targetHints":{"allow":["GET"]}}],"collection":[{"href":"https:\/\/marsuyhdistys.net\/home\/wp-json\/wp\/v2\/pages"}],"about":[{"href":"https:\/\/marsuyhdistys.net\/home\/wp-json\/wp\/v2\/types\/page"}],"author":[{"embeddable":true,"href":"https:\/\/marsuyhdistys.net\/home\/wp-json\/wp\/v2\/users\/19"}],"replies":[{"embeddable":true,"href":"https:\/\/marsuyhdistys.net\/home\/wp-json\/wp\/v2\/comments?post=7795"}],"version-history":[{"count":25,"href":"https:\/\/marsuyhdistys.net\/home\/wp-json\/wp\/v2\/pages\/7795\/revisions"}],"predecessor-version":[{"id":11677,"href":"https:\/\/marsuyhdistys.net\/home\/wp-json\/wp\/v2\/pages\/7795\/revisions\/11677"}],"wp:attachment":[{"href":"https:\/\/marsuyhdistys.net\/home\/wp-json\/wp\/v2\/media?parent=7795"}],"curies":[{"name":"wp","href":"https:\/\/api.w.org\/{rel}","templated":true}]}}