{"id":83,"date":"2012-08-02T20:28:39","date_gmt":"2012-08-02T18:28:39","guid":{"rendered":"http:\/\/marsuyhdistys.net\/home\/?page_id=83"},"modified":"2012-11-26T00:00:07","modified_gmt":"2012-11-25T22:00:07","slug":"suomen-muotovaliot","status":"publish","type":"page","link":"https:\/\/marsuyhdistys.net\/home\/kaikki-nayttelyista\/nayttelysaannot\/suomen-muotovaliot-2\/suomen-muotovaliot\/","title":{"rendered":"Muotovaliot 1992-1999"},"content":{"rendered":"<p align=\"CENTER\"><span style=\"color: #0000ff;\"><span style=\"font-family: Tahoma, sans-serif;\"><span style=\"font-size: medium;\"><span style=\"font-size: large;\"><strong>Suomen Muotovaliot vuonna 1999<\/strong><\/span><\/span><\/span><\/span><\/p>\n<p><span style=\"font-family: Tahoma, sans-serif;\"><strong>Aniara&#8217;s Tamara<\/strong> M7-98<br \/>\nSelf saffron naaras<br \/>\nKasvattaja &amp; omistaja Katja Kivipuro<\/span><\/p>\n<p><span style=\"font-family: Tahoma, sans-serif;\"><strong>Aniara&#8217;s Mysteeri<\/strong> M292-98<br \/>\nSelf saffron naaras<br \/>\nKasvattaja &amp; omistaja Katja Kivipuro<\/span><\/p>\n<p><span style=\"font-family: Tahoma, sans-serif;\"><strong>DK MVA Aniara&#8217;s Appelsiinimarmelaadi<\/strong> M140-98<br \/>\nEnglannincrest saffron naaras<br \/>\nKasvattaja &amp; omistaja Katja Kivipuro<\/span><\/p>\n<p><span style=\"font-family: Tahoma, sans-serif;\"><strong>GG-98 Saarelman Enya<\/strong> M109-98<br \/>\nSelf white naaras<br \/>\nKasvattaja &amp; omistaja Tommi L\u00e5ngstr\u00f6m<\/span><\/p>\n<p><span style=\"font-family: Tahoma, sans-serif;\"><strong>GG-98 Saarelman Marzipan<\/strong><br \/>\nEnglannincrest cream<br \/>\nKasvattaja &amp; omistaja Tommi L\u00e5ngstr\u00f6m<\/span><\/p>\n<p><span style=\"font-family: Tahoma, sans-serif;\"><strong>GG-98 Saarelman Nei-Likka<\/strong> M236-98<br \/>\nEnglannincrest p.e.white naaras<br \/>\nKasvattaja &amp; omistaja Tommi L\u00e5ngstr\u00f6m<\/span><\/p>\n<p><span style=\"font-family: Tahoma, sans-serif;\"><strong>Carioca<\/strong> M30-99<br \/>\nAbessiinialainen brindle naaras<br \/>\nOmistaja Tanja Juola<\/span><\/p>\n<p><span style=\"font-family: Tahoma, sans-serif;\"><strong>VV-99 Delfoin Opal<\/strong> M256-98<br \/>\nSelf black uros<br \/>\nKasvattaja &amp; omistaja Kirsi Ruotsalainen &amp; Johanna Niiranen<\/span><\/p>\n<p><span style=\"font-family: Tahoma, sans-serif;\"><strong>GG-98 Tikkitakin Simona<\/strong> M218-97<br \/>\nSelf white naaras<br \/>\nKasvattaja Iina Merjankari &amp; Maria Fredriksson Omistaja Maija Mikkonen<\/span><\/p>\n<p><span style=\"font-family: Tahoma, sans-serif;\"><strong>Saarelman Onni<\/strong> M245-97<br \/>\nTeddy golden agouti roan uros<br \/>\nKasvattaja Tommi L\u00e5ngstr\u00f6m Omistaja Anna Heinonen<\/span><\/p>\n<p><span style=\"font-family: Tahoma, sans-serif;\"><strong>Malaxis Rolex<\/strong> M49-98<br \/>\nSelf cream uros<br \/>\nKasvattaja Jens Lindgren Omistaja Hanna Lahtinen<\/span><\/p>\n<p><span style=\"font-family: Tahoma, sans-serif;\"><strong>Paddy<\/strong> M105-99<br \/>\nNonself silver agouti uros<br \/>\nKasvattaja Steve Davies Omistaja Iina Merjankari &amp; Maria Fredriksson<\/span><\/p>\n<p><span style=\"font-family: Tahoma, sans-serif;\"><strong>Calypsos Caracas<\/strong> M124-97<br \/>\nAbessiinialainen brindle roan uros<br \/>\nKasvattaja Lena Juntoft Omistaja Sanna Lepist\u00f6<\/span><\/p>\n<p><span style=\"font-family: Tahoma, sans-serif;\"><strong>Aniara&#8217;s Urpo<\/strong> M220-96<br \/>\nSelf p.e.golden uros<br \/>\nKasvattaja Katja Kivipuro Omistaja Satu Hietanen<\/span><\/p>\n<p><span style=\"font-family: Tahoma, sans-serif;\"><strong>Cakhaya&#8217;s Dora<\/strong> M67-98<br \/>\nNonself golden roan naaras<br \/>\nKasvattaja &amp; omistaja Carita Korhonen<\/span><\/p>\n<p align=\"CENTER\"><span style=\"font-family: Tahoma, sans-serif; color: #0000ff;\"><span style=\"font-size: medium;\"><span style=\"font-size: large;\"><strong>Suomen Muotovaliot vuonna 1998<\/strong><\/span><\/span><\/span><\/p>\n<p><span style=\"font-family: Tahoma, sans-serif;\"><strong>CH Aniara&#8217;s Kanjoni<\/strong> M89-96<br \/>\nEnglannincrest saffron naaras<br \/>\nKasvattaja &amp; omistaja Katja Kivipuro<\/span><\/p>\n<p><span style=\"font-family: Tahoma, sans-serif;\"><strong>S MVA CH GG-97 GG-98 VE-97 VE-99 VV-98 VV-99 Aniara&#8217;s Zic Zac<\/strong> M117-97<br \/>\nSelf p.e.golden naaras<br \/>\nKasvattaja &amp; omistaja Katja Kivipuro<\/span><\/p>\n<p><span style=\"font-family: Tahoma, sans-serif;\"><strong>Asterex Amico<\/strong> M126-97<br \/>\nTeddy lemon agouti\/cream uros<br \/>\nKasvattaja Lene Fog Pedersen Omistaja Tommi L\u00e5ngstr\u00f6m<\/span><\/p>\n<p><span style=\"font-family: Tahoma, sans-serif;\"><strong>Calypso&#8217;s Caviar<\/strong> M92-96<br \/>\nAbessiinialainen brindle<br \/>\nKasvattaja Lena Juntoft Omistaja Elina Pylv\u00e4nen<\/span><\/p>\n<p><span style=\"font-family: Tahoma, sans-serif;\"><strong>Wallstreet&#8217;s Fatima<\/strong> M87-97<br \/>\nSheltie chocolate\/white\/golden naaras<br \/>\nKasvattaja Kristiina Saajanaho Omistaja Jonna H\u00f6rkk\u00e4<\/span><\/p>\n<p><span style=\"font-family: Tahoma, sans-serif;\"><strong>CH Remus<\/strong> M152-96<br \/>\nAbessiinialainen brindle uros<br \/>\nKasvattaja &amp; omistaja Tanja Juola<\/span><\/p>\n<p><span style=\"font-family: Tahoma, sans-serif;\"><strong>Aniara&#8217;s Aramis<\/strong> M114-94<br \/>\nTexel bicolor uros<br \/>\nKasvattaja Katja Kivipuro Omistaja Kirsi Ruotsalainen &amp; Johanna Niiranen<\/span><\/p>\n<p><span style=\"font-family: Tahoma, sans-serif;\"><strong>Delfoin Black Velvet<\/strong> M260-97<br \/>\nSelf black naaras<br \/>\nKasvattaja &amp; omistaja Kirsi Ruotsalainen &amp; Johanna Niiranen<\/span><\/p>\n<p style=\"text-align: center;\" align=\"CENTER\"><strong><span style=\"font-family: Tahoma, sans-serif; color: #0000ff;\">Suomen Muotovaliot vuonna 1997 <\/span><\/strong><\/p>\n<p><span style=\"font-family: Tahoma, sans-serif;\"><strong>CH Waltzing Matilda&#8217;s Brunette<\/strong> M91-96<br \/>\nSelf p.e.golden naaras<br \/>\nKasvattaja Kati Kiviharju Omistaja Katja Kivipuro<\/span><\/p>\n<p><span style=\"font-family: Tahoma, sans-serif;\"><strong>S MVA GG-96 GG-97 CH Aniara&#8217;s Kaljaasi<\/strong> M90-96<br \/>\nEnglannincrst saffron uros<br \/>\nKasvattaja &amp; omistaja Katja Kivipuro<\/span><\/p>\n<p><span style=\"font-family: Tahoma, sans-serif;\"><strong>Andien White Cloud<\/strong> M146-96<br \/>\nEnglannincrest p.e.white<br \/>\nKasvattaja Anneli Ceder Omistaja Katja Pylkk\u00f6<\/span><\/p>\n<p><span style=\"font-family: Tahoma, sans-serif;\"><strong>CH VV-97 GG-97 Tikkitakin Tinanappi<\/strong> M22-97<br \/>\nNonself silver agouti<br \/>\nKasvattaja &amp; omistaja Iina Merjankari &amp; Maria Fredriksson<\/span><\/p>\n<p><span style=\"font-family: Tahoma, sans-serif;\"><strong>GG-95 GG-96 V-96 Vital Double Deuce<\/strong> M179-94<br \/>\nRex lemonagouti uros<br \/>\nKasvattaja &amp; omistaja Juulia Ahtiainen<\/span><\/p>\n<p><span style=\"font-family: Tahoma, sans-serif;\"><strong>Charlotta <\/strong>M105-96<br \/>\nSheltie naaras<br \/>\nOmistaja Katja Pylkk\u00f6<\/span><\/p>\n<p><span style=\"font-family: Tahoma, sans-serif;\"><strong>Larkete&#8217;s Ellie Lou<\/strong> M118-95<br \/>\nTexel naaras black\/golden<br \/>\nKasvattaja Tuula M\u00e5rtensson Omistaja Kirsi Ruotsalainen &amp; Johanna Niiranen<\/span><\/p>\n<p>&nbsp;<\/p>\n<p align=\"CENTER\"><span style=\"color: #0000ff;\"><span style=\"font-family: Tahoma, sans-serif;\"><span style=\"font-size: medium;\"><span style=\"font-size: large;\"><strong>Suomen Muotovaliot vuonna 1996<\/strong><\/span><\/span><\/span><\/span><\/p>\n<p><span style=\"font-family: Tahoma, sans-serif;\"><strong>Penelope&#8217;s Simon<\/strong> M145-94<br \/>\nSelf white uros<br \/>\nKasvattaja Nina Tiitinen Omistaja Maija Mikkonen<\/span><\/p>\n<p>&nbsp;<\/p>\n<p>&nbsp;<\/p>\n<p align=\"CENTER\"><span style=\"color: #0000ff;\"><span style=\"font-family: Tahoma, sans-serif;\"><span style=\"font-size: medium;\"><span style=\"font-size: large;\"><strong>Suomen Muotovaliot vuonna 1995<\/strong><\/span><\/span><\/span><\/span><\/p>\n<p><span style=\"font-family: Tahoma, sans-serif;\"><strong>O&#8217;Fixas Ollyado<\/strong><br \/>\nTeddy uros<br \/>\nKasvattaja Carina Broberg Omistaja Tommi L\u00e5ngstr\u00f6m<\/span><\/p>\n<p><span style=\"font-family: Tahoma, sans-serif;\"><strong>Larkette&#8217;s Bellamy Sweet<\/strong><br \/>\nTexel<br \/>\nKasvattaja &amp; omistaja Tuula M\u00e5rtensson<\/span><\/p>\n<p><span style=\"font-family: Tahoma, sans-serif;\"><strong>Pepper&#8217;s Ananas Alma<\/strong><br \/>\nRex naaras<br \/>\nKasvattaja Maarika Wallenius Omistaja Helmi Saunala<\/span><\/p>\n<p>&nbsp;<\/p>\n<p>&nbsp;<\/p>\n<p align=\"CENTER\"><span style=\"color: #0000ff;\"><strong>Suomen Muotovaliot vuonna 1994 <\/strong><\/span><\/p>\n<p><span style=\"font-family: Tahoma, sans-serif;\"><strong>Penelope&#8217;s Mark Owen<\/strong> M11-94<br \/>\nEnglannincrest black uros<br \/>\nKasvattaja Niina Tiitinen Omistaja Tommi L\u00e5ngstr\u00f6m<\/span><\/p>\n<p><span style=\"font-family: Tahoma, sans-serif;\"><strong>GG-93 Zeeland&#8217;s Bitter Sweet<\/strong> M143-93<br \/>\nTexel naaras<br \/>\nKasvattaja Jari Ruuskanen Omistaja Tuula M\u00e5rtensson<\/span><\/p>\n<p><span style=\"font-family: Tahoma, sans-serif;\"><strong>GG-93 Penelope&#8217;s Image<\/strong> M218-93<br \/>\nCoronet uros<br \/>\nKasvattaja &amp; omistaja Niina Tiitinen<\/span><\/p>\n<p><span style=\"font-family: Tahoma, sans-serif;\"><strong>Waltzing Matilda&#8217;s Eternity<\/strong> M61-94<br \/>\nSheltie naaras<br \/>\nKasvattaja &amp; omistaja Kati Kiviharju<\/span><\/p>\n<p><span style=\"font-family: Tahoma, sans-serif;\"><strong>Dimple&#8217;s White Dream<\/strong> M200-93<br \/>\nSelf white naaras<br \/>\nKasvattaja Pia Laaksonen Omistaja Sini Niemi-Nikkola<\/span><\/p>\n<p><span style=\"font-family: Tahoma, sans-serif;\"><strong>GG-93 Waltzing Matilda&#8217;s Magic-Minnie<\/strong><br \/>\nSatiini p.e.golden naaras<br \/>\nKasvattaja &amp; omistaja Kati Kiviharju<\/span><\/p>\n<p><span style=\"font-family: Tahoma, sans-serif;\"><strong>GG-03 Nasun Saima<\/strong> M141-93<br \/>\nSelf d.e.white naaras<br \/>\nKasvattaja Anu J\u00e4\u00e4skel\u00e4inen Omistaja Heidi Viljanen<\/span><\/p>\n<p>&nbsp;<\/p>\n<p align=\"CENTER\"><span style=\"color: #0000ff;\"><span style=\"font-family: Tahoma, sans-serif;\"><span style=\"font-size: medium;\"><span style=\"font-size: large;\"><strong>Suomen Muotovaliot vuonna 1993<\/strong><\/span><\/span><\/span><\/span><\/p>\n<p><span style=\"font-family: Tahoma, sans-serif;\"><strong>GG-92 Lupina<\/strong><br \/>\nRex naaras<br \/>\nOmistaja Helmi Saunala<\/span><\/p>\n<p><span style=\"font-family: Tahoma, sans-serif;\"><strong>V-93 GG-92 Zazoo&#8217;s Black Royal<\/strong> M252-92<br \/>\nKasvattaja Tiina Ristim\u00e4ki Omistaja Niina Tiitinen<\/span><\/p>\n<p><span style=\"font-family: Tahoma, sans-serif;\"><strong>Penelope&#8217;s Penny Lane<\/strong> M162-92<br \/>\nTexel naaras<br \/>\nKasvattaja Niina Tiitinen Omistaja Annika S\u00e4il\u00e4kivi<\/span><\/p>\n<p>&nbsp;<\/p>\n<p align=\"CENTER\"><span style=\"color: #0000ff;\"><span style=\"font-family: Tahoma, sans-serif;\"><span style=\"font-size: medium;\"><span style=\"font-size: large;\"><strong>Suomen Muotovaliot vuonna 1992<\/strong><\/span><\/span><\/span><\/span><\/p>\n<p><span style=\"font-family: Tahoma, sans-serif;\"><strong>V-92 Dimple&#8217;s Diana<\/strong> M220-91<br \/>\nSelf white naaras<br \/>\nKasvattaja Pia Laaksonen Omistaja Viivi Sepp\u00e4l\u00e4<\/span><\/p>\n<p><span style=\"font-family: Tahoma, sans-serif;\"><strong>Zeeland&#8217;s Silence<\/strong> M258-91<br \/>\nTexel bicolor<br \/>\nKasvattaja Jari Ruuskanen Omistaja Helmi Saunala<\/span><\/p>\n<p><span style=\"font-family: Tahoma, sans-serif;\"><strong>GG-91 GG-93 Moonshines Cinella<\/strong> M166-91<br \/>\nRex goldenagouti<br \/>\nKasvattaja Anita Nordstr\u00f6m Omistaja Jari Ruuskanen<\/span><\/p>\n<p><span style=\"font-family: Tahoma, sans-serif;\"><strong>Zeeland&#8217;s Winnie the Pooh<\/strong> M300-91<br \/>\nRex orange agouti uros<br \/>\nKasvattaja Jari Ruuskanen Omistaja Maarika Wallenius<\/span><\/p>\n<p><span style=\"font-family: Tahoma, sans-serif;\"><strong>GG-91 Zeeland&#8217;s Michelle Pfeiffer<\/strong><br \/>\nCoronet black\/golden\/white naaras<br \/>\nKasvattaja &amp; omistaja Jari Ruuskanen<\/span><\/p>\n<p><span style=\"font-family: Tahoma, sans-serif;\"><strong>V-90 Calypso&#8217;s Give-Give-Give-Me-More-More-More<\/strong><br \/>\nAmerikancrest uros<br \/>\nKasvattaja Lena Juntoft Omistaja Mia Valanne<\/span><\/p>\n<p><span style=\"font-family: Tahoma, sans-serif;\"><strong>Zeeland&#8217;s Molly<\/strong> M131-91<br \/>\nCoronet naaras<br \/>\nKasvattaja Jari Ruuskanen Omistaja Niina Tiitinen<\/span><\/p>\n<p><span style=\"font-family: Tahoma, sans-serif;\"><strong>GG-91 Andien Juanita<\/strong><br \/>\nEnglannincrest beige naaras<br \/>\nKasvattaja Anneli Ceder Omistaja Piia Laaksonen<\/span><\/p>\n","protected":false},"excerpt":{"rendered":"<p>Suomen Muotovaliot vuonna 1999 Aniara&#8217;s Tamara M7-98 Self saffron naaras Kasvattaja &amp; omistaja Katja Kivipuro Aniara&#8217;s Mysteeri M292-98 Self saffron naaras Kasvattaja &amp; omistaja Katja Kivipuro DK MVA Aniara&#8217;s Appelsiinimarmelaadi M140-98 Englannincrest saffron naaras Kasvattaja &amp; omistaja Katja Kivipuro GG-98 &hellip; <a href=\"https:\/\/marsuyhdistys.net\/home\/kaikki-nayttelyista\/nayttelysaannot\/suomen-muotovaliot-2\/suomen-muotovaliot\/\">Lue loppuun <span class=\"meta-nav\">&rarr;<\/span><\/a><\/p>\n","protected":false},"author":10,"featured_media":0,"parent":249,"menu_order":1000,"comment_status":"closed","ping_status":"closed","template":"","meta":{"footnotes":"","_links_to":"","_links_to_target":""},"class_list":["post-83","page","type-page","status-publish","hentry"],"_links":{"self":[{"href":"https:\/\/marsuyhdistys.net\/home\/wp-json\/wp\/v2\/pages\/83","targetHints":{"allow":["GET"]}}],"collection":[{"href":"https:\/\/marsuyhdistys.net\/home\/wp-json\/wp\/v2\/pages"}],"about":[{"href":"https:\/\/marsuyhdistys.net\/home\/wp-json\/wp\/v2\/types\/page"}],"author":[{"embeddable":true,"href":"https:\/\/marsuyhdistys.net\/home\/wp-json\/wp\/v2\/users\/10"}],"replies":[{"embeddable":true,"href":"https:\/\/marsuyhdistys.net\/home\/wp-json\/wp\/v2\/comments?post=83"}],"version-history":[{"count":9,"href":"https:\/\/marsuyhdistys.net\/home\/wp-json\/wp\/v2\/pages\/83\/revisions"}],"predecessor-version":[{"id":498,"href":"https:\/\/marsuyhdistys.net\/home\/wp-json\/wp\/v2\/pages\/83\/revisions\/498"}],"up":[{"embeddable":true,"href":"https:\/\/marsuyhdistys.net\/home\/wp-json\/wp\/v2\/pages\/249"}],"wp:attachment":[{"href":"https:\/\/marsuyhdistys.net\/home\/wp-json\/wp\/v2\/media?parent=83"}],"curies":[{"name":"wp","href":"https:\/\/api.w.org\/{rel}","templated":true}]}}