{"id":85,"date":"2012-08-02T20:35:49","date_gmt":"2012-08-02T18:35:49","guid":{"rendered":"http:\/\/marsuyhdistys.net\/home\/?page_id=85"},"modified":"2014-02-11T21:51:21","modified_gmt":"2014-02-11T19:51:21","slug":"kasvattajat","status":"publish","type":"page","link":"https:\/\/marsuyhdistys.net\/home\/kasvattajat\/kasvattajat\/","title":{"rendered":"Kasvattajat"},"content":{"rendered":"<p>T\u00e4m\u00e4 on Suomen Marsuyhdistys ry:n kasvattajalista. Siin\u00e4 olevat kasvattajat ovat sitoutuneet noudattamaan SMY:n ja SKJL:n kasvattajanimis\u00e4\u00e4nt\u00f6j\u00e4.<\/p>\n<p>Kaikki muutokset listalle:\u00a0lea@marsula.net<\/p>\n<table width=\"90%\" border=\"3\" bgcolor=\"#7CB148\">\n<tbody>\n<tr>\n<td style=\"text-align: center;\">\n<address><img decoding=\"async\" class=\"aligncenter\" alt=\"Almond's marsut\" src=\"http:\/\/farm8.staticflickr.com\/7160\/6709407247_0fdab7bdb1_m.jpg\" \/><\/address>\n<address><span style=\"text-decoration: underline;\"><strong>ALMOND&#8217;S<\/strong><\/span><strong><br \/>\np.e. white, cream, buff (sk self),\u00a0<\/strong><strong style=\"line-height: 1.714285714; font-size: inherit; text-align: left;\">buff roan (sk)<\/strong><\/address>\n<address>Lea Rahtu-Korpela<br \/>\n90460 Oulunsalo<br \/>\np. 040-7768017<br \/>\n<a href=\"mailto:Lea@marsula.net\">Lea@marsula.net<br \/>\n<\/a><a href=\"http:\/\/www.marsula.net\/\">www.marsula.net<br \/>\n<\/a>Marsukasvatusta vuodesta 2011<\/address>\n<\/td>\n<\/tr>\n<\/tbody>\n<\/table>\n<table width=\"90%\" border=\"3\" bgcolor=\"#7CB148\">\n<tbody>\n<tr>\n<td style=\"text-align: center;\"><strong><span style=\"text-decoration: underline;\">AMARILLON<\/span><br \/>\nrex,\u00a0<\/strong><strong style=\"font-size: inherit; text-align: left; line-height: 2;\">texel,\u00a0<\/strong><strong style=\"font-size: inherit; text-align: left; line-height: 2;\">merino,\u00a0<\/strong><strong style=\"font-size: inherit; text-align: left; line-height: 2;\">pe golden (sk self)<\/strong><\/p>\n<address>Elise Feodoroff<br \/>\nEspoo<br \/>\n040-8766984<br \/>\n<a href=\"mailto:amarilloncaviary@gmail.com\">amarilloncaviary@gmail.com<\/a><br \/>\n<a href=\"http:\/\/amarillon.wordpress.com\/myydaan-for-sale\/\">http:\/\/amarillon.wordpress.com\/myydaan-for-sale\/<\/a><br \/>\nMarsukasvatusta 2005-2009, 2011-<\/address>\n<\/td>\n<\/tr>\n<\/tbody>\n<\/table>\n<table width=\"90%\" border=\"3\" bgcolor=\"#7CB148\">\n<tbody>\n<tr>\n<td style=\"text-align: center;\"><img decoding=\"async\" class=\"aligncenter\" alt=\"Image\" src=\"http:\/\/marsuyhdistys.net\/default\/images\/stories\/rodut_varit\/aniaras_kasvattajabanneri.gif\" \/><\/p>\n<address><strong><span style=\"text-decoration: underline;\">ANIARAS<\/span><br \/>\n<\/strong><strong>saffron (self, engl.crest, am.crest),<br \/>\ntortoiseshell&amp;white (nonself, engl.crest),<br \/>\ntricolour (nonself, engl.crest)<\/strong>\u00a0<\/address>\n<address>Katja Kivipuro<br \/>\nTURKU<br \/>\np. 040-541 19 67<br \/>\naniaras@gmail.com<br \/>\n<a href=\"http:\/\/www.elisanet.fi\/aniaras\" target=\"_blank\">www.elisanet.fi\/aniaras<br \/>\n<\/a>Marsukasvatusta vuodesta 1993<br \/>\nVuoden kasvattaja 1996, 1997, 1998<\/address>\n<\/td>\n<\/tr>\n<\/tbody>\n<\/table>\n<table width=\"90%\" border=\"3\" bgcolor=\"#7CB148\">\n<tbody>\n<tr>\n<td style=\"text-align: center;\"><strong><span style=\"text-decoration: underline;\">DELFOIN<\/span><br \/>\nblack (sk self, englannin crest)<br \/>\n<\/strong><strong>sheltie<br \/>\nmerino<br \/>\ntexel<br \/>\ncoronet<\/strong><strong><\/strong><strong><\/strong>Kirsi Ruotsalainen<br \/>\nAsikkala<br \/>\np.040-550 92 95<br \/>\nkirsi.ruotsalainen@salpaus.fi<br \/>\n<a href=\"http:\/\/www.facebook.com\/pages\/Delfoin-marsu-ja-kanikasvatus\/227787987251484?ref=ts\" target=\"_blank\">http:\/\/www.facebook.com\/pages\/Delfoin-marsu-ja-kanikasvatus\/227787987251484?ref=ts<br \/>\n<\/a>Marsukasvatusta vuodesta 1996<\/td>\n<\/tr>\n<\/tbody>\n<\/table>\n<table width=\"90%\" border=\"3\" bgcolor=\"#7CB148\">\n<tbody>\n<tr>\n<td style=\"text-align: center;\"><img decoding=\"async\" class=\"aligncenter\" alt=\"Goldhills\" src=\"http:\/\/marsuyhdistys.net\/default\/images\/stories\/rodut_varit\/KB_Goldhills.jpg\" \/><br \/>\n<strong><\/strong><strong><span style=\"text-decoration: underline;\">GOLDHILL&#8217;S<\/span><br \/>\n<\/strong><strong>texel,\u00a0<\/strong><strong style=\"font-size: inherit; text-align: left; line-height: 2;\">merino,\u00a0<\/strong><strong>sheltie,\u00a0<\/strong><strong style=\"font-size: inherit; text-align: left; line-height: 2;\">coronet,\u00a0<\/strong><strong>alpakka,\u00a0<\/strong><strong style=\"font-size: inherit; text-align: left; line-height: 2;\">teddy<\/strong><strong><br \/>\n<\/strong><\/p>\n<p style=\"text-align: center;\"><strong><\/strong>Raisa Ristim\u00e4ki<br \/>\nKuusilaaksontie 10<br \/>\n00320 Selki<br \/>\np.041-491 82 61<br \/>\nraisa.ristim\u00e4ki@kolumbus.fi<br \/>\n<a href=\"http:\/\/www.kolumbus.fi\/raisa.ristimaki\" target=\"_blank\">www.kolumbus.fi\/raisa.ristimaki<br \/>\n<\/a>Marsukasvatusta vuodesta 2003<\/p>\n<\/td>\n<\/tr>\n<\/tbody>\n<\/table>\n<p>&nbsp;<\/p>\n<table width=\"90%\" border=\"3\" bgcolor=\"#7CB148\">\n<tbody>\n<tr>\n<td style=\"text-align: center;\"><strong><span style=\"text-decoration: underline;\">Jaanuskan<\/span><br \/>\nskinny<\/strong><\/p>\n<address><span style=\"color: #333333;\">Jaana Peltola<br \/>\n<\/span><span style=\"color: #333333;\">Riipintie 16, 66300 Jurva<br \/>\n<\/span><span style=\"color: #333333;\">p. 040 7261435<br \/>\n<\/span><a href=\"peltsikka81@hotmail.com\">peltsikka81@hotmail.com<\/a><\/address>\n<address><a style=\"color: #0f3647;\" href=\"http:\/\/Jaanuskan.123kotisivu.fi\" target=\"_blank\">http:\/\/Jaanuskan.123kotisivu.fi<\/a><br \/>\n<span style=\"color: #333333;\">Marsukasvatusta vuodesta 2013<\/span><\/address>\n<\/td>\n<\/tr>\n<\/tbody>\n<\/table>\n<table width=\"90%\" border=\"3\" bgcolor=\"#7CB148\">\n<tbody>\n<tr>\n<td style=\"text-align: center;\">\n<address><strong><span style=\"text-decoration: underline;\">KOTIKUMMUN<\/span><\/strong><\/address>\n<address>Marjo Meuronen<\/address>\n<address>Kasvattaja on tauolla vuonna 2013<br \/>\nMarsukasvatusta vuodesta 2010<\/address>\n<\/td>\n<\/tr>\n<\/tbody>\n<\/table>\n<table width=\"90%\" border=\"3\" bgcolor=\"#7CB148\">\n<tbody>\n<tr>\n<td style=\"text-align: center;\"><strong><span style=\"text-decoration: underline;\">KRANTUN<\/span><br \/>\nteddy<\/strong><\/p>\n<address><span style=\"color: #333333;\">Taina H\u00f6gman<br \/>\n<\/span><span style=\"color: #333333;\">Ty\u00f6miehenkuja 6<br \/>\n<\/span><span style=\"color: #333333;\">21570 Sauvo<br \/>\n<\/span><a href=\"mailto:tainahogman@gmail.com\">tainahogman@gmail.com<br \/>\n<\/a><span style=\"color: #333333;\">Marsukasvatusta vuodesta 2012<\/span><\/address>\n<\/td>\n<\/tr>\n<\/tbody>\n<\/table>\n<table width=\"90%\" border=\"3\" bgcolor=\"#7CB148\">\n<tbody>\n<tr>\n<td style=\"text-align: center;\"><strong><span style=\"text-decoration: underline;\">MIRA&#8217;S<\/span><br \/>\n<\/strong><\/p>\n<address><span style=\"color: #333333;\"><span style=\"font-family: Arial, Helvetica, 'Sans Serif';\"><span style=\"font-size: medium;\"><strong>self &amp; nonself &amp; englannincrest<br \/>\n(black, black dalmatialainen, tortoiseshell&amp;white, black dutch)\u00a0<\/strong><\/span><\/span><\/span><\/address>\n<address><span style=\"color: #333333;\">Heli Kuoppam\u00e4ki<br \/>\nLammintie 31<br \/>\n61600\u00a0 JALASJ\u00c4RVI<br \/>\np. 044 &#8211; 518 8214<br \/>\n<\/span><a href=\"mailto:vaaralahti@hotmail.com\">vaaralahti@hotmail.com<\/a><span style=\"color: #333333;\"><br \/>\n<\/span><a href=\"mailto:vaaralahti@gmail.com\">vaaralahti@gmail.com<\/a><span style=\"color: #333333;\"><br \/>\n<\/span><a href=\"http:\/\/www.miras.kotisivukone.com\/\" target=\"_blank\">www.miras.kotisivukone.com<\/a><span style=\"color: #333333;\"><br \/>\nMarsukasvatusta vuosina 1997 &#8211; 1999 ja vuodesta\u00a02003<br \/>\n<\/span><span style=\"color: #333333;\">Vuoden kasvattaja 2004, 2005<\/span><\/address>\n<\/td>\n<\/tr>\n<\/tbody>\n<\/table>\n<table width=\"90%\" border=\"3\" bgcolor=\"#7CB148\">\n<tbody>\n<tr>\n<td style=\"text-align: center;\">\n<p style=\"text-align: center;\"><strong><span style=\"text-decoration: underline;\">MAAILMAN<br \/>\n<\/span><\/strong><strong style=\"font-family: Arial, Helvetica, 'Sans Serif'; color: #333333;\">abessiinialainen\u00a0<\/strong><\/p>\n<address><span style=\"color: #333333;\">Aida Depner<br \/>\n<\/span><span style=\"color: #333333;\">Aulangontie 27 a 5<br \/>\n<\/span><span style=\"color: #333333;\">13210 H\u00e4meenlinna<br \/>\n<\/span><a href=\"mailto:maailmalla@gmail.com\">maailmalla@gmail.com<br \/>\n<\/a><a href=\"http:\/\/www.nakertaa.net\/\" target=\"_blank\">www.nakertaa.net\/marsu<br \/>\n<\/a><span style=\"color: #333333;\">Marsukasvatusta vuodesta 2010<\/span><\/address>\n<\/td>\n<\/tr>\n<\/tbody>\n<\/table>\n<table width=\"90%\" border=\"3\" bgcolor=\"#7CB148\">\n<tbody>\n<tr>\n<td style=\"text-align: center;\">\n<p style=\"text-align: center;\"><span style=\"text-decoration: underline;\"><strong>NIKEAN<\/strong><\/span><\/p>\n<address><span style=\"color: #333333;\"><span style=\"font-family: Arial, Helvetica, 'Sans Serif';\"><span style=\"font-size: medium;\">Hanna Lahtinen<br \/>\nMarsukasvatusta vuodesta 2000<br \/>\n<\/span><\/span><\/span><span style=\"text-decoration: underline;\"><strong>Kasvattaja on tauolla vuonna 2012<\/strong><\/span><\/address>\n<\/td>\n<\/tr>\n<\/tbody>\n<\/table>\n<table width=\"90%\" border=\"3\" bgcolor=\"#7CB148\">\n<tbody>\n<tr>\n<td style=\"text-align: center;\"><strong>Sarmatian<\/strong><\/p>\n<p style=\"text-align: center;\">Sarianna Ketola<\/p>\n<p><span style=\"font-size: inherit; line-height: 1.714285714; text-align: left;\">Marsukasvatusta vuodesta 2009<\/span><br \/>\n<span style=\"font-size: inherit; line-height: 1.714285714; text-align: left;\">Kasvattaja on tauolla vuonna 2013<\/span><\/td>\n<\/tr>\n<\/tbody>\n<\/table>\n<table width=\"90%\" border=\"3\" bgcolor=\"#7CB148\">\n<tbody>\n<tr>\n<td>\n<p style=\"text-align: center;\"><strong>SATUKALLION<\/strong><br \/>\nbaldwin, teddy<\/p>\n<p style=\"text-align: center;\">Susanna Piili<br \/>\nEspoo<br \/>\np. 044-2038150<br \/>\nsusanna.piili@gmail.com<br \/>\nMarsukasvatusta vuodesta 2006-2009, 2012-&gt;<\/p>\n<\/td>\n<\/tr>\n<\/tbody>\n<\/table>\n<table width=\"90%\" border=\"3\" bgcolor=\"#7CB148\">\n<tbody>\n<tr>\n<td style=\"text-align: center;\"><strong>Snoop\u00b4s<\/strong><\/p>\n<p style=\"text-align: center;\">amerikancrest (black, golden)<\/p>\n<p style=\"text-align: center;\">Minna Aatela<br \/>\n01860 Perttula (Nurmij\u00e4rvi)<br \/>\nMarsukasvatusta vuodesta 1997<\/p>\n<\/td>\n<\/tr>\n<\/tbody>\n<\/table>\n<table width=\"90%\" border=\"3\" bgcolor=\"#7CB148\">\n<tbody>\n<tr>\n<td style=\"text-align: center;\"><strong><strong>SNOWFALL\u00b4S<\/strong><\/strong><\/p>\n<p style=\"text-align: center;\">alpakka<\/p>\n<p style=\"text-align: center;\">Satu Sihvo<br \/>\n90570 Oulu<br \/>\nsatu@snowfallscavies.net<br \/>\nwww.snowfallscavies.net<br \/>\nMarsukasvatusta vuodesta 2006<\/p>\n<\/td>\n<\/tr>\n<\/tbody>\n<\/table>\n<table width=\"90%\" border=\"3\" bgcolor=\"#7CB148\">\n<tbody>\n<tr>\n<td style=\"text-align: center;\"><strong><strong><\/strong><\/strong><strong style=\"line-height: 1.714285714; font-size: inherit; text-align: left;\">UNDERGROUND&#8217;S\u00a0<\/strong><br \/>\n<span style=\"font-size: inherit; line-height: 1.714285714; text-align: left;\">Lunkarya peruaani\u00a0<\/span><br \/>\n<span style=\"font-size: inherit; line-height: 1.714285714; text-align: left;\">Jannika Pasanen,<\/span><br \/>\n<span style=\"line-height: 1.714285714; font-size: inherit; text-align: left;\">M\u00e4yr\u00e4polku 8,\u00a0<\/span><span style=\"line-height: 1.714285714; font-size: inherit; text-align: left;\">27100 Eurajoki<\/span><br \/>\n<span style=\"font-size: inherit; line-height: 1.714285714; text-align: left;\">p. 0503792124\u00a0<\/span><br \/>\n<span style=\"font-size: inherit; line-height: 1.714285714; text-align: left;\">nemonade@gmail.com<\/span><br \/>\n<a style=\"line-height: 1.714285714; font-size: inherit; text-align: left;\" href=\"http:\/\/www.lunkaryat.net\/\" target=\"_blank\">http:\/\/www.lunkaryat.net<\/a><br \/>\n<span style=\"font-size: inherit; line-height: 1.714285714; text-align: left;\">Marsukasvatusta vuodesta 2013<\/span><\/td>\n<\/tr>\n<\/tbody>\n<\/table>\n<table width=\"90%\" border=\"3\" bgcolor=\"#7CB148\">\n<tbody>\n<tr>\n<td style=\"text-align: center;\"><strong><strong>WANNABE<\/strong><\/strong><\/p>\n<p style=\"text-align: center;\">rex<\/p>\n<p style=\"text-align: center;\">Pauliina Tuppurainen<br \/>\nPyh\u00e4ranta<br \/>\npauliina.tuppurainen@gmail.com<br \/>\nwww.wannabe.marsut.net<br \/>\nMarsukasvatusta vuodesta 2012<\/p>\n<\/td>\n<\/tr>\n<\/tbody>\n<\/table>\n<p>&nbsp;<\/p>\n","protected":false},"excerpt":{"rendered":"<p>T\u00e4m\u00e4 on Suomen Marsuyhdistys ry:n kasvattajalista. Siin\u00e4 olevat kasvattajat ovat sitoutuneet noudattamaan SMY:n ja SKJL:n kasvattajanimis\u00e4\u00e4nt\u00f6j\u00e4. Kaikki muutokset listalle:\u00a0lea@marsula.net ALMOND&#8217;S p.e. white, cream, buff (sk self),\u00a0buff roan (sk) Lea Rahtu-Korpela 90460 Oulunsalo p. 040-7768017 Lea@marsula.net www.marsula.net Marsukasvatusta vuodesta 2011 AMARILLON &hellip; <a href=\"https:\/\/marsuyhdistys.net\/home\/kasvattajat\/kasvattajat\/\">Lue loppuun <span class=\"meta-nav\">&rarr;<\/span><\/a><\/p>\n","protected":false},"author":10,"featured_media":0,"parent":53,"menu_order":0,"comment_status":"closed","ping_status":"closed","template":"","meta":{"footnotes":"","_links_to":"","_links_to_target":""},"class_list":["post-85","page","type-page","status-publish","hentry"],"_links":{"self":[{"href":"https:\/\/marsuyhdistys.net\/home\/wp-json\/wp\/v2\/pages\/85","targetHints":{"allow":["GET"]}}],"collection":[{"href":"https:\/\/marsuyhdistys.net\/home\/wp-json\/wp\/v2\/pages"}],"about":[{"href":"https:\/\/marsuyhdistys.net\/home\/wp-json\/wp\/v2\/types\/page"}],"author":[{"embeddable":true,"href":"https:\/\/marsuyhdistys.net\/home\/wp-json\/wp\/v2\/users\/10"}],"replies":[{"embeddable":true,"href":"https:\/\/marsuyhdistys.net\/home\/wp-json\/wp\/v2\/comments?post=85"}],"version-history":[{"count":28,"href":"https:\/\/marsuyhdistys.net\/home\/wp-json\/wp\/v2\/pages\/85\/revisions"}],"predecessor-version":[{"id":8609,"href":"https:\/\/marsuyhdistys.net\/home\/wp-json\/wp\/v2\/pages\/85\/revisions\/8609"}],"up":[{"embeddable":true,"href":"https:\/\/marsuyhdistys.net\/home\/wp-json\/wp\/v2\/pages\/53"}],"wp:attachment":[{"href":"https:\/\/marsuyhdistys.net\/home\/wp-json\/wp\/v2\/media?parent=85"}],"curies":[{"name":"wp","href":"https:\/\/api.w.org\/{rel}","templated":true}]}}