{"id":9,"date":"2012-07-01T20:51:00","date_gmt":"2012-07-01T18:51:00","guid":{"rendered":"http:\/\/marsuyhdistys.net\/home\/?page_id=9"},"modified":"2026-01-29T15:33:49","modified_gmt":"2026-01-29T13:33:49","slug":"yhdistys","status":"publish","type":"page","link":"https:\/\/marsuyhdistys.net\/home\/yhdistys\/","title":{"rendered":"Yhdistys"},"content":{"rendered":"<ul>\n<li><a title=\"Suomen Marsuyhdistys ry.\" href=\"http:\/\/marsuyhdistys.net\/home\/?page_id=2428\" target=\"_blank\" rel=\"noopener\">Suomen Marsuyhdistys ry.<\/a><\/li>\n<li><a title=\"Yhteystiedot\" href=\"http:\/\/marsuyhdistys.net\/home\/?page_id=12\" target=\"_blank\" rel=\"noopener\">Yhteystiedot<\/a><\/li>\n<li><a href=\"https:\/\/marsuyhdistys.net\/home\/yhdistys\/toimihenkiloiden-esittelyt\/\">Toimihenkil\u00f6iden esittelyt<\/a><\/li>\n<li><a title=\"S\u00e4\u00e4nn\u00f6t\" href=\"http:\/\/marsuyhdistys.net\/home\/?page_id=25\" target=\"_blank\" rel=\"noopener\">S\u00e4\u00e4nn\u00f6t<\/a><\/li>\n<li><a title=\"Maksut\" href=\"http:\/\/marsuyhdistys.net\/home\/?page_id=2122\" target=\"_blank\" rel=\"noopener\">Maksut<\/a><\/li>\n<li><a href=\"https:\/\/smyshop.myspreadshop.fi\/\">SMy- shop<\/a><\/li>\n<li><a title=\"Vuosikokousten p\u00f6yt\u00e4kirjat\" href=\"http:\/\/marsuyhdistys.net\/home\/?page_id=1426\" target=\"_blank\" rel=\"noopener\">Vuosikokousten p\u00f6yt\u00e4kirjat<\/a><\/li>\n<li><a href=\"https:\/\/marsuyhdistys.net\/home\/yhdistys\/historiaa\/\">Arkisto<\/a><\/li>\n<li><a href=\"http:\/\/marsuyhdistys.net\/home\/?page_id=7507\">Reilu Peli<\/a><\/li>\n<li><a title=\"Rekisteriseloste\" href=\"http:\/\/marsuyhdistys.net\/home\/?page_id=441\" target=\"_blank\" rel=\"noopener\">Rekisteriseloste<\/a><\/li>\n<\/ul>\n","protected":false},"excerpt":{"rendered":"<p>Suomen Marsuyhdistys ry. Yhteystiedot Toimihenkil\u00f6iden esittelyt S\u00e4\u00e4nn\u00f6t Maksut SMy- shop Vuosikokousten p\u00f6yt\u00e4kirjat Arkisto Reilu Peli Rekisteriseloste<\/p>\n","protected":false},"author":10,"featured_media":0,"parent":0,"menu_order":1,"comment_status":"closed","ping_status":"closed","template":"","meta":{"footnotes":"","_links_to":"","_links_to_target":""},"class_list":["post-9","page","type-page","status-publish","hentry"],"_links":{"self":[{"href":"https:\/\/marsuyhdistys.net\/home\/wp-json\/wp\/v2\/pages\/9","targetHints":{"allow":["GET"]}}],"collection":[{"href":"https:\/\/marsuyhdistys.net\/home\/wp-json\/wp\/v2\/pages"}],"about":[{"href":"https:\/\/marsuyhdistys.net\/home\/wp-json\/wp\/v2\/types\/page"}],"author":[{"embeddable":true,"href":"https:\/\/marsuyhdistys.net\/home\/wp-json\/wp\/v2\/users\/10"}],"replies":[{"embeddable":true,"href":"https:\/\/marsuyhdistys.net\/home\/wp-json\/wp\/v2\/comments?post=9"}],"version-history":[{"count":29,"href":"https:\/\/marsuyhdistys.net\/home\/wp-json\/wp\/v2\/pages\/9\/revisions"}],"predecessor-version":[{"id":13149,"href":"https:\/\/marsuyhdistys.net\/home\/wp-json\/wp\/v2\/pages\/9\/revisions\/13149"}],"wp:attachment":[{"href":"https:\/\/marsuyhdistys.net\/home\/wp-json\/wp\/v2\/media?parent=9"}],"curies":[{"name":"wp","href":"https:\/\/api.w.org\/{rel}","templated":true}]}}