{"id":9238,"date":"2022-03-03T15:26:27","date_gmt":"2022-03-03T13:26:27","guid":{"rendered":"https:\/\/marsuyhdistys.net\/home\/?page_id=9238"},"modified":"2026-05-03T08:53:05","modified_gmt":"2026-05-03T06:53:05","slug":"menneet-tapahtumat-2022","status":"publish","type":"page","link":"https:\/\/marsuyhdistys.net\/home\/menneet-tapahtumat-2022\/","title":{"rendered":"Menneet tapahtumat 2025"},"content":{"rendered":"<p><strong>8.2.2025 OSJH Lemmikkiluokka Oulu, <\/strong><br \/><strong>lemmikkituomari: Lea Rahtu-Korpela<\/strong><\/p>\n<hr class=\"wp-block-separator has-alpha-channel-opacity\"\/>\n<p><strong>5.4.2025 Petzoo lemmikkiel\u00e4inliike, Kouvola,<\/strong><br \/><strong>lemmikkituomarina Kirsi Ruotsalainen<\/strong><\/p>\n<hr class=\"wp-block-separator has-alpha-channel-opacity\"\/>\n<p><strong>12.4-13.4.2025 Juhlan\u00e4yttely, Helsinki lemmikkimessut<\/strong><\/p>\n<p><strong>12.4.2025 UML1 Juhlajunior ja Juhla avoin Gary Taylor<\/strong><br \/><strong>UML2 Greg Jackson<\/strong><br \/><strong>Juhlalemmikki Laura<\/strong> <strong>Moilanen<\/strong><\/p>\n<p><strong>13.4.2025 UML3 Hanna Haliseva<\/strong><br \/><strong>lemmikki2 pisteet\u00f6n <\/strong><br \/><strong>Gary Taylor ja Greg Jackson<\/strong><\/p>\n<hr class=\"wp-block-separator has-alpha-channel-opacity\"\/>\n<p><strong>23.4.2025 Suomen Marsuyhdistyksen kev\u00e4tkokous. <\/strong><br \/><strong>Paikka: Valtatie 15, 90500 Oulu. Et\u00e4yhteys mahdollisuus, Teams linkin kautta.<\/strong><\/p>\n<hr class=\"wp-block-separator has-alpha-channel-opacity\"\/>\n<p><strong>3.5.2025 Osjh, Oulu. Lemmikkituomari Elisa Svento<\/strong><\/p>\n<hr class=\"wp-block-separator has-alpha-channel-opacity\"\/>\n<p><strong>3.5.2025 Matalan kynnyksen lemmikkin\u00e4yttely Megael\u00e4in el\u00e4myskahvila Kameleont Helsinki. Lemmikkituomarina Juulia Makiki<\/strong><\/p>\n<hr class=\"wp-block-separator has-alpha-channel-opacity\"\/>\n<p><strong>26.7.2025 Dogman Sein\u00e4joki, lemmikkiluokka, <\/strong><br \/><strong>tuomarit Heli Vaaralahti ja Reetta Isomaa (harjoitusarvostelu)<\/strong><\/p>\n<hr class=\"wp-block-separator has-alpha-channel-opacity\"\/>\n<p><strong>20.-21.9.2025 Lemmikki Tampere- messut<\/strong><\/p>\n<hr class=\"wp-block-separator has-alpha-channel-opacity\"\/>\n<p><strong>18.10.2025 Kouvola<\/strong> <\/p>\n<p><strong>UML Tommi L\u00e5mgstr\u00f6m<\/strong><br \/><strong>Lemmikkiluokka 1 Kirsi Ruotsalainen<\/strong><br \/><strong>Lemmikkiluokka 2 Reetta Isomaa<\/strong> <strong>(koearvostelu, PISTEELLINEN)<\/strong><\/p>\n<hr class=\"wp-block-separator has-alpha-channel-opacity\"\/>\n<p><strong>11.11.2025 Suomen Marsuyhdistys ry. syyskokous Paikka: Konditoria Muffinssi, Klaukkala. Et\u00e4yhteys mahdollisuus teamsin kautta.<\/strong><\/p>\n<hr class=\"wp-block-separator has-alpha-channel-opacity\"\/>\n<p><strong>22.11.2025 Suomen Marsuyhdistys ry. Grand Gala Oulu<\/strong> <\/p>\n<p><strong>Uml1 Grand Gala junior tuomari Magdalena Pachla-Zawadzka<\/strong><br \/><strong>Uml2 Grand gala aikuiset 6kk-&gt; tuomari Magdalena Pachla-Zawadska<\/strong><br \/><strong>Uml3 Hanna Haliseva<\/strong><br \/><strong>Grand Gala lemmikki tuomari Lea Rahtu-Korpela<\/strong><br \/><strong>Lemmikki2 Laura Moilanen<\/strong><\/p>\n<hr class=\"wp-block-separator has-alpha-channel-opacity\"\/>\n<p><strong>2026<\/strong><\/p>\n<p><strong>24.1.2026 Suomen Marsuyhdistys ry. Megael\u00e4in Itis<\/strong><\/p>\n<hr class=\"wp-block-separator has-alpha-channel-opacity\"\/>\n<p><strong>Uml tuomari Lea Rahtu-Korpela<\/strong><br \/><strong>Lemmikki 1 tuomari Juulia Makiki (Koearvostelu Reetta Isomaa)<\/strong><br \/><strong>Lemmikki 2 tuomari Lea Rahtu-Korpela<\/strong><\/p>\n<hr class=\"wp-block-separator has-alpha-channel-opacity\"\/>\n<p><strong>21.2.2026 OSJH Lemmikki tuomari Elisa Svento<\/strong><\/p>\n<hr class=\"wp-block-separator has-alpha-channel-opacity\"\/>\n<p><strong>25.4.2026 HELSINKI Juhla<\/strong><\/p>\n<p><strong>Juhla junior tuomari Hildur Johannesdottir<\/strong><br \/><strong>Juhla aikuiset tuomari Hildur Johannesdottir<\/strong><br \/><strong>Ulkomuotoluokka 2 Maria Wigenborg<\/strong><\/p>\n<p><strong>Juhla lemmikkiluokka Kirsi Ruotsalainen<\/strong><br \/><strong>Lemmikki 2 tuomari Ville Toivonen (koearvostelu, ei pisteellinen)<\/strong><\/p>\n<p><strong>Sunnuntai 26.4.2026<\/strong><\/p>\n<p><strong>Lemmikki 3 tuomari Reetta Nevalainen<\/strong><br \/><strong>Lemmikki 4 tuomari Hildur Johannesdottir<\/strong><br \/><strong>Lemmikki 5 tuomari Maria Wigenborg<\/strong><\/p>\n<p><strong>28.4.2026 Vuosikokous, klo 18<br \/>Paikka Konditoria Muffinssi (Huhdintie 5, Karkkila)<br \/>My\u00f6s et\u00e4mahdollisuus Teamsin kautta.<\/strong><\/p>\n<hr class=\"wp-block-separator has-alpha-channel-opacity\"\/>\n<p><strong>2.5.Oulu, el\u00e4intarvike Muskettikoira Lemmkki (SMy-pisteellinen<\/strong>) <br \/><strong>Tuomari Elisa Svento<\/strong><\/p>\n<hr class=\"wp-block-separator has-alpha-channel-opacity\"\/>\n","protected":false},"excerpt":{"rendered":"<p>8.2.2025 OSJH Lemmikkiluokka Oulu, lemmikkituomari: Lea Rahtu-Korpela 5.4.2025 Petzoo lemmikkiel\u00e4inliike, Kouvola,lemmikkituomarina Kirsi Ruotsalainen 12.4-13.4.2025 Juhlan\u00e4yttely, Helsinki lemmikkimessut 12.4.2025 UML1 Juhlajunior ja Juhla avoin Gary TaylorUML2 Greg JacksonJuhlalemmikki Laura Moilanen 13.4.2025 UML3 Hanna Halisevalemmikki2 pisteet\u00f6n Gary Taylor ja Greg Jackson 23.4.2025 &hellip; <a href=\"https:\/\/marsuyhdistys.net\/home\/menneet-tapahtumat-2022\/\">Lue loppuun <span class=\"meta-nav\">&rarr;<\/span><\/a><\/p>\n","protected":false},"author":19,"featured_media":0,"parent":0,"menu_order":0,"comment_status":"closed","ping_status":"closed","template":"","meta":{"footnotes":"","_links_to":"","_links_to_target":""},"class_list":["post-9238","page","type-page","status-publish","hentry"],"_links":{"self":[{"href":"https:\/\/marsuyhdistys.net\/home\/wp-json\/wp\/v2\/pages\/9238","targetHints":{"allow":["GET"]}}],"collection":[{"href":"https:\/\/marsuyhdistys.net\/home\/wp-json\/wp\/v2\/pages"}],"about":[{"href":"https:\/\/marsuyhdistys.net\/home\/wp-json\/wp\/v2\/types\/page"}],"author":[{"embeddable":true,"href":"https:\/\/marsuyhdistys.net\/home\/wp-json\/wp\/v2\/users\/19"}],"replies":[{"embeddable":true,"href":"https:\/\/marsuyhdistys.net\/home\/wp-json\/wp\/v2\/comments?post=9238"}],"version-history":[{"count":106,"href":"https:\/\/marsuyhdistys.net\/home\/wp-json\/wp\/v2\/pages\/9238\/revisions"}],"predecessor-version":[{"id":13339,"href":"https:\/\/marsuyhdistys.net\/home\/wp-json\/wp\/v2\/pages\/9238\/revisions\/13339"}],"wp:attachment":[{"href":"https:\/\/marsuyhdistys.net\/home\/wp-json\/wp\/v2\/media?parent=9238"}],"curies":[{"name":"wp","href":"https:\/\/api.w.org\/{rel}","templated":true}]}}