{"id":9253,"date":"2022-03-05T14:43:38","date_gmt":"2022-03-05T12:43:38","guid":{"rendered":"https:\/\/marsuyhdistys.net\/home\/?page_id=9253"},"modified":"2024-01-01T16:28:15","modified_gmt":"2024-01-01T14:28:15","slug":"sertifioitu-kasvattaja-2","status":"publish","type":"page","link":"https:\/\/marsuyhdistys.net\/home\/yhdistys\/sertifioitu-kasvattaja-2\/","title":{"rendered":"Sertifioitu kasvattaja"},"content":{"rendered":"<p> Sertifioitu kasvattaja -arvonime\u00e4 voi hakea kirjallisella hakemuksella toimittamalla hallitukselle vahvistuksen Aluehallintovirastoon (AVI) tehdyst\u00e4 ammattimaisen ja laajamittaisen el\u00e4intenpidon ilmoituksesta. Lis\u00e4ksi hallitukselle toimitetaan todistus hyv\u00e4ksytyst\u00e4 valvontael\u00e4inl\u00e4\u00e4k\u00e4rin\/valvontaa tekev\u00e4n el\u00e4inl\u00e4\u00e4k\u00e4rin k\u00e4ynnist\u00e4\/tarkastuksesta. Jos AVI katsoo, ettei valvontael\u00e4inl\u00e4\u00e4k\u00e4rin\/valvontaa tekev\u00e4n el\u00e4inl\u00e4\u00e4k\u00e4rin k\u00e4ynnille ole perusteita, hallitukselle tulee toimittaa vapaamuotoinen kirjallinen ilmoitus asiasta.<\/p>\n","protected":false},"excerpt":{"rendered":"<p>Sertifioitu kasvattaja -arvonime\u00e4 voi hakea kirjallisella hakemuksella toimittamalla hallitukselle vahvistuksen Aluehallintovirastoon (AVI) tehdyst\u00e4 ammattimaisen ja laajamittaisen el\u00e4intenpidon ilmoituksesta. Lis\u00e4ksi hallitukselle toimitetaan todistus hyv\u00e4ksytyst\u00e4 valvontael\u00e4inl\u00e4\u00e4k\u00e4rin\/valvontaa tekev\u00e4n el\u00e4inl\u00e4\u00e4k\u00e4rin k\u00e4ynnist\u00e4\/tarkastuksesta. Jos AVI katsoo, ettei valvontael\u00e4inl\u00e4\u00e4k\u00e4rin\/valvontaa tekev\u00e4n el\u00e4inl\u00e4\u00e4k\u00e4rin k\u00e4ynnille ole perusteita, hallitukselle tulee toimittaa &hellip; <a href=\"https:\/\/marsuyhdistys.net\/home\/yhdistys\/sertifioitu-kasvattaja-2\/\">Lue loppuun <span class=\"meta-nav\">&rarr;<\/span><\/a><\/p>\n","protected":false},"author":19,"featured_media":0,"parent":9,"menu_order":42,"comment_status":"closed","ping_status":"closed","template":"","meta":{"footnotes":"","_links_to":"","_links_to_target":""},"class_list":["post-9253","page","type-page","status-publish","hentry"],"_links":{"self":[{"href":"https:\/\/marsuyhdistys.net\/home\/wp-json\/wp\/v2\/pages\/9253","targetHints":{"allow":["GET"]}}],"collection":[{"href":"https:\/\/marsuyhdistys.net\/home\/wp-json\/wp\/v2\/pages"}],"about":[{"href":"https:\/\/marsuyhdistys.net\/home\/wp-json\/wp\/v2\/types\/page"}],"author":[{"embeddable":true,"href":"https:\/\/marsuyhdistys.net\/home\/wp-json\/wp\/v2\/users\/19"}],"replies":[{"embeddable":true,"href":"https:\/\/marsuyhdistys.net\/home\/wp-json\/wp\/v2\/comments?post=9253"}],"version-history":[{"count":3,"href":"https:\/\/marsuyhdistys.net\/home\/wp-json\/wp\/v2\/pages\/9253\/revisions"}],"predecessor-version":[{"id":11785,"href":"https:\/\/marsuyhdistys.net\/home\/wp-json\/wp\/v2\/pages\/9253\/revisions\/11785"}],"up":[{"embeddable":true,"href":"https:\/\/marsuyhdistys.net\/home\/wp-json\/wp\/v2\/pages\/9"}],"wp:attachment":[{"href":"https:\/\/marsuyhdistys.net\/home\/wp-json\/wp\/v2\/media?parent=9253"}],"curies":[{"name":"wp","href":"https:\/\/api.w.org\/{rel}","templated":true}]}}