{"id":9263,"date":"2022-03-05T14:56:34","date_gmt":"2022-03-05T12:56:34","guid":{"rendered":"https:\/\/marsuyhdistys.net\/home\/?page_id=9263"},"modified":"2022-03-05T14:56:36","modified_gmt":"2022-03-05T12:56:36","slug":"sertifioitu-kasvattaja","status":"publish","type":"page","link":"https:\/\/marsuyhdistys.net\/home\/sertifioitu-kasvattaja\/","title":{"rendered":"Sertifioitu kasvattaja"},"content":{"rendered":"<p>Suomen Marsuyhdistyksen (SMY)<br \/>\nhyv\u00e4ksym\u00e4 virallinen kasvattaja sitoutuu noudattamaan Suomen el\u00e4insuojelulakia<br \/>\nja yhdistyksen antamia ohjeita. El\u00e4inten pitoa, hoitoa, kohtelua ja k\u00e4sittely\u00e4<br \/>\npitopaikoissa s\u00e4\u00e4telev\u00e4t ja ohjaavat lis\u00e4ksi el\u00e4insuojeluasetus sek\u00e4<br \/>\nel\u00e4inlajikohtaiset valtioneuvoston asetukset ja maa- ja mets\u00e4talousministeri\u00f6n<br \/>\nasetukset ja p\u00e4\u00e4t\u00f6kset.<\/p>\n<p>Suomen Marsuyhdistys haluaa<br \/>\npainottaa marsukasvattajien ja yhdistyksen t\u00e4rke\u00e4\u00e4 osaa el\u00e4inten<br \/>\nhyvinvoinnissa. Siksi SMY my\u00f6nt\u00e4\u00e4 sertifioidun kasvattajan arvonimen<br \/>\nk\u00e4ytett\u00e4v\u00e4ksi yhdistyksen kasvattajalistalla ja kasvattajan toiminnan omassa<br \/>\ntiedottamisessa niille kasvattajille, jotka ovat tehneet laajamittaisen ja<br \/>\nammattimaisen el\u00e4intenpidon ilmoituksen Aluehallintovirastoon. <\/p>\n<p>Kasvattajanimis\u00e4\u00e4nn\u00f6iss\u00e4:<\/p>\n<p>\u201d Sertifioitu<br \/>\nkasvattaja -arvonime\u00e4 voi hakea kirjallisella hakemuksella toimittamalla<br \/>\nhallitukselle vahvistuksen Aluehallintovirastoon (AVI) tehdyst\u00e4 ammattimaisen<br \/>\nja laajamittaisen el\u00e4intenpidon ilmoituksesta. Lis\u00e4ksi hallitukselle<br \/>\ntoimitetaan todistus hyv\u00e4ksytyst\u00e4 valvontael\u00e4inl\u00e4\u00e4k\u00e4rin\/valvontaa tekev\u00e4n<br \/>\nel\u00e4inl\u00e4\u00e4k\u00e4rin k\u00e4ynnist\u00e4\/tarkastuksesta. Jos AVI katsoo, ettei<br \/>\nvalvontael\u00e4inl\u00e4\u00e4k\u00e4rin\/valvontaa tekev\u00e4n el\u00e4inl\u00e4\u00e4k\u00e4rin k\u00e4ynnille ole perusteita,<br \/>\nhallitukselle tulee toimittaa vapaamuotoinen kirjallinen viranomaisen ilmoitus<br \/>\nasiasta.\u201d<\/p>\n<p>Arvonimeen liittyy s\u00e4hk\u00f6inen<br \/>\ndiplomi, jonka voi tulostaa tai julkaista s\u00e4hk\u00f6isess\u00e4 muodossa.<\/p>\n<p>Hakemus sertifioiduksi<br \/>\nkasvattajaksi tehd\u00e4\u00e4n vapaamuotoisesti s\u00e4hk\u00f6postiin smy.hallitus@gmail.com .<br \/>\nMik\u00e4li tietoon tulee, ett\u00e4 annettu ilmoitus on erheellinen, arvonimi voidaan<br \/>\npoistaa my\u00f6s takautuvasti.<\/p>\n","protected":false},"excerpt":{"rendered":"<p>Suomen Marsuyhdistyksen (SMY) hyv\u00e4ksym\u00e4 virallinen kasvattaja sitoutuu noudattamaan Suomen el\u00e4insuojelulakia ja yhdistyksen antamia ohjeita. El\u00e4inten pitoa, hoitoa, kohtelua ja k\u00e4sittely\u00e4 pitopaikoissa s\u00e4\u00e4telev\u00e4t ja ohjaavat lis\u00e4ksi el\u00e4insuojeluasetus sek\u00e4 el\u00e4inlajikohtaiset valtioneuvoston asetukset ja maa- ja mets\u00e4talousministeri\u00f6n asetukset ja p\u00e4\u00e4t\u00f6kset. Suomen Marsuyhdistys haluaa &hellip; <a href=\"https:\/\/marsuyhdistys.net\/home\/sertifioitu-kasvattaja\/\">Lue loppuun <span class=\"meta-nav\">&rarr;<\/span><\/a><\/p>\n","protected":false},"author":19,"featured_media":0,"parent":0,"menu_order":0,"comment_status":"closed","ping_status":"closed","template":"","meta":{"footnotes":"","_links_to":"","_links_to_target":""},"class_list":["post-9263","page","type-page","status-publish","hentry"],"_links":{"self":[{"href":"https:\/\/marsuyhdistys.net\/home\/wp-json\/wp\/v2\/pages\/9263","targetHints":{"allow":["GET"]}}],"collection":[{"href":"https:\/\/marsuyhdistys.net\/home\/wp-json\/wp\/v2\/pages"}],"about":[{"href":"https:\/\/marsuyhdistys.net\/home\/wp-json\/wp\/v2\/types\/page"}],"author":[{"embeddable":true,"href":"https:\/\/marsuyhdistys.net\/home\/wp-json\/wp\/v2\/users\/19"}],"replies":[{"embeddable":true,"href":"https:\/\/marsuyhdistys.net\/home\/wp-json\/wp\/v2\/comments?post=9263"}],"version-history":[{"count":1,"href":"https:\/\/marsuyhdistys.net\/home\/wp-json\/wp\/v2\/pages\/9263\/revisions"}],"predecessor-version":[{"id":9264,"href":"https:\/\/marsuyhdistys.net\/home\/wp-json\/wp\/v2\/pages\/9263\/revisions\/9264"}],"wp:attachment":[{"href":"https:\/\/marsuyhdistys.net\/home\/wp-json\/wp\/v2\/media?parent=9263"}],"curies":[{"name":"wp","href":"https:\/\/api.w.org\/{rel}","templated":true}]}}