{"id":9453,"date":"2022-05-13T08:32:22","date_gmt":"2022-05-13T06:32:22","guid":{"rendered":"https:\/\/marsuyhdistys.net\/home\/?page_id=9453"},"modified":"2023-01-06T16:23:26","modified_gmt":"2023-01-06T14:23:26","slug":"9453-2","status":"publish","type":"page","link":"https:\/\/marsuyhdistys.net\/home\/9453-2\/","title":{"rendered":"N\u00e4yttelytulokset 2022"},"content":{"rendered":"<p><strong>Pirkanmaan Nakertajien j\u00e4rjest\u00e4m\u00e4 (SMY) pisteellinen n\u00e4yttely 23.4.22<\/strong><\/p>\n<ul class=\"wp-block-list\">\n<li><a href=\"https:\/\/marsuyhdistys.net\/home\/wp-content\/uploads\/2022\/05\/TuloksetPiNa23.4.22.pdf\">Lemmikki: Annukka Juntunen<\/a> <\/li>\n<\/ul>\n<p><strong>Suomen Marsuyhdistys ry:n Juhlan\u00e4yttely 7.5.2022, OULU<\/strong><\/p>\n<ul class=\"wp-block-list\">\n<li><a href=\"https:\/\/marsuyhdistys.net\/home\/wp-content\/uploads\/2022\/05\/Tulokset-Oulu-Juhla.pdf\">UML Juhla: (junior &amp; avoin) Daniel Banasiak (PL)<\/a><\/li>\n<li><a href=\"https:\/\/marsuyhdistys.net\/home\/wp-content\/uploads\/2022\/05\/7.5.2022-OULU-UML-2-TULOKSET.pdf\">UML 2: Magdalena Pachla-Zawadzka (PL)<\/a><\/li>\n<li><a href=\"https:\/\/marsuyhdistys.net\/home\/wp-content\/uploads\/2022\/05\/Oulu-7.5.2022-lemmikki-Heli-Vaaralahti-tulokset-p\u00e4ivitetty.pdf\">Lemmikki Juhla: Heli Vaaralahti<\/a><\/li>\n<li><a href=\"https:\/\/marsuyhdistys.net\/home\/wp-content\/uploads\/2022\/05\/Lemmikki-2.pdf\">Lemmikki 2: Katja Oraj\u00e4rvi-Kotikangas<\/a><\/li>\n<\/ul>\n<hr class=\"wp-block-separator\"\/>\n<p><strong>OSJH 11.6.2022<\/strong> <a href=\"https:\/\/marsuyhdistys.net\/home\/wp-content\/uploads\/2022\/12\/11.6.2022OSJH.pdf.pdf\">TULOKSET<\/a><\/p>\n<p><strong>Kes\u00e4n\u00e4yttely 19.6.2022 Hattula\u00a0 \u00a0<a href=\"https:\/\/marsuyhdistys.net\/home\/wp-content\/uploads\/2022\/07\/Tulokset-Hattula-19.6.22-Lene-Kristensen.pdf\">TULOKSET<\/a><\/strong><\/p>\n<hr \/>\n<p><strong>Kes\u00e4n\u00e4yttely 19.6.2022 Hattula Sanni Taimioja<\/strong> <a href=\"https:\/\/marsuyhdistys.net\/home\/wp-content\/uploads\/2022\/07\/Parola-Sannin-Tulokset.pdf\">TULOKSET<\/a><\/p>\n<hr \/>\n<p><strong>Suomen Marsuyhdistyksen Juhla virtuaalin\u00e4yttely 10.7.2022 <a href=\"https:\/\/marsuyhdistys.net\/home\/wp-content\/uploads\/2023\/01\/Asiakirja-92-1.pdf\">TULOKSET<\/a><\/strong><\/p>\n<ul id=\"mce_19\" class=\"editor-rich-text__tinymce mce-content-body\" role=\"textbox\" contenteditable=\"true\" aria-label=\"Kirjoita luettelo...\" aria-autocomplete=\"list\" aria-multiline=\"true\" data-is-placeholder-visible=\"false\"><\/ul>\n<hr \/>\n<p><strong>Kaakon kanit &amp; jyrsij\u00e4t KOUVOLA 27.8.22<\/strong><\/p>\n<p>Lemmikkiluokka Henna Rinta-Kiikka<strong><a href=\"https:\/\/marsuyhdistys.net\/home\/wp-content\/uploads\/2022\/11\/Kouvola-27.8.2022-Lemmikki-Henna-Rinta-Kiikka.pdf\">\u00a0TULOKSET<\/a><\/strong><\/p>\n<p>Lemmikkiluokka Annukka Juntunen\u00a0<a href=\"https:\/\/marsuyhdistys.net\/home\/wp-content\/uploads\/2022\/11\/lemmikkiluokkakouvolaannukkajuntunen.pdf\">TULOKSET<\/a><\/p>\n<p><strong>Ulkomuotoluokka<\/strong><\/p>\n<p>Lea Rahtu-Korpela\u00a0<a href=\"https:\/\/marsuyhdistys.net\/home\/wp-content\/uploads\/2022\/12\/Tulokset-Kouvola_.pdf.pdf\">TULOKSET<\/a><\/p>\n<p>Aida Depner\u00a0<a href=\"https:\/\/marsuyhdistys.net\/home\/wp-content\/uploads\/2022\/12\/Tulokset-Kouvola_.pdf.pdf\">TULOKSET<\/a><\/p>\n<hr \/>\n<p><strong>OSHJ 10.9.22 Oulu <a href=\"https:\/\/marsuyhdistys.net\/home\/wp-content\/uploads\/2022\/11\/marsujentulokset10.9.pdf\">TULOKSET<\/a><\/strong><\/p>\n<hr \/>\n<p><strong>Sein\u00e4joki 15.10.2022 Lemmikkiluokka\u00a0 <a href=\"https:\/\/marsuyhdistys.net\/home\/wp-content\/uploads\/2022\/10\/lemmikkiseinajokitulokset-.pdf\">TULOKSET\u00a0\u00a0<\/a><\/strong><\/p>\n<hr \/>\n<p><strong>Sein\u00e4joki 15.10.2022 UML <a href=\"https:\/\/marsuyhdistys.net\/home\/wp-content\/uploads\/2022\/11\/Tulokset-Maria-Vikenborg15.10.2022-.pdf\">TULOKSET<\/a><\/strong><\/p>\n<p><strong>Etel\u00e4-Pohjanmaan Jyrsij\u00e4yhdistys Ry\u00a0 6.11.22 KOKKOLA <a href=\"https:\/\/marsuyhdistys.net\/home\/wp-content\/uploads\/2022\/11\/KOKKOLA-061102022-PET-MARSUT-TULOKSET.pdf\">TULOKSET<\/a><\/strong><\/p>\n<hr \/>\n<p><strong>Grand Gala, Karkkila 12.11.2022 Lemmikkiluokka Juulia Makiki <a href=\"https:\/\/marsuyhdistys.net\/home\/wp-content\/uploads\/2022\/11\/lemmikki-karkkila.pdf\">TULOKSET\u00a0\u00a0<\/a><\/strong><\/p>\n<p><strong>Grand Gala Lemmikkiluokka Sanni Taimioja <a href=\"https:\/\/marsuyhdistys.net\/home\/wp-content\/uploads\/2022\/11\/gg-sanni-taimioja.pdf\">TULOKSET<\/a><\/strong><\/p>\n<p><strong>Grand Gala Ulkomuotoluokka Emilie Yde <a href=\"https:\/\/marsuyhdistys.net\/home\/wp-content\/uploads\/2022\/12\/Grand-Gala-tulokset.pdf.pdf\">TULOKSET<\/a><\/strong><\/p>\n<p><strong>Ulkomuotoluokka\u00a0 Hildur Johannesdottir\u00a0<a href=\"https:\/\/marsuyhdistys.net\/home\/wp-content\/uploads\/2022\/11\/12.11.2022-Hildur-Johannesdottir-tulokset.pdf\">TULOKSET<\/a><\/strong><\/p>\n<hr \/>\n<p><strong>10.12.2022 Suomen Marsuyhdistyksen pikkujoulun\u00e4yttely yhteisty\u00f6ss\u00e4 Pigloboutique<\/strong><\/p>\n<p>Elisa Svento <a href=\"https:\/\/marsuyhdistys.net\/home\/wp-content\/uploads\/2023\/01\/Oulu-10.12.22.pdf\">TULOKSET<\/a><\/p>\n<p>2 Lemmikkiluokka Katja Oraj\u00e4rvi-Kotikangas\u00a0\u00a0<a href=\"https:\/\/marsuyhdistys.net\/home\/wp-content\/uploads\/2022\/12\/Asiakirja-123-1.pdf\">TULOKSET<\/a><\/p><\/p>\n","protected":false},"excerpt":{"rendered":"<p>Pirkanmaan Nakertajien j\u00e4rjest\u00e4m\u00e4 (SMY) pisteellinen n\u00e4yttely 23.4.22 Lemmikki: Annukka Juntunen Suomen Marsuyhdistys ry:n Juhlan\u00e4yttely 7.5.2022, OULU UML Juhla: (junior &amp; avoin) Daniel Banasiak (PL) UML 2: Magdalena Pachla-Zawadzka (PL) Lemmikki Juhla: Heli Vaaralahti Lemmikki 2: Katja Oraj\u00e4rvi-Kotikangas OSJH 11.6.2022 TULOKSET &hellip; <a href=\"https:\/\/marsuyhdistys.net\/home\/9453-2\/\">Lue loppuun <span class=\"meta-nav\">&rarr;<\/span><\/a><\/p>\n","protected":false},"author":19,"featured_media":0,"parent":0,"menu_order":0,"comment_status":"closed","ping_status":"closed","template":"","meta":{"footnotes":"","_links_to":"","_links_to_target":""},"class_list":["post-9453","page","type-page","status-publish","hentry"],"_links":{"self":[{"href":"https:\/\/marsuyhdistys.net\/home\/wp-json\/wp\/v2\/pages\/9453","targetHints":{"allow":["GET"]}}],"collection":[{"href":"https:\/\/marsuyhdistys.net\/home\/wp-json\/wp\/v2\/pages"}],"about":[{"href":"https:\/\/marsuyhdistys.net\/home\/wp-json\/wp\/v2\/types\/page"}],"author":[{"embeddable":true,"href":"https:\/\/marsuyhdistys.net\/home\/wp-json\/wp\/v2\/users\/19"}],"replies":[{"embeddable":true,"href":"https:\/\/marsuyhdistys.net\/home\/wp-json\/wp\/v2\/comments?post=9453"}],"version-history":[{"count":66,"href":"https:\/\/marsuyhdistys.net\/home\/wp-json\/wp\/v2\/pages\/9453\/revisions"}],"predecessor-version":[{"id":10739,"href":"https:\/\/marsuyhdistys.net\/home\/wp-json\/wp\/v2\/pages\/9453\/revisions\/10739"}],"wp:attachment":[{"href":"https:\/\/marsuyhdistys.net\/home\/wp-json\/wp\/v2\/media?parent=9453"}],"curies":[{"name":"wp","href":"https:\/\/api.w.org\/{rel}","templated":true}]}}