{"id":9602,"date":"2022-06-03T20:53:21","date_gmt":"2022-06-03T18:53:21","guid":{"rendered":"https:\/\/marsuyhdistys.net\/home\/?page_id=9602"},"modified":"2026-01-29T16:25:26","modified_gmt":"2026-01-29T14:25:26","slug":"marsurekisteri","status":"publish","type":"page","link":"https:\/\/marsuyhdistys.net\/home\/marsurekisteri\/","title":{"rendered":"Marsurekisteri"},"content":{"rendered":"<p>Suomen Marsuyhdistyksen marsurekisteriin ja s\u00e4hk\u00f6iseen rekister\u00f6intiin p\u00e4\u00e4set <a rel=\"noreferrer noopener\" aria-label=\" (avautuu uudessa v\u00e4lilehdess\u00e4)\" href=\"https:\/\/rekisteri.marsuyhdistys.net\" target=\"_blank\">t\u00e4st\u00e4&nbsp;<\/a><\/p>\n<p class=\"has-text-align-center\"><strong>T\u00e4m\u00e4n Marsurekisterin ja sen sis\u00e4lt\u00e4m\u00e4t tiedot omistaa&nbsp;Suomen Marsuyhdistys Ry&nbsp;<br \/>Omistus- ja tekij\u00e4noikeuksien loukkaaminen voi johtaa rikoslain mukaisiin seuraamuksiin.&nbsp;<br \/>Tekij\u00e4noikeuksien hy\u00f6dynt\u00e4minen on kielletty. <\/strong><\/p>\n<p class=\"has-text-align-center\"><strong>Tietojen kopioiminen ilman erillist\u00e4 kirjallista ennakkolupaa on kielletty.&nbsp;&nbsp;&nbsp;<\/strong><br \/>&nbsp; &nbsp;<\/p>\n<p style=\"text-align: left;\">HUOM! TOIMITA\u00a0 AINA MAKSUKUITTI JA SUKUTAULUN KOPIO pdf tiedostoina smy.rekisteroinnit@gmail.com OHJELMAN KAUTTA J\u00c4TETYT LIITTEET EIV\u00c4T V\u00c4LITY K\u00c4SITTELIJ\u00c4LLE!<\/p>\n<p>Jos linkki ei toimi, sivustolle p\u00e4\u00e4set osoitteella\u00a0 https:\/\/rekisteri.marsuyhdistys.net\u00a0\u00a0<\/p>\n<ul class=\"wp-block-list\">\n<li> S\u00e4hk\u00f6isesti rekister\u00f6ityn\u00e4 saat rekisterinumeron s\u00e4hk\u00f6postitse, liit\u00e4 saamasi numero rekister\u00f6idyn marsun sukutauluun. Toimitathan tiedostot k\u00e4sittelij\u00e4lle ensisijaisesti pdf tiedostona. <\/li>\n<\/ul>\n<p><a href=\"https:\/\/marsuyhdistys.net\/home\/wp-content\/uploads\/2022\/06\/SMY-png-logo-1.png\"><img loading=\"lazy\" decoding=\"async\" class=\" wp-image-9639 aligncenter\" src=\"https:\/\/marsuyhdistys.net\/home\/wp-content\/uploads\/2022\/06\/SMY-png-logo-1.png\" alt=\"\" width=\"263\" height=\"257\" srcset=\"https:\/\/marsuyhdistys.net\/home\/wp-content\/uploads\/2022\/06\/SMY-png-logo-1.png 547w, https:\/\/marsuyhdistys.net\/home\/wp-content\/uploads\/2022\/06\/SMY-png-logo-1-300x293.png 300w\" sizes=\"auto, (max-width: 263px) 100vw, 263px\" \/><\/a><\/p>\n","protected":false},"excerpt":{"rendered":"<p>Suomen Marsuyhdistyksen marsurekisteriin ja s\u00e4hk\u00f6iseen rekister\u00f6intiin p\u00e4\u00e4set t\u00e4st\u00e4&nbsp; T\u00e4m\u00e4n Marsurekisterin ja sen sis\u00e4lt\u00e4m\u00e4t tiedot omistaa&nbsp;Suomen Marsuyhdistys Ry&nbsp;Omistus- ja tekij\u00e4noikeuksien loukkaaminen voi johtaa rikoslain mukaisiin seuraamuksiin.&nbsp;Tekij\u00e4noikeuksien hy\u00f6dynt\u00e4minen on kielletty. Tietojen kopioiminen ilman erillist\u00e4 kirjallista ennakkolupaa on kielletty.&nbsp;&nbsp;&nbsp;&nbsp; &nbsp; HUOM! TOIMITA\u00a0 AINA &hellip; <a href=\"https:\/\/marsuyhdistys.net\/home\/marsurekisteri\/\">Lue loppuun <span class=\"meta-nav\">&rarr;<\/span><\/a><\/p>\n","protected":false},"author":19,"featured_media":0,"parent":0,"menu_order":0,"comment_status":"closed","ping_status":"closed","template":"","meta":{"footnotes":"","_links_to":"","_links_to_target":""},"class_list":["post-9602","page","type-page","status-publish","hentry"],"_links":{"self":[{"href":"https:\/\/marsuyhdistys.net\/home\/wp-json\/wp\/v2\/pages\/9602","targetHints":{"allow":["GET"]}}],"collection":[{"href":"https:\/\/marsuyhdistys.net\/home\/wp-json\/wp\/v2\/pages"}],"about":[{"href":"https:\/\/marsuyhdistys.net\/home\/wp-json\/wp\/v2\/types\/page"}],"author":[{"embeddable":true,"href":"https:\/\/marsuyhdistys.net\/home\/wp-json\/wp\/v2\/users\/19"}],"replies":[{"embeddable":true,"href":"https:\/\/marsuyhdistys.net\/home\/wp-json\/wp\/v2\/comments?post=9602"}],"version-history":[{"count":12,"href":"https:\/\/marsuyhdistys.net\/home\/wp-json\/wp\/v2\/pages\/9602\/revisions"}],"predecessor-version":[{"id":13158,"href":"https:\/\/marsuyhdistys.net\/home\/wp-json\/wp\/v2\/pages\/9602\/revisions\/13158"}],"wp:attachment":[{"href":"https:\/\/marsuyhdistys.net\/home\/wp-json\/wp\/v2\/media?parent=9602"}],"curies":[{"name":"wp","href":"https:\/\/api.w.org\/{rel}","templated":true}]}}